{"id":1417,"date":"2024-12-11T08:25:47","date_gmt":"2024-12-11T07:25:47","guid":{"rendered":"https:\/\/www.etafast.org\/aveti-nevoie-de-visa\/"},"modified":"2024-12-11T09:14:22","modified_gmt":"2024-12-11T08:14:22","slug":"aveti-nevoie-de-visa","status":"publish","type":"page","link":"https:\/\/www.etafast.org\/ro\/aveti-nevoie-de-visa\/","title":{"rendered":"Ave\u021bi nevoie de VISA?"},"content":{"rendered":"\n<h3 class=\"wp-block-heading\">Cum s\u0103 afla\u021bi dac\u0103 ave\u021bi nevoie de viz\u0103 pentru a c\u0103l\u0103tori \u00een Canada<\/h3>\n\n<p>Canada solicit\u0103 c\u0103l\u0103torilor s\u0103 de\u021bin\u0103 fie o <strong>viz\u0103 de vizitator<\/strong>, fie o <strong>autoriza\u021bie electronic\u0103 de c\u0103l\u0103torie (eTA)<\/strong> pentru a intra sau tranzita \u021bara, \u00een func\u021bie de na\u021bionalitate \u0219i de metoda de c\u0103l\u0103torie. Iat\u0103 cum pute\u021bi determina de ce ave\u021bi nevoie: <\/p>\n\n<hr class=\"wp-block-separator has-alpha-channel-opacity\"\/>\n\n<h3 class=\"wp-block-heading\"><strong>Pasul 1: Verific\u0103-\u021bi na\u021bionalitatea<\/strong><\/h3>\n\n<p>Tipul de document de c\u0103l\u0103torie de care ave\u021bi nevoie depinde \u00een primul r\u00e2nd de cet\u0103\u021benia dumneavoastr\u0103. C\u0103l\u0103torii se \u00eencadreaz\u0103 \u00eentr-una din cele trei categorii: <\/p>\n\n<ol class=\"wp-block-list\">\n<li><strong>C\u0103l\u0103tori scuti\u021bi de viz\u0103 (au nevoie de o eTA)<\/strong><br\/>Dac\u0103 sunte\u021bi cet\u0103\u021bean al unei \u021b\u0103ri scutite de viz\u0103, ave\u021bi nevoie de o eTA dac\u0103 c\u0103l\u0103tori\u021bi sau tranzita\u021bi Canada pe calea aerului. Exemple de \u021b\u0103ri scutite de viz\u0103 includ: <ul><li>Australia<\/li><li>Germania<\/li><li>Japonia<\/li><li>Regatul Unit<\/li><li>Fran\u021ba<br\/><em>(Aceasta nu este o list\u0103 complet\u0103.)<\/em><\/li><\/ul><strong>Important<\/strong>: Dac\u0103 intra\u021bi \u00een Canada cu ma\u0219ina, autobuzul, trenul sau vaporul, inclusiv cu o croazier\u0103, NU ave\u021bi nevoie de o eTA sau de o viz\u0103 de vizitator.<\/li>\n\n\n\n<li><strong>C\u0103l\u0103tori care au nevoie de viz\u0103 (au nevoie de o viz\u0103 de vizitator)<\/strong><br>Cet\u0103\u021benii \u021b\u0103rilor care nu se afl\u0103 pe lista \u021b\u0103rilor scutite de viz\u0103 au nevoie de o viz\u0103 de vizitator (cunoscut\u0103 \u0219i sub numele de viz\u0103 de rezident temporar) pentru a c\u0103l\u0103tori \u00een Canada, indiferent de modul de c\u0103l\u0103torie.<br>Exemple de \u021b\u0103ri care au nevoie de viz\u0103 sunt:\n<ul class=\"wp-block-list\">\n<li>India<\/li>\n\n\n\n<li>China<\/li>\n\n\n\n<li>Pakistan<br\/><em>(Aceasta nu este o list\u0103 complet\u0103.)<\/em><\/li>\n<\/ul>\n<\/li>\n\n\n\n<li><strong>C\u0103l\u0103tori eligibili care au nevoie de viz\u0103 (se pot califica pentru o eTA)<\/strong><br>Dac\u0103 sunte\u021bi dintr-o \u021bar\u0103 care are nevoie de viz\u0103, dar \u00eendeplini\u021bi anumite condi\u021bii, pute\u021bi solicita o eTA \u00een loc de viz\u0103. Aceste condi\u021bii includ: <ul><li>de\u021bine\u021bi o viz\u0103 valabil\u0103 de neimigrant \u00een SUA, SAU<\/li><li>S\u0103 fi de\u021binut o viz\u0103 canadian\u0103 de vizitator \u00een ultimii 10 ani.<\/li><\/ul>\u021a\u0103rile eligibile pentru aceast\u0103 op\u021biune includ:\n<ul class=\"wp-block-list\">\n<li>Brazilia<\/li>\n\n\n\n<li>Mexic<\/li>\n\n\n\n<li>Filipine<br\/><em>(Aceasta nu este o list\u0103 complet\u0103.)<\/em><\/li>\n<\/ul>\n<\/li>\n<\/ol>\n\n<hr class=\"wp-block-separator has-alpha-channel-opacity\"\/>\n\n<h3 class=\"wp-block-heading\"><strong>Pasul 2: Lua\u021bi \u00een considerare metoda dvs. de c\u0103l\u0103torie<\/strong><\/h3>\n\n<p>Documentul de c\u0103l\u0103torie de care ave\u021bi nevoie depinde \u0219i de modul \u00een care intra\u021bi \u00een Canada:<\/p>\n\n<figure class=\"wp-block-table\"><table class=\"has-fixed-layout\"><thead><tr><th><strong>Modul de c\u0103l\u0103torie<\/strong><\/th><th><strong>Cerin\u021b\u0103<\/strong><\/th><\/tr><\/thead><tbody><tr><td>Zborul c\u0103tre sau tranzitarea unui aeroport canadian<\/td><td>eTA (pentru c\u0103l\u0103torii scuti\u021bi de viz\u0103) sau viz\u0103 de vizitator<\/td><\/tr><tr><td>Intrarea cu ma\u0219ina, autobuzul, trenul sau vaporul (inclusiv o croazier\u0103)<\/td><td>Viza de vizitator (pentru c\u0103l\u0103torii care au nevoie de viz\u0103)<\/td><\/tr><tr><td>C\u0103l\u0103tori\u021bi cu o viz\u0103 canadian\u0103 valabil\u0103<\/td><td>Nu este necesar eTA; folosi\u021bi-v\u0103 viza<\/td><\/tr><\/tbody><\/table><\/figure>\n\n<hr class=\"wp-block-separator has-alpha-channel-opacity\"\/>\n\n<h3 class=\"wp-block-heading\"><strong>Etapa 3: Excep\u021bii de la regul\u0103<\/strong><\/h3>\n\n<ol class=\"wp-block-list\">\n<li><strong>Cet\u0103\u021beni americani<\/strong><br\/>Cet\u0103\u021benii americani NU au nevoie de o eTA sau de o viz\u0103 de vizitator. Ei au nevoie doar de un pa\u0219aport american valabil. <\/li>\n\n\n\n<li><strong>Cet\u0103\u021beni canadieni (inclusiv cet\u0103\u021benii cu dubl\u0103 cet\u0103\u021benie)<\/strong><br\/>Cet\u0103\u021benii canadieni nu pot solicita un eTA sau o viz\u0103. Ace\u0219tia trebuie s\u0103 c\u0103l\u0103toreasc\u0103 cu un pa\u0219aport canadian valabil. <\/li>\n\n\n\n<li><strong>Reziden\u021bi permanen\u021bi canadieni<\/strong><br>Reziden\u021bii permanen\u021bi din Canada nu pot solicita o eTA. Ace\u0219tia trebuie s\u0103 c\u0103l\u0103toreasc\u0103 cu: \n<ul class=\"wp-block-list\">\n<li>Un card valabil de rezident permanent, SAU<\/li>\n\n\n\n<li>Un document de c\u0103l\u0103torie pentru rezident permanent.<\/li>\n<\/ul>\n<\/li>\n\n\n\n<li><strong>Reziden\u021bi permanen\u021bi ai SUA<\/strong><br>\u00cencep\u00e2nd cu 26 aprilie 2022, reziden\u021bii permanen\u021bi legali ai SUA nu au nevoie de un eTA. Ei trebuie s\u0103 aib\u0103 asupra lor: \n<ul class=\"wp-block-list\">\n<li>un pa\u0219aport valabil al na\u021bionalit\u0103\u021bii lor; \u0218I<\/li>\n\n\n\n<li>O carte verde valabil\u0103 sau o dovad\u0103 echivalent\u0103 a statutului.<\/li>\n<\/ul>\n<\/li>\n<\/ol>\n\n<hr class=\"wp-block-separator has-alpha-channel-opacity\"\/>\n\n<h3 class=\"wp-block-heading\"><strong>Pasul 4: Utiliza\u021bi instrumentul Guvernului Canadei<\/strong><\/h3>\n\n<p>Pentru a confirma dac\u0103 ave\u021bi nevoie de o viz\u0103 sau de un eTA, pute\u021bi utiliza <a>instrumentul<\/a> oficial <a>de documente de c\u0103l\u0103torie<\/a> al Guvernului Canadei. Pur \u0219i simplu introduce\u021bi na\u021bionalitatea, metoda de c\u0103l\u0103torie \u0219i scopul vizitei pentru a ob\u021bine rezultate personalizate. <\/p>\n\n<hr class=\"wp-block-separator has-alpha-channel-opacity\"\/>\n\n<h3 class=\"wp-block-heading\"><strong>Note finale<\/strong><\/h3>\n\n<ul class=\"wp-block-list\">\n<li>Asigura\u021bi-v\u0103 c\u0103 solicita\u021bi documentul corect cu mult timp \u00eenainte de data c\u0103l\u0103toriei.<\/li>\n\n\n\n<li>De\u021binerea unei vize sau a unei eTA nu garanteaz\u0103 intrarea \u00een Canada. Trebuie s\u0103 convinge\u021bi ofi\u021berul serviciilor de frontier\u0103 c\u0103 \u00eendeplini\u021bi toate cerin\u021bele de intrare. <\/li>\n<\/ul>\n\n<p><\/p>\n","protected":false},"excerpt":{"rendered":"<p>Cum s\u0103 afla\u021bi dac\u0103 ave\u021bi nevoie de viz\u0103 pentru a c\u0103l\u0103tori \u00een Canada Canada solicit\u0103 c\u0103l\u0103torilor s\u0103 de\u021bin\u0103 fie o [&hellip;]<\/p>\n","protected":false},"author":1,"featured_media":0,"parent":0,"menu_order":0,"comment_status":"closed","ping_status":"closed","template":"","meta":{"_uag_custom_page_level_css":"","site-sidebar-layout":"default","site-content-layout":"","ast-site-content-layout":"","site-content-style":"default","site-sidebar-style":"default","ast-global-header-display":"","ast-banner-title-visibility":"","ast-main-header-display":"","ast-hfb-above-header-display":"","ast-hfb-below-header-display":"","ast-hfb-mobile-header-display":"","site-post-title":"","ast-breadcrumbs-content":"","ast-featured-img":"","footer-sml-layout":"","theme-transparent-header-meta":"","adv-header-id-meta":"","stick-header-meta":"","header-above-stick-meta":"","header-main-stick-meta":"","header-below-stick-meta":"","astra-migrate-meta-layouts":"default","ast-page-background-enabled":"default","ast-page-background-meta":{"desktop":{"background-color":"var(--ast-global-color-4)","background-image":"","background-repeat":"repeat","background-position":"center center","background-size":"auto","background-attachment":"scroll","background-type":"","background-media":"","overlay-type":"","overlay-color":"","overlay-opacity":"","overlay-gradient":""},"tablet":{"background-color":"","background-image":"","background-repeat":"repeat","background-position":"center center","background-size":"auto","background-attachment":"scroll","background-type":"","background-media":"","overlay-type":"","overlay-color":"","overlay-opacity":"","overlay-gradient":""},"mobile":{"background-color":"","background-image":"","background-repeat":"repeat","background-position":"center center","background-size":"auto","background-attachment":"scroll","background-type":"","background-media":"","overlay-type":"","overlay-color":"","overlay-opacity":"","overlay-gradient":""}},"ast-content-background-meta":{"desktop":{"background-color":"var(--ast-global-color-5)","background-image":"","background-repeat":"repeat","background-position":"center center","background-size":"auto","background-attachment":"scroll","background-type":"","background-media":"","overlay-type":"","overlay-color":"","overlay-opacity":"","overlay-gradient":""},"tablet":{"background-color":"var(--ast-global-color-5)","background-image":"","background-repeat":"repeat","background-position":"center center","background-size":"auto","background-attachment":"scroll","background-type":"","background-media":"","overlay-type":"","overlay-color":"","overlay-opacity":"","overlay-gradient":""},"mobile":{"background-color":"var(--ast-global-color-5)","background-image":"","background-repeat":"repeat","background-position":"center center","background-size":"auto","background-attachment":"scroll","background-type":"","background-media":"","overlay-type":"","overlay-color":"","overlay-opacity":"","overlay-gradient":""}},"footnotes":""},"categories":[],"tags":[],"class_list":["post-1417","page","type-page","status-publish","hentry"],"uagb_featured_image_src":{"full":false,"thumbnail":false,"medium":false,"medium_large":false,"large":false,"1536x1536":false,"2048x2048":false},"uagb_author_info":{"display_name":"admin","author_link":"https:\/\/www.etafast.org\/ro\/author\/admin\/"},"uagb_comment_info":0,"uagb_excerpt":"Cum s\u0103 afla\u021bi dac\u0103 ave\u021bi nevoie de viz\u0103 pentru a c\u0103l\u0103tori \u00een Canada Canada solicit\u0103 c\u0103l\u0103torilor s\u0103 de\u021bin\u0103 fie o [&hellip;]","_links":{"self":[{"href":"https:\/\/www.etafast.org\/ro\/wp-json\/wp\/v2\/pages\/1417","targetHints":{"allow":["GET"]}}],"collection":[{"href":"https:\/\/www.etafast.org\/ro\/wp-json\/wp\/v2\/pages"}],"about":[{"href":"https:\/\/www.etafast.org\/ro\/wp-json\/wp\/v2\/types\/page"}],"author":[{"embeddable":true,"href":"https:\/\/www.etafast.org\/ro\/wp-json\/wp\/v2\/users\/1"}],"replies":[{"embeddable":true,"href":"https:\/\/www.etafast.org\/ro\/wp-json\/wp\/v2\/comments?post=1417"}],"version-history":[{"count":1,"href":"https:\/\/www.etafast.org\/ro\/wp-json\/wp\/v2\/pages\/1417\/revisions"}],"predecessor-version":[{"id":1418,"href":"https:\/\/www.etafast.org\/ro\/wp-json\/wp\/v2\/pages\/1417\/revisions\/1418"}],"wp:attachment":[{"href":"https:\/\/www.etafast.org\/ro\/wp-json\/wp\/v2\/media?parent=1417"}],"wp:term":[{"taxonomy":"category","embeddable":true,"href":"https:\/\/www.etafast.org\/ro\/wp-json\/wp\/v2\/categories?post=1417"},{"taxonomy":"post_tag","embeddable":true,"href":"https:\/\/www.etafast.org\/ro\/wp-json\/wp\/v2\/tags?post=1417"}],"curies":[{"name":"wp","href":"https:\/\/api.w.org\/{rel}","templated":true}]}}