{"id":1335,"date":"2024-12-11T08:26:43","date_gmt":"2024-12-11T07:26:43","guid":{"rendered":"https:\/\/www.etafast.org\/prelungiti-va-sederea-in-canada\/"},"modified":"2024-12-11T09:12:48","modified_gmt":"2024-12-11T08:12:48","slug":"prelungiti-va-sederea-in-canada","status":"publish","type":"page","link":"https:\/\/www.etafast.org\/ro\/prelungiti-va-sederea-in-canada\/","title":{"rendered":"Prelungi\u021bi-v\u0103 \u0219ederea \u00een Canada"},"content":{"rendered":"\n<h3 class=\"wp-block-heading\">Prelungirea \u0219ederii \u00een Canada: Dosarul vizitatorului<\/h3>\n\n<p>Dac\u0103 dori\u021bi s\u0103 r\u0103m\u00e2ne\u021bi \u00een Canada mai mult dec\u00e2t perioada ini\u021bial\u0103 autorizat\u0103 ca vizitator, va trebui s\u0103 solicita\u021bi o <strong>fi\u0219\u0103 de vizitator<\/strong>. O fi\u0219\u0103 de vizitator este un document esen\u021bial care v\u0103 permite s\u0103 v\u0103 prelungi\u021bi \u0219ederea f\u0103r\u0103 a \u00eenc\u0103lca normele de imigrare. <\/p>\n\n<hr class=\"wp-block-separator has-alpha-channel-opacity\"\/>\n\n<h3 class=\"wp-block-heading\"><strong>Ce este o fi\u0219\u0103 a vizitatorului?<\/strong><\/h3>\n\n<p>O fi\u0219\u0103 de vizitator <strong>nu<\/strong> este <strong>o viz\u0103<\/strong>. \u00cen schimb, este un document oficial care: <\/p>\n\n<ul class=\"wp-block-list\">\n<li>V\u0103 autorizeaz\u0103 s\u0103 r\u0103m\u00e2ne\u021bi mai mult timp \u00een Canada \u00een calitate de <strong>vizitator<\/strong>, lucr\u0103tor autorizat s\u0103 lucreze f\u0103r\u0103 permis sau student autorizat s\u0103 studieze f\u0103r\u0103 permis.<\/li>\n\n\n\n<li>Specific\u0103 o nou\u0103 dat\u0103 de expirare, p\u00e2n\u0103 la care trebuie s\u0103 p\u0103r\u0103si\u021bi Canada.<\/li>\n<\/ul>\n\n<hr class=\"wp-block-separator has-alpha-channel-opacity\"\/>\n\n<h3 class=\"wp-block-heading\"><strong>C\u00e2nd s\u0103 solicita\u021bi un cazier de vizitator<\/strong><\/h3>\n\n<p>Trebuie s\u0103 solicita\u021bi o fi\u0219\u0103 de vizitator <strong>\u00eenainte de expirarea statutului dumneavoastr\u0103 actual<\/strong>.<\/p>\n\n<ul class=\"wp-block-list\">\n<li>Verifica\u021bi \u0219tampila din pa\u0219aport sau confirmarea scris\u0103 a duratei \u0219ederii permise emis\u0103 la intrarea \u00een Canada.<\/li>\n\n\n\n<li>Dac\u0103 nu a fost furnizat\u0103 o dat\u0103 specific\u0103, statutul dumneavoastr\u0103 expir\u0103 de obicei <strong>la 6 luni de la data sosirii<\/strong>.<\/li>\n<\/ul>\n\n<hr class=\"wp-block-separator has-alpha-channel-opacity\"\/>\n\n<h3 class=\"wp-block-heading\"><strong>Cine poate solicita un cazier de vizitator?<\/strong><\/h3>\n\n<p>Pute\u021bi solicita un cazier de vizitator dac\u0103:<\/p>\n\n<ul class=\"wp-block-list\">\n<li>A\u021bi intrat \u00een Canada cu o viz\u0103 de vizitator, o eTA sau un alt document de c\u0103l\u0103torie valabil, iar acum dori\u021bi s\u0103 v\u0103 prelungi\u021bi \u0219ederea autorizat\u0103.<\/li>\n\n\n\n<li>Sunte\u021bi \u00een prezent \u00een Canada ca vizitator, lucr\u0103tor sau student f\u0103r\u0103 permis \u0219i dori\u021bi s\u0103 v\u0103 prelungi\u021bi statutul.<\/li>\n<\/ul>\n\n<hr class=\"wp-block-separator has-alpha-channel-opacity\"\/>\n\n<h3 class=\"wp-block-heading\"><strong>Cum s\u0103 solicita\u021bi un cazier de vizitator<\/strong><\/h3>\n\n<p>Procesul de solicitare a unui cazier de vizitator include urm\u0103torii pa\u0219i:<\/p>\n\n<ol class=\"wp-block-list\">\n<li><strong>Preg\u0103ti\u021bi-v\u0103 documentele<\/strong>:\n<ul class=\"wp-block-list\">\n<li>Un pa\u0219aport sau un document de c\u0103l\u0103torie valabil (asigura\u021bi-v\u0103 c\u0103 este valabil pentru \u00eentreaga durat\u0103 a \u0219ederii prelungite).<\/li>\n\n\n\n<li>Dovada c\u0103 dispune\u021bi de fonduri suficiente pentru a v\u0103 \u00eentre\u021bine \u00een timpul \u0219ederii prelungite.<\/li>\n\n\n\n<li>O explica\u021bie clar\u0103 a motivului pentru care dori\u021bi s\u0103 v\u0103 prelungi\u021bi \u0219ederea \u00een Canada.<\/li>\n<\/ul>\n<\/li>\n\n\n\n<li><strong>Trimite\u021bi cererea online<\/strong>:\n<ul class=\"wp-block-list\">\n<li>Completa\u021bi formularul de cerere prin intermediul <a>portalului IRCC<\/a>.<\/li>\n\n\n\n<li>Pl\u0103ti\u021bi taxa de \u00eenscriere, care \u00eencepe de la <strong> 100 de dolari<\/strong>.<\/li>\n<\/ul>\n<\/li>\n\n\n\n<li><strong>Aplica\u021bi din timp<\/strong>:\n<ul class=\"wp-block-list\">\n<li>Timpul de procesare este de aproximativ <strong>126 de zile<\/strong>, astfel \u00eenc\u00e2t este esen\u021bial s\u0103 depune\u021bi cererea cu suficient timp \u00eenainte de expirarea statutului dumneavoastr\u0103 actual.<\/li>\n\n\n\n<li>Dac\u0103 statutul dvs. expir\u0103 \u00een timp ce cererea dvs. este \u00een curs de procesare, ve\u021bi avea <strong>un statut implicit<\/strong> \u0219i pute\u021bi r\u0103m\u00e2ne legal \u00een Canada p\u00e2n\u0103 c\u00e2nd se ia o decizie.<\/li>\n<\/ul>\n<\/li>\n<\/ol>\n\n<hr class=\"wp-block-separator has-alpha-channel-opacity\"\/>\n\n<h3 class=\"wp-block-heading\"><strong>Dup\u0103 ce aplica\u021bi<\/strong><\/h3>\n\n<ul class=\"wp-block-list\">\n<li><strong>Aprobare<\/strong>: Dac\u0103 cererea dumneavoastr\u0103 este aprobat\u0103, ve\u021bi primi o fi\u0219\u0103 de vizitator \u00een care se specific\u0103 noua dumneavoastr\u0103 dat\u0103 de expirare.<\/li>\n\n\n\n<li><strong>Respingere<\/strong>: Dac\u0103 cererea dumneavoastr\u0103 este respins\u0103, trebuie s\u0103 p\u0103r\u0103si\u021bi Canada imediat.<\/li>\n\n\n\n<li><strong>Statutul Implicit<\/strong>: \u00cen a\u0219teptarea unei decizii, pute\u021bi r\u0103m\u00e2ne legal \u00een Canada dac\u0103 a\u021bi depus cererea \u00eenainte de expirarea statutului dumneavoastr\u0103.<\/li>\n<\/ul>\n\n<hr class=\"wp-block-separator has-alpha-channel-opacity\"\/>\n\n<h3 class=\"wp-block-heading\"><strong>C\u0103l\u0103tori\u021bi \u00een afara Canadei<\/strong><\/h3>\n\n<p>O fi\u0219\u0103 de vizitator <strong>nu garanteaz\u0103 reintroducerea \u00een Canada<\/strong>. Dac\u0103 p\u0103r\u0103si\u021bi Canada \u00een timpul \u0219ederii prelungite \u0219i inten\u021biona\u021bi s\u0103 v\u0103 \u00eentoarce\u021bi, ve\u021bi avea nevoie de: <\/p>\n\n<ul class=\"wp-block-list\">\n<li>O <strong>viz\u0103 de vizitator<\/strong> valabil\u0103 sau <strong>o eTA<\/strong> pentru a reintra \u00een Canada; \u0219i<\/li>\n\n\n\n<li>Fi\u0219a dumneavoastr\u0103 de vizitator pentru a dovedi prelungirea \u0219ederii dumneavoastr\u0103 autorizate.<\/li>\n<\/ul>\n\n<hr class=\"wp-block-separator has-alpha-channel-opacity\"\/>\n\n<h3 class=\"wp-block-heading\"><strong>Taxe cheie \u0219i termene de procesare<\/strong><\/h3>\n\n<ul class=\"wp-block-list\">\n<li><strong>Taxe<\/strong>: \u00cencep\u00e2nd de la <strong> 100 de dolari<\/strong> pentru o cerere de \u00eenregistrare a unui vizitator.<\/li>\n\n\n\n<li><strong>Timp de procesare<\/strong>: Aproximativ <strong>126 de zile<\/strong> (sub rezerva varia\u021biilor).<\/li>\n<\/ul>\n\n<hr class=\"wp-block-separator has-alpha-channel-opacity\"\/>\n\n<h3 class=\"wp-block-heading\"><strong>Note importante<\/strong><\/h3>\n\n<ul class=\"wp-block-list\">\n<li>Asigura\u021bi-v\u0103 c\u0103 pa\u0219aportul dvs. r\u0103m\u00e2ne valabil pe \u00eentreaga durat\u0103 a \u0219ederii dvs.<\/li>\n\n\n\n<li>O fi\u0219\u0103 de vizitator nu v\u0103 permite s\u0103 lucra\u021bi sau s\u0103 studia\u021bi \u00een Canada. Ve\u021bi avea nevoie de un permis de munc\u0103 sau de studiu pentru aceste activit\u0103\u021bi. <\/li>\n\n\n\n<li>Dep\u0103\u0219irea \u0219ederii autorizate f\u0103r\u0103 a solicita o prelungire poate duce la sanc\u021biuni legale \u0219i poate afecta c\u0103l\u0103toriile viitoare \u00een Canada.<\/li>\n<\/ul>\n\n<p>Planificarea prelungirii \u0219ederii dumneavoastr\u0103 \u00een Canada necesit\u0103 preg\u0103tire \u0219i depunerea la timp a cererii. Respect\u00e2nd procesul, v\u0103 pute\u021bi bucura de o \u0219edere mai lung\u0103, respect\u00e2nd \u00een acela\u0219i timp legisla\u021bia canadian\u0103 privind imigra\u021bia. <\/p>\n","protected":false},"excerpt":{"rendered":"<p>Prelungirea \u0219ederii \u00een Canada: Dosarul vizitatorului Dac\u0103 dori\u021bi s\u0103 r\u0103m\u00e2ne\u021bi \u00een Canada mai mult dec\u00e2t perioada ini\u021bial\u0103 autorizat\u0103 ca vizitator, [&hellip;]<\/p>\n","protected":false},"author":1,"featured_media":0,"parent":0,"menu_order":0,"comment_status":"closed","ping_status":"closed","template":"","meta":{"_uag_custom_page_level_css":"","site-sidebar-layout":"default","site-content-layout":"","ast-site-content-layout":"","site-content-style":"default","site-sidebar-style":"default","ast-global-header-display":"","ast-banner-title-visibility":"","ast-main-header-display":"","ast-hfb-above-header-display":"","ast-hfb-below-header-display":"","ast-hfb-mobile-header-display":"","site-post-title":"","ast-breadcrumbs-content":"","ast-featured-img":"","footer-sml-layout":"","theme-transparent-header-meta":"","adv-header-id-meta":"","stick-header-meta":"","header-above-stick-meta":"","header-main-stick-meta":"","header-below-stick-meta":"","astra-migrate-meta-layouts":"default","ast-page-background-enabled":"default","ast-page-background-meta":{"desktop":{"background-color":"var(--ast-global-color-4)","background-image":"","background-repeat":"repeat","background-position":"center center","background-size":"auto","background-attachment":"scroll","background-type":"","background-media":"","overlay-type":"","overlay-color":"","overlay-opacity":"","overlay-gradient":""},"tablet":{"background-color":"","background-image":"","background-repeat":"repeat","background-position":"center center","background-size":"auto","background-attachment":"scroll","background-type":"","background-media":"","overlay-type":"","overlay-color":"","overlay-opacity":"","overlay-gradient":""},"mobile":{"background-color":"","background-image":"","background-repeat":"repeat","background-position":"center center","background-size":"auto","background-attachment":"scroll","background-type":"","background-media":"","overlay-type":"","overlay-color":"","overlay-opacity":"","overlay-gradient":""}},"ast-content-background-meta":{"desktop":{"background-color":"var(--ast-global-color-5)","background-image":"","background-repeat":"repeat","background-position":"center center","background-size":"auto","background-attachment":"scroll","background-type":"","background-media":"","overlay-type":"","overlay-color":"","overlay-opacity":"","overlay-gradient":""},"tablet":{"background-color":"var(--ast-global-color-5)","background-image":"","background-repeat":"repeat","background-position":"center center","background-size":"auto","background-attachment":"scroll","background-type":"","background-media":"","overlay-type":"","overlay-color":"","overlay-opacity":"","overlay-gradient":""},"mobile":{"background-color":"var(--ast-global-color-5)","background-image":"","background-repeat":"repeat","background-position":"center center","background-size":"auto","background-attachment":"scroll","background-type":"","background-media":"","overlay-type":"","overlay-color":"","overlay-opacity":"","overlay-gradient":""}},"footnotes":""},"categories":[],"tags":[],"class_list":["post-1335","page","type-page","status-publish","hentry"],"uagb_featured_image_src":{"full":false,"thumbnail":false,"medium":false,"medium_large":false,"large":false,"1536x1536":false,"2048x2048":false},"uagb_author_info":{"display_name":"admin","author_link":"https:\/\/www.etafast.org\/ro\/author\/admin\/"},"uagb_comment_info":0,"uagb_excerpt":"Prelungirea \u0219ederii \u00een Canada: Dosarul vizitatorului Dac\u0103 dori\u021bi s\u0103 r\u0103m\u00e2ne\u021bi \u00een Canada mai mult dec\u00e2t perioada ini\u021bial\u0103 autorizat\u0103 ca vizitator, [&hellip;]","_links":{"self":[{"href":"https:\/\/www.etafast.org\/ro\/wp-json\/wp\/v2\/pages\/1335","targetHints":{"allow":["GET"]}}],"collection":[{"href":"https:\/\/www.etafast.org\/ro\/wp-json\/wp\/v2\/pages"}],"about":[{"href":"https:\/\/www.etafast.org\/ro\/wp-json\/wp\/v2\/types\/page"}],"author":[{"embeddable":true,"href":"https:\/\/www.etafast.org\/ro\/wp-json\/wp\/v2\/users\/1"}],"replies":[{"embeddable":true,"href":"https:\/\/www.etafast.org\/ro\/wp-json\/wp\/v2\/comments?post=1335"}],"version-history":[{"count":1,"href":"https:\/\/www.etafast.org\/ro\/wp-json\/wp\/v2\/pages\/1335\/revisions"}],"predecessor-version":[{"id":1336,"href":"https:\/\/www.etafast.org\/ro\/wp-json\/wp\/v2\/pages\/1335\/revisions\/1336"}],"wp:attachment":[{"href":"https:\/\/www.etafast.org\/ro\/wp-json\/wp\/v2\/media?parent=1335"}],"wp:term":[{"taxonomy":"category","embeddable":true,"href":"https:\/\/www.etafast.org\/ro\/wp-json\/wp\/v2\/categories?post=1335"},{"taxonomy":"post_tag","embeddable":true,"href":"https:\/\/www.etafast.org\/ro\/wp-json\/wp\/v2\/tags?post=1335"}],"curies":[{"name":"wp","href":"https:\/\/api.w.org\/{rel}","templated":true}]}}