{"id":1233,"date":"2024-12-11T08:28:06","date_gmt":"2024-12-11T07:28:06","guid":{"rendered":"https:\/\/www.etafast.org\/super-visa-pentru-parinti-si-bunici\/"},"modified":"2024-12-11T09:11:29","modified_gmt":"2024-12-11T08:11:29","slug":"super-visa-pentru-parinti-si-bunici","status":"publish","type":"page","link":"https:\/\/www.etafast.org\/ro\/super-visa-pentru-parinti-si-bunici\/","title":{"rendered":"Super Visa pentru p\u0103rin\u021bi \u0219i bunici"},"content":{"rendered":"\n<h3 class=\"wp-block-heading\">Super Visa pentru p\u0103rin\u021bi \u0219i bunici<\/h3>\n\n<p><strong>Super Visa<\/strong> este o viz\u0103 special\u0103 destinat\u0103 p\u0103rin\u021bilor \u0219i bunicilor cet\u0103\u021benilor canadieni \u0219i reziden\u021bilor permanen\u021bi. Aceasta permite vizite prelungite \u00een Canada, oferind o oportunitate unic\u0103 de a petrece timp cu familia, bucur\u00e2ndu-se \u00een acela\u0219i timp de avantajele intr\u0103rilor multiple pe o durat\u0103 lung\u0103. <\/p>\n\n<hr class=\"wp-block-separator has-alpha-channel-opacity\"\/>\n\n<h3 class=\"wp-block-heading\"><strong>Ce este o Super Visa?<\/strong><\/h3>\n\n<p>O <strong>Super Visa<\/strong> este:<\/p>\n\n<ul class=\"wp-block-list\">\n<li>O <strong>viz\u0103 pe termen lung<\/strong> care permite p\u0103rin\u021bilor \u0219i bunicilor eligibili s\u0103 viziteze Canada timp de <strong>p\u00e2n\u0103 la 5 ani pentru fiecare vizit\u0103<\/strong>, f\u0103r\u0103 a fi nevoie s\u0103 \u00ee\u0219i re\u00eennoiasc\u0103 statutul.<\/li>\n\n\n\n<li>O <strong>viz\u0103 cu intr\u0103ri multiple<\/strong>, valabil\u0103 <strong>p\u00e2n\u0103 la 10 ani<\/strong>, care permite vizite frecvente \u00een Canada \u00een timpul perioadei de valabilitate a vizei.<\/li>\n<\/ul>\n\n<p>Aceast\u0103 viz\u0103 este ideal\u0103 pentru persoanele care inten\u021bioneaz\u0103 s\u0103 \u00ee\u0219i viziteze copiii sau nepo\u021bii pentru \u0219ederi prelungite.<\/p>\n\n<hr class=\"wp-block-separator has-alpha-channel-opacity\"\/>\n\n<h3 class=\"wp-block-heading\"><strong>Cerin\u021be de eligibilitate pentru Super Visa<\/strong><\/h3>\n\n<p>Pentru a se califica pentru o Super Visa, solicitan\u021bii trebuie s\u0103 \u00eendeplineasc\u0103 anumite criterii:<\/p>\n\n<ol class=\"wp-block-list\">\n<li><strong>Rela\u021bie<\/strong>:\n<ul class=\"wp-block-list\">\n<li>S\u0103 fie <strong>p\u0103rinte sau bunic<\/strong> al unui cet\u0103\u021bean canadian sau al unui rezident permanent.<\/li>\n<\/ul>\n<\/li>\n\n\n\n<li><strong>Scrisoare<\/strong> de <strong>invita\u021bie<\/strong>:\n<ul class=\"wp-block-list\">\n<li>Furniza\u021bi o scrisoare de invita\u021bie de la copilul sau nepotul dumneavoastr\u0103 din Canada.<\/li>\n\n\n\n<li>Scrisoarea trebuie s\u0103 includ\u0103:\n<ul class=\"wp-block-list\">\n<li>O promisiune de sprijin financiar pe durata vizitei dumneavoastr\u0103.<\/li>\n\n\n\n<li>Detalii despre rela\u021bia voastr\u0103.<\/li>\n\n\n\n<li>O list\u0103 a membrilor gospod\u0103riei gazdei \u00een Canada.<\/li>\n<\/ul>\n<\/li>\n<\/ul>\n<\/li>\n\n\n\n<li><strong>Cerin\u021be de venit<\/strong>:\n<ul class=\"wp-block-list\">\n<li>Copilul sau nepotul trebuie s\u0103 \u00eendeplineasc\u0103 un <strong>prag minim de venit<\/strong> \u00een func\u021bie de num\u0103rul membrilor familiei.<\/li>\n<\/ul>\n<\/li>\n\n\n\n<li><strong>Asigurare de s\u0103n\u0103tate<\/strong>:\n<ul class=\"wp-block-list\">\n<li>Cump\u0103ra\u021bi o <strong>asigurare medical\u0103<\/strong> privat\u0103 de la o companie de asigur\u0103ri canadian\u0103 care:\n<ul class=\"wp-block-list\">\n<li>V\u0103 acoper\u0103 pentru cel pu\u021bin <strong> 100.000 $ CAD<\/strong>.<\/li>\n\n\n\n<li>Este valabil <strong>cel pu\u021bin un an<\/strong> de la data intr\u0103rii.<\/li>\n\n\n\n<li>Include dovada pl\u0103\u021bii integrale (nu ofertele de pre\u021b).<\/li>\n<\/ul>\n<\/li>\n<\/ul>\n<\/li>\n\n\n\n<li><strong>Examinare medical\u0103<\/strong>:\n<ul class=\"wp-block-list\">\n<li>Efectua\u021bi un examen medical de imigrare pentru a demonstra admisibilitatea.<\/li>\n<\/ul>\n<\/li>\n\n\n\n<li><strong>Cerin\u021be suplimentare<\/strong>:\n<ul class=\"wp-block-list\">\n<li>Demonstra\u021bi c\u0103 ave\u021bi leg\u0103turi puternice cu \u021bara de origine, cum ar fi familia, situa\u021bia financiar\u0103 sau locul de munc\u0103, pentru a v\u0103 asigura c\u0103 ve\u021bi p\u0103r\u0103si Canada dup\u0103 vizit\u0103.<\/li>\n\n\n\n<li>Ar\u0103ta\u021bi c\u0103 dispune\u021bi de fonduri suficiente pentru vizita dumneavoastr\u0103.<\/li>\n<\/ul>\n<\/li>\n<\/ol>\n\n<hr class=\"wp-block-separator has-alpha-channel-opacity\"\/>\n\n<h3 class=\"wp-block-heading\"><strong>C\u00e2t timp pute\u021bi r\u0103m\u00e2ne \u00een Canada?<\/strong><\/h3>\n\n<p>Durata \u0219ederii dumneavoastr\u0103 depinde de momentul \u00een care a\u021bi solicitat Super Visa:<\/p>\n\n<ul class=\"wp-block-list\">\n<li><strong>Cererile depuse la sau dup\u0103 22 iunie 2023<\/strong>:\n<ul class=\"wp-block-list\">\n<li>De\u021bin\u0103torii de Super Visa pot r\u0103m\u00e2ne <strong>p\u00e2n\u0103 la 5 ani pentru fiecare vizit\u0103<\/strong>.<\/li>\n<\/ul>\n<\/li>\n\n\n\n<li><strong>Aplica\u021bii \u00eenainte de 22 iunie 2023<\/strong>:\n<ul class=\"wp-block-list\">\n<li>Pute\u021bi r\u0103m\u00e2ne <strong>p\u00e2n\u0103 la 2 ani pentru fiecare vizit\u0103<\/strong>.<\/li>\n<\/ul>\n<\/li>\n<\/ul>\n\n<p>Indiferent de data depunerii cererii dumneavoastr\u0103:<\/p>\n\n<ul class=\"wp-block-list\">\n<li>Asigura\u021bi-v\u0103 c\u0103 <strong>pa\u0219aportul dvs. este valabil<\/strong> pe durata \u0219ederii.<\/li>\n\n\n\n<li><strong>S\u0103<\/strong> v\u0103 men\u021bine\u021bi sau s\u0103 v\u0103 re\u00eennoi\u021bi <strong>asigurarea de s\u0103n\u0103tate<\/strong> pe durata \u0219ederii \u00een Canada sau la reintrare.<\/li>\n<\/ul>\n\n<hr class=\"wp-block-separator has-alpha-channel-opacity\"\/>\n\n<h3 class=\"wp-block-heading\"><strong>Beneficiile unei Super Visa<\/strong><\/h3>\n\n<ol class=\"wp-block-list\">\n<li><strong>Vizite prelungite<\/strong>:\n<ul class=\"wp-block-list\">\n<li>Bucura\u021bi-v\u0103 de \u0219ederi pe termen lung f\u0103r\u0103 a solicita frecvent prelungiri.<\/li>\n<\/ul>\n<\/li>\n\n\n\n<li><strong>\u00censcrieri multiple<\/strong>:\n<ul class=\"wp-block-list\">\n<li>C\u0103l\u0103tori\u021bi \u00een Canada de mai multe ori pe parcursul unei perioade de 10 ani.<\/li>\n<\/ul>\n<\/li>\n\n\n\n<li><strong>Pacea min\u021bii<\/strong>:\n<ul class=\"wp-block-list\">\n<li>Obligativitatea asigur\u0103rii de s\u0103n\u0103tate garanteaz\u0103 acoperirea medical\u0103 \u00een timpul \u0219ederii.<\/li>\n<\/ul>\n<\/li>\n\n\n\n<li><strong>Reunificarea familiei<\/strong>:\n<ul class=\"wp-block-list\">\n<li>Promova\u021bi leg\u0103turi mai str\u00e2nse cu copiii \u0219i nepo\u021bii dumneavoastr\u0103.<\/li>\n<\/ul>\n<\/li>\n<\/ol>\n","protected":false},"excerpt":{"rendered":"<p>Super Visa pentru p\u0103rin\u021bi \u0219i bunici Super Visa este o viz\u0103 special\u0103 destinat\u0103 p\u0103rin\u021bilor \u0219i bunicilor cet\u0103\u021benilor canadieni \u0219i reziden\u021bilor [&hellip;]<\/p>\n","protected":false},"author":1,"featured_media":0,"parent":0,"menu_order":0,"comment_status":"closed","ping_status":"closed","template":"","meta":{"_uag_custom_page_level_css":"","site-sidebar-layout":"default","site-content-layout":"","ast-site-content-layout":"","site-content-style":"default","site-sidebar-style":"default","ast-global-header-display":"","ast-banner-title-visibility":"","ast-main-header-display":"","ast-hfb-above-header-display":"","ast-hfb-below-header-display":"","ast-hfb-mobile-header-display":"","site-post-title":"","ast-breadcrumbs-content":"","ast-featured-img":"","footer-sml-layout":"","theme-transparent-header-meta":"","adv-header-id-meta":"","stick-header-meta":"","header-above-stick-meta":"","header-main-stick-meta":"","header-below-stick-meta":"","astra-migrate-meta-layouts":"default","ast-page-background-enabled":"default","ast-page-background-meta":{"desktop":{"background-color":"var(--ast-global-color-4)","background-image":"","background-repeat":"repeat","background-position":"center center","background-size":"auto","background-attachment":"scroll","background-type":"","background-media":"","overlay-type":"","overlay-color":"","overlay-opacity":"","overlay-gradient":""},"tablet":{"background-color":"","background-image":"","background-repeat":"repeat","background-position":"center center","background-size":"auto","background-attachment":"scroll","background-type":"","background-media":"","overlay-type":"","overlay-color":"","overlay-opacity":"","overlay-gradient":""},"mobile":{"background-color":"","background-image":"","background-repeat":"repeat","background-position":"center center","background-size":"auto","background-attachment":"scroll","background-type":"","background-media":"","overlay-type":"","overlay-color":"","overlay-opacity":"","overlay-gradient":""}},"ast-content-background-meta":{"desktop":{"background-color":"var(--ast-global-color-5)","background-image":"","background-repeat":"repeat","background-position":"center center","background-size":"auto","background-attachment":"scroll","background-type":"","background-media":"","overlay-type":"","overlay-color":"","overlay-opacity":"","overlay-gradient":""},"tablet":{"background-color":"var(--ast-global-color-5)","background-image":"","background-repeat":"repeat","background-position":"center center","background-size":"auto","background-attachment":"scroll","background-type":"","background-media":"","overlay-type":"","overlay-color":"","overlay-opacity":"","overlay-gradient":""},"mobile":{"background-color":"var(--ast-global-color-5)","background-image":"","background-repeat":"repeat","background-position":"center center","background-size":"auto","background-attachment":"scroll","background-type":"","background-media":"","overlay-type":"","overlay-color":"","overlay-opacity":"","overlay-gradient":""}},"footnotes":""},"categories":[],"tags":[],"class_list":["post-1233","page","type-page","status-publish","hentry"],"uagb_featured_image_src":{"full":false,"thumbnail":false,"medium":false,"medium_large":false,"large":false,"1536x1536":false,"2048x2048":false},"uagb_author_info":{"display_name":"admin","author_link":"https:\/\/www.etafast.org\/ro\/author\/admin\/"},"uagb_comment_info":0,"uagb_excerpt":"Super Visa pentru p\u0103rin\u021bi \u0219i bunici Super Visa este o viz\u0103 special\u0103 destinat\u0103 p\u0103rin\u021bilor \u0219i bunicilor cet\u0103\u021benilor canadieni \u0219i reziden\u021bilor [&hellip;]","_links":{"self":[{"href":"https:\/\/www.etafast.org\/ro\/wp-json\/wp\/v2\/pages\/1233","targetHints":{"allow":["GET"]}}],"collection":[{"href":"https:\/\/www.etafast.org\/ro\/wp-json\/wp\/v2\/pages"}],"about":[{"href":"https:\/\/www.etafast.org\/ro\/wp-json\/wp\/v2\/types\/page"}],"author":[{"embeddable":true,"href":"https:\/\/www.etafast.org\/ro\/wp-json\/wp\/v2\/users\/1"}],"replies":[{"embeddable":true,"href":"https:\/\/www.etafast.org\/ro\/wp-json\/wp\/v2\/comments?post=1233"}],"version-history":[{"count":1,"href":"https:\/\/www.etafast.org\/ro\/wp-json\/wp\/v2\/pages\/1233\/revisions"}],"predecessor-version":[{"id":1234,"href":"https:\/\/www.etafast.org\/ro\/wp-json\/wp\/v2\/pages\/1233\/revisions\/1234"}],"wp:attachment":[{"href":"https:\/\/www.etafast.org\/ro\/wp-json\/wp\/v2\/media?parent=1233"}],"wp:term":[{"taxonomy":"category","embeddable":true,"href":"https:\/\/www.etafast.org\/ro\/wp-json\/wp\/v2\/categories?post=1233"},{"taxonomy":"post_tag","embeddable":true,"href":"https:\/\/www.etafast.org\/ro\/wp-json\/wp\/v2\/tags?post=1233"}],"curies":[{"name":"wp","href":"https:\/\/api.w.org\/{rel}","templated":true}]}}