{"id":1023,"date":"2024-12-11T08:29:22","date_gmt":"2024-12-11T07:29:22","guid":{"rendered":"https:\/\/www.etafast.org\/vizitatori-de-afaceri\/"},"modified":"2024-12-11T09:08:29","modified_gmt":"2024-12-11T08:08:29","slug":"vizitatori-de-afaceri","status":"publish","type":"page","link":"https:\/\/www.etafast.org\/ro\/vizitatori-de-afaceri\/","title":{"rendered":"Vizitatori de afaceri"},"content":{"rendered":"\n<h3 class=\"wp-block-heading\">Vizitatori de afaceri: Participarea la reuniuni, evenimente \u0219i conferin\u021be \u00een Canada<\/h3>\n\n<p>Vizitatorii de afaceri joac\u0103 un rol esen\u021bial \u00een \u00eencurajarea comer\u021bului \u0219i a colabor\u0103rii interna\u021bionale. Dac\u0103 inten\u021biona\u021bi s\u0103 participa\u021bi la reuniuni, evenimente sau conferin\u021be \u00een Canada \u00een calitate de vizitator de afaceri, iat\u0103 un ghid pas cu pas pentru a asigura un proces de intrare f\u0103r\u0103 probleme. <\/p>\n\n<hr class=\"wp-block-separator has-alpha-channel-opacity\"\/>\n\n<h3 class=\"wp-block-heading\"><strong>Pasul 1: Sunte\u021bi un vizitator de afaceri sau ave\u021bi nevoie de un permis de munc\u0103?<\/strong><\/h3>\n\n<p>Pentru a v\u0103 califica ca <strong>vizitator de afaceri<\/strong> \u00een Canada, trebuie s\u0103:<\/p>\n\n<ul class=\"wp-block-list\">\n<li><strong>Durata<\/strong>: Planifica\u021bi s\u0103 sta\u021bi <strong>mai pu\u021bin de 6 luni<\/strong>.<\/li>\n\n\n\n<li><strong>Scop<\/strong>: S\u0103 nu intre pe pia\u021ba muncii din Canada.<\/li>\n\n\n\n<li><strong>Sursa afacerii<\/strong>: Asigura\u021bi-v\u0103 c\u0103 locul principal de desf\u0103\u0219urare a activit\u0103\u021bii, veniturile \u0219i profiturile r\u0103m\u00e2n <strong>\u00een afara Canadei<\/strong>.<\/li>\n\n\n\n<li><strong>Documente<\/strong>: Dispune\u021bi de documenta\u021bia necesar\u0103 pentru a v\u0103 sus\u021bine cererea.<\/li>\n<\/ul>\n\n<p><strong>Cerin\u021be de intrare de baz\u0103<\/strong>:<\/p>\n\n<ul class=\"wp-block-list\">\n<li>Un document de c\u0103l\u0103torie valabil (cum ar fi un pa\u0219aport).<\/li>\n\n\n\n<li>Fonduri suficiente pentru \u0219ederea dumneavoastr\u0103 \u0219i c\u0103l\u0103toria de \u00eentoarcere.<\/li>\n\n\n\n<li>Dovada c\u0103 ve\u021bi p\u0103r\u0103si Canada la sf\u00e2r\u0219itul vizitei.<\/li>\n\n\n\n<li>F\u0103r\u0103 riscuri penale, de securitate sau de s\u0103n\u0103tate pentru canadieni.<\/li>\n<\/ul>\n\n<p><strong>Activit\u0103\u021bi permise \u00een calitate de vizitator de afaceri<\/strong>:<\/p>\n\n<ul class=\"wp-block-list\">\n<li>Achizi\u021bionarea de bunuri sau servicii canadiene pentru o \u00eentreprindere sau un guvern str\u0103in.<\/li>\n\n\n\n<li>Preluarea comenzilor pentru bunuri sau servicii.<\/li>\n\n\n\n<li>Participarea la reuniuni, conferin\u021be, conven\u021bii sau t\u00e2rguri.<\/li>\n\n\n\n<li>Furnizarea de servicii post-v\u00e2nzare \u00een cadrul unui contract de garan\u021bie sau de v\u00e2nzare.<\/li>\n\n\n\n<li>Primi\u021bi sau efectua\u021bi cursuri de formare legate de activitatea dumneavoastr\u0103.<\/li>\n<\/ul>\n\n<p><strong>Not\u0103<\/strong>: Dac\u0103 vizita dvs. implic\u0103 \u0219ederea pentru mai mult de 6 luni sau implicarea \u00een activit\u0103\u021bi pe pia\u021ba muncii din Canada, este posibil s\u0103 ave\u021bi nevoie de un <strong>permis de munc\u0103<\/strong>.<\/p>\n\n<hr class=\"wp-block-separator has-alpha-channel-opacity\"\/>\n\n<h3 class=\"wp-block-heading\"><strong>Pasul 2: Ave\u021bi nevoie de o viz\u0103 sau de un eTA?<\/strong><\/h3>\n\n<p>Necesitatea unei <strong>vize<\/strong> sau a unei <strong>autoriza\u021bii electronice de c\u0103l\u0103torie (eTA)<\/strong> depinde de na\u021bionalitatea dumneavoastr\u0103 \u0219i de circumstan\u021bele de c\u0103l\u0103torie.<\/p>\n\n<ul class=\"wp-block-list\">\n<li>Utiliza\u021bi <a>instrumentul Guvernului Canadei<\/a> pentru a v\u0103 determina eligibilitatea.<\/li>\n<\/ul>\n\n<hr class=\"wp-block-separator has-alpha-channel-opacity\"\/>\n\n<h3 class=\"wp-block-heading\"><strong>Pasul 3: Ob\u021bine\u021bi un cod de eveniment (dac\u0103 este cazul)<\/strong><\/h3>\n\n<p>Pentru evenimente, reuniuni sau conferin\u021be \u00eenregistrate la <strong>Immigration, Refugees and Citizenship Canada (IRCC)<\/strong>:<\/p>\n\n<ul class=\"wp-block-list\">\n<li>Organizatorul evenimentului v\u0103 va furniza un <strong>cod al evenimentului<\/strong> \u0219i instruc\u021biuni pentru solicitarea vizei.<\/li>\n\n\n\n<li>Introducerea codului evenimentului pe cererea dumneavoastr\u0103 v\u0103 ajut\u0103 s\u0103 v\u0103 identifica\u021bi ca participant.<\/li>\n<\/ul>\n\n<hr class=\"wp-block-separator has-alpha-channel-opacity\"\/>\n\n<h3 class=\"wp-block-heading\"><strong>Pasul 4: Solicita\u021bi o viz\u0103 sau un eTA (dac\u0103 este necesar)<\/strong><\/h3>\n\n<ul class=\"wp-block-list\">\n<li><strong>Viza<\/strong>: Depune\u021bi o cerere de viz\u0103 prin intermediul <a>site-ului<\/a> oficial <a>IRCC<\/a>.<\/li>\n\n\n\n<li><strong>eTA<\/strong>: Aplica\u021bi online pentru un eTA .<\/li>\n<\/ul>\n\n<hr class=\"wp-block-separator has-alpha-channel-opacity\"\/>\n\n<h3 class=\"wp-block-heading\"><strong>Pasul 5: Preg\u0103ti\u021bi documentele pentru c\u0103l\u0103torie<\/strong><\/h3>\n\n<p>C\u00e2nd ajunge\u021bi la frontiera canadian\u0103, asigura\u021bi-v\u0103 c\u0103 ave\u021bi urm\u0103toarele documente (nu le pune\u021bi \u00een valiz\u0103):<\/p>\n\n<ul class=\"wp-block-list\">\n<li>Un pa\u0219aport sau un document de c\u0103l\u0103torie valabil pentru \u00eentreaga durat\u0103 a sejurului.<\/li>\n\n\n\n<li>O viz\u0103 valabil\u0103 (dac\u0103 este cazul).<\/li>\n\n\n\n<li>Dac\u0103 ave\u021bi nevoie de un eTA, c\u0103l\u0103tori\u021bi cu pa\u0219aportul utilizat \u00een cererea de eTA.<\/li>\n\n\n\n<li>Reziden\u021bii permanen\u021bi legali din Statele Unite trebuie s\u0103 aduc\u0103 o <strong>carte verde valabil\u0103<\/strong> (sau o dovad\u0103 echivalent\u0103 a statutului) \u0219i pa\u0219aportul.<\/li>\n\n\n\n<li>Scrisori de sus\u021binere din partea societ\u0103\u021bii-mam\u0103 \u0219i o scrisoare de invita\u021bie din partea \u00eentreprinderii gazd\u0103 canadiene.<\/li>\n\n\n\n<li>Documente suplimentare precum contracte, acorduri de garan\u021bie sau documente de service (dac\u0103 este cazul).<\/li>\n\n\n\n<li>Detalii de contact pentru gazda dvs. de afaceri din Canada.<\/li>\n\n\n\n<li>Dovada c\u0103 dispune\u021bi de fonduri suficiente pentru \u0219ederea \u0219i \u00eentoarcerea dumneavoastr\u0103.<\/li>\n<\/ul>\n\n<hr class=\"wp-block-separator has-alpha-channel-opacity\"\/>\n\n<h3 class=\"wp-block-heading\"><strong>Minorii care c\u0103l\u0103toresc cu dumneavoastr\u0103<\/strong><\/h3>\n\n<p>Dac\u0103 c\u0103l\u0103tori\u021bi cu copii sub v\u00e2rsta de 18 ani, familiariza\u021bi-v\u0103 cu reglement\u0103rile canadiene privind minorii.<\/p>\n\n<ul class=\"wp-block-list\">\n<li>Consulta\u021bi cerin\u021bele de intrare pentru minori pentru a asigura conformitatea cu legisla\u021bia canadian\u0103 privind protec\u021bia copiilor.<\/li>\n<\/ul>\n\n<hr class=\"wp-block-separator has-alpha-channel-opacity\"\/>\n\n<h3 class=\"wp-block-heading\"><strong>Note cheie pentru vizitatorii de afaceri<\/strong><\/h3>\n\n<ul class=\"wp-block-list\">\n<li><strong>Acordul Canada-Statele Unite-Mexic (CUSMA)<\/strong> prevede dispozi\u021bii suplimentare pentru resortisan\u021bii americani \u0219i mexicani care particip\u0103 la activit\u0103\u021bi precum cercetarea, comercializarea \u0219i serviciile generale.<\/li>\n\n\n\n<li>Consulta\u021bi \u00eentotdeauna organizatorul \u00eent\u00e2lnirii sau al evenimentului pentru cerin\u021be sau orient\u0103ri specifice.<\/li>\n\n\n\n<li>Vizitatorii de afaceri sunt limita\u021bi la activit\u0103\u021bi care nu implic\u0103 angajarea direct\u0103 \u00een Canada.<\/li>\n<\/ul>\n\n<p>Urm\u00e2nd ace\u0219ti pa\u0219i \u0219i asigur\u00e2ndu-v\u0103 c\u0103 ave\u021bi documentele potrivite, vizita dvs. de afaceri \u00een Canada se poate desf\u0103\u0219ura eficient \u0219i cu succes.<\/p>\n","protected":false},"excerpt":{"rendered":"<p>Vizitatori de afaceri: Participarea la reuniuni, evenimente \u0219i conferin\u021be \u00een Canada Vizitatorii de afaceri joac\u0103 un rol esen\u021bial \u00een \u00eencurajarea [&hellip;]<\/p>\n","protected":false},"author":1,"featured_media":0,"parent":0,"menu_order":0,"comment_status":"closed","ping_status":"closed","template":"","meta":{"_uag_custom_page_level_css":"","site-sidebar-layout":"default","site-content-layout":"","ast-site-content-layout":"","site-content-style":"default","site-sidebar-style":"default","ast-global-header-display":"","ast-banner-title-visibility":"","ast-main-header-display":"","ast-hfb-above-header-display":"","ast-hfb-below-header-display":"","ast-hfb-mobile-header-display":"","site-post-title":"","ast-breadcrumbs-content":"","ast-featured-img":"","footer-sml-layout":"","theme-transparent-header-meta":"","adv-header-id-meta":"","stick-header-meta":"","header-above-stick-meta":"","header-main-stick-meta":"","header-below-stick-meta":"","astra-migrate-meta-layouts":"default","ast-page-background-enabled":"default","ast-page-background-meta":{"desktop":{"background-color":"var(--ast-global-color-4)","background-image":"","background-repeat":"repeat","background-position":"center center","background-size":"auto","background-attachment":"scroll","background-type":"","background-media":"","overlay-type":"","overlay-color":"","overlay-opacity":"","overlay-gradient":""},"tablet":{"background-color":"","background-image":"","background-repeat":"repeat","background-position":"center center","background-size":"auto","background-attachment":"scroll","background-type":"","background-media":"","overlay-type":"","overlay-color":"","overlay-opacity":"","overlay-gradient":""},"mobile":{"background-color":"","background-image":"","background-repeat":"repeat","background-position":"center center","background-size":"auto","background-attachment":"scroll","background-type":"","background-media":"","overlay-type":"","overlay-color":"","overlay-opacity":"","overlay-gradient":""}},"ast-content-background-meta":{"desktop":{"background-color":"var(--ast-global-color-5)","background-image":"","background-repeat":"repeat","background-position":"center center","background-size":"auto","background-attachment":"scroll","background-type":"","background-media":"","overlay-type":"","overlay-color":"","overlay-opacity":"","overlay-gradient":""},"tablet":{"background-color":"var(--ast-global-color-5)","background-image":"","background-repeat":"repeat","background-position":"center center","background-size":"auto","background-attachment":"scroll","background-type":"","background-media":"","overlay-type":"","overlay-color":"","overlay-opacity":"","overlay-gradient":""},"mobile":{"background-color":"var(--ast-global-color-5)","background-image":"","background-repeat":"repeat","background-position":"center center","background-size":"auto","background-attachment":"scroll","background-type":"","background-media":"","overlay-type":"","overlay-color":"","overlay-opacity":"","overlay-gradient":""}},"footnotes":""},"categories":[],"tags":[],"class_list":["post-1023","page","type-page","status-publish","hentry"],"uagb_featured_image_src":{"full":false,"thumbnail":false,"medium":false,"medium_large":false,"large":false,"1536x1536":false,"2048x2048":false},"uagb_author_info":{"display_name":"admin","author_link":"https:\/\/www.etafast.org\/ro\/author\/admin\/"},"uagb_comment_info":0,"uagb_excerpt":"Vizitatori de afaceri: Participarea la reuniuni, evenimente \u0219i conferin\u021be \u00een Canada Vizitatorii de afaceri joac\u0103 un rol esen\u021bial \u00een \u00eencurajarea [&hellip;]","_links":{"self":[{"href":"https:\/\/www.etafast.org\/ro\/wp-json\/wp\/v2\/pages\/1023","targetHints":{"allow":["GET"]}}],"collection":[{"href":"https:\/\/www.etafast.org\/ro\/wp-json\/wp\/v2\/pages"}],"about":[{"href":"https:\/\/www.etafast.org\/ro\/wp-json\/wp\/v2\/types\/page"}],"author":[{"embeddable":true,"href":"https:\/\/www.etafast.org\/ro\/wp-json\/wp\/v2\/users\/1"}],"replies":[{"embeddable":true,"href":"https:\/\/www.etafast.org\/ro\/wp-json\/wp\/v2\/comments?post=1023"}],"version-history":[{"count":1,"href":"https:\/\/www.etafast.org\/ro\/wp-json\/wp\/v2\/pages\/1023\/revisions"}],"predecessor-version":[{"id":1024,"href":"https:\/\/www.etafast.org\/ro\/wp-json\/wp\/v2\/pages\/1023\/revisions\/1024"}],"wp:attachment":[{"href":"https:\/\/www.etafast.org\/ro\/wp-json\/wp\/v2\/media?parent=1023"}],"wp:term":[{"taxonomy":"category","embeddable":true,"href":"https:\/\/www.etafast.org\/ro\/wp-json\/wp\/v2\/categories?post=1023"},{"taxonomy":"post_tag","embeddable":true,"href":"https:\/\/www.etafast.org\/ro\/wp-json\/wp\/v2\/tags?post=1023"}],"curies":[{"name":"wp","href":"https:\/\/api.w.org\/{rel}","templated":true}]}}