{"id":933,"date":"2024-12-11T08:30:38","date_gmt":"2024-12-11T07:30:38","guid":{"rendered":"https:\/\/www.etafast.org\/transito-pelo-canada\/"},"modified":"2024-12-11T09:07:14","modified_gmt":"2024-12-11T08:07:14","slug":"transito-pelo-canada","status":"publish","type":"page","link":"https:\/\/www.etafast.org\/pt-pt\/transito-pelo-canada\/","title":{"rendered":"Tr\u00e2nsito pelo Canad\u00e1"},"content":{"rendered":"\n<p>Se estiveres a viajar para outro pa\u00eds e precisares de transitar pelo Canad\u00e1, os documentos necess\u00e1rios depender\u00e3o de v\u00e1rios factores, incluindo o modo de viagem, a dura\u00e7\u00e3o da estadia, a nacionalidade e o estatuto de imigrante. Segue-se um guia completo para te ajudar a determinar o que precisas para um tr\u00e2nsito tranquilo pelo Canad\u00e1. <\/p>\n\n<hr class=\"wp-block-separator has-alpha-channel-opacity\"\/>\n\n<h3 class=\"wp-block-heading\"><strong>Factores que determinam as tuas necessidades de tr\u00e2nsito<\/strong><\/h3>\n\n<ol class=\"wp-block-list\">\n<li><strong>Modo de desloca\u00e7\u00e3o<\/strong>:\n<ul class=\"wp-block-list\">\n<li>Por via a\u00e9rea (voos internacionais com liga\u00e7\u00e3o atrav\u00e9s de aeroportos canadianos).<\/li>\n\n\n\n<li>De carro, autocarro, comboio ou barco (incluindo navios de cruzeiro).<\/li>\n<\/ul>\n<\/li>\n\n\n\n<li><strong>Dura\u00e7\u00e3o do tr\u00e2nsito<\/strong>:\n<ul class=\"wp-block-list\">\n<li>Menos de 48 horas.<\/li>\n\n\n\n<li>Mais de 48 horas.<\/li>\n<\/ul>\n<\/li>\n\n\n\n<li><strong>Nacionalidade e estatuto de imigra\u00e7\u00e3o<\/strong>:\n<ul class=\"wp-block-list\">\n<li>O pa\u00eds do teu passaporte.<\/li>\n\n\n\n<li>Se \u00e9s cidad\u00e3o dos EUA, residente permanente legal dos EUA ou se tens um visto v\u00e1lido dos EUA.<\/li>\n<\/ul>\n<\/li>\n<\/ol>\n\n<hr class=\"wp-block-separator has-alpha-channel-opacity\"\/>\n\n<h3 class=\"wp-block-heading\"><strong>Op\u00e7\u00f5es de documentos para o tr\u00e2nsito pelo Canad\u00e1<\/strong><\/h3>\n\n<h4 class=\"wp-block-heading\"><strong>1. Visto de visitante<\/strong><\/h4>\n\n<p>Precisas de um <strong>visto de visitante<\/strong> se:<\/p>\n\n<ul class=\"wp-block-list\">\n<li>\u00c9s de um <strong>pa\u00eds com obriga\u00e7\u00e3o de visto<\/strong> e pretendes ir:\n<ul class=\"wp-block-list\">\n<li>Visita o Canad\u00e1, mesmo que seja por menos de 48 horas.<\/li>\n\n\n\n<li>Permanece no Canad\u00e1 por <strong>mais de 48 horas<\/strong> durante o tr\u00e2nsito.<\/li>\n<\/ul>\n<\/li>\n\n\n\n<li>Viajas de <strong>autocarro, autom\u00f3vel, comboio, barco ou navio de cruzeiro<\/strong> a partir de um pa\u00eds sujeito \u00e0 obriga\u00e7\u00e3o de visto.<\/li>\n<\/ul>\n\n<p><\/p>\n\n<hr class=\"wp-block-separator has-alpha-channel-opacity\"\/>\n\n<h4 class=\"wp-block-heading\"><strong>2. Visto de tr\u00e2nsito<\/strong><\/h4>\n\n<p>Precisas de um <strong>visto de tr\u00e2nsito<\/strong> se:<\/p>\n\n<ul class=\"wp-block-list\">\n<li>\u00c9s de um <strong>pa\u00eds com obriga\u00e7\u00e3o de visto<\/strong> e:\n<ul class=\"wp-block-list\">\n<li>O teu voo internacional faz escala num aeroporto canadiano a caminho de outro destino.<\/li>\n\n\n\n<li>Fazes uma liga\u00e7\u00e3o entre dois voos internacionais num ou mais aeroportos canadianos.<\/li>\n\n\n\n<li>O teu tr\u00e2nsito dura <strong>48 horas ou menos<\/strong>.<\/li>\n\n\n\n<li>N\u00e3o tens um visto de visitante v\u00e1lido.<\/li>\n\n\n\n<li>N\u00e3o \u00e9s eleg\u00edvel para uma eTA.<\/li>\n<\/ul>\n<\/li>\n<\/ul>\n\n<p><\/p>\n\n<hr class=\"wp-block-separator has-alpha-channel-opacity\"\/>\n\n<h4 class=\"wp-block-heading\"><strong>3. Autoriza\u00e7\u00e3o eletr\u00f3nica de viagem (eTA)<\/strong><\/h4>\n\n<p>Precisas de um <strong>eTA<\/strong> se:<\/p>\n\n<ul class=\"wp-block-list\">\n<li>\u00c9s de um <strong>pa\u00eds que necessita de eTA<\/strong> e:\n<ul class=\"wp-block-list\">\n<li>Transita pelo Canad\u00e1 por via a\u00e9rea.<\/li>\n\n\n\n<li>O teu tr\u00e2nsito faz parte de um voo internacional de liga\u00e7\u00e3o.<\/li>\n<\/ul>\n<\/li>\n<\/ul>\n\n<p><strong>Excep\u00e7\u00f5es<\/strong>:<\/p>\n\n<ul class=\"wp-block-list\">\n<li>N\u00e3o precisas de uma eTA se viajares de comboio, autocarro, barco ou navio de cruzeiro, mas tens de ter documentos de viagem v\u00e1lidos.<\/li>\n<\/ul>\n\n<p><\/p>\n\n<hr class=\"wp-block-separator has-alpha-channel-opacity\"\/>\n\n<h4 class=\"wp-block-heading\"><strong>4. Tr\u00e2nsito sem visto<\/strong><\/h4>\n\n<ul class=\"wp-block-list\">\n<li><strong>Cidad\u00e3os dos EUA e Residentes Permanentes Legais<\/strong>:<br>Os cidad\u00e3os dos EUA e os titulares de Green Card dos EUA podem transitar pelo Canad\u00e1 sem visto por via a\u00e9rea, autom\u00f3vel, autocarro, comboio ou barco. Certifica-te de que tens consigo: \n<ul class=\"wp-block-list\">\n<li>Um passaporte ou documento de viagem v\u00e1lido.<\/li>\n\n\n\n<li>Um Green Card dos EUA v\u00e1lido (para residentes permanentes legais).<\/li>\n<\/ul>\n<\/li>\n\n\n\n<li><strong>Titulares de passaportes de pa\u00edses espec\u00edficos<\/strong>:<br\/>Os cidad\u00e3os da <strong>China, Indon\u00e9sia, Filipinas, Tail\u00e2ndia<\/strong> ou <strong>Taiwan<\/strong> (sem n\u00famero de identifica\u00e7\u00e3o pessoal) podem transitar sem visto se preencherem determinadas condi\u00e7\u00f5es.<\/li>\n<\/ul>\n\n<p><\/p>\n\n<hr class=\"wp-block-separator has-alpha-channel-opacity\"\/>\n\n<h3 class=\"wp-block-heading\"><strong>Documentos que deves levar<\/strong><\/h3>\n\n<p>Quando transitar pelo Canad\u00e1, tem sempre \u00e0 m\u00e3o os seguintes documentos:<\/p>\n\n<ul class=\"wp-block-list\">\n<li>Um passaporte ou documento de viagem v\u00e1lido para toda a tua viagem.<\/li>\n\n\n\n<li>Um visto v\u00e1lido, um visto de tr\u00e2nsito ou uma eTA (se aplic\u00e1vel).<\/li>\n\n\n\n<li>Para residentes permanentes nos EUA: Um Green Card v\u00e1lido ou um comprovativo de estatuto equivalente.<\/li>\n\n\n\n<li>Prova de continua\u00e7\u00e3o da viagem, como bilhetes de avi\u00e3o ou itiner\u00e1rio.<\/li>\n<\/ul>\n\n<hr class=\"wp-block-separator has-alpha-channel-opacity\"\/>\n\n<h3 class=\"wp-block-heading\"><strong>Notas chave<\/strong><\/h3>\n\n<ul class=\"wp-block-list\">\n<li><strong>Dura\u00e7\u00e3o do tr\u00e2nsito<\/strong>: Se o teu tr\u00e2nsito exceder 48 horas, necessitar\u00e1s de um visto de visitante.<\/li>\n\n\n\n<li><strong>Modo de entrada<\/strong>: a autoriza\u00e7\u00e3o de sa\u00edda eletr\u00f3nica \u00e9 exigida para viagens a\u00e9reas, mas n\u00e3o para viagens terrestres ou mar\u00edtimas.<\/li>\n\n\n\n<li><strong>Pedido antecipado<\/strong>: Solicita os documentos necess\u00e1rios muito antes da data da viagem para evitar atrasos.<\/li>\n<\/ul>\n\n<p>Ao assegurares-te de que tens a documenta\u00e7\u00e3o correta, podes transitar pelo Canad\u00e1 sem problemas e concentrar-te em chegar ao teu destino final.<\/p>\n","protected":false},"excerpt":{"rendered":"<p>Se estiveres a viajar para outro pa\u00eds e precisares de transitar pelo Canad\u00e1, os documentos necess\u00e1rios depender\u00e3o de v\u00e1rios factores, [&hellip;]<\/p>\n","protected":false},"author":1,"featured_media":0,"parent":0,"menu_order":0,"comment_status":"closed","ping_status":"closed","template":"","meta":{"_uag_custom_page_level_css":"","site-sidebar-layout":"default","site-content-layout":"","ast-site-content-layout":"","site-content-style":"default","site-sidebar-style":"default","ast-global-header-display":"","ast-banner-title-visibility":"","ast-main-header-display":"","ast-hfb-above-header-display":"","ast-hfb-below-header-display":"","ast-hfb-mobile-header-display":"","site-post-title":"","ast-breadcrumbs-content":"","ast-featured-img":"","footer-sml-layout":"","theme-transparent-header-meta":"","adv-header-id-meta":"","stick-header-meta":"","header-above-stick-meta":"","header-main-stick-meta":"","header-below-stick-meta":"","astra-migrate-meta-layouts":"default","ast-page-background-enabled":"default","ast-page-background-meta":{"desktop":{"background-color":"var(--ast-global-color-4)","background-image":"","background-repeat":"repeat","background-position":"center center","background-size":"auto","background-attachment":"scroll","background-type":"","background-media":"","overlay-type":"","overlay-color":"","overlay-opacity":"","overlay-gradient":""},"tablet":{"background-color":"","background-image":"","background-repeat":"repeat","background-position":"center center","background-size":"auto","background-attachment":"scroll","background-type":"","background-media":"","overlay-type":"","overlay-color":"","overlay-opacity":"","overlay-gradient":""},"mobile":{"background-color":"","background-image":"","background-repeat":"repeat","background-position":"center center","background-size":"auto","background-attachment":"scroll","background-type":"","background-media":"","overlay-type":"","overlay-color":"","overlay-opacity":"","overlay-gradient":""}},"ast-content-background-meta":{"desktop":{"background-color":"var(--ast-global-color-5)","background-image":"","background-repeat":"repeat","background-position":"center center","background-size":"auto","background-attachment":"scroll","background-type":"","background-media":"","overlay-type":"","overlay-color":"","overlay-opacity":"","overlay-gradient":""},"tablet":{"background-color":"var(--ast-global-color-5)","background-image":"","background-repeat":"repeat","background-position":"center center","background-size":"auto","background-attachment":"scroll","background-type":"","background-media":"","overlay-type":"","overlay-color":"","overlay-opacity":"","overlay-gradient":""},"mobile":{"background-color":"var(--ast-global-color-5)","background-image":"","background-repeat":"repeat","background-position":"center center","background-size":"auto","background-attachment":"scroll","background-type":"","background-media":"","overlay-type":"","overlay-color":"","overlay-opacity":"","overlay-gradient":""}},"footnotes":""},"categories":[],"tags":[],"class_list":["post-933","page","type-page","status-publish","hentry"],"uagb_featured_image_src":{"full":false,"thumbnail":false,"medium":false,"medium_large":false,"large":false,"1536x1536":false,"2048x2048":false},"uagb_author_info":{"display_name":"admin","author_link":"https:\/\/www.etafast.org\/pt-pt\/author\/admin\/"},"uagb_comment_info":0,"uagb_excerpt":"Se estiveres a viajar para outro pa\u00eds e precisares de transitar pelo Canad\u00e1, os documentos necess\u00e1rios depender\u00e3o de v\u00e1rios factores, [&hellip;]","_links":{"self":[{"href":"https:\/\/www.etafast.org\/pt-pt\/wp-json\/wp\/v2\/pages\/933","targetHints":{"allow":["GET"]}}],"collection":[{"href":"https:\/\/www.etafast.org\/pt-pt\/wp-json\/wp\/v2\/pages"}],"about":[{"href":"https:\/\/www.etafast.org\/pt-pt\/wp-json\/wp\/v2\/types\/page"}],"author":[{"embeddable":true,"href":"https:\/\/www.etafast.org\/pt-pt\/wp-json\/wp\/v2\/users\/1"}],"replies":[{"embeddable":true,"href":"https:\/\/www.etafast.org\/pt-pt\/wp-json\/wp\/v2\/comments?post=933"}],"version-history":[{"count":1,"href":"https:\/\/www.etafast.org\/pt-pt\/wp-json\/wp\/v2\/pages\/933\/revisions"}],"predecessor-version":[{"id":934,"href":"https:\/\/www.etafast.org\/pt-pt\/wp-json\/wp\/v2\/pages\/933\/revisions\/934"}],"wp:attachment":[{"href":"https:\/\/www.etafast.org\/pt-pt\/wp-json\/wp\/v2\/media?parent=933"}],"wp:term":[{"taxonomy":"category","embeddable":true,"href":"https:\/\/www.etafast.org\/pt-pt\/wp-json\/wp\/v2\/categories?post=933"},{"taxonomy":"post_tag","embeddable":true,"href":"https:\/\/www.etafast.org\/pt-pt\/wp-json\/wp\/v2\/tags?post=933"}],"curies":[{"name":"wp","href":"https:\/\/api.w.org\/{rel}","templated":true}]}}