{"id":269,"date":"2024-12-11T08:24:00","date_gmt":"2024-12-11T07:24:00","guid":{"rendered":"https:\/\/www.etafast.org\/sobre-o-processo\/"},"modified":"2024-12-11T09:01:54","modified_gmt":"2024-12-11T08:01:54","slug":"sobre-o-processo","status":"publish","type":"page","link":"https:\/\/www.etafast.org\/pt-pt\/sobre-o-processo\/","title":{"rendered":"Sobre o processo"},"content":{"rendered":"\n<h3 class=\"wp-block-heading\">Acerca do processo de autoriza\u00e7\u00e3o eletr\u00f3nica de viagem (eTA)<\/h3>\n\n<p>A Autoriza\u00e7\u00e3o Eletr\u00f3nica de Viagem (eTA) \u00e9 um requisito de entrada para os cidad\u00e3os estrangeiros isentos de visto que viajam para o Canad\u00e1 ou transitam por este pa\u00eds por via a\u00e9rea. Trata-se de um processo em linha r\u00e1pido e simples, concebido para aumentar a seguran\u00e7a nas fronteiras e, ao mesmo tempo, garantir uma viagem tranquila aos indiv\u00edduos eleg\u00edveis. <\/p>\n\n<h4 class=\"wp-block-heading\">O que \u00e9 uma eTA?<\/h4>\n\n<p>Uma eTA \u00e9 uma autoriza\u00e7\u00e3o de viagem ligada eletronicamente ao teu passaporte. \u00c9 v\u00e1lida por um per\u00edodo m\u00e1ximo de cinco anos ou at\u00e9 \u00e0 expira\u00e7\u00e3o do seu passaporte, consoante o que ocorrer primeiro. A eTA permite-te visitar o Canad\u00e1 para estadias curtas (normalmente at\u00e9 seis meses) para fins de turismo, neg\u00f3cios ou tr\u00e2nsito.  <\/p>\n\n<h4 class=\"wp-block-heading\">Pontos importantes a saber sobre o processo eTA:<\/h4>\n\n<ol class=\"wp-block-list\">\n<li><strong>Aplica\u00e7\u00e3o online simples<\/strong>:<br\/>O processo de aplica\u00e7\u00e3o da eTA \u00e9 efectuado totalmente online. N\u00e3o h\u00e1 necessidade de papelada ou visitas pessoais, o que o torna uma op\u00e7\u00e3o conveniente para os viajantes. <\/li>\n\n\n\n<li><strong>Taxa acess\u00edvel<\/strong>:<br\/>A candidatura a uma eTA custa apenas 7 d\u00f3lares canadianos. Esta taxa \u00e9 paga online durante o processo de candidatura. <\/li>\n\n\n\n<li><strong>Processamento r\u00e1pido<\/strong>:<br\/>A maioria dos pedidos de eTA \u00e9 aprovada em poucos minutos. No entanto, algumas candidaturas podem demorar mais tempo se forem necess\u00e1rios documentos adicionais. Nesses casos, os requerentes receber\u00e3o instru\u00e7\u00f5es por correio eletr\u00f3nico no prazo de 72 horas.  <\/li>\n\n\n\n<li><strong>Requisitos de elegibilidade<\/strong>:\n<ul class=\"wp-block-list\">\n<li>Os cidad\u00e3os estrangeiros isentos de visto que voam para o Canad\u00e1 ou transitam por este pa\u00eds necessitam de uma eTA.<\/li>\n\n\n\n<li>Alguns viajantes de pa\u00edses sujeitos \u00e0 obriga\u00e7\u00e3o de visto tamb\u00e9m se podem qualificar para uma eTA se cumprirem crit\u00e9rios espec\u00edficos, tais como serem titulares de um visto de n\u00e3o-imigrante v\u00e1lido dos EUA ou terem sido titulares de um visto de visitante canadiano nos \u00faltimos 10 anos.<\/li>\n\n\n\n<li>Os viajantes que chegam de carro, autocarro, comboio ou barco, incluindo navios de cruzeiro, necessitam de um visto de visitante em vez de uma eTA.<\/li>\n<\/ul>\n<\/li>\n\n\n\n<li><strong>Limita\u00e7\u00f5es de viagem<\/strong>:\n<ul class=\"wp-block-list\">\n<li>Uma eTA n\u00e3o te permite trabalhar ou estudar no Canad\u00e1. Se tencionas trabalhar ou estudar, tens de pedir as autoriza\u00e7\u00f5es adequadas. <\/li>\n\n\n\n<li>Uma eTA n\u00e3o garante a tua entrada no Canad\u00e1. Os funcion\u00e1rios das fronteiras avaliar\u00e3o a tua elegibilidade \u00e0 chegada. <\/li>\n<\/ul>\n<\/li>\n\n\n\n<li><strong>Validade<\/strong>:<br\/>Uma vez aprovada, a eTA fica ligada ao teu passaporte e permanece v\u00e1lida para v\u00e1rias entradas, desde que o teu passaporte permane\u00e7a v\u00e1lido. Viaja sempre com o mesmo passaporte que utilizaste para o teu pedido de eTA. <\/li>\n<\/ol>\n\n<h4 class=\"wp-block-heading\">Protege-te das burlas<\/h4>\n\n<p>Tem cuidado com sites ou indiv\u00edduos fraudulentos que prometem oportunidades garantidas de entrada, trabalho ou estudo no Canad\u00e1. Candidata-te apenas atrav\u00e9s do site oficial do Governo do Canad\u00e1 e evita partilhar informa\u00e7\u00f5es pessoais com fontes n\u00e3o verificadas. A falsidade ideol\u00f3gica ou a fraude podem ter consequ\u00eancias legais graves.  <\/p>\n\n<h4 class=\"wp-block-heading\">Antes de te candidatares<\/h4>\n\n<ul class=\"wp-block-list\">\n<li>Certifica-te de que tens um passaporte v\u00e1lido, um cart\u00e3o de cr\u00e9dito ou de d\u00e9bito e um endere\u00e7o de correio eletr\u00f3nico.<\/li>\n\n\n\n<li>L\u00ea o documento de ajuda da aplica\u00e7\u00e3o dispon\u00edvel em v\u00e1rias l\u00ednguas para obteres orienta\u00e7\u00f5es.<\/li>\n\n\n\n<li>Solicita uma eTA <strong>antes de<\/strong> reservar o teu voo para evitar atrasos.<\/li>\n<\/ul>\n\n<p>Candidatar-se a uma eTA \u00e9 um passo essencial para os viajantes eleg\u00edveis que planeiam visitar o Canad\u00e1. Se compreenderes o processo e preparares cuidadosamente o teu pedido, podes garantir uma viagem tranquila e sem complica\u00e7\u00f5es. <\/p>\n","protected":false},"excerpt":{"rendered":"<p>Acerca do processo de autoriza\u00e7\u00e3o eletr\u00f3nica de viagem (eTA) A Autoriza\u00e7\u00e3o Eletr\u00f3nica de Viagem (eTA) \u00e9 um requisito de entrada [&hellip;]<\/p>\n","protected":false},"author":1,"featured_media":0,"parent":0,"menu_order":0,"comment_status":"closed","ping_status":"closed","template":"","meta":{"_uag_custom_page_level_css":"","site-sidebar-layout":"default","site-content-layout":"","ast-site-content-layout":"","site-content-style":"default","site-sidebar-style":"default","ast-global-header-display":"","ast-banner-title-visibility":"","ast-main-header-display":"","ast-hfb-above-header-display":"","ast-hfb-below-header-display":"","ast-hfb-mobile-header-display":"","site-post-title":"","ast-breadcrumbs-content":"","ast-featured-img":"","footer-sml-layout":"","theme-transparent-header-meta":"","adv-header-id-meta":"","stick-header-meta":"","header-above-stick-meta":"","header-main-stick-meta":"","header-below-stick-meta":"","astra-migrate-meta-layouts":"default","ast-page-background-enabled":"default","ast-page-background-meta":{"desktop":{"background-color":"var(--ast-global-color-4)","background-image":"","background-repeat":"repeat","background-position":"center center","background-size":"auto","background-attachment":"scroll","background-type":"","background-media":"","overlay-type":"","overlay-color":"","overlay-opacity":"","overlay-gradient":""},"tablet":{"background-color":"","background-image":"","background-repeat":"repeat","background-position":"center center","background-size":"auto","background-attachment":"scroll","background-type":"","background-media":"","overlay-type":"","overlay-color":"","overlay-opacity":"","overlay-gradient":""},"mobile":{"background-color":"","background-image":"","background-repeat":"repeat","background-position":"center center","background-size":"auto","background-attachment":"scroll","background-type":"","background-media":"","overlay-type":"","overlay-color":"","overlay-opacity":"","overlay-gradient":""}},"ast-content-background-meta":{"desktop":{"background-color":"var(--ast-global-color-5)","background-image":"","background-repeat":"repeat","background-position":"center center","background-size":"auto","background-attachment":"scroll","background-type":"","background-media":"","overlay-type":"","overlay-color":"","overlay-opacity":"","overlay-gradient":""},"tablet":{"background-color":"var(--ast-global-color-5)","background-image":"","background-repeat":"repeat","background-position":"center center","background-size":"auto","background-attachment":"scroll","background-type":"","background-media":"","overlay-type":"","overlay-color":"","overlay-opacity":"","overlay-gradient":""},"mobile":{"background-color":"var(--ast-global-color-5)","background-image":"","background-repeat":"repeat","background-position":"center center","background-size":"auto","background-attachment":"scroll","background-type":"","background-media":"","overlay-type":"","overlay-color":"","overlay-opacity":"","overlay-gradient":""}},"footnotes":""},"categories":[],"tags":[],"class_list":["post-269","page","type-page","status-publish","hentry"],"uagb_featured_image_src":{"full":false,"thumbnail":false,"medium":false,"medium_large":false,"large":false,"1536x1536":false,"2048x2048":false},"uagb_author_info":{"display_name":"admin","author_link":"https:\/\/www.etafast.org\/pt-pt\/author\/admin\/"},"uagb_comment_info":0,"uagb_excerpt":"Acerca do processo de autoriza\u00e7\u00e3o eletr\u00f3nica de viagem (eTA) A Autoriza\u00e7\u00e3o Eletr\u00f3nica de Viagem (eTA) \u00e9 um requisito de entrada [&hellip;]","_links":{"self":[{"href":"https:\/\/www.etafast.org\/pt-pt\/wp-json\/wp\/v2\/pages\/269","targetHints":{"allow":["GET"]}}],"collection":[{"href":"https:\/\/www.etafast.org\/pt-pt\/wp-json\/wp\/v2\/pages"}],"about":[{"href":"https:\/\/www.etafast.org\/pt-pt\/wp-json\/wp\/v2\/types\/page"}],"author":[{"embeddable":true,"href":"https:\/\/www.etafast.org\/pt-pt\/wp-json\/wp\/v2\/users\/1"}],"replies":[{"embeddable":true,"href":"https:\/\/www.etafast.org\/pt-pt\/wp-json\/wp\/v2\/comments?post=269"}],"version-history":[{"count":1,"href":"https:\/\/www.etafast.org\/pt-pt\/wp-json\/wp\/v2\/pages\/269\/revisions"}],"predecessor-version":[{"id":270,"href":"https:\/\/www.etafast.org\/pt-pt\/wp-json\/wp\/v2\/pages\/269\/revisions\/270"}],"wp:attachment":[{"href":"https:\/\/www.etafast.org\/pt-pt\/wp-json\/wp\/v2\/media?parent=269"}],"wp:term":[{"taxonomy":"category","embeddable":true,"href":"https:\/\/www.etafast.org\/pt-pt\/wp-json\/wp\/v2\/categories?post=269"},{"taxonomy":"post_tag","embeddable":true,"href":"https:\/\/www.etafast.org\/pt-pt\/wp-json\/wp\/v2\/tags?post=269"}],"curies":[{"name":"wp","href":"https:\/\/api.w.org\/{rel}","templated":true}]}}