{"id":1511,"date":"2024-12-11T08:24:51","date_gmt":"2024-12-11T07:24:51","guid":{"rendered":"https:\/\/www.etafast.org\/quem-pode-candidatar-se\/"},"modified":"2024-12-11T09:15:51","modified_gmt":"2024-12-11T08:15:51","slug":"quem-pode-candidatar-se","status":"publish","type":"page","link":"https:\/\/www.etafast.org\/pt-pt\/quem-pode-candidatar-se\/","title":{"rendered":"Quem pode candidatar-se"},"content":{"rendered":"\n<h3 class=\"wp-block-heading\">Quem pode solicitar uma autoriza\u00e7\u00e3o eletr\u00f3nica de viagem (eTA)<\/h3>\n\n<p>A Autoriza\u00e7\u00e3o Eletr\u00f3nica de Viagem (eTA) \u00e9 um requisito de viagem para determinadas pessoas que viajam para o Canad\u00e1 ou que transitam por este pa\u00eds por via a\u00e9rea. V\u00ea aqui uma descri\u00e7\u00e3o pormenorizada de quem \u00e9 eleg\u00edvel para se candidatar: <\/p>\n\n<h4 class=\"wp-block-heading\"><strong>Crit\u00e9rios de elegibilidade para uma eTA<\/strong><\/h4>\n\n<p>Podes candidatar-te a uma eTA se preencheres <strong>os tr\u00eas requisitos seguintes<\/strong>:<\/p>\n\n<ol class=\"wp-block-list\">\n<li><strong>Hist\u00f3rico de viagens anteriores<\/strong>:<ul><li>Tiveste um visto de visitante canadiano (visto de residente tempor\u00e1rio) nos \u00faltimos 10 anos, OU<\/li><li>\u00c9s atualmente titular de um visto de n\u00e3o-imigrante v\u00e1lido dos Estados Unidos (EUA).<\/li><\/ul><em>(O teu visto de n\u00e3o-imigrante dos EUA tem de ser v\u00e1lido no dia em que solicitares uma eTA, mas n\u00e3o precisa de permanecer v\u00e1lido durante a tua viagem para o Canad\u00e1).<\/em><\/li>\n\n\n\n<li><strong>Objetivo da viagem<\/strong>:\n<ul class=\"wp-block-list\">\n<li>Vem para o Canad\u00e1 para uma <strong>estadia tempor\u00e1ria<\/strong>, normalmente at\u00e9 seis meses.<\/li>\n<\/ul>\n<\/li>\n\n\n\n<li><strong>Modo de viagem<\/strong>:\n<ul class=\"wp-block-list\">\n<li>Voa para ou transita por um aeroporto canadiano com um passaporte v\u00e1lido de um dos <strong>pa\u00edses eleg\u00edveis para obten\u00e7\u00e3o de visto<\/strong>.<\/li>\n<\/ul>\n<\/li>\n<\/ol>\n\n<h4 class=\"wp-block-heading\"><strong>Pa\u00edses eleg\u00edveis para obten\u00e7\u00e3o de visto<\/strong><\/h4>\n\n<p>Os cidad\u00e3os dos seguintes pa\u00edses podem candidatar-se a uma eTA se cumprirem os crit\u00e9rios acima referidos:<\/p>\n\n<ul class=\"wp-block-list\">\n<li>Ant\u00edgua e Barbuda<\/li>\n\n\n\n<li>Argentina<\/li>\n\n\n\n<li>Brasil<\/li>\n\n\n\n<li>Costa Rica<\/li>\n\n\n\n<li>M\u00e9xico<\/li>\n\n\n\n<li>Marrocos<\/li>\n\n\n\n<li>Panam\u00e1<\/li>\n\n\n\n<li>Filipinas<\/li>\n\n\n\n<li>S\u00e3o Crist\u00f3v\u00e3o e Nevis<\/li>\n\n\n\n<li>Santa L\u00facia<\/li>\n\n\n\n<li>S\u00e3o Vicente e Granadinas<\/li>\n\n\n\n<li>Seychelles<\/li>\n\n\n\n<li>Tail\u00e2ndia<\/li>\n\n\n\n<li>Trinidad e Tobago<\/li>\n\n\n\n<li>Uruguai<\/li>\n<\/ul>\n\n<p>Se n\u00e3o preencheres todos estes requisitos, ter\u00e1s de requerer um visto de visitante (visto de residente tempor\u00e1rio).<\/p>\n\n<hr class=\"wp-block-separator has-alpha-channel-opacity\"\/>\n\n<h3 class=\"wp-block-heading\"><strong>Quem N\u00c3O precisa de uma eTA?<\/strong><\/h3>\n\n<ul class=\"wp-block-list\">\n<li><strong>Cidad\u00e3os dos EUA<\/strong>:<br\/>Os cidad\u00e3os dos EUA est\u00e3o isentos do requisito de eTA. S\u00f3 precisam de apresentar um passaporte americano v\u00e1lido. <\/li>\n\n\n\n<li><strong>Cidad\u00e3os canadianos (incluindo cidad\u00e3os com dupla nacionalidade)<\/strong>:<br\/>Os cidad\u00e3os canadianos n\u00e3o podem solicitar uma eTA. T\u00eam de viajar com um passaporte canadiano v\u00e1lido. Os cidad\u00e3os com dupla nacionalidade devem tamb\u00e9m utilizar o seu passaporte canadiano quando voam para o Canad\u00e1.  <\/li>\n\n\n\n<li><strong>Residentes permanentes canadianos<\/strong>:<br>Os residentes permanentes do Canad\u00e1 n\u00e3o podem solicitar uma eTA. Em vez disso, devem viajar com: \n<ul class=\"wp-block-list\">\n<li>Um cart\u00e3o de residente permanente v\u00e1lido, OU<\/li>\n\n\n\n<li>Um documento de viagem de residente permanente.<\/li>\n<\/ul>\n<\/li>\n\n\n\n<li><strong>Residentes permanentes legais dos Estados Unidos<\/strong>:<br>A partir de 26 de abril de 2022, os residentes permanentes legais dos EUA est\u00e3o isentos da exig\u00eancia de eTA. Eles devem portar: \n<ul class=\"wp-block-list\">\n<li>Um passaporte v\u00e1lido do teu pa\u00eds de nacionalidade, e<\/li>\n\n\n\n<li>Um Green Card dos EUA v\u00e1lido ou uma prova de estatuto equivalente.<\/li>\n<\/ul>\n<\/li>\n<\/ul>\n\n<hr class=\"wp-block-separator has-alpha-channel-opacity\"\/>\n\n<h3 class=\"wp-block-heading\"><strong>Cen\u00e1rios de viagem e requisitos de documentos<\/strong><\/h3>\n\n<figure class=\"wp-block-table\"><table class=\"has-fixed-layout\"><thead><tr><th><strong>Como vais viajar para o Canad\u00e1<\/strong><\/th><th><strong>Documento(s) necess\u00e1rio(s)<\/strong><\/th><\/tr><\/thead><tbody><tr><td>Voa para ou transita por um aeroporto canadiano e \u00e9 eleg\u00edvel para uma eTA<\/td><td>eTA ou visto de visitante<\/td><\/tr><tr><td>Voa para ou transita por um aeroporto canadiano e N\u00c3O \u00e9 eleg\u00edvel para uma eTA<\/td><td>Visto de visitante<\/td><\/tr><tr><td>Chegar de carro, autocarro, comboio ou barco (incluindo navios de cruzeiro)<\/td><td>Visto de visitante<\/td><\/tr><tr><td>Viajar para o Canad\u00e1 com um visto canadiano v\u00e1lido<\/td><td>N\u00e3o \u00e9 necess\u00e1rio eTA &#8211; utiliza o visto<\/td><\/tr><tr><td>Regressar ao Canad\u00e1 depois de renovar a tua autoriza\u00e7\u00e3o de trabalho ou de estudo<\/td><td>A eTA \u00e9 fornecida com a renova\u00e7\u00e3o da licen\u00e7a<\/td><\/tr><tr><td>Viaja para o Canad\u00e1 para trabalhar ou estudar por mais de 6 meses<\/td><td>Autoriza\u00e7\u00e3o de trabalho ou de estudo (inclui um visto)<\/td><\/tr><\/tbody><\/table><\/figure>\n\n<hr class=\"wp-block-separator has-alpha-channel-opacity\"\/>\n\n<h3 class=\"wp-block-heading\"><strong>Considera\u00e7\u00f5es importantes<\/strong><\/h3>\n\n<ul class=\"wp-block-list\">\n<li><strong>Requisitos b\u00e1sicos<\/strong>: Para entrar no Canad\u00e1, tens de cumprir os crit\u00e9rios gerais de entrada, incluindo documentos de viagem v\u00e1lidos, boa sa\u00fade, apoio financeiro e fortes la\u00e7os com o teu pa\u00eds de origem.<\/li>\n\n\n\n<li><strong>Inadmissibilidade<\/strong>: As pessoas envolvidas em actividades criminosas, amea\u00e7as \u00e0 seguran\u00e7a ou determinados problemas de sa\u00fade e financeiros podem ser consideradas inadmiss\u00edveis no Canad\u00e1, mesmo com uma eTA v\u00e1lida.<\/li>\n<\/ul>\n\n<p>A eTA foi concebida para simplificar as viagens a\u00e9reas para o Canad\u00e1 para as pessoas eleg\u00edveis. N\u00e3o te esque\u00e7as de analisar cuidadosamente os requisitos e de te candidatares com bastante anteced\u00eancia em rela\u00e7\u00e3o \u00e0 tua viagem planeada. <\/p>\n","protected":false},"excerpt":{"rendered":"<p>Quem pode solicitar uma autoriza\u00e7\u00e3o eletr\u00f3nica de viagem (eTA) A Autoriza\u00e7\u00e3o Eletr\u00f3nica de Viagem (eTA) \u00e9 um requisito de viagem [&hellip;]<\/p>\n","protected":false},"author":1,"featured_media":0,"parent":0,"menu_order":0,"comment_status":"closed","ping_status":"closed","template":"","meta":{"_uag_custom_page_level_css":"","site-sidebar-layout":"default","site-content-layout":"","ast-site-content-layout":"","site-content-style":"default","site-sidebar-style":"default","ast-global-header-display":"","ast-banner-title-visibility":"","ast-main-header-display":"","ast-hfb-above-header-display":"","ast-hfb-below-header-display":"","ast-hfb-mobile-header-display":"","site-post-title":"","ast-breadcrumbs-content":"","ast-featured-img":"","footer-sml-layout":"","theme-transparent-header-meta":"","adv-header-id-meta":"","stick-header-meta":"","header-above-stick-meta":"","header-main-stick-meta":"","header-below-stick-meta":"","astra-migrate-meta-layouts":"default","ast-page-background-enabled":"default","ast-page-background-meta":{"desktop":{"background-color":"var(--ast-global-color-4)","background-image":"","background-repeat":"repeat","background-position":"center center","background-size":"auto","background-attachment":"scroll","background-type":"","background-media":"","overlay-type":"","overlay-color":"","overlay-opacity":"","overlay-gradient":""},"tablet":{"background-color":"","background-image":"","background-repeat":"repeat","background-position":"center center","background-size":"auto","background-attachment":"scroll","background-type":"","background-media":"","overlay-type":"","overlay-color":"","overlay-opacity":"","overlay-gradient":""},"mobile":{"background-color":"","background-image":"","background-repeat":"repeat","background-position":"center center","background-size":"auto","background-attachment":"scroll","background-type":"","background-media":"","overlay-type":"","overlay-color":"","overlay-opacity":"","overlay-gradient":""}},"ast-content-background-meta":{"desktop":{"background-color":"var(--ast-global-color-5)","background-image":"","background-repeat":"repeat","background-position":"center center","background-size":"auto","background-attachment":"scroll","background-type":"","background-media":"","overlay-type":"","overlay-color":"","overlay-opacity":"","overlay-gradient":""},"tablet":{"background-color":"var(--ast-global-color-5)","background-image":"","background-repeat":"repeat","background-position":"center center","background-size":"auto","background-attachment":"scroll","background-type":"","background-media":"","overlay-type":"","overlay-color":"","overlay-opacity":"","overlay-gradient":""},"mobile":{"background-color":"var(--ast-global-color-5)","background-image":"","background-repeat":"repeat","background-position":"center center","background-size":"auto","background-attachment":"scroll","background-type":"","background-media":"","overlay-type":"","overlay-color":"","overlay-opacity":"","overlay-gradient":""}},"footnotes":""},"categories":[],"tags":[],"class_list":["post-1511","page","type-page","status-publish","hentry"],"uagb_featured_image_src":{"full":false,"thumbnail":false,"medium":false,"medium_large":false,"large":false,"1536x1536":false,"2048x2048":false},"uagb_author_info":{"display_name":"admin","author_link":"https:\/\/www.etafast.org\/pt-pt\/author\/admin\/"},"uagb_comment_info":0,"uagb_excerpt":"Quem pode solicitar uma autoriza\u00e7\u00e3o eletr\u00f3nica de viagem (eTA) A Autoriza\u00e7\u00e3o Eletr\u00f3nica de Viagem (eTA) \u00e9 um requisito de viagem [&hellip;]","_links":{"self":[{"href":"https:\/\/www.etafast.org\/pt-pt\/wp-json\/wp\/v2\/pages\/1511","targetHints":{"allow":["GET"]}}],"collection":[{"href":"https:\/\/www.etafast.org\/pt-pt\/wp-json\/wp\/v2\/pages"}],"about":[{"href":"https:\/\/www.etafast.org\/pt-pt\/wp-json\/wp\/v2\/types\/page"}],"author":[{"embeddable":true,"href":"https:\/\/www.etafast.org\/pt-pt\/wp-json\/wp\/v2\/users\/1"}],"replies":[{"embeddable":true,"href":"https:\/\/www.etafast.org\/pt-pt\/wp-json\/wp\/v2\/comments?post=1511"}],"version-history":[{"count":1,"href":"https:\/\/www.etafast.org\/pt-pt\/wp-json\/wp\/v2\/pages\/1511\/revisions"}],"predecessor-version":[{"id":1512,"href":"https:\/\/www.etafast.org\/pt-pt\/wp-json\/wp\/v2\/pages\/1511\/revisions\/1512"}],"wp:attachment":[{"href":"https:\/\/www.etafast.org\/pt-pt\/wp-json\/wp\/v2\/media?parent=1511"}],"wp:term":[{"taxonomy":"category","embeddable":true,"href":"https:\/\/www.etafast.org\/pt-pt\/wp-json\/wp\/v2\/categories?post=1511"},{"taxonomy":"post_tag","embeddable":true,"href":"https:\/\/www.etafast.org\/pt-pt\/wp-json\/wp\/v2\/tags?post=1511"}],"curies":[{"name":"wp","href":"https:\/\/api.w.org\/{rel}","templated":true}]}}