{"id":1419,"date":"2024-12-11T08:25:47","date_gmt":"2024-12-11T07:25:47","guid":{"rendered":"https:\/\/www.etafast.org\/precisas-de-um-visa\/"},"modified":"2024-12-11T09:14:22","modified_gmt":"2024-12-11T08:14:22","slug":"precisas-de-um-visa","status":"publish","type":"page","link":"https:\/\/www.etafast.org\/pt-pt\/precisas-de-um-visa\/","title":{"rendered":"Precisas de um VISA?"},"content":{"rendered":"\n<h3 class=\"wp-block-heading\">Como saber se precisas de um visto para viajar para o Canad\u00e1<\/h3>\n\n<p>O Canad\u00e1 exige que os viajantes tenham um <strong>visto de visitante<\/strong> ou uma <strong>Autoriza\u00e7\u00e3o Eletr\u00f3nica de Viagem (eTA)<\/strong> para entrar ou transitar pelo pa\u00eds, dependendo da sua nacionalidade e m\u00e9todo de viagem. Eis como podes determinar o que precisas: <\/p>\n\n<hr class=\"wp-block-separator has-alpha-channel-opacity\"\/>\n\n<h3 class=\"wp-block-heading\"><strong>Passo 1: Verifica a tua nacionalidade<\/strong><\/h3>\n\n<p>O tipo de documento de viagem de que necessitas depende essencialmente da tua nacionalidade. Os viajantes podem ser classificados numa de tr\u00eas categorias: <\/p>\n\n<ol class=\"wp-block-list\">\n<li><strong>Viajantes isentos de visto (necessitam de uma eTA)<\/strong><br\/>Se fores cidad\u00e3o de um pa\u00eds isento de visto, necessitas de uma eTA se viajares para o Canad\u00e1 ou se estiveres em tr\u00e2nsito pelo Canad\u00e1 por via a\u00e9rea. Exemplos de pa\u00edses isentos de visto incluem: <ul><li>Austr\u00e1lia<\/li><li>Alemanha<\/li><li>Jap\u00e3o<\/li><li>Reino Unido<\/li><li>Fran\u00e7a<br\/><em>(Esta lista n\u00e3o \u00e9 exaustiva).<\/em><\/li><\/ul><strong>Importante<\/strong>: Se entrares no Canad\u00e1 de carro, autocarro, comboio ou barco, incluindo um cruzeiro, N\u00c3O precisas de um eTA ou de um visto de visitante.<\/li>\n\n\n\n<li><strong>Viajantes sujeitos a visto (necessitam de um visto de visitante)<\/strong><br>Os cidad\u00e3os de pa\u00edses que n\u00e3o constam da lista de isen\u00e7\u00e3o de visto necessitam de um visto de visitante (tamb\u00e9m conhecido como visto de residente tempor\u00e1rio) para viajar para o Canad\u00e1, independentemente do modo de viagem.<br>Exemplos de pa\u00edses sujeitos a visto\n<ul class=\"wp-block-list\">\n<li>\u00cdndia<\/li>\n\n\n\n<li>China<\/li>\n\n\n\n<li>Paquist\u00e3o<br\/><em>(Esta lista n\u00e3o \u00e9 exaustiva).<\/em><\/li>\n<\/ul>\n<\/li>\n\n\n\n<li><strong>Viajantes com visto obrigat\u00f3rio (podem candidatar-se a uma eTA)<\/strong><br>Se fores de um pa\u00eds com visto obrigat\u00f3rio mas preencheres determinadas condi\u00e7\u00f5es, podes candidatar-te a uma eTA em vez de um visto. Estas condi\u00e7\u00f5es incluem: <ul><li>Possuir um visto de n\u00e3o-imigrante v\u00e1lido dos EUA, OU<\/li><li>Ter sido titular de um visto de visitante canadiano nos \u00faltimos 10 anos.<\/li><\/ul>Os pa\u00edses eleg\u00edveis para esta op\u00e7\u00e3o incluem:\n<ul class=\"wp-block-list\">\n<li>Brasil<\/li>\n\n\n\n<li>M\u00e9xico<\/li>\n\n\n\n<li>Filipinas<br\/><em>(Esta n\u00e3o \u00e9 uma lista completa).<\/em><\/li>\n<\/ul>\n<\/li>\n<\/ol>\n\n<hr class=\"wp-block-separator has-alpha-channel-opacity\"\/>\n\n<h3 class=\"wp-block-heading\"><strong>Passo 2: Considera o teu m\u00e9todo de viagem<\/strong><\/h3>\n\n<p>O documento de viagem de que necessitas depende tamb\u00e9m da forma como vais entrar no Canad\u00e1:<\/p>\n\n<figure class=\"wp-block-table\"><table class=\"has-fixed-layout\"><thead><tr><th><strong>Modo de desloca\u00e7\u00e3o<\/strong><\/th><th><strong>Requisito<\/strong><\/th><\/tr><\/thead><tbody><tr><td>Voa para ou transita por um aeroporto canadiano<\/td><td>eTA (para viajantes isentos de visto) ou visto de visitante<\/td><\/tr><tr><td>Entra de carro, autocarro, comboio ou barco (incluindo um cruzeiro)<\/td><td>Visto de visitante (para viajantes com obriga\u00e7\u00e3o de visto)<\/td><\/tr><tr><td>Viajar com um visto canadiano v\u00e1lido<\/td><td>N\u00e3o \u00e9 necess\u00e1rio eTA; utiliza o teu visto<\/td><\/tr><\/tbody><\/table><\/figure>\n\n<hr class=\"wp-block-separator has-alpha-channel-opacity\"\/>\n\n<h3 class=\"wp-block-heading\"><strong>Passo 3: Excep\u00e7\u00f5es \u00e0 regra<\/strong><\/h3>\n\n<ol class=\"wp-block-list\">\n<li><strong>Cidad\u00e3os dos EUA<\/strong><br\/>Os cidad\u00e3os dos EUA N\u00c3O precisam de um eTA ou de um visto de visitante. Apenas necessitam de um passaporte americano v\u00e1lido. <\/li>\n\n\n\n<li><strong>Cidad\u00e3os canadianos (incluindo cidad\u00e3os com dupla nacionalidade)<\/strong><br\/>Os cidad\u00e3os canadianos n\u00e3o podem solicitar uma eTA ou um visto. T\u00eam de viajar com um passaporte canadiano v\u00e1lido. <\/li>\n\n\n\n<li><strong>Residentes permanentes canadianos<\/strong><br>Os residentes permanentes do Canad\u00e1 n\u00e3o podem candidatar-se a uma eTA. Devem viajar com: \n<ul class=\"wp-block-list\">\n<li>Um cart\u00e3o de residente permanente v\u00e1lido, OU<\/li>\n\n\n\n<li>Um documento de viagem de residente permanente.<\/li>\n<\/ul>\n<\/li>\n\n\n\n<li><strong>Residentes permanentes<\/strong> dos EUA<br>A partir de 26 de abril de 2022, os residentes permanentes legais dos EUA n\u00e3o precisam de um eTA. Eles devem portar: \n<ul class=\"wp-block-list\">\n<li>Um passaporte v\u00e1lido da tua nacionalidade, E<\/li>\n\n\n\n<li>Um Green Card v\u00e1lido ou um comprovativo de estatuto equivalente.<\/li>\n<\/ul>\n<\/li>\n<\/ol>\n\n<hr class=\"wp-block-separator has-alpha-channel-opacity\"\/>\n\n<h3 class=\"wp-block-heading\"><strong>Passo 4: Utiliza a ferramenta do Governo do Canad\u00e1<\/strong><\/h3>\n\n<p>Para confirmar se precisas de um visto ou de uma eTA, podes utilizar a <a>ferramenta<\/a> oficial <a>de documentos de viagem<\/a> do Governo do Canad\u00e1. Basta introduzires a tua nacionalidade, o m\u00e9todo de viagem e o objetivo da visita para obteres resultados personalizados. <\/p>\n\n<hr class=\"wp-block-separator has-alpha-channel-opacity\"\/>\n\n<h3 class=\"wp-block-heading\"><strong>Notas finais<\/strong><\/h3>\n\n<ul class=\"wp-block-list\">\n<li>Certifica-te de que solicitas o documento correto com bastante anteced\u00eancia em rela\u00e7\u00e3o \u00e0 data da tua viagem.<\/li>\n\n\n\n<li>Ter um visto ou uma eTA n\u00e3o garante a tua entrada no Canad\u00e1. Tens de convencer o funcion\u00e1rio dos servi\u00e7os fronteiri\u00e7os de que cumpres todos os requisitos de entrada. <\/li>\n<\/ul>\n\n<p><\/p>\n","protected":false},"excerpt":{"rendered":"<p>Como saber se precisas de um visto para viajar para o Canad\u00e1 O Canad\u00e1 exige que os viajantes tenham um [&hellip;]<\/p>\n","protected":false},"author":1,"featured_media":0,"parent":0,"menu_order":0,"comment_status":"closed","ping_status":"closed","template":"","meta":{"_uag_custom_page_level_css":"","site-sidebar-layout":"default","site-content-layout":"","ast-site-content-layout":"","site-content-style":"default","site-sidebar-style":"default","ast-global-header-display":"","ast-banner-title-visibility":"","ast-main-header-display":"","ast-hfb-above-header-display":"","ast-hfb-below-header-display":"","ast-hfb-mobile-header-display":"","site-post-title":"","ast-breadcrumbs-content":"","ast-featured-img":"","footer-sml-layout":"","theme-transparent-header-meta":"","adv-header-id-meta":"","stick-header-meta":"","header-above-stick-meta":"","header-main-stick-meta":"","header-below-stick-meta":"","astra-migrate-meta-layouts":"default","ast-page-background-enabled":"default","ast-page-background-meta":{"desktop":{"background-color":"var(--ast-global-color-4)","background-image":"","background-repeat":"repeat","background-position":"center center","background-size":"auto","background-attachment":"scroll","background-type":"","background-media":"","overlay-type":"","overlay-color":"","overlay-opacity":"","overlay-gradient":""},"tablet":{"background-color":"","background-image":"","background-repeat":"repeat","background-position":"center center","background-size":"auto","background-attachment":"scroll","background-type":"","background-media":"","overlay-type":"","overlay-color":"","overlay-opacity":"","overlay-gradient":""},"mobile":{"background-color":"","background-image":"","background-repeat":"repeat","background-position":"center center","background-size":"auto","background-attachment":"scroll","background-type":"","background-media":"","overlay-type":"","overlay-color":"","overlay-opacity":"","overlay-gradient":""}},"ast-content-background-meta":{"desktop":{"background-color":"var(--ast-global-color-5)","background-image":"","background-repeat":"repeat","background-position":"center center","background-size":"auto","background-attachment":"scroll","background-type":"","background-media":"","overlay-type":"","overlay-color":"","overlay-opacity":"","overlay-gradient":""},"tablet":{"background-color":"var(--ast-global-color-5)","background-image":"","background-repeat":"repeat","background-position":"center center","background-size":"auto","background-attachment":"scroll","background-type":"","background-media":"","overlay-type":"","overlay-color":"","overlay-opacity":"","overlay-gradient":""},"mobile":{"background-color":"var(--ast-global-color-5)","background-image":"","background-repeat":"repeat","background-position":"center center","background-size":"auto","background-attachment":"scroll","background-type":"","background-media":"","overlay-type":"","overlay-color":"","overlay-opacity":"","overlay-gradient":""}},"footnotes":""},"categories":[],"tags":[],"class_list":["post-1419","page","type-page","status-publish","hentry"],"uagb_featured_image_src":{"full":false,"thumbnail":false,"medium":false,"medium_large":false,"large":false,"1536x1536":false,"2048x2048":false},"uagb_author_info":{"display_name":"admin","author_link":"https:\/\/www.etafast.org\/pt-pt\/author\/admin\/"},"uagb_comment_info":0,"uagb_excerpt":"Como saber se precisas de um visto para viajar para o Canad\u00e1 O Canad\u00e1 exige que os viajantes tenham um [&hellip;]","_links":{"self":[{"href":"https:\/\/www.etafast.org\/pt-pt\/wp-json\/wp\/v2\/pages\/1419","targetHints":{"allow":["GET"]}}],"collection":[{"href":"https:\/\/www.etafast.org\/pt-pt\/wp-json\/wp\/v2\/pages"}],"about":[{"href":"https:\/\/www.etafast.org\/pt-pt\/wp-json\/wp\/v2\/types\/page"}],"author":[{"embeddable":true,"href":"https:\/\/www.etafast.org\/pt-pt\/wp-json\/wp\/v2\/users\/1"}],"replies":[{"embeddable":true,"href":"https:\/\/www.etafast.org\/pt-pt\/wp-json\/wp\/v2\/comments?post=1419"}],"version-history":[{"count":1,"href":"https:\/\/www.etafast.org\/pt-pt\/wp-json\/wp\/v2\/pages\/1419\/revisions"}],"predecessor-version":[{"id":1420,"href":"https:\/\/www.etafast.org\/pt-pt\/wp-json\/wp\/v2\/pages\/1419\/revisions\/1420"}],"wp:attachment":[{"href":"https:\/\/www.etafast.org\/pt-pt\/wp-json\/wp\/v2\/media?parent=1419"}],"wp:term":[{"taxonomy":"category","embeddable":true,"href":"https:\/\/www.etafast.org\/pt-pt\/wp-json\/wp\/v2\/categories?post=1419"},{"taxonomy":"post_tag","embeddable":true,"href":"https:\/\/www.etafast.org\/pt-pt\/wp-json\/wp\/v2\/tags?post=1419"}],"curies":[{"name":"wp","href":"https:\/\/api.w.org\/{rel}","templated":true}]}}