{"id":1337,"date":"2024-12-11T08:26:43","date_gmt":"2024-12-11T07:26:43","guid":{"rendered":"https:\/\/www.etafast.org\/prolonga-a-tua-estadia-no-canada\/"},"modified":"2024-12-11T09:12:48","modified_gmt":"2024-12-11T08:12:48","slug":"prolonga-a-tua-estadia-no-canada","status":"publish","type":"page","link":"https:\/\/www.etafast.org\/pt-pt\/prolonga-a-tua-estadia-no-canada\/","title":{"rendered":"Prolonga a tua estadia no Canad\u00e1"},"content":{"rendered":"\n<h3 class=\"wp-block-heading\">Prolonga a tua estadia no Canad\u00e1: Registo de Visitantes<\/h3>\n\n<p>Se pretenderes permanecer no Canad\u00e1 mais tempo do que o per\u00edodo inicialmente autorizado como visitante, ter\u00e1s de solicitar um <strong>registo de visitante<\/strong>. O registo de visitante \u00e9 um documento essencial que te permite prolongar a tua estadia sem violar as regras de imigra\u00e7\u00e3o. <\/p>\n\n<hr class=\"wp-block-separator has-alpha-channel-opacity\"\/>\n\n<h3 class=\"wp-block-heading\"><strong>O que \u00e9 um registo de visitas?<\/strong><\/h3>\n\n<p>Um registo de visitante <strong>n\u00e3o \u00e9 um visto<\/strong>. Em vez disso, \u00e9 um documento oficial que: <\/p>\n\n<ul class=\"wp-block-list\">\n<li>Autoriza-te a permanecer mais tempo no Canad\u00e1 como <strong>visitante<\/strong>, trabalhador autorizado a trabalhar sem autoriza\u00e7\u00e3o ou estudante autorizado a estudar sem autoriza\u00e7\u00e3o.<\/li>\n\n\n\n<li>Especifica uma nova data de expira\u00e7\u00e3o, at\u00e9 \u00e0 qual tens de sair do Canad\u00e1.<\/li>\n<\/ul>\n\n<hr class=\"wp-block-separator has-alpha-channel-opacity\"\/>\n\n<h3 class=\"wp-block-heading\"><strong>Quando solicitar um registo de visitante<\/strong><\/h3>\n\n<p>Tens de pedir um registo de visitante <strong>antes de o teu estatuto atual expirar<\/strong>.<\/p>\n\n<ul class=\"wp-block-list\">\n<li>Verifica o carimbo do teu passaporte ou a confirma\u00e7\u00e3o escrita da dura\u00e7\u00e3o da tua estadia autorizada emitida quando entraste no Canad\u00e1.<\/li>\n\n\n\n<li>Se n\u00e3o for indicada uma data espec\u00edfica, o teu estatuto expira normalmente <strong>6 meses ap\u00f3s a data de chegada<\/strong>.<\/li>\n<\/ul>\n\n<hr class=\"wp-block-separator has-alpha-channel-opacity\"\/>\n\n<h3 class=\"wp-block-heading\"><strong>Quem pode requerer um registo de visitante?<\/strong><\/h3>\n\n<p>Podes requerer um registo de visitante se<\/p>\n\n<ul class=\"wp-block-list\">\n<li>Entrou no Canad\u00e1 com um visto de visitante, eTA ou outro documento de viagem v\u00e1lido e pretende prolongar a sua estadia autorizada.<\/li>\n\n\n\n<li>Est\u00e1 atualmente no Canad\u00e1 como visitante, trabalhador ou estudante sem autoriza\u00e7\u00e3o e pretende prolongar o seu estatuto.<\/li>\n<\/ul>\n\n<hr class=\"wp-block-separator has-alpha-channel-opacity\"\/>\n\n<h3 class=\"wp-block-heading\"><strong>Como solicitar um registo de visitante<\/strong><\/h3>\n\n<p>O processo de pedido de registo de visitante inclui os seguintes passos:<\/p>\n\n<ol class=\"wp-block-list\">\n<li>Prepara <strong>os teus documentos<\/strong>:\n<ul class=\"wp-block-list\">\n<li>Um passaporte ou documento de viagem v\u00e1lido (certifica-te de que \u00e9 v\u00e1lido para toda a dura\u00e7\u00e3o da tua estadia prolongada).<\/li>\n\n\n\n<li>Prova de fundos suficientes para te sustentares durante a estadia prolongada.<\/li>\n\n\n\n<li>Uma explica\u00e7\u00e3o clara da raz\u00e3o pela qual desejas prolongar a tua estadia no Canad\u00e1.<\/li>\n<\/ul>\n<\/li>\n\n\n\n<li><strong>Submete a tua candidatura online<\/strong>:\n<ul class=\"wp-block-list\">\n<li>Preenche o formul\u00e1rio de candidatura atrav\u00e9s do <a>portal do IRCC<\/a>.<\/li>\n\n\n\n<li>Paga a taxa de candidatura, que come\u00e7a em <strong> 100 d\u00f3lares<\/strong>.<\/li>\n<\/ul>\n<\/li>\n\n\n\n<li><strong>Inscreve-te cedo<\/strong>:\n<ul class=\"wp-block-list\">\n<li>O tempo de processamento \u00e9 de aproximadamente <strong>126 dias<\/strong>, pelo que \u00e9 essencial apresentar o pedido com bastante anteced\u00eancia em rela\u00e7\u00e3o \u00e0 data de expira\u00e7\u00e3o do teu estatuto atual.<\/li>\n\n\n\n<li>Se o teu estatuto expirar enquanto a tua candidatura estiver em curso, ter\u00e1s um <strong>estatuto impl\u00edcito<\/strong> e poder\u00e1s permanecer legalmente no Canad\u00e1 at\u00e9 ser tomada uma decis\u00e3o.<\/li>\n<\/ul>\n<\/li>\n<\/ol>\n\n<hr class=\"wp-block-separator has-alpha-channel-opacity\"\/>\n\n<h3 class=\"wp-block-heading\"><strong>Depois de te candidatares<\/strong><\/h3>\n\n<ul class=\"wp-block-list\">\n<li><strong>Aprova\u00e7\u00e3o<\/strong>: Se o teu pedido for aprovado, receber\u00e1s um registo de visitante com a indica\u00e7\u00e3o da tua nova data de validade.<\/li>\n\n\n\n<li><strong>Rejei\u00e7\u00e3o<\/strong>: Se a tua candidatura for recusada, tens de sair do Canad\u00e1 imediatamente.<\/li>\n\n\n\n<li><strong>Estatuto impl\u00edcito<\/strong>: Enquanto esperas por uma decis\u00e3o, podes permanecer legalmente no Canad\u00e1 se te candidatares antes de o teu estatuto ter expirado.<\/li>\n<\/ul>\n\n<hr class=\"wp-block-separator has-alpha-channel-opacity\"\/>\n\n<h3 class=\"wp-block-heading\"><strong>Viajar para fora do Canad\u00e1<\/strong><\/h3>\n\n<p>O registo de visitante <strong>n\u00e3o garante a reentrada no Canad\u00e1<\/strong>. Se sa\u00edres do Canad\u00e1 durante a tua estadia prolongada e tencionares regressar, necessitar\u00e1s de <\/p>\n\n<ul class=\"wp-block-list\">\n<li>Um <strong>visto de visitante<\/strong> ou <strong>eTA<\/strong> v\u00e1lido para voltar a entrar no Canad\u00e1, e<\/li>\n\n\n\n<li>O teu registo de visitante para provar a extens\u00e3o da tua estadia autorizada.<\/li>\n<\/ul>\n\n<hr class=\"wp-block-separator has-alpha-channel-opacity\"\/>\n\n<h3 class=\"wp-block-heading\"><strong>Principais taxas e tempos de processamento<\/strong><\/h3>\n\n<ul class=\"wp-block-list\">\n<li><strong>Taxas<\/strong>: A partir de <strong> 100 d\u00f3lares<\/strong> para um pedido de registo de visitantes.<\/li>\n\n\n\n<li><strong>Tempo de processamento<\/strong>: Aproximadamente <strong>126 dias<\/strong> (sujeito a varia\u00e7\u00e3o).<\/li>\n<\/ul>\n\n<hr class=\"wp-block-separator has-alpha-channel-opacity\"\/>\n\n<h3 class=\"wp-block-heading\"><strong>Notas importantes<\/strong><\/h3>\n\n<ul class=\"wp-block-list\">\n<li>Certifica-te de que o teu passaporte permanece v\u00e1lido durante toda a tua estadia.<\/li>\n\n\n\n<li>Um registo de visitante n\u00e3o te permite trabalhar ou estudar no Canad\u00e1. Precisas de uma autoriza\u00e7\u00e3o de trabalho ou de estudo para essas actividades. <\/li>\n\n\n\n<li>Exceder a tua estadia autorizada sem solicitar uma prorroga\u00e7\u00e3o pode resultar em san\u00e7\u00f5es legais e pode afetar futuras viagens ao Canad\u00e1.<\/li>\n<\/ul>\n\n<p>Planear prolongar a tua estadia no Canad\u00e1 exige prepara\u00e7\u00e3o e apresenta\u00e7\u00e3o atempada do pedido. Se seguires o processo, podes desfrutar de uma estadia mais longa, cumprindo as leis de imigra\u00e7\u00e3o canadianas. <\/p>\n","protected":false},"excerpt":{"rendered":"<p>Prolonga a tua estadia no Canad\u00e1: Registo de Visitantes Se pretenderes permanecer no Canad\u00e1 mais tempo do que o per\u00edodo [&hellip;]<\/p>\n","protected":false},"author":1,"featured_media":0,"parent":0,"menu_order":0,"comment_status":"closed","ping_status":"closed","template":"","meta":{"_uag_custom_page_level_css":"","site-sidebar-layout":"default","site-content-layout":"","ast-site-content-layout":"","site-content-style":"default","site-sidebar-style":"default","ast-global-header-display":"","ast-banner-title-visibility":"","ast-main-header-display":"","ast-hfb-above-header-display":"","ast-hfb-below-header-display":"","ast-hfb-mobile-header-display":"","site-post-title":"","ast-breadcrumbs-content":"","ast-featured-img":"","footer-sml-layout":"","theme-transparent-header-meta":"","adv-header-id-meta":"","stick-header-meta":"","header-above-stick-meta":"","header-main-stick-meta":"","header-below-stick-meta":"","astra-migrate-meta-layouts":"default","ast-page-background-enabled":"default","ast-page-background-meta":{"desktop":{"background-color":"var(--ast-global-color-4)","background-image":"","background-repeat":"repeat","background-position":"center center","background-size":"auto","background-attachment":"scroll","background-type":"","background-media":"","overlay-type":"","overlay-color":"","overlay-opacity":"","overlay-gradient":""},"tablet":{"background-color":"","background-image":"","background-repeat":"repeat","background-position":"center center","background-size":"auto","background-attachment":"scroll","background-type":"","background-media":"","overlay-type":"","overlay-color":"","overlay-opacity":"","overlay-gradient":""},"mobile":{"background-color":"","background-image":"","background-repeat":"repeat","background-position":"center center","background-size":"auto","background-attachment":"scroll","background-type":"","background-media":"","overlay-type":"","overlay-color":"","overlay-opacity":"","overlay-gradient":""}},"ast-content-background-meta":{"desktop":{"background-color":"var(--ast-global-color-5)","background-image":"","background-repeat":"repeat","background-position":"center center","background-size":"auto","background-attachment":"scroll","background-type":"","background-media":"","overlay-type":"","overlay-color":"","overlay-opacity":"","overlay-gradient":""},"tablet":{"background-color":"var(--ast-global-color-5)","background-image":"","background-repeat":"repeat","background-position":"center center","background-size":"auto","background-attachment":"scroll","background-type":"","background-media":"","overlay-type":"","overlay-color":"","overlay-opacity":"","overlay-gradient":""},"mobile":{"background-color":"var(--ast-global-color-5)","background-image":"","background-repeat":"repeat","background-position":"center center","background-size":"auto","background-attachment":"scroll","background-type":"","background-media":"","overlay-type":"","overlay-color":"","overlay-opacity":"","overlay-gradient":""}},"footnotes":""},"categories":[],"tags":[],"class_list":["post-1337","page","type-page","status-publish","hentry"],"uagb_featured_image_src":{"full":false,"thumbnail":false,"medium":false,"medium_large":false,"large":false,"1536x1536":false,"2048x2048":false},"uagb_author_info":{"display_name":"admin","author_link":"https:\/\/www.etafast.org\/pt-pt\/author\/admin\/"},"uagb_comment_info":0,"uagb_excerpt":"Prolonga a tua estadia no Canad\u00e1: Registo de Visitantes Se pretenderes permanecer no Canad\u00e1 mais tempo do que o per\u00edodo [&hellip;]","_links":{"self":[{"href":"https:\/\/www.etafast.org\/pt-pt\/wp-json\/wp\/v2\/pages\/1337","targetHints":{"allow":["GET"]}}],"collection":[{"href":"https:\/\/www.etafast.org\/pt-pt\/wp-json\/wp\/v2\/pages"}],"about":[{"href":"https:\/\/www.etafast.org\/pt-pt\/wp-json\/wp\/v2\/types\/page"}],"author":[{"embeddable":true,"href":"https:\/\/www.etafast.org\/pt-pt\/wp-json\/wp\/v2\/users\/1"}],"replies":[{"embeddable":true,"href":"https:\/\/www.etafast.org\/pt-pt\/wp-json\/wp\/v2\/comments?post=1337"}],"version-history":[{"count":1,"href":"https:\/\/www.etafast.org\/pt-pt\/wp-json\/wp\/v2\/pages\/1337\/revisions"}],"predecessor-version":[{"id":1338,"href":"https:\/\/www.etafast.org\/pt-pt\/wp-json\/wp\/v2\/pages\/1337\/revisions\/1338"}],"wp:attachment":[{"href":"https:\/\/www.etafast.org\/pt-pt\/wp-json\/wp\/v2\/media?parent=1337"}],"wp:term":[{"taxonomy":"category","embeddable":true,"href":"https:\/\/www.etafast.org\/pt-pt\/wp-json\/wp\/v2\/categories?post=1337"},{"taxonomy":"post_tag","embeddable":true,"href":"https:\/\/www.etafast.org\/pt-pt\/wp-json\/wp\/v2\/tags?post=1337"}],"curies":[{"name":"wp","href":"https:\/\/api.w.org\/{rel}","templated":true}]}}