{"id":1235,"date":"2024-12-11T08:28:06","date_gmt":"2024-12-11T07:28:06","guid":{"rendered":"https:\/\/www.etafast.org\/super-visa-para-pais-e-avos\/"},"modified":"2024-12-11T09:11:29","modified_gmt":"2024-12-11T08:11:29","slug":"super-visa-para-pais-e-avos","status":"publish","type":"page","link":"https:\/\/www.etafast.org\/pt-pt\/super-visa-para-pais-e-avos\/","title":{"rendered":"Super Visa para pais e av\u00f3s"},"content":{"rendered":"\n<h3 class=\"wp-block-heading\">Super Visa para pais e av\u00f3s<\/h3>\n\n<p>O <strong>Super Visa<\/strong> \u00e9 um visto especial concebido para pais e av\u00f3s de cidad\u00e3os canadianos e residentes permanentes. Permite visitas prolongadas ao Canad\u00e1, proporcionando uma oportunidade \u00fanica de passar tempo com a fam\u00edlia, enquanto desfruta dos benef\u00edcios de m\u00faltiplas entradas durante um longo per\u00edodo. <\/p>\n\n<hr class=\"wp-block-separator has-alpha-channel-opacity\"\/>\n\n<h3 class=\"wp-block-heading\"><strong>O que \u00e9 um Super Visa?<\/strong><\/h3>\n\n<p>Um <strong>Super Visa<\/strong> \u00e9:<\/p>\n\n<ul class=\"wp-block-list\">\n<li>Um <strong>visto de longa dura\u00e7\u00e3o<\/strong> que permite aos pais e av\u00f3s eleg\u00edveis visitarem o Canad\u00e1 durante um <strong>m\u00e1ximo de 5 anos por visita<\/strong>, sem necessidade de renovar o seu estatuto.<\/li>\n\n\n\n<li>Um <strong>visto de entradas m\u00faltiplas<\/strong>, v\u00e1lido <strong>at\u00e9 10 anos<\/strong>, que permite visitas frequentes ao Canad\u00e1 durante o per\u00edodo de validade do visto.<\/li>\n<\/ul>\n\n<p>Este visto \u00e9 ideal para pessoas que planeiam visitar os seus filhos ou netos durante estadias prolongadas.<\/p>\n\n<hr class=\"wp-block-separator has-alpha-channel-opacity\"\/>\n\n<h3 class=\"wp-block-heading\"><strong>Requisitos de elegibilidade para o Super Visa<\/strong><\/h3>\n\n<p>Para se qualificar para um Super Visa, os candidatos devem cumprir crit\u00e9rios espec\u00edficos:<\/p>\n\n<ol class=\"wp-block-list\">\n<li><strong>Relacionamento<\/strong>:\n<ul class=\"wp-block-list\">\n<li>Ser <strong>pai ou av\u00f4<\/strong> de um cidad\u00e3o canadiano ou residente permanente.<\/li>\n<\/ul>\n<\/li>\n\n\n\n<li><strong>Carta de convite<\/strong>:\n<ul class=\"wp-block-list\">\n<li>Apresenta uma carta de convite do teu filho ou neto no Canad\u00e1.<\/li>\n\n\n\n<li>A carta deve incluir:\n<ul class=\"wp-block-list\">\n<li>Uma promessa de apoio financeiro para a dura\u00e7\u00e3o da tua visita.<\/li>\n\n\n\n<li>Detalhes da tua rela\u00e7\u00e3o.<\/li>\n\n\n\n<li>Uma lista dos membros do agregado familiar do anfitri\u00e3o no Canad\u00e1.<\/li>\n<\/ul>\n<\/li>\n<\/ul>\n<\/li>\n\n\n\n<li><strong>Requisitos de rendimento<\/strong>:\n<ul class=\"wp-block-list\">\n<li>O filho ou o neto deve atingir um <strong>limiar m\u00ednimo de rendimento<\/strong> em fun\u00e7\u00e3o do n\u00famero de membros da fam\u00edlia.<\/li>\n<\/ul>\n<\/li>\n\n\n\n<li><strong>Seguro de sa\u00fade<\/strong>:\n<ul class=\"wp-block-list\">\n<li>Adquire <strong>um seguro m\u00e9dico<\/strong> privado de uma companhia de seguros canadiana que:\n<ul class=\"wp-block-list\">\n<li>Cobre-te pelo menos <strong>$100.000 CAD<\/strong>.<\/li>\n\n\n\n<li>Tem um prazo de validade de <strong>, pelo menos, um ano<\/strong> a contar da data de entrada.<\/li>\n\n\n\n<li>Inclui o comprovativo de pagamento integral (n\u00e3o or\u00e7amentos).<\/li>\n<\/ul>\n<\/li>\n<\/ul>\n<\/li>\n\n\n\n<li><strong>Exame m\u00e9dico<\/strong>:\n<ul class=\"wp-block-list\">\n<li>Completa um exame m\u00e9dico de imigra\u00e7\u00e3o para demonstrar a admissibilidade.<\/li>\n<\/ul>\n<\/li>\n\n\n\n<li><strong>Requisitos adicionais<\/strong>:\n<ul class=\"wp-block-list\">\n<li>Prova a exist\u00eancia de la\u00e7os fortes com o teu pa\u00eds de origem, como a fam\u00edlia, as finan\u00e7as ou o emprego, para garantir que deixar\u00e1s o Canad\u00e1 ap\u00f3s a tua visita.<\/li>\n\n\n\n<li>Demonstra que disp\u00f5es de fundos suficientes para a tua visita.<\/li>\n<\/ul>\n<\/li>\n<\/ol>\n\n<hr class=\"wp-block-separator has-alpha-channel-opacity\"\/>\n\n<h3 class=\"wp-block-heading\"><strong>Quanto tempo podes ficar no Canad\u00e1?<\/strong><\/h3>\n\n<p>A dura\u00e7\u00e3o da tua estadia depende da data em que solicitaste o Super Visa:<\/p>\n\n<ul class=\"wp-block-list\">\n<li><strong>Candidaturas a partir de 22 de junho de 2023, inclusive<\/strong>:\n<ul class=\"wp-block-list\">\n<li>Os titulares do Super Visa podem permanecer <strong>at\u00e9 5 anos por visita<\/strong>.<\/li>\n<\/ul>\n<\/li>\n\n\n\n<li><strong>Candidaturas antes de 22 de junho de 2023<\/strong>:\n<ul class=\"wp-block-list\">\n<li>Podes ficar <strong>at\u00e9 2 anos por visita<\/strong>.<\/li>\n<\/ul>\n<\/li>\n<\/ul>\n\n<p>Independentemente da data da tua candidatura:<\/p>\n\n<ul class=\"wp-block-list\">\n<li>Certifica-te de que <strong>o<\/strong> teu <strong>passaporte \u00e9 v\u00e1lido<\/strong> para a dura\u00e7\u00e3o da tua estadia.<\/li>\n\n\n\n<li>Mant\u00e9m ou renova o teu <strong>seguro de sa\u00fade<\/strong> enquanto estiveres no Canad\u00e1 ou quando voltares a entrar.<\/li>\n<\/ul>\n\n<hr class=\"wp-block-separator has-alpha-channel-opacity\"\/>\n\n<h3 class=\"wp-block-heading\"><strong>Vantagens de um Super Visa<\/strong><\/h3>\n\n<ol class=\"wp-block-list\">\n<li><strong>Visitas prolongadas<\/strong>:\n<ul class=\"wp-block-list\">\n<li>Desfruta de estadias de longa dura\u00e7\u00e3o sem ter de pedir extens\u00f5es com frequ\u00eancia.<\/li>\n<\/ul>\n<\/li>\n\n\n\n<li><strong>Entradas m\u00faltiplas<\/strong>:\n<ul class=\"wp-block-list\">\n<li>Viaja v\u00e1rias vezes para o Canad\u00e1 durante um per\u00edodo de 10 anos.<\/li>\n<\/ul>\n<\/li>\n\n\n\n<li><strong>Fica<\/strong> tranquilo:\n<ul class=\"wp-block-list\">\n<li>A exig\u00eancia de um seguro de sa\u00fade garante a cobertura m\u00e9dica durante a tua estadia.<\/li>\n<\/ul>\n<\/li>\n\n\n\n<li><strong>Reagrupamento familiar<\/strong>:\n<ul class=\"wp-block-list\">\n<li>Estreita os la\u00e7os com os teus filhos e netos.<\/li>\n<\/ul>\n<\/li>\n<\/ol>\n","protected":false},"excerpt":{"rendered":"<p>Super Visa para pais e av\u00f3s O Super Visa \u00e9 um visto especial concebido para pais e av\u00f3s de cidad\u00e3os [&hellip;]<\/p>\n","protected":false},"author":1,"featured_media":0,"parent":0,"menu_order":0,"comment_status":"closed","ping_status":"closed","template":"","meta":{"_uag_custom_page_level_css":"","site-sidebar-layout":"default","site-content-layout":"","ast-site-content-layout":"","site-content-style":"default","site-sidebar-style":"default","ast-global-header-display":"","ast-banner-title-visibility":"","ast-main-header-display":"","ast-hfb-above-header-display":"","ast-hfb-below-header-display":"","ast-hfb-mobile-header-display":"","site-post-title":"","ast-breadcrumbs-content":"","ast-featured-img":"","footer-sml-layout":"","theme-transparent-header-meta":"","adv-header-id-meta":"","stick-header-meta":"","header-above-stick-meta":"","header-main-stick-meta":"","header-below-stick-meta":"","astra-migrate-meta-layouts":"default","ast-page-background-enabled":"default","ast-page-background-meta":{"desktop":{"background-color":"var(--ast-global-color-4)","background-image":"","background-repeat":"repeat","background-position":"center center","background-size":"auto","background-attachment":"scroll","background-type":"","background-media":"","overlay-type":"","overlay-color":"","overlay-opacity":"","overlay-gradient":""},"tablet":{"background-color":"","background-image":"","background-repeat":"repeat","background-position":"center center","background-size":"auto","background-attachment":"scroll","background-type":"","background-media":"","overlay-type":"","overlay-color":"","overlay-opacity":"","overlay-gradient":""},"mobile":{"background-color":"","background-image":"","background-repeat":"repeat","background-position":"center center","background-size":"auto","background-attachment":"scroll","background-type":"","background-media":"","overlay-type":"","overlay-color":"","overlay-opacity":"","overlay-gradient":""}},"ast-content-background-meta":{"desktop":{"background-color":"var(--ast-global-color-5)","background-image":"","background-repeat":"repeat","background-position":"center center","background-size":"auto","background-attachment":"scroll","background-type":"","background-media":"","overlay-type":"","overlay-color":"","overlay-opacity":"","overlay-gradient":""},"tablet":{"background-color":"var(--ast-global-color-5)","background-image":"","background-repeat":"repeat","background-position":"center center","background-size":"auto","background-attachment":"scroll","background-type":"","background-media":"","overlay-type":"","overlay-color":"","overlay-opacity":"","overlay-gradient":""},"mobile":{"background-color":"var(--ast-global-color-5)","background-image":"","background-repeat":"repeat","background-position":"center center","background-size":"auto","background-attachment":"scroll","background-type":"","background-media":"","overlay-type":"","overlay-color":"","overlay-opacity":"","overlay-gradient":""}},"footnotes":""},"categories":[],"tags":[],"class_list":["post-1235","page","type-page","status-publish","hentry"],"uagb_featured_image_src":{"full":false,"thumbnail":false,"medium":false,"medium_large":false,"large":false,"1536x1536":false,"2048x2048":false},"uagb_author_info":{"display_name":"admin","author_link":"https:\/\/www.etafast.org\/pt-pt\/author\/admin\/"},"uagb_comment_info":0,"uagb_excerpt":"Super Visa para pais e av\u00f3s O Super Visa \u00e9 um visto especial concebido para pais e av\u00f3s de cidad\u00e3os [&hellip;]","_links":{"self":[{"href":"https:\/\/www.etafast.org\/pt-pt\/wp-json\/wp\/v2\/pages\/1235","targetHints":{"allow":["GET"]}}],"collection":[{"href":"https:\/\/www.etafast.org\/pt-pt\/wp-json\/wp\/v2\/pages"}],"about":[{"href":"https:\/\/www.etafast.org\/pt-pt\/wp-json\/wp\/v2\/types\/page"}],"author":[{"embeddable":true,"href":"https:\/\/www.etafast.org\/pt-pt\/wp-json\/wp\/v2\/users\/1"}],"replies":[{"embeddable":true,"href":"https:\/\/www.etafast.org\/pt-pt\/wp-json\/wp\/v2\/comments?post=1235"}],"version-history":[{"count":1,"href":"https:\/\/www.etafast.org\/pt-pt\/wp-json\/wp\/v2\/pages\/1235\/revisions"}],"predecessor-version":[{"id":1236,"href":"https:\/\/www.etafast.org\/pt-pt\/wp-json\/wp\/v2\/pages\/1235\/revisions\/1236"}],"wp:attachment":[{"href":"https:\/\/www.etafast.org\/pt-pt\/wp-json\/wp\/v2\/media?parent=1235"}],"wp:term":[{"taxonomy":"category","embeddable":true,"href":"https:\/\/www.etafast.org\/pt-pt\/wp-json\/wp\/v2\/categories?post=1235"},{"taxonomy":"post_tag","embeddable":true,"href":"https:\/\/www.etafast.org\/pt-pt\/wp-json\/wp\/v2\/tags?post=1235"}],"curies":[{"name":"wp","href":"https:\/\/api.w.org\/{rel}","templated":true}]}}