{"id":1025,"date":"2024-12-11T08:29:22","date_gmt":"2024-12-11T07:29:22","guid":{"rendered":"https:\/\/www.etafast.org\/visitantes-empresariais\/"},"modified":"2024-12-11T09:08:30","modified_gmt":"2024-12-11T08:08:30","slug":"visitantes-empresariais","status":"publish","type":"page","link":"https:\/\/www.etafast.org\/pt-pt\/visitantes-empresariais\/","title":{"rendered":"Visitantes empresariais"},"content":{"rendered":"\n<h3 class=\"wp-block-heading\">Visitantes de neg\u00f3cios: Participa em reuni\u00f5es, eventos e confer\u00eancias no Canad\u00e1<\/h3>\n\n<p>Os visitantes profissionais desempenham um papel vital na promo\u00e7\u00e3o do com\u00e9rcio e da colabora\u00e7\u00e3o internacionais. Se est\u00e1s a planear participar em reuni\u00f5es, eventos ou confer\u00eancias no Canad\u00e1 como visitante profissional, eis um guia passo a passo para garantir um processo de entrada sem problemas. <\/p>\n\n<hr class=\"wp-block-separator has-alpha-channel-opacity\"\/>\n\n<h3 class=\"wp-block-heading\"><strong>Passo 1: \u00c9s um visitante de neg\u00f3cios ou precisas de uma autoriza\u00e7\u00e3o de trabalho?<\/strong><\/h3>\n\n<p>Para te qualificares como <strong>visitante de neg\u00f3cios<\/strong> no Canad\u00e1, deves:<\/p>\n\n<ul class=\"wp-block-list\">\n<li><strong>Dura\u00e7\u00e3o<\/strong>: Planeia ficar <strong>menos de 6 meses<\/strong>.<\/li>\n\n\n\n<li><strong>Objetivo<\/strong>: N\u00e3o entrar no mercado de trabalho canadiano.<\/li>\n\n\n\n<li><strong>Origem do neg\u00f3cio<\/strong>: Assegura que o teu principal local de neg\u00f3cios, rendimentos e lucros permanecem <strong>fora do Canad\u00e1<\/strong>.<\/li>\n\n\n\n<li><strong>Documentos<\/strong>: Disp\u00f5e da documenta\u00e7\u00e3o necess\u00e1ria para apoiar a tua candidatura.<\/li>\n<\/ul>\n\n<p><strong>Requisitos b\u00e1sicos de entrada<\/strong>:<\/p>\n\n<ul class=\"wp-block-list\">\n<li>Um documento de viagem v\u00e1lido (por exemplo, um passaporte).<\/li>\n\n\n\n<li>Fundos suficientes para a tua estadia e viagem de regresso.<\/li>\n\n\n\n<li>Prova de que deixar\u00e1s o Canad\u00e1 no final da tua visita.<\/li>\n\n\n\n<li>N\u00e3o h\u00e1 riscos criminais, de seguran\u00e7a ou de sa\u00fade para os canadianos.<\/li>\n<\/ul>\n\n<p><strong>Actividades autorizadas como visitante de neg\u00f3cios<\/strong>:<\/p>\n\n<ul class=\"wp-block-list\">\n<li>Compra bens ou servi\u00e7os canadianos para uma empresa ou governo estrangeiro.<\/li>\n\n\n\n<li>Recebe encomendas de bens ou servi\u00e7os.<\/li>\n\n\n\n<li>Participa em reuni\u00f5es, confer\u00eancias, conven\u00e7\u00f5es ou feiras comerciais.<\/li>\n\n\n\n<li>Presta\u00e7\u00e3o de servi\u00e7os p\u00f3s-venda ao abrigo de uma garantia ou de um acordo de venda.<\/li>\n\n\n\n<li>Receber ou realizar forma\u00e7\u00e3o relacionada com a tua atividade.<\/li>\n<\/ul>\n\n<p><strong>Nota<\/strong>: Se a tua visita implicar uma estadia superior a 6 meses ou o exerc\u00edcio de actividades no mercado de trabalho canadiano, poder\u00e1s necessitar de uma <strong>autoriza\u00e7\u00e3o de trabalho<\/strong>.<\/p>\n\n<hr class=\"wp-block-separator has-alpha-channel-opacity\"\/>\n\n<h3 class=\"wp-block-heading\"><strong>Passo 2: Precisas de um visto ou de um eTA?<\/strong><\/h3>\n\n<p>A necessidade de um <strong>visto<\/strong> ou de uma <strong>autoriza\u00e7\u00e3o eletr\u00f3nica de viagem (eTA)<\/strong> depende da tua nacionalidade e das circunst\u00e2ncias da tua viagem.<\/p>\n\n<ul class=\"wp-block-list\">\n<li>Utiliza a <a>ferramenta do Governo do Canad\u00e1<\/a> para determinar a tua elegibilidade.<\/li>\n<\/ul>\n\n<hr class=\"wp-block-separator has-alpha-channel-opacity\"\/>\n\n<h3 class=\"wp-block-heading\"><strong>Passo 3: Obt\u00e9m um c\u00f3digo de evento (se aplic\u00e1vel)<\/strong><\/h3>\n\n<p>Para eventos, reuni\u00f5es ou confer\u00eancias registados no <strong>Immigration, Refugees and Citizenship Canada (IRCC)<\/strong>:<\/p>\n\n<ul class=\"wp-block-list\">\n<li>O organizador do evento fornecer-te-\u00e1 um <strong>c\u00f3digo de evento<\/strong> e instru\u00e7\u00f5es para o teu pedido de visto.<\/li>\n\n\n\n<li>A introdu\u00e7\u00e3o do c\u00f3digo do evento na tua candidatura ajuda a identificar-te como participante.<\/li>\n<\/ul>\n\n<hr class=\"wp-block-separator has-alpha-channel-opacity\"\/>\n\n<h3 class=\"wp-block-heading\"><strong>Passo 4: Requerer um visto ou eTA (se necess\u00e1rio)<\/strong><\/h3>\n\n<ul class=\"wp-block-list\">\n<li><strong>Visto<\/strong>: Apresenta um pedido de visto atrav\u00e9s do s\u00edtio Web oficial <a>do IRCC<\/a>.<\/li>\n\n\n\n<li><strong>eTA<\/strong>: Candidata-te em linha a uma eTA .<\/li>\n<\/ul>\n\n<hr class=\"wp-block-separator has-alpha-channel-opacity\"\/>\n\n<h3 class=\"wp-block-heading\"><strong>Passo 5: Prepara os documentos para a tua viagem<\/strong><\/h3>\n\n<p>Quando chegares \u00e0 fronteira canadiana, certifica-te de que tens os seguintes documentos (n\u00e3o os leves na tua mala):<\/p>\n\n<ul class=\"wp-block-list\">\n<li>Um passaporte ou documento de viagem v\u00e1lido para toda a dura\u00e7\u00e3o da tua estadia.<\/li>\n\n\n\n<li>Um visto v\u00e1lido (se aplic\u00e1vel).<\/li>\n\n\n\n<li>Se necessitares de uma eTA, viaja com o passaporte utilizado no teu pedido de eTA.<\/li>\n\n\n\n<li>Os residentes permanentes legais dos Estados Unidos devem trazer um <strong>green card v\u00e1lido<\/strong> (ou prova equivalente do estatuto) e o seu passaporte.<\/li>\n\n\n\n<li>Cartas de apoio da tua empresa-m\u00e3e e uma carta de convite da empresa canadiana de acolhimento.<\/li>\n\n\n\n<li>Documentos adicionais, tais como contratos, acordos de garantia ou documentos de servi\u00e7o (se relevantes).<\/li>\n\n\n\n<li>Dados de contacto do teu anfitri\u00e3o de neg\u00f3cios no Canad\u00e1.<\/li>\n\n\n\n<li>Prova de fundos suficientes para a tua estadia e regresso.<\/li>\n<\/ul>\n\n<hr class=\"wp-block-separator has-alpha-channel-opacity\"\/>\n\n<h3 class=\"wp-block-heading\"><strong>Menores que viajam contigo<\/strong><\/h3>\n\n<p>Se viajares com crian\u00e7as com menos de 18 anos, familiariza-te com os regulamentos do Canad\u00e1 para menores.<\/p>\n\n<ul class=\"wp-block-list\">\n<li>Consulta os requisitos de entrada para menores para garantir o cumprimento da legisla\u00e7\u00e3o canadiana de prote\u00e7\u00e3o das crian\u00e7as.<\/li>\n<\/ul>\n\n<hr class=\"wp-block-separator has-alpha-channel-opacity\"\/>\n\n<h3 class=\"wp-block-heading\"><strong>Notas importantes para os visitantes empresariais<\/strong><\/h3>\n\n<ul class=\"wp-block-list\">\n<li>O <strong>Acordo Canad\u00e1-Estados Unidos-M\u00e9xico (CUSMA)<\/strong> prev\u00ea disposi\u00e7\u00f5es adicionais para os cidad\u00e3os americanos e mexicanos que participam em actividades como a investiga\u00e7\u00e3o, a comercializa\u00e7\u00e3o e os servi\u00e7os gerais.<\/li>\n\n\n\n<li>Consulta sempre o organizador da tua reuni\u00e3o ou evento para saberes quais os requisitos ou orienta\u00e7\u00f5es espec\u00edficos.<\/li>\n\n\n\n<li>Os visitantes profissionais est\u00e3o limitados a actividades que n\u00e3o envolvam emprego direto no Canad\u00e1.<\/li>\n<\/ul>\n\n<p>Se seguires estes passos e te certificares de que tens os documentos certos, a tua visita de neg\u00f3cios ao Canad\u00e1 pode ser eficiente e bem sucedida.<\/p>\n","protected":false},"excerpt":{"rendered":"<p>Visitantes de neg\u00f3cios: Participa em reuni\u00f5es, eventos e confer\u00eancias no Canad\u00e1 Os visitantes profissionais desempenham um papel vital na promo\u00e7\u00e3o [&hellip;]<\/p>\n","protected":false},"author":1,"featured_media":0,"parent":0,"menu_order":0,"comment_status":"closed","ping_status":"closed","template":"","meta":{"_uag_custom_page_level_css":"","site-sidebar-layout":"default","site-content-layout":"","ast-site-content-layout":"","site-content-style":"default","site-sidebar-style":"default","ast-global-header-display":"","ast-banner-title-visibility":"","ast-main-header-display":"","ast-hfb-above-header-display":"","ast-hfb-below-header-display":"","ast-hfb-mobile-header-display":"","site-post-title":"","ast-breadcrumbs-content":"","ast-featured-img":"","footer-sml-layout":"","theme-transparent-header-meta":"","adv-header-id-meta":"","stick-header-meta":"","header-above-stick-meta":"","header-main-stick-meta":"","header-below-stick-meta":"","astra-migrate-meta-layouts":"default","ast-page-background-enabled":"default","ast-page-background-meta":{"desktop":{"background-color":"var(--ast-global-color-4)","background-image":"","background-repeat":"repeat","background-position":"center center","background-size":"auto","background-attachment":"scroll","background-type":"","background-media":"","overlay-type":"","overlay-color":"","overlay-opacity":"","overlay-gradient":""},"tablet":{"background-color":"","background-image":"","background-repeat":"repeat","background-position":"center center","background-size":"auto","background-attachment":"scroll","background-type":"","background-media":"","overlay-type":"","overlay-color":"","overlay-opacity":"","overlay-gradient":""},"mobile":{"background-color":"","background-image":"","background-repeat":"repeat","background-position":"center center","background-size":"auto","background-attachment":"scroll","background-type":"","background-media":"","overlay-type":"","overlay-color":"","overlay-opacity":"","overlay-gradient":""}},"ast-content-background-meta":{"desktop":{"background-color":"var(--ast-global-color-5)","background-image":"","background-repeat":"repeat","background-position":"center center","background-size":"auto","background-attachment":"scroll","background-type":"","background-media":"","overlay-type":"","overlay-color":"","overlay-opacity":"","overlay-gradient":""},"tablet":{"background-color":"var(--ast-global-color-5)","background-image":"","background-repeat":"repeat","background-position":"center center","background-size":"auto","background-attachment":"scroll","background-type":"","background-media":"","overlay-type":"","overlay-color":"","overlay-opacity":"","overlay-gradient":""},"mobile":{"background-color":"var(--ast-global-color-5)","background-image":"","background-repeat":"repeat","background-position":"center center","background-size":"auto","background-attachment":"scroll","background-type":"","background-media":"","overlay-type":"","overlay-color":"","overlay-opacity":"","overlay-gradient":""}},"footnotes":""},"categories":[],"tags":[],"class_list":["post-1025","page","type-page","status-publish","hentry"],"uagb_featured_image_src":{"full":false,"thumbnail":false,"medium":false,"medium_large":false,"large":false,"1536x1536":false,"2048x2048":false},"uagb_author_info":{"display_name":"admin","author_link":"https:\/\/www.etafast.org\/pt-pt\/author\/admin\/"},"uagb_comment_info":0,"uagb_excerpt":"Visitantes de neg\u00f3cios: Participa em reuni\u00f5es, eventos e confer\u00eancias no Canad\u00e1 Os visitantes profissionais desempenham um papel vital na promo\u00e7\u00e3o [&hellip;]","_links":{"self":[{"href":"https:\/\/www.etafast.org\/pt-pt\/wp-json\/wp\/v2\/pages\/1025","targetHints":{"allow":["GET"]}}],"collection":[{"href":"https:\/\/www.etafast.org\/pt-pt\/wp-json\/wp\/v2\/pages"}],"about":[{"href":"https:\/\/www.etafast.org\/pt-pt\/wp-json\/wp\/v2\/types\/page"}],"author":[{"embeddable":true,"href":"https:\/\/www.etafast.org\/pt-pt\/wp-json\/wp\/v2\/users\/1"}],"replies":[{"embeddable":true,"href":"https:\/\/www.etafast.org\/pt-pt\/wp-json\/wp\/v2\/comments?post=1025"}],"version-history":[{"count":1,"href":"https:\/\/www.etafast.org\/pt-pt\/wp-json\/wp\/v2\/pages\/1025\/revisions"}],"predecessor-version":[{"id":1026,"href":"https:\/\/www.etafast.org\/pt-pt\/wp-json\/wp\/v2\/pages\/1025\/revisions\/1026"}],"wp:attachment":[{"href":"https:\/\/www.etafast.org\/pt-pt\/wp-json\/wp\/v2\/media?parent=1025"}],"wp:term":[{"taxonomy":"category","embeddable":true,"href":"https:\/\/www.etafast.org\/pt-pt\/wp-json\/wp\/v2\/categories?post=1025"},{"taxonomy":"post_tag","embeddable":true,"href":"https:\/\/www.etafast.org\/pt-pt\/wp-json\/wp\/v2\/tags?post=1025"}],"curies":[{"name":"wp","href":"https:\/\/api.w.org\/{rel}","templated":true}]}}