{"id":935,"date":"2024-12-11T08:30:38","date_gmt":"2024-12-11T07:30:38","guid":{"rendered":"https:\/\/www.etafast.org\/tranzyt-przez-kanade\/"},"modified":"2024-12-11T09:07:14","modified_gmt":"2024-12-11T08:07:14","slug":"tranzyt-przez-kanade","status":"publish","type":"page","link":"https:\/\/www.etafast.org\/pl\/tranzyt-przez-kanade\/","title":{"rendered":"Tranzyt przez Kanad\u0119"},"content":{"rendered":"\n<p>Je\u015bli podr\u00f3\u017cujesz do innego kraju i musisz przejecha\u0107 przez Kanad\u0119 tranzytem, wymagania dotycz\u0105ce dokument\u00f3w b\u0119d\u0105 zale\u017ce\u0107 od kilku czynnik\u00f3w, w tym sposobu podr\u00f3\u017cy, czasu pobytu, narodowo\u015bci i statusu imigracyjnego. Poni\u017cej znajduje si\u0119 kompleksowy przewodnik, kt\u00f3ry pomo\u017ce Ci okre\u015bli\u0107, czego potrzebujesz do sprawnego tranzytu przez Kanad\u0119. <\/p>\n\n<hr class=\"wp-block-separator has-alpha-channel-opacity\"\/>\n\n<h3 class=\"wp-block-heading\"><strong>Czynniki okre\u015blaj\u0105ce wymagania dotycz\u0105ce transportu<\/strong><\/h3>\n\n<ol class=\"wp-block-list\">\n<li><strong>Spos\u00f3b podr\u00f3\u017cy<\/strong>:\n<ul class=\"wp-block-list\">\n<li>Samolotem (loty mi\u0119dzynarodowe z przesiadkami w kanadyjskich portach lotniczych).<\/li>\n\n\n\n<li>Samochodem, autobusem, poci\u0105giem lub statkiem (w tym statkami wycieczkowymi).<\/li>\n<\/ul>\n<\/li>\n\n\n\n<li><strong>Czas trwania tranzytu<\/strong>:\n<ul class=\"wp-block-list\">\n<li>Mniej ni\u017c 48 godzin.<\/li>\n\n\n\n<li>Ponad 48 godzin.<\/li>\n<\/ul>\n<\/li>\n\n\n\n<li><strong>Obywatelstwo i status imigracyjny<\/strong>:\n<ul class=\"wp-block-list\">\n<li>Kraj paszportu.<\/li>\n\n\n\n<li>Niezale\u017cnie od tego, czy jeste\u015b obywatelem USA, legalnym sta\u0142ym rezydentem USA, czy posiadasz wa\u017cn\u0105 wiz\u0119 USA.<\/li>\n<\/ul>\n<\/li>\n<\/ol>\n\n<hr class=\"wp-block-separator has-alpha-channel-opacity\"\/>\n\n<h3 class=\"wp-block-heading\"><strong>Opcje dokument\u00f3w dla tranzytu przez Kanad\u0119<\/strong><\/h3>\n\n<h4 class=\"wp-block-heading\"><strong>1. Visitor Visa<\/strong><\/h4>\n\n<p><strong>Wiza turystyczna<\/strong> jest wymagana, je\u015bli<\/p>\n\n<ul class=\"wp-block-list\">\n<li>Pochodzisz z kraju <strong>obj\u0119tego obowi\u0105zkiem wizowym<\/strong> i planujesz podr\u00f3\u017c:\n<ul class=\"wp-block-list\">\n<li>Odwied\u017a Kanad\u0119, nawet na mniej ni\u017c 48 godzin.<\/li>\n\n\n\n<li>Pobyt w Kanadzie przez <strong>ponad 48 godzin<\/strong> podczas tranzytu.<\/li>\n<\/ul>\n<\/li>\n\n\n\n<li>Podr\u00f3\u017cujesz <strong>autobusem, samochodem, poci\u0105giem, statkiem lub statkiem wycieczkowym<\/strong> z kraju obj\u0119tego obowi\u0105zkiem wizowym.<\/li>\n<\/ul>\n\n<p><\/p>\n\n<hr class=\"wp-block-separator has-alpha-channel-opacity\"\/>\n\n<h4 class=\"wp-block-heading\"><strong>2. Wiza tranzytowa<\/strong><\/h4>\n\n<p><strong>Wiza tranzytowa<\/strong> jest wymagana, je\u015bli<\/p>\n\n<ul class=\"wp-block-list\">\n<li>Jeste\u015b z <strong>kraju obj\u0119tego obowi\u0105zkiem wizowym<\/strong> i:\n<ul class=\"wp-block-list\">\n<li>Tw\u00f3j lot mi\u0119dzynarodowy zatrzymuje si\u0119 na kanadyjskim lotnisku w drodze do innego miejsca docelowego.<\/li>\n\n\n\n<li>Przesiadka mi\u0119dzy dwoma lotami mi\u0119dzynarodowymi na jednym lub kilku kanadyjskich lotniskach.<\/li>\n\n\n\n<li>Tw\u00f3j tranzyt trwa <strong>48 godzin lub kr\u00f3cej<\/strong>.<\/li>\n\n\n\n<li>Nie posiadasz wa\u017cnej wizy turystycznej.<\/li>\n\n\n\n<li>Nie kwalifikujesz si\u0119 do otrzymania eTA.<\/li>\n<\/ul>\n<\/li>\n<\/ul>\n\n<p><\/p>\n\n<hr class=\"wp-block-separator has-alpha-channel-opacity\"\/>\n\n<h4 class=\"wp-block-heading\"><strong>3. Elektroniczne zezwolenie na podr\u00f3\u017c (eTA)<\/strong><\/h4>\n\n<p>Potrzebujesz <strong>eTA<\/strong>, je\u015bli:<\/p>\n\n<ul class=\"wp-block-list\">\n<li>Jeste\u015b z <strong>kraju wymagaj\u0105cego eTA<\/strong> i:\n<ul class=\"wp-block-list\">\n<li>Tranzyt przez Kanad\u0119 drog\u0105 lotnicz\u0105.<\/li>\n\n\n\n<li>Tw\u00f3j tranzyt jest cz\u0119\u015bci\u0105 lotu mi\u0119dzynarodowego z przesiadk\u0105.<\/li>\n<\/ul>\n<\/li>\n<\/ul>\n\n<p><strong>Wyj\u0105tki<\/strong>:<\/p>\n\n<ul class=\"wp-block-list\">\n<li>Nie potrzebujesz eTA, je\u015bli podr\u00f3\u017cujesz poci\u0105giem, autobusem, statkiem lub statkiem wycieczkowym, ale musisz mie\u0107 wa\u017cne dokumenty podr\u00f3\u017cy.<\/li>\n<\/ul>\n\n<p><\/p>\n\n<hr class=\"wp-block-separator has-alpha-channel-opacity\"\/>\n\n<h4 class=\"wp-block-heading\"><strong>4. Tranzyt bez wizy<\/strong><\/h4>\n\n<ul class=\"wp-block-list\">\n<li><strong>Obywatele USA i legalni stali rezydenci<\/strong>:<br>Obywatele USA i posiadacze Zielonej Karty USA mog\u0105 przeje\u017cd\u017ca\u0107 przez Kanad\u0119 bez wizy samolotem, samochodem, autobusem, poci\u0105giem lub statkiem. Upewnij si\u0119, \u017ce masz przy sobie: \n<ul class=\"wp-block-list\">\n<li>Wa\u017cny paszport lub dokument podr\u00f3\u017cy.<\/li>\n\n\n\n<li>Wa\u017cna ameryka\u0144ska zielona karta (dla legalnych sta\u0142ych rezydent\u00f3w).<\/li>\n<\/ul>\n<\/li>\n\n\n\n<li><strong>Posiadacze paszport\u00f3w z okre\u015blonych kraj\u00f3w<\/strong>:<br\/>Obywatele <strong>Chin, Indonezji, Filipin, Tajlandii<\/strong> lub <strong>Tajwanu<\/strong> (bez osobistego numeru identyfikacyjnego) mog\u0105 podr\u00f3\u017cowa\u0107 bez wizy, je\u015bli spe\u0142niaj\u0105 okre\u015blone warunki.<\/li>\n<\/ul>\n\n<p><\/p>\n\n<hr class=\"wp-block-separator has-alpha-channel-opacity\"\/>\n\n<h3 class=\"wp-block-heading\"><strong>Dokumenty, kt\u00f3re musisz mie\u0107 przy sobie<\/strong><\/h3>\n\n<p>Podczas przejazdu przez Kanad\u0119 nale\u017cy zawsze mie\u0107 przygotowane nast\u0119puj\u0105ce dokumenty:<\/p>\n\n<ul class=\"wp-block-list\">\n<li>Wa\u017cny paszport lub dokument podr\u00f3\u017cy na ca\u0142\u0105 podr\u00f3\u017c.<\/li>\n\n\n\n<li>Wa\u017cna wiza, wiza tranzytowa lub eTA (je\u015bli dotyczy).<\/li>\n\n\n\n<li>Dla sta\u0142ych mieszka\u0144c\u00f3w USA: Wa\u017cna Zielona Karta lub r\u00f3wnowa\u017cny dow\u00f3d statusu.<\/li>\n\n\n\n<li>Dow\u00f3d dalszej podr\u00f3\u017cy, np. bilety lotnicze lub plan podr\u00f3\u017cy.<\/li>\n<\/ul>\n\n<hr class=\"wp-block-separator has-alpha-channel-opacity\"\/>\n\n<h3 class=\"wp-block-heading\"><strong>Kluczowe uwagi<\/strong><\/h3>\n\n<ul class=\"wp-block-list\">\n<li><strong>Czas trwania tranzytu<\/strong>: Je\u015bli czas tranzytu przekracza 48 godzin, wymagana jest wiza turystyczna.<\/li>\n\n\n\n<li><strong>Spos\u00f3b wjazdu<\/strong>: eTA jest wymagana w przypadku podr\u00f3\u017cy lotniczych, ale nie w przypadku podr\u00f3\u017cy l\u0105dowych lub morskich.<\/li>\n\n\n\n<li><strong>Wcze\u015bniejsze z\u0142o\u017cenie wniosku<\/strong>: Z\u0142\u00f3\u017c wniosek o wymagany dokument na d\u0142ugo przed dat\u0105 podr\u00f3\u017cy, aby unikn\u0105\u0107 op\u00f3\u017anie\u0144.<\/li>\n<\/ul>\n\n<p>Upewniaj\u0105c si\u0119, \u017ce posiadasz odpowiedni\u0105 dokumentacj\u0119, mo\u017cesz p\u0142ynnie przejecha\u0107 przez Kanad\u0119 i skupi\u0107 si\u0119 na dotarciu do miejsca docelowego.<\/p>\n","protected":false},"excerpt":{"rendered":"<p>Je\u015bli podr\u00f3\u017cujesz do innego kraju i musisz przejecha\u0107 przez Kanad\u0119 tranzytem, wymagania dotycz\u0105ce dokument\u00f3w b\u0119d\u0105 zale\u017ce\u0107 od kilku czynnik\u00f3w, w [&hellip;]<\/p>\n","protected":false},"author":1,"featured_media":0,"parent":0,"menu_order":0,"comment_status":"closed","ping_status":"closed","template":"","meta":{"_uag_custom_page_level_css":"","site-sidebar-layout":"default","site-content-layout":"","ast-site-content-layout":"","site-content-style":"default","site-sidebar-style":"default","ast-global-header-display":"","ast-banner-title-visibility":"","ast-main-header-display":"","ast-hfb-above-header-display":"","ast-hfb-below-header-display":"","ast-hfb-mobile-header-display":"","site-post-title":"","ast-breadcrumbs-content":"","ast-featured-img":"","footer-sml-layout":"","theme-transparent-header-meta":"","adv-header-id-meta":"","stick-header-meta":"","header-above-stick-meta":"","header-main-stick-meta":"","header-below-stick-meta":"","astra-migrate-meta-layouts":"default","ast-page-background-enabled":"default","ast-page-background-meta":{"desktop":{"background-color":"var(--ast-global-color-4)","background-image":"","background-repeat":"repeat","background-position":"center center","background-size":"auto","background-attachment":"scroll","background-type":"","background-media":"","overlay-type":"","overlay-color":"","overlay-opacity":"","overlay-gradient":""},"tablet":{"background-color":"","background-image":"","background-repeat":"repeat","background-position":"center center","background-size":"auto","background-attachment":"scroll","background-type":"","background-media":"","overlay-type":"","overlay-color":"","overlay-opacity":"","overlay-gradient":""},"mobile":{"background-color":"","background-image":"","background-repeat":"repeat","background-position":"center center","background-size":"auto","background-attachment":"scroll","background-type":"","background-media":"","overlay-type":"","overlay-color":"","overlay-opacity":"","overlay-gradient":""}},"ast-content-background-meta":{"desktop":{"background-color":"var(--ast-global-color-5)","background-image":"","background-repeat":"repeat","background-position":"center center","background-size":"auto","background-attachment":"scroll","background-type":"","background-media":"","overlay-type":"","overlay-color":"","overlay-opacity":"","overlay-gradient":""},"tablet":{"background-color":"var(--ast-global-color-5)","background-image":"","background-repeat":"repeat","background-position":"center center","background-size":"auto","background-attachment":"scroll","background-type":"","background-media":"","overlay-type":"","overlay-color":"","overlay-opacity":"","overlay-gradient":""},"mobile":{"background-color":"var(--ast-global-color-5)","background-image":"","background-repeat":"repeat","background-position":"center center","background-size":"auto","background-attachment":"scroll","background-type":"","background-media":"","overlay-type":"","overlay-color":"","overlay-opacity":"","overlay-gradient":""}},"footnotes":""},"categories":[],"tags":[],"class_list":["post-935","page","type-page","status-publish","hentry"],"uagb_featured_image_src":{"full":false,"thumbnail":false,"medium":false,"medium_large":false,"large":false,"1536x1536":false,"2048x2048":false},"uagb_author_info":{"display_name":"admin","author_link":"https:\/\/www.etafast.org\/pl\/author\/admin\/"},"uagb_comment_info":0,"uagb_excerpt":"Je\u015bli podr\u00f3\u017cujesz do innego kraju i musisz przejecha\u0107 przez Kanad\u0119 tranzytem, wymagania dotycz\u0105ce dokument\u00f3w b\u0119d\u0105 zale\u017ce\u0107 od kilku czynnik\u00f3w, w [&hellip;]","_links":{"self":[{"href":"https:\/\/www.etafast.org\/pl\/wp-json\/wp\/v2\/pages\/935","targetHints":{"allow":["GET"]}}],"collection":[{"href":"https:\/\/www.etafast.org\/pl\/wp-json\/wp\/v2\/pages"}],"about":[{"href":"https:\/\/www.etafast.org\/pl\/wp-json\/wp\/v2\/types\/page"}],"author":[{"embeddable":true,"href":"https:\/\/www.etafast.org\/pl\/wp-json\/wp\/v2\/users\/1"}],"replies":[{"embeddable":true,"href":"https:\/\/www.etafast.org\/pl\/wp-json\/wp\/v2\/comments?post=935"}],"version-history":[{"count":1,"href":"https:\/\/www.etafast.org\/pl\/wp-json\/wp\/v2\/pages\/935\/revisions"}],"predecessor-version":[{"id":936,"href":"https:\/\/www.etafast.org\/pl\/wp-json\/wp\/v2\/pages\/935\/revisions\/936"}],"wp:attachment":[{"href":"https:\/\/www.etafast.org\/pl\/wp-json\/wp\/v2\/media?parent=935"}],"wp:term":[{"taxonomy":"category","embeddable":true,"href":"https:\/\/www.etafast.org\/pl\/wp-json\/wp\/v2\/categories?post=935"},{"taxonomy":"post_tag","embeddable":true,"href":"https:\/\/www.etafast.org\/pl\/wp-json\/wp\/v2\/tags?post=935"}],"curies":[{"name":"wp","href":"https:\/\/api.w.org\/{rel}","templated":true}]}}