{"id":455,"date":"2024-12-02T16:08:30","date_gmt":"2024-12-02T15:08:30","guid":{"rendered":"https:\/\/www.etafast.org\/kontakt\/"},"modified":"2024-12-11T09:03:20","modified_gmt":"2024-12-11T08:03:20","slug":"kontakt","status":"publish","type":"page","link":"https:\/\/www.etafast.org\/pl\/kontakt\/","title":{"rendered":"Kontakt"},"content":{"rendered":"<style>\n.accordion-content {\n    display: none;\n    padding: 10px;\n    border: 1px solid #ccc;\n    border-top: none;\n}\n\n.accordion-header {\n    cursor: pointer;\n    padding: 10px;\n    border: 1px solid #ccc;\n    margin: 0;\nbackground-color:#fafafa;\nmargin-bottom:10px;\nborder-radius:3px;\npadding-right:50px;\nposition: relative;\nfont-size:110%;\n}\n.accordion-header .qs {\n\n}\n.arrow {\n    position: absolute;\n    right: 10px;\n    top: 10px;\n}\n\n.arrow-up {\n    transform: rotate(180deg);\n}\n<\/style>\n\n\n<script>\njQuery(document).ready(function(){\n    jQuery(\".accordion-header\").click(function() {\n        \/\/ Toggle the arrow direction of the clicked header\n        jQuery(this).children(\".arrow\").toggleClass(\"arrow-up\", !jQuery(this).next().is(\":visible\"));\n        \n        \/\/ Close previously opened content and reset their arrows\n        jQuery(\".accordion-content\").not(jQuery(this).next()).slideUp().prev().children(\".arrow\").removeClass(\"arrow-up\");\n        jQuery(\".accordion-content\").not(jQuery(this).next()).prev().find(\".arrow\").html(\"&#9660;\"); \/\/ Reset other arrows to down\n        \n        jQuery(this).next().slideToggle();\n        if(jQuery(this).next().is(\":visible\")) {\n            jQuery(this).find(\".arrow\").html(\"&#9660;\"); \/\/ Change to up arrow\n        } else {\n            jQuery(this).find(\".arrow\").html(\"&#9650;\"); \/\/ Change back to down arrow\n        }\n    });\n});\n<\/script>\n\n\n<div class=\"accordion\"><h4 class=\"accordion-header\"><span class=\"qs\">Czy p\u0142atno\u015b\u0107 podlega zwrotowi?<\/span><span class=\"arrow\">&#9660;<\/span><\/h4>\n            <div class=\"accordion-content\">\n            <p>Tak. P\u0142atno\u015b\u0107 podlega zwrotowi przed rozpocz\u0119ciem \u015bwiadczenia us\u0142ugi. Wi\u0119cej informacji mo\u017cna znale\u017a\u0107 w regulaminie<\/p>\n            <\/div><\/div><script type=\"application\/ld+json\">\n    {\n      \"@context\": \"https:\/\/schema.org\",\n      \"@type\": \"FAQPage\",\n      \"mainEntity\": [{\n        \"@type\": \"Question\",\n        \"name\": \"Czy p\u0142atno\u015b\u0107 podlega zwrotowi?\",\n        \"acceptedAnswer\": {\n          \"@type\": \"Answer\",\n          \"text\": \"Tak. P\u0142atno\u015b\u0107 podlega zwrotowi przed rozpocz\u0119ciem \u015bwiadczenia us\u0142ugi. Wi\u0119cej informacji mo\u017cna znale\u017a\u0107 w regulaminie\"\n        }\n      }\n      ]\n    }\n    <\/script>\n\n\n<h2>Obs\u0142uga klienta<\/h2><style>\n.accordion-content2 {\n    display: none;\n    padding: 10px;\n    border: 1px solid #ccc;\n    border-top: none;\n}\n            \n.accordion-header2 {\n    cursor: pointer;\n    padding: 10px;\n    border: 1px solid #ccc;\n    margin: 0;\nbackground-color:#fafafa;\nmargin-bottom:10px;\nborder-radius:3px;\npadding-right:50px;\nposition: relative;\nfont-size:110%;\n}\n.accordion-header2 .qs {\n            \n}\n.arrow2 {\n    position: absolute;\n    right: 10px;\n    top: 10px;\n}\n            \n.arrow-up2 {\n    transform: rotate(180deg);\n}\n<\/style>\n            \n            \n<script>\njQuery(document).ready(function(){\n    jQuery(\".accordion-header2\").click(function() {\n        \/\/ Toggle the arrow direction of the clicked header\n        jQuery(this).children(\".arrow2\").toggleClass(\"arrow-up2\", !jQuery(this).next().is(\":visible\"));\n            \n        \/\/ Close previously opened content and reset their arrows\n        jQuery(\".accordion-content2\").not(jQuery(this).next()).slideUp().prev().children(\".arrow2\").removeClass(\"arrow-up2\");\n        jQuery(\".accordion-content2\").not(jQuery(this).next()).prev().find(\".arrow2\").html(\"&#9660;\"); \/\/ Reset other arrows to down\n            \n        jQuery(this).next().slideToggle();\n        if(jQuery(this).next().is(\":visible\")) {\n            jQuery(this).find(\".arrow2\").html(\"&#9660;\"); \/\/ Change to up arrow\n        } else {\n            jQuery(this).find(\".arrow2\").html(\"&#9650;\"); \/\/ Change back to down arrow\n        }\n    });\n});\n<\/script>\n            \n            \n<div class=\"accordion2\"><h4 class=\"accordion-header2\"><span class=\"qs2\">Nie otrzyma\u0142em \u017cadnego potwierdzenia zam\u00f3wienia<\/span><span class=\"arrow2\">&#9660;<\/span><\/h4>\n            <div class=\"accordion-content2\">\n            <p>Rejestracj\u0119 us\u0142ugi rozpoczynamy dla Ciebie oko\u0142o 12 godzin przed rozpocz\u0119ciem jej wa\u017cno\u015bci. W przypadku wa\u017cno\u015bci tego samego dnia, w ci\u0105gu 5 minut od otrzymania p\u0142atno\u015bci.\n Je\u015bli chcesz natychmiast otrzyma\u0107 dane aktywacyjne, mo\u017cesz od razu rozpocz\u0105\u0107 rejestracj\u0119, pisz\u0105c na adres, kt\u00f3ry wys\u0142ali\u015bmy Ci w pierwszym e-mailu. \nMo\u017ce si\u0119 zdarzy\u0107, \u017ce nie otrzymasz wiadomo\u015bci e-mail potwierdzaj\u0105cej otrzymanie p\u0142atno\u015bci (na przyk\u0142ad z powodu podania nieprawid\u0142owego adresu e-mail). W takim razie prosz\u0119:<br \/> \n- prosz\u0119 najpierw sprawdzi\u0107 folder ze spamem<br \/> \n- je\u015bli nadal nie mo\u017cesz znale\u017a\u0107 tutaj \u017cadnych informacji od nas, spr\u00f3buj znale\u017a\u0107 swoje zam\u00f3wienie, korzystaj\u0105c z formularza powy\u017cej<br \/> \n- na stronie, kt\u00f3r\u0105 znajdziesz, mo\u017cesz poprawi\u0107 sw\u00f3j adres e-mail i \u015bledzi\u0107 status swojego zam\u00f3wienia<br \/><br \/> \n \nJe\u015bli nie mo\u017cesz znale\u017a\u0107 adresu do zarz\u0105dzania zam\u00f3wieniami, skontaktuj si\u0119 z nami w dowolnym momencie<br \/> \n\n<br \/><a href=\"#cform\" onclick=\"document.getElementById('cform').style.display='';\">Kontakt z obs\u0142ug\u0105 klienta<\/a><\/p>\n            <\/div><h4 class=\"accordion-header2\"><span class=\"qs2\">Chc\u0119 zmieni\u0107 moje dane rejestracyjne<\/span><span class=\"arrow2\">&#9660;<\/span><\/h4>\n            <div class=\"accordion-content2\">\n            <p>Rejestracj\u0119 us\u0142ugi rozpoczynamy dla Ciebie oko\u0142o 12 godzin przed rozpocz\u0119ciem jej wa\u017cno\u015bci. W przypadku wa\u017cno\u015bci zam\u00f3wienia tego samego dnia, w ci\u0105gu 5 minut od otrzymania p\u0142atno\u015bci.\nDo tego czasu dane mo\u017cna zmieni\u0107 na stronie szczeg\u00f3\u0142\u00f3w zam\u00f3wienia. Znajdziesz ten adres w ka\u017cdej wiadomo\u015bci e-mail, kt\u00f3r\u0105 od nas otrzymasz.\n\nJe\u015bli nie otrzyma\u0142e\u015b wiadomo\u015bci e-mail potwierdzaj\u0105cej otrzymanie p\u0142atno\u015bci (na przyk\u0142ad z powodu podania nieprawid\u0142owego adresu e-mail). W takim razie prosz\u0119:<br \/> \n- prosz\u0119 najpierw sprawdzi\u0107 folder ze spamem<br \/> \n- je\u015bli nadal nie mo\u017cesz znale\u017a\u0107 u nas \u017cadnych informacji, spr\u00f3buj znale\u017a\u0107 swoje zam\u00f3wienie, korzystaj\u0105c z formularza powy\u017cej (Sprawdzenie statusu zam\u00f3wienia).<br \/> \n- na stronie, kt\u00f3r\u0105 znajdziesz, mo\u017cesz edytowa\u0107 swoje dane i \u015bledzi\u0107 status swojego zam\u00f3wienia<br \/> \n<br \/> Je\u015bli Twoje zam\u00f3wienie zosta\u0142o ju\u017c przetworzone, nie b\u0119dzie mo\u017cliwo\u015bci zmiany danych. Nale\u017cy pami\u0119ta\u0107, \u017ce w przypadku podania nieprawid\u0142owych danych (w szczeg\u00f3lno\u015bci kraju rejestracji pojazdu, numeru rejestracyjnego, daty wa\u017cno\u015bci)#\n winieta staje si\u0119 niewa\u017cna i nale\u017cy ponownie wykupi\u0107 us\u0142ug\u0119.<br \/> \nDzi\u0119kujemy za zrozumienie.\n\n<\/p>\n            <\/div><h4 class=\"accordion-header2\"><span class=\"qs2\">P\u0142atno\u015b\u0107 opu\u015bci\u0142a moje konto, ale nie otrzyma\u0142em \u017cadnej wiadomo\u015bci e-mail<\/span><span class=\"arrow2\">&#9660;<\/span><\/h4>\n            <div class=\"accordion-content2\">\n            <p>Jak okre\u015blono w naszych warunkach, rozpoczynamy przetwarzanie us\u0142ugi, gdy tylko p\u0142atno\u015b\u0107 dotrze do systemu. Mo\u017ce by\u0107 kilka powod\u00f3w, dla kt\u00f3rych p\u0142atno\u015b\u0107 nie zosta\u0142a zaksi\u0119gowana. Od faktu, \u017ce instytucja bankowa wys\u0142a\u0142a p\u0142atno\u015b\u0107 z op\u00f3\u017anieniem, po problemy techniczne. M\u00f3wi\u0105c najpro\u015bciej, dop\u00f3ki nie zobaczymy p\u0142atno\u015bci w naszym systemie, nie uwa\u017camy zam\u00f3wienia za zrealizowane z Twojej strony. Podejmujemy wszelkie mo\u017cliwe kroki, aby prawid\u0142owo sparowa\u0107 wszystkie otrzymane p\u0142atno\u015bci, co skutkuje wska\u017anikiem b\u0142\u0119d\u00f3w na poziomie jednej setnej procenta. Je\u015bli nie otrzymasz wiadomo\u015bci e-mail informuj\u0105cej o otrzymaniu p\u0142atno\u015bci w ci\u0105gu maksymalnie 1 godziny od dokonania p\u0142atno\u015bci (sprawd\u017a r\u00f3wnie\u017c folder spam), skontaktuj si\u0119 z nami natychmiast. Tylko w ten spos\u00f3b mo\u017cemy zapewni\u0107 sprawn\u0105 realizacj\u0119 zam\u00f3wienia. Nale\u017cy pami\u0119ta\u0107, \u017ce rozpoczynamy prac\u0119 nad zam\u00f3wieniem dopiero po otrzymaniu p\u0142atno\u015bci do systemu, a nie po wys\u0142aniu (lub po prostu zablokowaniu) p\u0142atno\u015bci po stronie klienta. Nie ponosimy odpowiedzialno\u015bci za jakiekolwiek szkody powsta\u0142e przed otrzymaniem p\u0142atno\u015bci. Dzi\u0119kujemy za zrozumienie.<br \/><br \/><a href=\"#cform\" onclick=\"document.getElementById('cform').style.display='';\">Kontakt z obs\u0142ug\u0105 klienta<\/a><\/p>\n            <\/div><h4 class=\"accordion-header2\"><span class=\"qs2\">Mam jeszcze jedno pytanie.<\/span><span class=\"arrow2\">&#9660;<\/span><\/h4>\n            <div class=\"accordion-content2\">\n            <p>Je\u015bli \u017cadna z odpowiedzi nie spe\u0142nia Twoich wymaga\u0144, mo\u017cesz skontaktowa\u0107 si\u0119 z nami w dowolnym momencie, a my z przyjemno\u015bci\u0105 si\u0119 Tob\u0105 zajmiemy.<br \/><br \/><a href=\"#cform\" onclick=\"document.getElementById('cform').style.display='';\">Kontakt z obs\u0142ug\u0105 klienta<\/a><\/p>\n            <\/div><\/div><div id=\"cform\"><br style=\"clear:both;\" \/><h2>Wsparcie przez e-mail<\/h2><script type=\"text\/javascript\">\n        function decodeEmail(encodedLocalPart, encodedDomainPart, indices) {\n            const localPart = atob(encodedLocalPart).split('');\n            const domainPart = atob(encodedDomainPart).split('');\n\n            \/\/ Reconstruct the email address using the provided indices\n            const originalLocalPart = indices.local.map(index => localPart[index]).join('');\n            const originalDomainPart = indices.domain.map(index => domainPart[index]).join('');\n\n            const email = originalLocalPart + \"@\" + originalDomainPart;\n            document.getElementById('email').innerText = email;\n        }\n    <\/script><p>Aby z\u0142o\u017cy\u0107 wniosek o wsparcie klienta, mo\u017cesz wys\u0142a\u0107 wiadomo\u015b\u0107 e-mail na poni\u017cszy adres:<\/p><div style=\"text-align:center;padding:20px 0 50px 0;font-size:150%;\nfont-weight:bold;\"><a id=\"email-link\" href=\"\"><\/a><\/div><script>document.addEventListener(\"DOMContentLoaded\", function() {    const emailLink = document.getElementById(\"email-link\");    const obfuscatedEmail = \"gro.tsafate@troppus\";    const realEmail = obfuscatedEmail.split(\"\").reverse().join(\"\");    const randomString = Array.from({length: realEmail.length}, () => Math.random().toString(36)[2]).join('');    emailLink.textContent = randomString;    emailLink.href = 'mailto:'+realEmail;\n                    emailLink.textContent = realEmail;});<\/script><h2>Obs\u0142uga WhatsApp<\/h2><p>Aby uzyska\u0107 szybk\u0105 odpowied\u017a na pytania zwi\u0105zane z zam\u00f3wieniem, mo\u017cesz skontaktowa\u0107 si\u0119 z nami pod numerem telefonu WhatsApp (wiadomo\u015bci s\u0105 bezp\u0142atne, p\u0142acisz tylko za dane w ramach po\u0142\u0105czenia internetowego).<\/p><div style=\"text-align:center;padding:20px 0 50px 0;font-size:150%;\nfont-weight:bold;\"><a href=\"https:\/\/wa.me\/447893938888\">+44 789 393 8888<\/a><\/div><h2>Obs\u0142uga klienta<\/h2><p style=\"text-align:center;color:#6ab400;font-weight:bold;\">Wsparcie online jest dost\u0119pne 24 godziny na dob\u0119, 7 dni w tygodniu<\/p><p>W celu szybszego przetworzenia zapytania prosimy o podanie adresu e-mail podanego podczas rejestracji, numeru rejestracyjnego samochodu i daty zam\u00f3wienia. Dzi\u0119kujemy za zrozumienie.<\/p>\n<a style=\"display:block;width:100%;\ncolor:#fff;background-color:rgb(241, 23, 23);padding:10px 0;\nfont-size:120%;text-align:center;\" onclick=\"zE('messenger', 'open');return false;\" href=\"#\">Kontakt z pomoc\u0105 techniczn\u0105<\/a>\n<!-- Start of Zendesk Widget script -->\n<script id=\"ze-snippet\" src=\"https:\/\/static.zdassets.com\/ekr\/snippet.js?key=fc8651a1-b5bf-4914-a59d-057a43523f5b\"> <\/script>\n<!-- End of Zendesk Widget script -->\n\n\n<script><\/script>\n<\/div>\n\n\n\n<p><\/p>\n","protected":false},"excerpt":{"rendered":"","protected":false},"author":1,"featured_media":0,"parent":0,"menu_order":0,"comment_status":"closed","ping_status":"closed","template":"","meta":{"_uag_custom_page_level_css":"","site-sidebar-layout":"default","site-content-layout":"","ast-site-content-layout":"","site-content-style":"default","site-sidebar-style":"default","ast-global-header-display":"","ast-banner-title-visibility":"","ast-main-header-display":"","ast-hfb-above-header-display":"","ast-hfb-below-header-display":"","ast-hfb-mobile-header-display":"","site-post-title":"","ast-breadcrumbs-content":"","ast-featured-img":"","footer-sml-layout":"","theme-transparent-header-meta":"","adv-header-id-meta":"","stick-header-meta":"","header-above-stick-meta":"","header-main-stick-meta":"","header-below-stick-meta":"","astra-migrate-meta-layouts":"default","ast-page-background-enabled":"default","ast-page-background-meta":{"desktop":{"background-color":"var(--ast-global-color-4)","background-image":"","background-repeat":"repeat","background-position":"center center","background-size":"auto","background-attachment":"scroll","background-type":"","background-media":"","overlay-type":"","overlay-color":"","overlay-opacity":"","overlay-gradient":""},"tablet":{"background-color":"","background-image":"","background-repeat":"repeat","background-position":"center center","background-size":"auto","background-attachment":"scroll","background-type":"","background-media":"","overlay-type":"","overlay-color":"","overlay-opacity":"","overlay-gradient":""},"mobile":{"background-color":"","background-image":"","background-repeat":"repeat","background-position":"center center","background-size":"auto","background-attachment":"scroll","background-type":"","background-media":"","overlay-type":"","overlay-color":"","overlay-opacity":"","overlay-gradient":""}},"ast-content-background-meta":{"desktop":{"background-color":"var(--ast-global-color-5)","background-image":"","background-repeat":"repeat","background-position":"center center","background-size":"auto","background-attachment":"scroll","background-type":"","background-media":"","overlay-type":"","overlay-color":"","overlay-opacity":"","overlay-gradient":""},"tablet":{"background-color":"var(--ast-global-color-5)","background-image":"","background-repeat":"repeat","background-position":"center center","background-size":"auto","background-attachment":"scroll","background-type":"","background-media":"","overlay-type":"","overlay-color":"","overlay-opacity":"","overlay-gradient":""},"mobile":{"background-color":"var(--ast-global-color-5)","background-image":"","background-repeat":"repeat","background-position":"center center","background-size":"auto","background-attachment":"scroll","background-type":"","background-media":"","overlay-type":"","overlay-color":"","overlay-opacity":"","overlay-gradient":""}},"footnotes":""},"categories":[],"tags":[],"class_list":["post-455","page","type-page","status-publish","hentry"],"uagb_featured_image_src":{"full":false,"thumbnail":false,"medium":false,"medium_large":false,"large":false,"1536x1536":false,"2048x2048":false},"uagb_author_info":{"display_name":"admin","author_link":"https:\/\/www.etafast.org\/pl\/author\/admin\/"},"uagb_comment_info":0,"uagb_excerpt":null,"_links":{"self":[{"href":"https:\/\/www.etafast.org\/pl\/wp-json\/wp\/v2\/pages\/455","targetHints":{"allow":["GET"]}}],"collection":[{"href":"https:\/\/www.etafast.org\/pl\/wp-json\/wp\/v2\/pages"}],"about":[{"href":"https:\/\/www.etafast.org\/pl\/wp-json\/wp\/v2\/types\/page"}],"author":[{"embeddable":true,"href":"https:\/\/www.etafast.org\/pl\/wp-json\/wp\/v2\/users\/1"}],"replies":[{"embeddable":true,"href":"https:\/\/www.etafast.org\/pl\/wp-json\/wp\/v2\/comments?post=455"}],"version-history":[{"count":1,"href":"https:\/\/www.etafast.org\/pl\/wp-json\/wp\/v2\/pages\/455\/revisions"}],"predecessor-version":[{"id":456,"href":"https:\/\/www.etafast.org\/pl\/wp-json\/wp\/v2\/pages\/455\/revisions\/456"}],"wp:attachment":[{"href":"https:\/\/www.etafast.org\/pl\/wp-json\/wp\/v2\/media?parent=455"}],"wp:term":[{"taxonomy":"category","embeddable":true,"href":"https:\/\/www.etafast.org\/pl\/wp-json\/wp\/v2\/categories?post=455"},{"taxonomy":"post_tag","embeddable":true,"href":"https:\/\/www.etafast.org\/pl\/wp-json\/wp\/v2\/tags?post=455"}],"curies":[{"name":"wp","href":"https:\/\/api.w.org\/{rel}","templated":true}]}}