{"id":271,"date":"2024-12-11T08:24:00","date_gmt":"2024-12-11T07:24:00","guid":{"rendered":"https:\/\/www.etafast.org\/informacje-o-procesie\/"},"modified":"2024-12-11T09:01:54","modified_gmt":"2024-12-11T08:01:54","slug":"informacje-o-procesie","status":"publish","type":"page","link":"https:\/\/www.etafast.org\/pl\/informacje-o-procesie\/","title":{"rendered":"Informacje o procesie"},"content":{"rendered":"\n<h3 class=\"wp-block-heading\">Informacje o procesie elektronicznej autoryzacji podr\u00f3\u017cy (eTA)<\/h3>\n\n<p>Elektroniczne zezwolenie na podr\u00f3\u017c (eTA) jest wymogiem wjazdowym dla cudzoziemc\u00f3w zwolnionych z obowi\u0105zku wizowego, kt\u00f3rzy podr\u00f3\u017cuj\u0105 do Kanady lub przelatuj\u0105 przez ni\u0105 drog\u0105 lotnicz\u0105. Jest to szybki i prosty proces online zaprojektowany w celu zwi\u0119kszenia bezpiecze\u0144stwa granic przy jednoczesnym zapewnieniu p\u0142ynnej podr\u00f3\u017cy dla kwalifikuj\u0105cych si\u0119 os\u00f3b. <\/p>\n\n<h4 class=\"wp-block-heading\">Co to jest eTA?<\/h4>\n\n<p>ETA to elektronicznie powi\u0105zane zezwolenie na podr\u00f3\u017c powi\u0105zane z paszportem. Jest ono wa\u017cne przez okres do pi\u0119ciu lat lub do momentu wyga\u015bni\u0119cia wa\u017cno\u015bci paszportu, w zale\u017cno\u015bci od tego, co nast\u0105pi wcze\u015bniej. Zezwolenie eTA pozwala na kr\u00f3tkie pobyty w Kanadzie (zazwyczaj do sze\u015bciu miesi\u0119cy) w celach turystycznych, biznesowych lub tranzytowych.  <\/p>\n\n<h4 class=\"wp-block-heading\">Najwa\u017cniejsze informacje o procesie eTA:<\/h4>\n\n<ol class=\"wp-block-list\">\n<li><strong>Prosty wniosek online<\/strong>:<br\/>Proces ubiegania si\u0119 o eTA odbywa si\u0119 ca\u0142kowicie online. Nie ma potrzeby sk\u0142adania dokument\u00f3w ani osobistych wizyt, dzi\u0119ki czemu jest to wygodna opcja dla podr\u00f3\u017cnych. <\/li>\n\n\n\n<li><strong>Przyst\u0119pna op\u0142ata<\/strong>:<br\/>Ubieganie si\u0119 o eTA kosztuje tylko 7 CAN$. Op\u0142ata ta jest uiszczana online podczas procesu sk\u0142adania wniosku. <\/li>\n\n\n\n<li><strong>Szybkie przetwarzanie<\/strong>:<br\/>Wi\u0119kszo\u015b\u0107 wniosk\u00f3w eTA jest zatwierdzana w ci\u0105gu kilku minut. Jednak niekt\u00f3re wnioski mog\u0105 trwa\u0107 d\u0142u\u017cej, je\u015bli wymagane s\u0105 dodatkowe dokumenty. W takich przypadkach wnioskodawcy otrzymaj\u0105 instrukcje e-mailem w ci\u0105gu 72 godzin.  <\/li>\n\n\n\n<li><strong>Wymagania kwalifikacyjne<\/strong>:\n<ul class=\"wp-block-list\">\n<li>Obcokrajowcy zwolnieni z obowi\u0105zku wizowego lec\u0105cy do Kanady lub przeje\u017cd\u017caj\u0105cy przez ni\u0105 tranzytem potrzebuj\u0105 eTA.<\/li>\n\n\n\n<li>Niekt\u00f3rzy podr\u00f3\u017cni z kraj\u00f3w obj\u0119tych obowi\u0105zkiem wizowym mog\u0105 r\u00f3wnie\u017c kwalifikowa\u0107 si\u0119 do otrzymania eTA, je\u015bli spe\u0142niaj\u0105 okre\u015blone kryteria, takie jak posiadanie wa\u017cnej ameryka\u0144skiej wizy nieimigracyjnej lub posiadanie kanadyjskiej wizy turystycznej w ci\u0105gu ostatnich 10 lat.<\/li>\n\n\n\n<li>Podr\u00f3\u017cni przybywaj\u0105cy samochodem, autobusem, poci\u0105giem lub statkiem, w tym statkami wycieczkowymi, potrzebuj\u0105 wizy turystycznej zamiast eTA.<\/li>\n<\/ul>\n<\/li>\n\n\n\n<li><strong>Ograniczenia dotycz\u0105ce podr\u00f3\u017cy<\/strong>:\n<ul class=\"wp-block-list\">\n<li>Zezwolenie eTA nie uprawnia do podj\u0119cia pracy lub nauki w Kanadzie. Je\u015bli planujesz pracowa\u0107 lub studiowa\u0107, musisz ubiega\u0107 si\u0119 o odpowiednie zezwolenia. <\/li>\n\n\n\n<li>ETA nie gwarantuje wjazdu do Kanady. Urz\u0119dnicy graniczni oceni\u0105 Twoje uprawnienia po przyje\u017adzie. <\/li>\n<\/ul>\n<\/li>\n\n\n\n<li><strong>Wa\u017cno\u015b\u0107<\/strong>:<br\/>Po zatwierdzeniu eTA jest powi\u0105zana z paszportem i pozostaje wa\u017cna na wiele wjazd\u00f3w, pod warunkiem, \u017ce paszport pozostaje wa\u017cny. Zawsze podr\u00f3\u017cuj z tym samym paszportem, kt\u00f3rego u\u017cy\u0142e\u015b do z\u0142o\u017cenia wniosku o eTA. <\/li>\n<\/ol>\n\n<h4 class=\"wp-block-heading\">Chro\u0144 si\u0119 przed oszustwami<\/h4>\n\n<p>Nale\u017cy uwa\u017ca\u0107 na nieuczciwe strony internetowe lub osoby obiecuj\u0105ce gwarantowany wjazd, prac\u0119 lub mo\u017cliwo\u015b\u0107 studiowania w Kanadzie. Aplikuj wy\u0142\u0105cznie za po\u015brednictwem oficjalnej strony internetowej rz\u0105du Kanady i unikaj udost\u0119pniania danych osobowych niezweryfikowanym \u017ar\u00f3d\u0142om. Wprowadzenie w b\u0142\u0105d lub oszustwo mo\u017ce mie\u0107 powa\u017cne konsekwencje prawne.  <\/p>\n\n<h4 class=\"wp-block-heading\">Przed z\u0142o\u017ceniem wniosku<\/h4>\n\n<ul class=\"wp-block-list\">\n<li>Upewnij si\u0119, \u017ce posiadasz wa\u017cny paszport, kart\u0119 kredytow\u0105 lub debetow\u0105 oraz adres e-mail.<\/li>\n\n\n\n<li>Zapoznaj si\u0119 z dokumentem pomocy aplikacji dost\u0119pnym w wielu j\u0119zykach, aby uzyska\u0107 wskaz\u00f3wki.<\/li>\n\n\n\n<li>Z\u0142\u00f3\u017c wniosek o eTA <strong>przed<\/strong> rezerwacj\u0105 lotu, aby unikn\u0105\u0107 op\u00f3\u017anie\u0144.<\/li>\n<\/ul>\n\n<p>Ubieganie si\u0119 o eTA jest niezb\u0119dnym krokiem dla uprawnionych podr\u00f3\u017cnych planuj\u0105cych odwiedzi\u0107 Kanad\u0119. Zrozumienie procesu i staranne przygotowanie wniosku mo\u017ce zapewni\u0107 p\u0142ynn\u0105 i bezproblemow\u0105 podr\u00f3\u017c. <\/p>\n","protected":false},"excerpt":{"rendered":"<p>Informacje o procesie elektronicznej autoryzacji podr\u00f3\u017cy (eTA) Elektroniczne zezwolenie na podr\u00f3\u017c (eTA) jest wymogiem wjazdowym dla cudzoziemc\u00f3w zwolnionych z obowi\u0105zku [&hellip;]<\/p>\n","protected":false},"author":1,"featured_media":0,"parent":0,"menu_order":0,"comment_status":"closed","ping_status":"closed","template":"","meta":{"_uag_custom_page_level_css":"","site-sidebar-layout":"default","site-content-layout":"","ast-site-content-layout":"","site-content-style":"default","site-sidebar-style":"default","ast-global-header-display":"","ast-banner-title-visibility":"","ast-main-header-display":"","ast-hfb-above-header-display":"","ast-hfb-below-header-display":"","ast-hfb-mobile-header-display":"","site-post-title":"","ast-breadcrumbs-content":"","ast-featured-img":"","footer-sml-layout":"","theme-transparent-header-meta":"","adv-header-id-meta":"","stick-header-meta":"","header-above-stick-meta":"","header-main-stick-meta":"","header-below-stick-meta":"","astra-migrate-meta-layouts":"default","ast-page-background-enabled":"default","ast-page-background-meta":{"desktop":{"background-color":"var(--ast-global-color-4)","background-image":"","background-repeat":"repeat","background-position":"center center","background-size":"auto","background-attachment":"scroll","background-type":"","background-media":"","overlay-type":"","overlay-color":"","overlay-opacity":"","overlay-gradient":""},"tablet":{"background-color":"","background-image":"","background-repeat":"repeat","background-position":"center center","background-size":"auto","background-attachment":"scroll","background-type":"","background-media":"","overlay-type":"","overlay-color":"","overlay-opacity":"","overlay-gradient":""},"mobile":{"background-color":"","background-image":"","background-repeat":"repeat","background-position":"center center","background-size":"auto","background-attachment":"scroll","background-type":"","background-media":"","overlay-type":"","overlay-color":"","overlay-opacity":"","overlay-gradient":""}},"ast-content-background-meta":{"desktop":{"background-color":"var(--ast-global-color-5)","background-image":"","background-repeat":"repeat","background-position":"center center","background-size":"auto","background-attachment":"scroll","background-type":"","background-media":"","overlay-type":"","overlay-color":"","overlay-opacity":"","overlay-gradient":""},"tablet":{"background-color":"var(--ast-global-color-5)","background-image":"","background-repeat":"repeat","background-position":"center center","background-size":"auto","background-attachment":"scroll","background-type":"","background-media":"","overlay-type":"","overlay-color":"","overlay-opacity":"","overlay-gradient":""},"mobile":{"background-color":"var(--ast-global-color-5)","background-image":"","background-repeat":"repeat","background-position":"center center","background-size":"auto","background-attachment":"scroll","background-type":"","background-media":"","overlay-type":"","overlay-color":"","overlay-opacity":"","overlay-gradient":""}},"footnotes":""},"categories":[],"tags":[],"class_list":["post-271","page","type-page","status-publish","hentry"],"uagb_featured_image_src":{"full":false,"thumbnail":false,"medium":false,"medium_large":false,"large":false,"1536x1536":false,"2048x2048":false},"uagb_author_info":{"display_name":"admin","author_link":"https:\/\/www.etafast.org\/pl\/author\/admin\/"},"uagb_comment_info":0,"uagb_excerpt":"Informacje o procesie elektronicznej autoryzacji podr\u00f3\u017cy (eTA) Elektroniczne zezwolenie na podr\u00f3\u017c (eTA) jest wymogiem wjazdowym dla cudzoziemc\u00f3w zwolnionych z obowi\u0105zku [&hellip;]","_links":{"self":[{"href":"https:\/\/www.etafast.org\/pl\/wp-json\/wp\/v2\/pages\/271","targetHints":{"allow":["GET"]}}],"collection":[{"href":"https:\/\/www.etafast.org\/pl\/wp-json\/wp\/v2\/pages"}],"about":[{"href":"https:\/\/www.etafast.org\/pl\/wp-json\/wp\/v2\/types\/page"}],"author":[{"embeddable":true,"href":"https:\/\/www.etafast.org\/pl\/wp-json\/wp\/v2\/users\/1"}],"replies":[{"embeddable":true,"href":"https:\/\/www.etafast.org\/pl\/wp-json\/wp\/v2\/comments?post=271"}],"version-history":[{"count":1,"href":"https:\/\/www.etafast.org\/pl\/wp-json\/wp\/v2\/pages\/271\/revisions"}],"predecessor-version":[{"id":272,"href":"https:\/\/www.etafast.org\/pl\/wp-json\/wp\/v2\/pages\/271\/revisions\/272"}],"wp:attachment":[{"href":"https:\/\/www.etafast.org\/pl\/wp-json\/wp\/v2\/media?parent=271"}],"wp:term":[{"taxonomy":"category","embeddable":true,"href":"https:\/\/www.etafast.org\/pl\/wp-json\/wp\/v2\/categories?post=271"},{"taxonomy":"post_tag","embeddable":true,"href":"https:\/\/www.etafast.org\/pl\/wp-json\/wp\/v2\/tags?post=271"}],"curies":[{"name":"wp","href":"https:\/\/api.w.org\/{rel}","templated":true}]}}