{"id":1513,"date":"2024-12-11T08:24:51","date_gmt":"2024-12-11T07:24:51","guid":{"rendered":"https:\/\/www.etafast.org\/kto-moze-zlozyc-wniosek\/"},"modified":"2024-12-11T09:15:51","modified_gmt":"2024-12-11T08:15:51","slug":"kto-moze-zlozyc-wniosek","status":"publish","type":"page","link":"https:\/\/www.etafast.org\/pl\/kto-moze-zlozyc-wniosek\/","title":{"rendered":"Kto mo\u017ce z\u0142o\u017cy\u0107 wniosek"},"content":{"rendered":"\n<h3 class=\"wp-block-heading\">Kto mo\u017ce ubiega\u0107 si\u0119 o elektroniczne zezwolenie na podr\u00f3\u017c (eTA)?<\/h3>\n\n<p>Elektroniczne zezwolenie na podr\u00f3\u017c (eTA) jest wymogiem podr\u00f3\u017cnym dla niekt\u00f3rych os\u00f3b podr\u00f3\u017cuj\u0105cych do Kanady lub tranzytem przez Kanad\u0119 drog\u0105 lotnicz\u0105. Poni\u017cej znajduje si\u0119 szczeg\u00f3\u0142owy opis tego, kto kwalifikuje si\u0119 do z\u0142o\u017cenia wniosku: <\/p>\n\n<h4 class=\"wp-block-heading\"><strong>Kryteria kwalifikacji do otrzymania eTA<\/strong><\/h4>\n\n<p>Mo\u017cesz ubiega\u0107 si\u0119 o eTA, je\u015bli spe\u0142niasz <strong>wszystkie trzy poni\u017csze wymagania<\/strong>:<\/p>\n\n<ol class=\"wp-block-list\">\n<li><strong>Historia podr\u00f3\u017cy w przesz\u0142o\u015bci<\/strong>:<ul><li>Posiada\u0142e\u015b kanadyjsk\u0105 wiz\u0119 turystyczn\u0105 (wiz\u0119 na pobyt czasowy) w ci\u0105gu ostatnich 10 lat, LUB<\/li><li>Posiadasz obecnie wa\u017cn\u0105 wiz\u0119 nieimigracyjn\u0105 Stan\u00f3w Zjednoczonych (USA).<\/li><\/ul><em>(Twoja ameryka\u0144ska wiza nieimigracyjna musi by\u0107 wa\u017cna w dniu z\u0142o\u017cenia wniosku o eTA, ale nie musi pozosta\u0107 wa\u017cna podczas podr\u00f3\u017cy do Kanady).<\/em><\/li>\n\n\n\n<li><strong>Cel podr\u00f3\u017cy<\/strong>:\n<ul class=\"wp-block-list\">\n<li>Przyje\u017cd\u017casz do Kanady na <strong>pobyt czasowy<\/strong>, zazwyczaj do sze\u015bciu miesi\u0119cy.<\/li>\n<\/ul>\n<\/li>\n\n\n\n<li><strong>Tryb podr\u00f3\u017cy<\/strong>:\n<ul class=\"wp-block-list\">\n<li>Lecisz do lub przeje\u017cd\u017casz przez kanadyjskie lotnisko z wa\u017cnym paszportem z jednego z <strong>kwalifikuj\u0105cych si\u0119 kraj\u00f3w obj\u0119tych obowi\u0105zkiem wizowym<\/strong>.<\/li>\n<\/ul>\n<\/li>\n<\/ol>\n\n<h4 class=\"wp-block-heading\"><strong>Kwalifikuj\u0105ce si\u0119 kraje wymagaj\u0105ce wizy<\/strong><\/h4>\n\n<p>Obywatele nast\u0119puj\u0105cych kraj\u00f3w mog\u0105 ubiega\u0107 si\u0119 o eTA, je\u015bli spe\u0142niaj\u0105 powy\u017csze kryteria:<\/p>\n\n<ul class=\"wp-block-list\">\n<li>Antigua i Barbuda<\/li>\n\n\n\n<li>Argentyna<\/li>\n\n\n\n<li>Brazylia<\/li>\n\n\n\n<li>Kostaryka<\/li>\n\n\n\n<li>Meksyk<\/li>\n\n\n\n<li>Maroko<\/li>\n\n\n\n<li>Panama<\/li>\n\n\n\n<li>Filipiny<\/li>\n\n\n\n<li>St. Kitts i Nevis<\/li>\n\n\n\n<li>Saint Lucia<\/li>\n\n\n\n<li>Saint Vincent i Grenadyny<\/li>\n\n\n\n<li>Seszele<\/li>\n\n\n\n<li>Tajlandia<\/li>\n\n\n\n<li>Trynidad i Tobago<\/li>\n\n\n\n<li>Urugwaj<\/li>\n<\/ul>\n\n<p>Je\u015bli nie spe\u0142niasz wszystkich tych wymaga\u0144, b\u0119dziesz musia\u0142 ubiega\u0107 si\u0119 o wiz\u0119 turystyczn\u0105 (wiz\u0119 na pobyt czasowy).<\/p>\n\n<hr class=\"wp-block-separator has-alpha-channel-opacity\"\/>\n\n<h3 class=\"wp-block-heading\"><strong>Kto NIE potrzebuje eTA?<\/strong><\/h3>\n\n<ul class=\"wp-block-list\">\n<li><strong>Obywatele<\/strong> USA:<br\/>Obywatele USA s\u0105 zwolnieni z wymogu posiadania eTA. Wystarczy, \u017ce przedstawi\u0105 wa\u017cny ameryka\u0144ski paszport. <\/li>\n\n\n\n<li><strong>Obywatele Kanady (w tym podw\u00f3jni obywatele)<\/strong>:<br\/>Obywatele Kanady nie mog\u0105 ubiega\u0107 si\u0119 o eTA. Musz\u0105 oni podr\u00f3\u017cowa\u0107 z wa\u017cnym kanadyjskim paszportem. Podw\u00f3jni obywatele musz\u0105 r\u00f3wnie\u017c u\u017cywa\u0107 swojego kanadyjskiego paszportu podczas lotu do Kanady.  <\/li>\n\n\n\n<li><strong>Stali rezydenci Kanady<\/strong>:<br>Stali rezydenci Kanady nie mog\u0105 ubiega\u0107 si\u0119 o eTA. Zamiast tego musz\u0105 podr\u00f3\u017cowa\u0107 z: \n<ul class=\"wp-block-list\">\n<li>Wa\u017cna karta sta\u0142ego pobytu, LUB<\/li>\n\n\n\n<li>Dokument podr\u00f3\u017cy sta\u0142ego rezydenta.<\/li>\n<\/ul>\n<\/li>\n\n\n\n<li>Legalni stali <strong>rezydenci Stan\u00f3w Zjednoczonych<\/strong>:<br>Od 26 kwietnia 2022 r. legalni stali rezydenci Stan\u00f3w Zjednoczonych s\u0105 zwolnieni z wymogu posiadania eTA. Musz\u0105 oni posiada\u0107 przy sobie: \n<ul class=\"wp-block-list\">\n<li>wa\u017cny paszport kraju, kt\u00f3rego jest obywatelem, oraz<\/li>\n\n\n\n<li>Wa\u017cna ameryka\u0144ska zielona karta lub r\u00f3wnowa\u017cny dow\u00f3d statusu.<\/li>\n<\/ul>\n<\/li>\n<\/ul>\n\n<hr class=\"wp-block-separator has-alpha-channel-opacity\"\/>\n\n<h3 class=\"wp-block-heading\"><strong>Scenariusze podr\u00f3\u017cy i wymagania dotycz\u0105ce dokument\u00f3w<\/strong><\/h3>\n\n<figure class=\"wp-block-table\"><table class=\"has-fixed-layout\"><thead><tr><th><strong>Jak podr\u00f3\u017cujesz do Kanady<\/strong><\/th><th><strong>Wymagane dokumenty<\/strong><\/th><\/tr><\/thead><tbody><tr><td>Lec\u0105cy do lub przeje\u017cd\u017caj\u0105cy tranzytem przez kanadyjskie lotnisko i kwalifikuj\u0105cy si\u0119 do otrzymania eTA<\/td><td>eTA lub wiza turystyczna<\/td><\/tr><tr><td>Lec\u0105cy do lub tranzytuj\u0105cy przez kanadyjskie lotnisko i NIE kwalifikuj\u0105cy si\u0119 do otrzymania eTA<\/td><td>Wiza turystyczna<\/td><\/tr><tr><td>Przyjazd samochodem, autobusem, poci\u0105giem lub statkiem (w tym statkiem wycieczkowym)<\/td><td>Wiza turystyczna<\/td><\/tr><tr><td>Podr\u00f3\u017c do Kanady z wa\u017cn\u0105 wiz\u0105 kanadyjsk\u0105<\/td><td>Wiza nie jest wymagana<\/td><\/tr><tr><td>Powr\u00f3t do Kanady po odnowieniu pozwolenia na prac\u0119 lub nauk\u0119<\/td><td>eTA dostarczona wraz z odnowieniem zezwolenia<\/td><\/tr><tr><td>Podr\u00f3\u017c do Kanady w celu podj\u0119cia pracy lub nauki na okres d\u0142u\u017cszy ni\u017c 6 miesi\u0119cy<\/td><td>Zezwolenie na prac\u0119 lub nauk\u0119 (w tym wiza)<\/td><\/tr><\/tbody><\/table><\/figure>\n\n<hr class=\"wp-block-separator has-alpha-channel-opacity\"\/>\n\n<h3 class=\"wp-block-heading\"><strong>Wa\u017cne kwestie<\/strong><\/h3>\n\n<ul class=\"wp-block-list\">\n<li><strong>Podstawowe wymagania<\/strong>: Aby wjecha\u0107 do Kanady, nale\u017cy spe\u0142ni\u0107 og\u00f3lne kryteria wjazdu, w tym wa\u017cne dokumenty podr\u00f3\u017cy, dobry stan zdrowia, wsparcie finansowe i silne wi\u0119zi z krajem pochodzenia.<\/li>\n\n\n\n<li><strong>Niedopuszczalno\u015b\u0107<\/strong>: Osoby zaanga\u017cowane w dzia\u0142alno\u015b\u0107 przest\u0119pcz\u0105, zagro\u017cenie bezpiecze\u0144stwa lub pewne kwestie zdrowotne i finansowe mog\u0105 zosta\u0107 uznane za niedopuszczalne do Kanady, nawet z wa\u017cn\u0105 eTA.<\/li>\n<\/ul>\n\n<p>eTA ma na celu uproszczenie podr\u00f3\u017cy lotniczych do Kanady dla kwalifikuj\u0105cych si\u0119 os\u00f3b. Pami\u0119taj, aby dok\u0142adnie zapozna\u0107 si\u0119 z wymaganiami i z\u0142o\u017cy\u0107 wniosek z odpowiednim wyprzedzeniem przed planowan\u0105 podr\u00f3\u017c\u0105. <\/p>\n","protected":false},"excerpt":{"rendered":"<p>Kto mo\u017ce ubiega\u0107 si\u0119 o elektroniczne zezwolenie na podr\u00f3\u017c (eTA)? Elektroniczne zezwolenie na podr\u00f3\u017c (eTA) jest wymogiem podr\u00f3\u017cnym dla niekt\u00f3rych [&hellip;]<\/p>\n","protected":false},"author":1,"featured_media":0,"parent":0,"menu_order":0,"comment_status":"closed","ping_status":"closed","template":"","meta":{"_uag_custom_page_level_css":"","site-sidebar-layout":"default","site-content-layout":"","ast-site-content-layout":"","site-content-style":"default","site-sidebar-style":"default","ast-global-header-display":"","ast-banner-title-visibility":"","ast-main-header-display":"","ast-hfb-above-header-display":"","ast-hfb-below-header-display":"","ast-hfb-mobile-header-display":"","site-post-title":"","ast-breadcrumbs-content":"","ast-featured-img":"","footer-sml-layout":"","theme-transparent-header-meta":"","adv-header-id-meta":"","stick-header-meta":"","header-above-stick-meta":"","header-main-stick-meta":"","header-below-stick-meta":"","astra-migrate-meta-layouts":"default","ast-page-background-enabled":"default","ast-page-background-meta":{"desktop":{"background-color":"var(--ast-global-color-4)","background-image":"","background-repeat":"repeat","background-position":"center center","background-size":"auto","background-attachment":"scroll","background-type":"","background-media":"","overlay-type":"","overlay-color":"","overlay-opacity":"","overlay-gradient":""},"tablet":{"background-color":"","background-image":"","background-repeat":"repeat","background-position":"center center","background-size":"auto","background-attachment":"scroll","background-type":"","background-media":"","overlay-type":"","overlay-color":"","overlay-opacity":"","overlay-gradient":""},"mobile":{"background-color":"","background-image":"","background-repeat":"repeat","background-position":"center center","background-size":"auto","background-attachment":"scroll","background-type":"","background-media":"","overlay-type":"","overlay-color":"","overlay-opacity":"","overlay-gradient":""}},"ast-content-background-meta":{"desktop":{"background-color":"var(--ast-global-color-5)","background-image":"","background-repeat":"repeat","background-position":"center center","background-size":"auto","background-attachment":"scroll","background-type":"","background-media":"","overlay-type":"","overlay-color":"","overlay-opacity":"","overlay-gradient":""},"tablet":{"background-color":"var(--ast-global-color-5)","background-image":"","background-repeat":"repeat","background-position":"center center","background-size":"auto","background-attachment":"scroll","background-type":"","background-media":"","overlay-type":"","overlay-color":"","overlay-opacity":"","overlay-gradient":""},"mobile":{"background-color":"var(--ast-global-color-5)","background-image":"","background-repeat":"repeat","background-position":"center center","background-size":"auto","background-attachment":"scroll","background-type":"","background-media":"","overlay-type":"","overlay-color":"","overlay-opacity":"","overlay-gradient":""}},"footnotes":""},"categories":[],"tags":[],"class_list":["post-1513","page","type-page","status-publish","hentry"],"uagb_featured_image_src":{"full":false,"thumbnail":false,"medium":false,"medium_large":false,"large":false,"1536x1536":false,"2048x2048":false},"uagb_author_info":{"display_name":"admin","author_link":"https:\/\/www.etafast.org\/pl\/author\/admin\/"},"uagb_comment_info":0,"uagb_excerpt":"Kto mo\u017ce ubiega\u0107 si\u0119 o elektroniczne zezwolenie na podr\u00f3\u017c (eTA)? Elektroniczne zezwolenie na podr\u00f3\u017c (eTA) jest wymogiem podr\u00f3\u017cnym dla niekt\u00f3rych [&hellip;]","_links":{"self":[{"href":"https:\/\/www.etafast.org\/pl\/wp-json\/wp\/v2\/pages\/1513","targetHints":{"allow":["GET"]}}],"collection":[{"href":"https:\/\/www.etafast.org\/pl\/wp-json\/wp\/v2\/pages"}],"about":[{"href":"https:\/\/www.etafast.org\/pl\/wp-json\/wp\/v2\/types\/page"}],"author":[{"embeddable":true,"href":"https:\/\/www.etafast.org\/pl\/wp-json\/wp\/v2\/users\/1"}],"replies":[{"embeddable":true,"href":"https:\/\/www.etafast.org\/pl\/wp-json\/wp\/v2\/comments?post=1513"}],"version-history":[{"count":1,"href":"https:\/\/www.etafast.org\/pl\/wp-json\/wp\/v2\/pages\/1513\/revisions"}],"predecessor-version":[{"id":1514,"href":"https:\/\/www.etafast.org\/pl\/wp-json\/wp\/v2\/pages\/1513\/revisions\/1514"}],"wp:attachment":[{"href":"https:\/\/www.etafast.org\/pl\/wp-json\/wp\/v2\/media?parent=1513"}],"wp:term":[{"taxonomy":"category","embeddable":true,"href":"https:\/\/www.etafast.org\/pl\/wp-json\/wp\/v2\/categories?post=1513"},{"taxonomy":"post_tag","embeddable":true,"href":"https:\/\/www.etafast.org\/pl\/wp-json\/wp\/v2\/tags?post=1513"}],"curies":[{"name":"wp","href":"https:\/\/api.w.org\/{rel}","templated":true}]}}