{"id":1421,"date":"2024-12-11T08:25:47","date_gmt":"2024-12-11T07:25:47","guid":{"rendered":"https:\/\/www.etafast.org\/czy-potrzebujesz-visa\/"},"modified":"2024-12-11T09:14:29","modified_gmt":"2024-12-11T08:14:29","slug":"czy-potrzebujesz-visa","status":"publish","type":"page","link":"https:\/\/www.etafast.org\/pl\/czy-potrzebujesz-visa\/","title":{"rendered":"Czy potrzebujesz VISA?"},"content":{"rendered":"\n<h3 class=\"wp-block-heading\">Jak sprawdzi\u0107, czy potrzebujesz wizy, aby podr\u00f3\u017cowa\u0107 do Kanady?<\/h3>\n\n<p>Kanada wymaga od podr\u00f3\u017cnych posiadania <strong>wizy turystycznej<\/strong> lub <strong>elektronicznego zezwolenia na podr\u00f3\u017c (eTA)<\/strong> w celu wjazdu lub przejazdu przez kraj, w zale\u017cno\u015bci od ich narodowo\u015bci i metody podr\u00f3\u017cy. Oto, jak mo\u017cesz okre\u015bli\u0107, czego potrzebujesz: <\/p>\n\n<hr class=\"wp-block-separator has-alpha-channel-opacity\"\/>\n\n<h3 class=\"wp-block-heading\"><strong>Krok 1: Sprawd\u017a swoj\u0105 narodowo\u015b\u0107<\/strong><\/h3>\n\n<p>Rodzaj potrzebnego dokumentu podr\u00f3\u017cy zale\u017cy przede wszystkim od posiadanego obywatelstwa. Podr\u00f3\u017cni nale\u017c\u0105 do jednej z trzech kategorii: <\/p>\n\n<ol class=\"wp-block-list\">\n<li><strong>Podr\u00f3\u017cni zwolnieni z obowi\u0105zku wizowego (potrzebuj\u0105cy eTA)<\/strong><br\/>Je\u015bli jeste\u015b obywatelem kraju zwolnionego z obowi\u0105zku wizowego, potrzebujesz eTA, je\u015bli podr\u00f3\u017cujesz do lub przez Kanad\u0119 drog\u0105 lotnicz\u0105. Przyk\u0142ady kraj\u00f3w zwolnionych z obowi\u0105zku wizowego obejmuj\u0105: <ul><li>Australia<\/li><li>Niemcy<\/li><li>Japonia<\/li><li>Wielka Brytania<\/li><li>Francja<br\/><em>(nie jest to pe\u0142na lista).<\/em><\/li><\/ul><strong>Wa\u017cne<\/strong>: Je\u015bli wje\u017cd\u017casz do Kanady samochodem, autobusem, poci\u0105giem lub statkiem, w tym rejsem wycieczkowym, NIE potrzebujesz eTA ani wizy turystycznej.<\/li>\n\n\n\n<li><strong>Podr\u00f3\u017cni wymagaj\u0105cy wizy (potrzebuj\u0105 wizy turystycznej)<\/strong><br>Obywatele kraj\u00f3w spoza listy kraj\u00f3w zwolnionych z obowi\u0105zku wizowego musz\u0105 posiada\u0107 wiz\u0119 turystyczn\u0105 (znan\u0105 r\u00f3wnie\u017c jako wiza na pobyt czasowy), aby podr\u00f3\u017cowa\u0107 do Kanady, niezale\u017cnie od sposobu podr\u00f3\u017cy.<br>Przyk\u0142ady kraj\u00f3w wymagaj\u0105cych wizy to:\n<ul class=\"wp-block-list\">\n<li>Indie<\/li>\n\n\n\n<li>Chiny<\/li>\n\n\n\n<li>Pakistan<br\/><em>(nie jest to pe\u0142na lista).<\/em><\/li>\n<\/ul>\n<\/li>\n\n\n\n<li><strong>Kwalifikuj\u0105cy si\u0119 podr\u00f3\u017cni wymagaj\u0105cy wizy (mog\u0105 kwalifikowa\u0107 si\u0119 do otrzymania eTA)<\/strong><br>Je\u015bli pochodzisz z kraju wymagaj\u0105cego wizy, ale spe\u0142niasz okre\u015blone warunki, mo\u017cesz ubiega\u0107 si\u0119 o eTA zamiast wizy. Warunki te obejmuj\u0105: <ul><li>Posiadanie wa\u017cnej ameryka\u0144skiej wizy nieimigracyjnej, LUB<\/li><li>Posiadanie kanadyjskiej wizy turystycznej w ci\u0105gu ostatnich 10 lat.<\/li><\/ul>Kraje kwalifikuj\u0105ce si\u0119 do tej opcji obejmuj\u0105:\n<ul class=\"wp-block-list\">\n<li>Brazylia<\/li>\n\n\n\n<li>Meksyk<\/li>\n\n\n\n<li>Filipiny<br\/><em>(Nie jest to pe\u0142na lista).<\/em><\/li>\n<\/ul>\n<\/li>\n<\/ol>\n\n<hr class=\"wp-block-separator has-alpha-channel-opacity\"\/>\n\n<h3 class=\"wp-block-heading\"><strong>Krok 2: Rozwa\u017c metod\u0119 podr\u00f3\u017cy<\/strong><\/h3>\n\n<p>Potrzebny dokument podr\u00f3\u017cy zale\u017cy r\u00f3wnie\u017c od sposobu wjazdu do Kanady:<\/p>\n\n<figure class=\"wp-block-table\"><table class=\"has-fixed-layout\"><thead><tr><th><strong>Tryb podr\u00f3\u017cy<\/strong><\/th><th><strong>Wym\u00f3g<\/strong><\/th><\/tr><\/thead><tbody><tr><td>Lot do lub tranzyt przez kanadyjskie lotnisko<\/td><td>eTA (dla os\u00f3b zwolnionych z obowi\u0105zku wizowego) lub wiza turystyczna<\/td><\/tr><tr><td>Wjazd samochodem, autobusem, poci\u0105giem lub statkiem (w tym rejs wycieczkowy)<\/td><td>Wiza turystyczna (dla os\u00f3b podr\u00f3\u017cuj\u0105cych bez wizy)<\/td><\/tr><tr><td>Podr\u00f3\u017cowanie z wa\u017cn\u0105 wiz\u0105 kanadyjsk\u0105<\/td><td>Nie jest wymagana eTA, wystarczy wiza<\/td><\/tr><\/tbody><\/table><\/figure>\n\n<hr class=\"wp-block-separator has-alpha-channel-opacity\"\/>\n\n<h3 class=\"wp-block-heading\"><strong>Krok 3: Wyj\u0105tki od regu\u0142y<\/strong><\/h3>\n\n<ol class=\"wp-block-list\">\n<li><strong>Obywatele<\/strong> USA<br\/>Obywatele USA NIE potrzebuj\u0105 eTA ani wizy turystycznej. Potrzebuj\u0105 jedynie wa\u017cnego ameryka\u0144skiego paszportu. <\/li>\n\n\n\n<li><strong>Obywatele Kanady (w tym podw\u00f3jni obywatele)<\/strong><br\/>Obywatele Kanady nie mog\u0105 ubiega\u0107 si\u0119 o eTA ani wiz\u0119. Musz\u0105 podr\u00f3\u017cowa\u0107 z wa\u017cnym kanadyjskim paszportem. <\/li>\n\n\n\n<li><strong>Stali rezydenci Kanady<\/strong><br>Stali rezydenci Kanady nie mog\u0105 ubiega\u0107 si\u0119 o eTA. Musz\u0105 podr\u00f3\u017cowa\u0107 z: \n<ul class=\"wp-block-list\">\n<li>Wa\u017cna karta sta\u0142ego pobytu, LUB<\/li>\n\n\n\n<li>Dokument podr\u00f3\u017cy sta\u0142ego rezydenta.<\/li>\n<\/ul>\n<\/li>\n\n\n\n<li><strong>Stali rezydenci<\/strong> USA<br>Od 26 kwietnia 2022 r. legalni stali rezydenci USA nie potrzebuj\u0105 eTA. Musz\u0105 mie\u0107 przy sobie: \n<ul class=\"wp-block-list\">\n<li>Wa\u017cny paszport swojego kraju, ORAZ<\/li>\n\n\n\n<li>Wa\u017cna Zielona Karta lub r\u00f3wnowa\u017cny dow\u00f3d statusu.<\/li>\n<\/ul>\n<\/li>\n<\/ol>\n\n<hr class=\"wp-block-separator has-alpha-channel-opacity\"\/>\n\n<h3 class=\"wp-block-heading\"><strong>Krok 4: Skorzystaj z narz\u0119dzia rz\u0105du Kanady<\/strong><\/h3>\n\n<p>Aby potwierdzi\u0107, czy potrzebujesz wizy czy eTA, mo\u017cesz skorzysta\u0107 z oficjalnego narz\u0119dzia rz\u0105du Kanady dotycz\u0105cego <a>dokument\u00f3w podr\u00f3\u017cy<\/a>. Wystarczy wprowadzi\u0107 narodowo\u015b\u0107, spos\u00f3b podr\u00f3\u017cy i cel wizyty, aby uzyska\u0107 spersonalizowane wyniki. <\/p>\n\n<hr class=\"wp-block-separator has-alpha-channel-opacity\"\/>\n\n<h3 class=\"wp-block-heading\"><strong>Uwagi ko\u0144cowe<\/strong><\/h3>\n\n<ul class=\"wp-block-list\">\n<li>Upewnij si\u0119, \u017ce ubiegasz si\u0119 o odpowiedni dokument z du\u017cym wyprzedzeniem przed dat\u0105 podr\u00f3\u017cy.<\/li>\n\n\n\n<li>Posiadanie wizy lub eTA nie gwarantuje wjazdu do Kanady. Musisz udowodni\u0107 funkcjonariuszowi s\u0142u\u017cb granicznych, \u017ce spe\u0142niasz wszystkie wymogi wjazdu. <\/li>\n<\/ul>\n\n<p><\/p>\n","protected":false},"excerpt":{"rendered":"<p>Jak sprawdzi\u0107, czy potrzebujesz wizy, aby podr\u00f3\u017cowa\u0107 do Kanady? Kanada wymaga od podr\u00f3\u017cnych posiadania wizy turystycznej lub elektronicznego zezwolenia na [&hellip;]<\/p>\n","protected":false},"author":1,"featured_media":0,"parent":0,"menu_order":0,"comment_status":"closed","ping_status":"closed","template":"","meta":{"_uag_custom_page_level_css":"","site-sidebar-layout":"default","site-content-layout":"","ast-site-content-layout":"","site-content-style":"default","site-sidebar-style":"default","ast-global-header-display":"","ast-banner-title-visibility":"","ast-main-header-display":"","ast-hfb-above-header-display":"","ast-hfb-below-header-display":"","ast-hfb-mobile-header-display":"","site-post-title":"","ast-breadcrumbs-content":"","ast-featured-img":"","footer-sml-layout":"","theme-transparent-header-meta":"","adv-header-id-meta":"","stick-header-meta":"","header-above-stick-meta":"","header-main-stick-meta":"","header-below-stick-meta":"","astra-migrate-meta-layouts":"default","ast-page-background-enabled":"default","ast-page-background-meta":{"desktop":{"background-color":"var(--ast-global-color-4)","background-image":"","background-repeat":"repeat","background-position":"center center","background-size":"auto","background-attachment":"scroll","background-type":"","background-media":"","overlay-type":"","overlay-color":"","overlay-opacity":"","overlay-gradient":""},"tablet":{"background-color":"","background-image":"","background-repeat":"repeat","background-position":"center center","background-size":"auto","background-attachment":"scroll","background-type":"","background-media":"","overlay-type":"","overlay-color":"","overlay-opacity":"","overlay-gradient":""},"mobile":{"background-color":"","background-image":"","background-repeat":"repeat","background-position":"center center","background-size":"auto","background-attachment":"scroll","background-type":"","background-media":"","overlay-type":"","overlay-color":"","overlay-opacity":"","overlay-gradient":""}},"ast-content-background-meta":{"desktop":{"background-color":"var(--ast-global-color-5)","background-image":"","background-repeat":"repeat","background-position":"center center","background-size":"auto","background-attachment":"scroll","background-type":"","background-media":"","overlay-type":"","overlay-color":"","overlay-opacity":"","overlay-gradient":""},"tablet":{"background-color":"var(--ast-global-color-5)","background-image":"","background-repeat":"repeat","background-position":"center center","background-size":"auto","background-attachment":"scroll","background-type":"","background-media":"","overlay-type":"","overlay-color":"","overlay-opacity":"","overlay-gradient":""},"mobile":{"background-color":"var(--ast-global-color-5)","background-image":"","background-repeat":"repeat","background-position":"center center","background-size":"auto","background-attachment":"scroll","background-type":"","background-media":"","overlay-type":"","overlay-color":"","overlay-opacity":"","overlay-gradient":""}},"footnotes":""},"categories":[],"tags":[],"class_list":["post-1421","page","type-page","status-publish","hentry"],"uagb_featured_image_src":{"full":false,"thumbnail":false,"medium":false,"medium_large":false,"large":false,"1536x1536":false,"2048x2048":false},"uagb_author_info":{"display_name":"admin","author_link":"https:\/\/www.etafast.org\/pl\/author\/admin\/"},"uagb_comment_info":0,"uagb_excerpt":"Jak sprawdzi\u0107, czy potrzebujesz wizy, aby podr\u00f3\u017cowa\u0107 do Kanady? Kanada wymaga od podr\u00f3\u017cnych posiadania wizy turystycznej lub elektronicznego zezwolenia na [&hellip;]","_links":{"self":[{"href":"https:\/\/www.etafast.org\/pl\/wp-json\/wp\/v2\/pages\/1421","targetHints":{"allow":["GET"]}}],"collection":[{"href":"https:\/\/www.etafast.org\/pl\/wp-json\/wp\/v2\/pages"}],"about":[{"href":"https:\/\/www.etafast.org\/pl\/wp-json\/wp\/v2\/types\/page"}],"author":[{"embeddable":true,"href":"https:\/\/www.etafast.org\/pl\/wp-json\/wp\/v2\/users\/1"}],"replies":[{"embeddable":true,"href":"https:\/\/www.etafast.org\/pl\/wp-json\/wp\/v2\/comments?post=1421"}],"version-history":[{"count":1,"href":"https:\/\/www.etafast.org\/pl\/wp-json\/wp\/v2\/pages\/1421\/revisions"}],"predecessor-version":[{"id":1422,"href":"https:\/\/www.etafast.org\/pl\/wp-json\/wp\/v2\/pages\/1421\/revisions\/1422"}],"wp:attachment":[{"href":"https:\/\/www.etafast.org\/pl\/wp-json\/wp\/v2\/media?parent=1421"}],"wp:term":[{"taxonomy":"category","embeddable":true,"href":"https:\/\/www.etafast.org\/pl\/wp-json\/wp\/v2\/categories?post=1421"},{"taxonomy":"post_tag","embeddable":true,"href":"https:\/\/www.etafast.org\/pl\/wp-json\/wp\/v2\/tags?post=1421"}],"curies":[{"name":"wp","href":"https:\/\/api.w.org\/{rel}","templated":true}]}}