{"id":1339,"date":"2024-12-11T08:26:43","date_gmt":"2024-12-11T07:26:43","guid":{"rendered":"https:\/\/www.etafast.org\/przedluz-swoj-pobyt-w-kanadzie\/"},"modified":"2024-12-11T09:12:48","modified_gmt":"2024-12-11T08:12:48","slug":"przedluz-swoj-pobyt-w-kanadzie","status":"publish","type":"page","link":"https:\/\/www.etafast.org\/pl\/przedluz-swoj-pobyt-w-kanadzie\/","title":{"rendered":"Przed\u0142u\u017c sw\u00f3j pobyt w Kanadzie"},"content":{"rendered":"\n<h3 class=\"wp-block-heading\">Przed\u0142u\u017c sw\u00f3j pobyt w Kanadzie: Rejestr odwiedzin<\/h3>\n\n<p>Je\u015bli chcesz pozosta\u0107 w Kanadzie d\u0142u\u017cej ni\u017c pocz\u0105tkowo dozwolony okres pobytu jako go\u015b\u0107, musisz z\u0142o\u017cy\u0107 wniosek o <strong>wpis<\/strong> do rejestru <strong>go\u015bci<\/strong>. Rejestr go\u015bci jest niezb\u0119dnym dokumentem, kt\u00f3ry umo\u017cliwia przed\u0142u\u017cenie pobytu bez naruszania przepis\u00f3w imigracyjnych. <\/p>\n\n<hr class=\"wp-block-separator has-alpha-channel-opacity\"\/>\n\n<h3 class=\"wp-block-heading\"><strong>Co to jest rejestr odwiedzaj\u0105cych?<\/strong><\/h3>\n\n<p>Karta go\u015bcia <strong>nie jest wiz\u0105<\/strong>. Zamiast tego jest to oficjalny dokument, kt\u00f3ry: <\/p>\n\n<ul class=\"wp-block-list\">\n<li>Upowa\u017cnia do d\u0142u\u017cszego pobytu w Kanadzie jako <strong>go\u015b\u0107<\/strong>, pracownik upowa\u017cniony do pracy bez zezwolenia lub student upowa\u017cniony do nauki bez zezwolenia.<\/li>\n\n\n\n<li>Okre\u015bla now\u0105 dat\u0119 wyga\u015bni\u0119cia, do kt\u00f3rej nale\u017cy opu\u015bci\u0107 Kanad\u0119.<\/li>\n<\/ul>\n\n<hr class=\"wp-block-separator has-alpha-channel-opacity\"\/>\n\n<h3 class=\"wp-block-heading\"><strong>Kiedy z\u0142o\u017cy\u0107 wniosek o wpis do rejestru go\u015bci<\/strong><\/h3>\n\n<p>Musisz z\u0142o\u017cy\u0107 wniosek o wpis do rejestru go\u015bci <strong>przed wyga\u015bni\u0119ciem obecnego statusu<\/strong>.<\/p>\n\n<ul class=\"wp-block-list\">\n<li>Sprawd\u017a stempel w paszporcie lub pisemne potwierdzenie dozwolonego czasu pobytu wydane przy wje\u017adzie do Kanady.<\/li>\n\n\n\n<li>Je\u015bli nie podano konkretnej daty, status zazwyczaj wygasa <strong>po 6 miesi\u0105cach od daty przyjazdu<\/strong>.<\/li>\n<\/ul>\n\n<hr class=\"wp-block-separator has-alpha-channel-opacity\"\/>\n\n<h3 class=\"wp-block-heading\"><strong>Kto mo\u017ce ubiega\u0107 si\u0119 o wpis do rejestru go\u015bci?<\/strong><\/h3>\n\n<p>Mo\u017cesz ubiega\u0107 si\u0119 o wpis go\u015bcia, je\u015bli<\/p>\n\n<ul class=\"wp-block-list\">\n<li>Wjecha\u0142e\u015b do Kanady na podstawie wizy turystycznej, eTA lub innego wa\u017cnego dokumentu podr\u00f3\u017cy, a teraz chcesz przed\u0142u\u017cy\u0107 sw\u00f3j dozwolony pobyt.<\/li>\n\n\n\n<li>Obecnie przebywasz w Kanadzie jako go\u015b\u0107, pracownik lub student bez zezwolenia i chcesz przed\u0142u\u017cy\u0107 sw\u00f3j status.<\/li>\n<\/ul>\n\n<hr class=\"wp-block-separator has-alpha-channel-opacity\"\/>\n\n<h3 class=\"wp-block-heading\"><strong>Jak z\u0142o\u017cy\u0107 wniosek o wpis do rejestru go\u015bci<\/strong><\/h3>\n\n<p>Proces ubiegania si\u0119 o wpis go\u015bcia obejmuje nast\u0119puj\u0105ce kroki:<\/p>\n\n<ol class=\"wp-block-list\">\n<li><strong>Przygotowanie dokument\u00f3w<\/strong>:\n<ul class=\"wp-block-list\">\n<li>Wa\u017cny paszport lub dokument podr\u00f3\u017cy (upewnij si\u0119, \u017ce jest wa\u017cny przez ca\u0142y okres przed\u0142u\u017conego pobytu).<\/li>\n\n\n\n<li>Dow\u00f3d posiadania wystarczaj\u0105cych \u015brodk\u00f3w na utrzymanie podczas przed\u0142u\u017conego pobytu.<\/li>\n\n\n\n<li>Jasne wyja\u015bnienie, dlaczego chcesz przed\u0142u\u017cy\u0107 sw\u00f3j pobyt w Kanadzie.<\/li>\n<\/ul>\n<\/li>\n\n\n\n<li><strong>Prze\u015blij swoj\u0105 aplikacj\u0119 online<\/strong>:\n<ul class=\"wp-block-list\">\n<li>Wype\u0142nij formularz zg\u0142oszeniowy za po\u015brednictwem <a>portalu IRCC<\/a>.<\/li>\n\n\n\n<li>Ui\u015bci\u0107 op\u0142at\u0119 za aplikacj\u0119, zaczynaj\u0105c\u0105 si\u0119 od <strong> 100 USD<\/strong>.<\/li>\n<\/ul>\n<\/li>\n\n\n\n<li><strong>Aplikuj wcze\u015bnie<\/strong>:\n<ul class=\"wp-block-list\">\n<li>Czas przetwarzania wynosi oko\u0142o <strong>126 dni<\/strong>, wi\u0119c wa\u017cne jest, aby z\u0142o\u017cy\u0107 wniosek z du\u017cym wyprzedzeniem przed wyga\u015bni\u0119ciem obecnego statusu.<\/li>\n\n\n\n<li>Je\u015bli Tw\u00f3j status wyga\u015bnie w trakcie rozpatrywania wniosku, b\u0119dziesz mie\u0107 <strong>status dorozumiany<\/strong> i b\u0119dziesz m\u00f3g\u0142 legalnie przebywa\u0107 w Kanadzie do czasu podj\u0119cia decyzji.<\/li>\n<\/ul>\n<\/li>\n<\/ol>\n\n<hr class=\"wp-block-separator has-alpha-channel-opacity\"\/>\n\n<h3 class=\"wp-block-heading\"><strong>Po z\u0142o\u017ceniu wniosku<\/strong><\/h3>\n\n<ul class=\"wp-block-list\">\n<li><strong>Zatwierdzenie<\/strong>: Je\u015bli Tw\u00f3j wniosek zostanie zatwierdzony, otrzymasz rekord go\u015bcia z now\u0105 dat\u0105 wyga\u015bni\u0119cia.<\/li>\n\n\n\n<li><strong>Odrzucenie<\/strong>: Je\u015bli Tw\u00f3j wniosek zostanie odrzucony, musisz natychmiast opu\u015bci\u0107 Kanad\u0119.<\/li>\n\n\n\n<li><strong>Status dorozumiany<\/strong>: Oczekuj\u0105c na decyzj\u0119, mo\u017cesz legalnie pozosta\u0107 w Kanadzie, je\u015bli z\u0142o\u017cy\u0142e\u015b wniosek przed wyga\u015bni\u0119ciem statusu.<\/li>\n<\/ul>\n\n<hr class=\"wp-block-separator has-alpha-channel-opacity\"\/>\n\n<h3 class=\"wp-block-heading\"><strong>Podr\u00f3\u017cowanie poza Kanad\u0105<\/strong><\/h3>\n\n<p>Wpis do rejestru go\u015bci <strong>nie gwarantuje ponownego wjazdu do Kanady<\/strong>. Je\u015bli opu\u015bcisz Kanad\u0119 podczas przed\u0142u\u017conego pobytu i planujesz wr\u00f3ci\u0107, b\u0119dziesz potrzebowa\u0107: <\/p>\n\n<ul class=\"wp-block-list\">\n<li>Wa\u017cn\u0105 <strong>wiz\u0119 turystyczn\u0105<\/strong> lub <strong>eTA<\/strong> umo\u017cliwiaj\u0105c\u0105 ponowny wjazd do Kanady, oraz<\/li>\n\n\n\n<li>Rejestr go\u015bci potwierdzaj\u0105cy autoryzowane przed\u0142u\u017cenie pobytu.<\/li>\n<\/ul>\n\n<hr class=\"wp-block-separator has-alpha-channel-opacity\"\/>\n\n<h3 class=\"wp-block-heading\"><strong>Kluczowe op\u0142aty i czas przetwarzania<\/strong><\/h3>\n\n<ul class=\"wp-block-list\">\n<li><strong>Op\u0142aty<\/strong>: Od <strong> 100 USD<\/strong> za wniosek o wpis do rejestru go\u015bci.<\/li>\n\n\n\n<li><strong>Czas przetwarzania<\/strong>: oko\u0142o <strong>126 dni<\/strong> (z zastrze\u017ceniem zmian).<\/li>\n<\/ul>\n\n<hr class=\"wp-block-separator has-alpha-channel-opacity\"\/>\n\n<h3 class=\"wp-block-heading\"><strong>Wa\u017cne uwagi<\/strong><\/h3>\n\n<ul class=\"wp-block-list\">\n<li>Upewnij si\u0119, \u017ce Tw\u00f3j paszport jest wa\u017cny przez ca\u0142y okres pobytu.<\/li>\n\n\n\n<li>Wpis do rejestru go\u015bci nie uprawnia do podj\u0119cia pracy lub nauki w Kanadzie. B\u0119dziesz potrzebowa\u0107 pozwolenia na prac\u0119 lub nauk\u0119, aby m\u00f3c wykonywa\u0107 te czynno\u015bci. <\/li>\n\n\n\n<li>Przekroczenie dozwolonego pobytu bez ubiegania si\u0119 o przed\u0142u\u017cenie mo\u017ce skutkowa\u0107 karami prawnymi i mo\u017ce mie\u0107 wp\u0142yw na przysz\u0142e podr\u00f3\u017ce do Kanady.<\/li>\n<\/ul>\n\n<p>Planowanie przed\u0142u\u017cenia pobytu w Kanadzie wymaga przygotowania i terminowego z\u0142o\u017cenia wniosku. Przestrzegaj\u0105c tego procesu, mo\u017cesz cieszy\u0107 si\u0119 d\u0142u\u017cszym pobytem, przestrzegaj\u0105c kanadyjskich przepis\u00f3w imigracyjnych. <\/p>\n","protected":false},"excerpt":{"rendered":"<p>Przed\u0142u\u017c sw\u00f3j pobyt w Kanadzie: Rejestr odwiedzin Je\u015bli chcesz pozosta\u0107 w Kanadzie d\u0142u\u017cej ni\u017c pocz\u0105tkowo dozwolony okres pobytu jako go\u015b\u0107, [&hellip;]<\/p>\n","protected":false},"author":1,"featured_media":0,"parent":0,"menu_order":0,"comment_status":"closed","ping_status":"closed","template":"","meta":{"_uag_custom_page_level_css":"","site-sidebar-layout":"default","site-content-layout":"","ast-site-content-layout":"","site-content-style":"default","site-sidebar-style":"default","ast-global-header-display":"","ast-banner-title-visibility":"","ast-main-header-display":"","ast-hfb-above-header-display":"","ast-hfb-below-header-display":"","ast-hfb-mobile-header-display":"","site-post-title":"","ast-breadcrumbs-content":"","ast-featured-img":"","footer-sml-layout":"","theme-transparent-header-meta":"","adv-header-id-meta":"","stick-header-meta":"","header-above-stick-meta":"","header-main-stick-meta":"","header-below-stick-meta":"","astra-migrate-meta-layouts":"default","ast-page-background-enabled":"default","ast-page-background-meta":{"desktop":{"background-color":"var(--ast-global-color-4)","background-image":"","background-repeat":"repeat","background-position":"center center","background-size":"auto","background-attachment":"scroll","background-type":"","background-media":"","overlay-type":"","overlay-color":"","overlay-opacity":"","overlay-gradient":""},"tablet":{"background-color":"","background-image":"","background-repeat":"repeat","background-position":"center center","background-size":"auto","background-attachment":"scroll","background-type":"","background-media":"","overlay-type":"","overlay-color":"","overlay-opacity":"","overlay-gradient":""},"mobile":{"background-color":"","background-image":"","background-repeat":"repeat","background-position":"center center","background-size":"auto","background-attachment":"scroll","background-type":"","background-media":"","overlay-type":"","overlay-color":"","overlay-opacity":"","overlay-gradient":""}},"ast-content-background-meta":{"desktop":{"background-color":"var(--ast-global-color-5)","background-image":"","background-repeat":"repeat","background-position":"center center","background-size":"auto","background-attachment":"scroll","background-type":"","background-media":"","overlay-type":"","overlay-color":"","overlay-opacity":"","overlay-gradient":""},"tablet":{"background-color":"var(--ast-global-color-5)","background-image":"","background-repeat":"repeat","background-position":"center center","background-size":"auto","background-attachment":"scroll","background-type":"","background-media":"","overlay-type":"","overlay-color":"","overlay-opacity":"","overlay-gradient":""},"mobile":{"background-color":"var(--ast-global-color-5)","background-image":"","background-repeat":"repeat","background-position":"center center","background-size":"auto","background-attachment":"scroll","background-type":"","background-media":"","overlay-type":"","overlay-color":"","overlay-opacity":"","overlay-gradient":""}},"footnotes":""},"categories":[],"tags":[],"class_list":["post-1339","page","type-page","status-publish","hentry"],"uagb_featured_image_src":{"full":false,"thumbnail":false,"medium":false,"medium_large":false,"large":false,"1536x1536":false,"2048x2048":false},"uagb_author_info":{"display_name":"admin","author_link":"https:\/\/www.etafast.org\/pl\/author\/admin\/"},"uagb_comment_info":0,"uagb_excerpt":"Przed\u0142u\u017c sw\u00f3j pobyt w Kanadzie: Rejestr odwiedzin Je\u015bli chcesz pozosta\u0107 w Kanadzie d\u0142u\u017cej ni\u017c pocz\u0105tkowo dozwolony okres pobytu jako go\u015b\u0107, [&hellip;]","_links":{"self":[{"href":"https:\/\/www.etafast.org\/pl\/wp-json\/wp\/v2\/pages\/1339","targetHints":{"allow":["GET"]}}],"collection":[{"href":"https:\/\/www.etafast.org\/pl\/wp-json\/wp\/v2\/pages"}],"about":[{"href":"https:\/\/www.etafast.org\/pl\/wp-json\/wp\/v2\/types\/page"}],"author":[{"embeddable":true,"href":"https:\/\/www.etafast.org\/pl\/wp-json\/wp\/v2\/users\/1"}],"replies":[{"embeddable":true,"href":"https:\/\/www.etafast.org\/pl\/wp-json\/wp\/v2\/comments?post=1339"}],"version-history":[{"count":1,"href":"https:\/\/www.etafast.org\/pl\/wp-json\/wp\/v2\/pages\/1339\/revisions"}],"predecessor-version":[{"id":1340,"href":"https:\/\/www.etafast.org\/pl\/wp-json\/wp\/v2\/pages\/1339\/revisions\/1340"}],"wp:attachment":[{"href":"https:\/\/www.etafast.org\/pl\/wp-json\/wp\/v2\/media?parent=1339"}],"wp:term":[{"taxonomy":"category","embeddable":true,"href":"https:\/\/www.etafast.org\/pl\/wp-json\/wp\/v2\/categories?post=1339"},{"taxonomy":"post_tag","embeddable":true,"href":"https:\/\/www.etafast.org\/pl\/wp-json\/wp\/v2\/tags?post=1339"}],"curies":[{"name":"wp","href":"https:\/\/api.w.org\/{rel}","templated":true}]}}