{"id":1237,"date":"2024-12-11T08:28:06","date_gmt":"2024-12-11T07:28:06","guid":{"rendered":"https:\/\/www.etafast.org\/super-visa-dla-rodzicow-i-dziadkow\/"},"modified":"2024-12-11T09:11:29","modified_gmt":"2024-12-11T08:11:29","slug":"super-visa-dla-rodzicow-i-dziadkow","status":"publish","type":"page","link":"https:\/\/www.etafast.org\/pl\/super-visa-dla-rodzicow-i-dziadkow\/","title":{"rendered":"Super Visa dla rodzic\u00f3w i dziadk\u00f3w"},"content":{"rendered":"\n<h3 class=\"wp-block-heading\">Super Visa dla rodzic\u00f3w i dziadk\u00f3w<\/h3>\n\n<p><strong>Super Visa<\/strong> to specjalna wiza przeznaczona dla rodzic\u00f3w i dziadk\u00f3w obywateli Kanady i sta\u0142ych rezydent\u00f3w. Pozwala ona na d\u0142u\u017csze wizyty w Kanadzie, zapewniaj\u0105c wyj\u0105tkow\u0105 okazj\u0119 do sp\u0119dzenia czasu z rodzin\u0105, jednocze\u015bnie ciesz\u0105c si\u0119 korzy\u015bciami p\u0142yn\u0105cymi z wielokrotnych wjazd\u00f3w przez d\u0142ugi czas. <\/p>\n\n<hr class=\"wp-block-separator has-alpha-channel-opacity\"\/>\n\n<h3 class=\"wp-block-heading\"><strong>Co to jest Super Visa?<\/strong><\/h3>\n\n<p><strong>Super Visa<\/strong> to:<\/p>\n\n<ul class=\"wp-block-list\">\n<li><strong>Wiza d\u0142ugoterminowa<\/strong>, kt\u00f3ra umo\u017cliwia uprawnionym rodzicom i dziadkom odwiedzanie Kanady przez okres <strong>do 5 lat<\/strong> bez konieczno\u015bci odnawiania statusu.<\/li>\n\n\n\n<li><strong>Wiza wielokrotnego wjazdu<\/strong>, wa\u017cna <strong>do 10 lat<\/strong>, umo\u017cliwiaj\u0105ca cz\u0119ste wizyty w Kanadzie w okresie wa\u017cno\u015bci wizy.<\/li>\n<\/ul>\n\n<p>Wiza ta jest idealna dla os\u00f3b, kt\u00f3re planuj\u0105 odwiedzi\u0107 swoje dzieci lub wnuki na d\u0142u\u017cszy pobyt.<\/p>\n\n<hr class=\"wp-block-separator has-alpha-channel-opacity\"\/>\n\n<h3 class=\"wp-block-heading\"><strong>Wymagania kwalifikacyjne dla super wizy<\/strong><\/h3>\n\n<p>Aby zakwalifikowa\u0107 si\u0119 do otrzymania super wizy, wnioskodawcy musz\u0105 spe\u0142ni\u0107 okre\u015blone kryteria:<\/p>\n\n<ol class=\"wp-block-list\">\n<li><strong>Zwi\u0105zek<\/strong>:\n<ul class=\"wp-block-list\">\n<li>By\u0107 <strong>rodzicem lub dziadkiem<\/strong> obywatela lub sta\u0142ego rezydenta Kanady.<\/li>\n<\/ul>\n<\/li>\n\n\n\n<li><strong>Zaproszenie<\/strong>:\n<ul class=\"wp-block-list\">\n<li>Dostarczy\u0107 list z zaproszeniem od dziecka lub wnuka w Kanadzie.<\/li>\n\n\n\n<li>List musi zawiera\u0107:\n<ul class=\"wp-block-list\">\n<li>Obietnica wsparcia finansowego na czas trwania wizyty.<\/li>\n\n\n\n<li>Szczeg\u00f3\u0142y dotycz\u0105ce zwi\u0105zku.<\/li>\n\n\n\n<li>Lista cz\u0142onk\u00f3w gospodarstwa domowego gospodarza w Kanadzie.<\/li>\n<\/ul>\n<\/li>\n<\/ul>\n<\/li>\n\n\n\n<li><strong>Wymagania dotycz\u0105ce dochodu<\/strong>:\n<ul class=\"wp-block-list\">\n<li>Dziecko lub wnuk musi spe\u0142nia\u0107 <strong>minimalny pr\u00f3g dochodu<\/strong> w zale\u017cno\u015bci od liczby cz\u0142onk\u00f3w rodziny.<\/li>\n<\/ul>\n<\/li>\n\n\n\n<li><strong>Ubezpieczenie zdrowotne<\/strong>:\n<ul class=\"wp-block-list\">\n<li>Wykup prywatne <strong>ubezpieczenie medyczne<\/strong> od kanadyjskiej firmy ubezpieczeniowej:\n<ul class=\"wp-block-list\">\n<li>Obejmuje co najmniej <strong> 100 000 CAD.<\/strong><\/li>\n\n\n\n<li>Jest wa\u017cny przez <strong>co najmniej rok<\/strong> od daty wjazdu.<\/li>\n\n\n\n<li>Zawiera dow\u00f3d pe\u0142nej p\u0142atno\u015bci (nie oferty).<\/li>\n<\/ul>\n<\/li>\n<\/ul>\n<\/li>\n\n\n\n<li><strong>Badanie lekarskie<\/strong>:\n<ul class=\"wp-block-list\">\n<li>Uko\u0144czenie imigracyjnego badania lekarskiego w celu wykazania dopuszczalno\u015bci.<\/li>\n<\/ul>\n<\/li>\n\n\n\n<li><strong>Dodatkowe wymagania<\/strong>:\n<ul class=\"wp-block-list\">\n<li>Udowodnij silne wi\u0119zi z krajem pochodzenia, takie jak rodzina, finanse lub zatrudnienie, aby mie\u0107 pewno\u015b\u0107, \u017ce opu\u015bcisz Kanad\u0119 po zako\u0144czeniu wizyty.<\/li>\n\n\n\n<li>Poka\u017c, \u017ce posiadasz wystarczaj\u0105ce \u015brodki na wizyt\u0119.<\/li>\n<\/ul>\n<\/li>\n<\/ol>\n\n<hr class=\"wp-block-separator has-alpha-channel-opacity\"\/>\n\n<h3 class=\"wp-block-heading\"><strong>Jak d\u0142ugo mo\u017cna przebywa\u0107 w Kanadzie?<\/strong><\/h3>\n\n<p>Czas trwania pobytu zale\u017cy od tego, kiedy z\u0142o\u017cono wniosek o super wiz\u0119:<\/p>\n\n<ul class=\"wp-block-list\">\n<li><strong>Wnioski z\u0142o\u017cone 22 czerwca 2023 r. lub p\u00f3\u017aniej<\/strong>:\n<ul class=\"wp-block-list\">\n<li>Posiadacze Super Visa mog\u0105 przebywa\u0107 na terenie kraju <strong>do 5 lat.<\/strong><\/li>\n<\/ul>\n<\/li>\n\n\n\n<li><strong>Zg\u0142oszenia przed 22 czerwca 2023<\/strong> r:\n<ul class=\"wp-block-list\">\n<li><strong>Jedna wizyta mo\u017ce trwa\u0107 do 2 lat<\/strong>.<\/li>\n<\/ul>\n<\/li>\n<\/ul>\n\n<p>Niezale\u017cnie od daty z\u0142o\u017cenia wniosku:<\/p>\n\n<ul class=\"wp-block-list\">\n<li>Upewnij si\u0119, \u017ce <strong>paszport jest wa\u017cny<\/strong> na czas pobytu.<\/li>\n\n\n\n<li>Utrzymanie lub odnowienie <strong>ubezpieczenia zdrowotnego<\/strong> podczas pobytu w Kanadzie lub przy ponownym wje\u017adzie.<\/li>\n<\/ul>\n\n<hr class=\"wp-block-separator has-alpha-channel-opacity\"\/>\n\n<h3 class=\"wp-block-heading\"><strong>Korzy\u015bci z super wizy<\/strong><\/h3>\n\n<ol class=\"wp-block-list\">\n<li><strong>Przed\u0142u\u017cone wizyty<\/strong>:\n<ul class=\"wp-block-list\">\n<li>Ciesz si\u0119 d\u0142ugoterminowymi pobytami bez konieczno\u015bci cz\u0119stego ubiegania si\u0119 o przed\u0142u\u017cenie.<\/li>\n<\/ul>\n<\/li>\n\n\n\n<li><strong>Zg\u0142oszenia wielokrotne<\/strong>:\n<ul class=\"wp-block-list\">\n<li>Wielokrotne podr\u00f3\u017ce do Kanady w ci\u0105gu 10 lat.<\/li>\n<\/ul>\n<\/li>\n\n\n\n<li><strong>Spok\u00f3j ducha<\/strong>:\n<ul class=\"wp-block-list\">\n<li>Wym\u00f3g posiadania ubezpieczenia zdrowotnego zapewnia ochron\u0119 medyczn\u0105 podczas pobytu.<\/li>\n<\/ul>\n<\/li>\n\n\n\n<li><strong>\u0141\u0105czenie rodzin<\/strong>:\n<ul class=\"wp-block-list\">\n<li>Zacie\u015bniaj wi\u0119zi ze swoimi dzie\u0107mi i wnukami.<\/li>\n<\/ul>\n<\/li>\n<\/ol>\n","protected":false},"excerpt":{"rendered":"<p>Super Visa dla rodzic\u00f3w i dziadk\u00f3w Super Visa to specjalna wiza przeznaczona dla rodzic\u00f3w i dziadk\u00f3w obywateli Kanady i sta\u0142ych [&hellip;]<\/p>\n","protected":false},"author":1,"featured_media":0,"parent":0,"menu_order":0,"comment_status":"closed","ping_status":"closed","template":"","meta":{"_uag_custom_page_level_css":"","site-sidebar-layout":"default","site-content-layout":"","ast-site-content-layout":"","site-content-style":"default","site-sidebar-style":"default","ast-global-header-display":"","ast-banner-title-visibility":"","ast-main-header-display":"","ast-hfb-above-header-display":"","ast-hfb-below-header-display":"","ast-hfb-mobile-header-display":"","site-post-title":"","ast-breadcrumbs-content":"","ast-featured-img":"","footer-sml-layout":"","theme-transparent-header-meta":"","adv-header-id-meta":"","stick-header-meta":"","header-above-stick-meta":"","header-main-stick-meta":"","header-below-stick-meta":"","astra-migrate-meta-layouts":"default","ast-page-background-enabled":"default","ast-page-background-meta":{"desktop":{"background-color":"var(--ast-global-color-4)","background-image":"","background-repeat":"repeat","background-position":"center center","background-size":"auto","background-attachment":"scroll","background-type":"","background-media":"","overlay-type":"","overlay-color":"","overlay-opacity":"","overlay-gradient":""},"tablet":{"background-color":"","background-image":"","background-repeat":"repeat","background-position":"center center","background-size":"auto","background-attachment":"scroll","background-type":"","background-media":"","overlay-type":"","overlay-color":"","overlay-opacity":"","overlay-gradient":""},"mobile":{"background-color":"","background-image":"","background-repeat":"repeat","background-position":"center center","background-size":"auto","background-attachment":"scroll","background-type":"","background-media":"","overlay-type":"","overlay-color":"","overlay-opacity":"","overlay-gradient":""}},"ast-content-background-meta":{"desktop":{"background-color":"var(--ast-global-color-5)","background-image":"","background-repeat":"repeat","background-position":"center center","background-size":"auto","background-attachment":"scroll","background-type":"","background-media":"","overlay-type":"","overlay-color":"","overlay-opacity":"","overlay-gradient":""},"tablet":{"background-color":"var(--ast-global-color-5)","background-image":"","background-repeat":"repeat","background-position":"center center","background-size":"auto","background-attachment":"scroll","background-type":"","background-media":"","overlay-type":"","overlay-color":"","overlay-opacity":"","overlay-gradient":""},"mobile":{"background-color":"var(--ast-global-color-5)","background-image":"","background-repeat":"repeat","background-position":"center center","background-size":"auto","background-attachment":"scroll","background-type":"","background-media":"","overlay-type":"","overlay-color":"","overlay-opacity":"","overlay-gradient":""}},"footnotes":""},"categories":[],"tags":[],"class_list":["post-1237","page","type-page","status-publish","hentry"],"uagb_featured_image_src":{"full":false,"thumbnail":false,"medium":false,"medium_large":false,"large":false,"1536x1536":false,"2048x2048":false},"uagb_author_info":{"display_name":"admin","author_link":"https:\/\/www.etafast.org\/pl\/author\/admin\/"},"uagb_comment_info":0,"uagb_excerpt":"Super Visa dla rodzic\u00f3w i dziadk\u00f3w Super Visa to specjalna wiza przeznaczona dla rodzic\u00f3w i dziadk\u00f3w obywateli Kanady i sta\u0142ych [&hellip;]","_links":{"self":[{"href":"https:\/\/www.etafast.org\/pl\/wp-json\/wp\/v2\/pages\/1237","targetHints":{"allow":["GET"]}}],"collection":[{"href":"https:\/\/www.etafast.org\/pl\/wp-json\/wp\/v2\/pages"}],"about":[{"href":"https:\/\/www.etafast.org\/pl\/wp-json\/wp\/v2\/types\/page"}],"author":[{"embeddable":true,"href":"https:\/\/www.etafast.org\/pl\/wp-json\/wp\/v2\/users\/1"}],"replies":[{"embeddable":true,"href":"https:\/\/www.etafast.org\/pl\/wp-json\/wp\/v2\/comments?post=1237"}],"version-history":[{"count":1,"href":"https:\/\/www.etafast.org\/pl\/wp-json\/wp\/v2\/pages\/1237\/revisions"}],"predecessor-version":[{"id":1238,"href":"https:\/\/www.etafast.org\/pl\/wp-json\/wp\/v2\/pages\/1237\/revisions\/1238"}],"wp:attachment":[{"href":"https:\/\/www.etafast.org\/pl\/wp-json\/wp\/v2\/media?parent=1237"}],"wp:term":[{"taxonomy":"category","embeddable":true,"href":"https:\/\/www.etafast.org\/pl\/wp-json\/wp\/v2\/categories?post=1237"},{"taxonomy":"post_tag","embeddable":true,"href":"https:\/\/www.etafast.org\/pl\/wp-json\/wp\/v2\/tags?post=1237"}],"curies":[{"name":"wp","href":"https:\/\/api.w.org\/{rel}","templated":true}]}}