{"id":1027,"date":"2024-12-11T08:29:22","date_gmt":"2024-12-11T07:29:22","guid":{"rendered":"https:\/\/www.etafast.org\/odwiedzajacy-biznesowi\/"},"modified":"2024-12-11T09:08:30","modified_gmt":"2024-12-11T08:08:30","slug":"odwiedzajacy-biznesowi","status":"publish","type":"page","link":"https:\/\/www.etafast.org\/pl\/odwiedzajacy-biznesowi\/","title":{"rendered":"Odwiedzaj\u0105cy biznesowi"},"content":{"rendered":"\n<h3 class=\"wp-block-heading\">Go\u015bcie biznesowi: Uczestnictwo w spotkaniach, wydarzeniach i konferencjach w Kanadzie<\/h3>\n\n<p>Go\u015bcie biznesowi odgrywaj\u0105 istotn\u0105 rol\u0119 we wspieraniu mi\u0119dzynarodowego handlu i wsp\u00f3\u0142pracy. Je\u015bli planujesz uczestniczy\u0107 w spotkaniach, wydarzeniach lub konferencjach w Kanadzie jako go\u015b\u0107 biznesowy, oto przewodnik krok po kroku, aby zapewni\u0107 sprawny proces wjazdu. <\/p>\n\n<hr class=\"wp-block-separator has-alpha-channel-opacity\"\/>\n\n<h3 class=\"wp-block-heading\"><strong>Krok 1: Jeste\u015b go\u015bciem biznesowym czy potrzebujesz pozwolenia na prac\u0119?<\/strong><\/h3>\n\n<p>Aby zakwalifikowa\u0107 si\u0119 jako <strong>go\u015b\u0107 biznesowy<\/strong> w Kanadzie, musisz:<\/p>\n\n<ul class=\"wp-block-list\">\n<li><strong>Czas trwania<\/strong>: Planowany czas pobytu: <strong>poni\u017cej 6 miesi\u0119cy<\/strong>.<\/li>\n\n\n\n<li><strong>Cel<\/strong>: Nie wej\u015b\u0107 na kanadyjski rynek pracy.<\/li>\n\n\n\n<li><strong>\u0179r\u00f3d\u0142o dzia\u0142alno\u015bci<\/strong>: Upewnij si\u0119, \u017ce g\u0142\u00f3wne miejsce prowadzenia dzia\u0142alno\u015bci, dochody i zyski pozostaj\u0105 <strong>poza Kanad\u0105<\/strong>.<\/li>\n\n\n\n<li><strong>Dokumenty<\/strong>: Posiadaj niezb\u0119dn\u0105 dokumentacj\u0119 na poparcie swojej aplikacji.<\/li>\n<\/ul>\n\n<p><strong>Podstawowe wymagania wst\u0119pne<\/strong>:<\/p>\n\n<ul class=\"wp-block-list\">\n<li>Wa\u017cny dokument podr\u00f3\u017cy (np. paszport).<\/li>\n\n\n\n<li>Wystarczaj\u0105ce \u015brodki na pobyt i podr\u00f3\u017c powrotn\u0105.<\/li>\n\n\n\n<li>Dow\u00f3d, \u017ce opu\u015bcisz Kanad\u0119 po zako\u0144czeniu wizyty.<\/li>\n\n\n\n<li>Brak zagro\u017ce\u0144 kryminalnych, bezpiecze\u0144stwa lub zdrowotnych dla Kanadyjczyk\u00f3w.<\/li>\n<\/ul>\n\n<p><strong>Czynno\u015bci dozwolone jako go\u015b\u0107 biznesowy<\/strong>:<\/p>\n\n<ul class=\"wp-block-list\">\n<li>Zakup kanadyjskich towar\u00f3w lub us\u0142ug dla zagranicznej firmy lub rz\u0105du.<\/li>\n\n\n\n<li>Przyjmowanie zam\u00f3wie\u0144 na towary lub us\u0142ugi.<\/li>\n\n\n\n<li>Udzia\u0142 w spotkaniach, konferencjach, konwencjach lub targach.<\/li>\n\n\n\n<li>\u015awiadczenie us\u0142ug posprzeda\u017cnych w ramach gwarancji lub umowy sprzeda\u017cy.<\/li>\n\n\n\n<li>Odbywanie lub prowadzenie szkole\u0144 zwi\u0105zanych z prowadzon\u0105 dzia\u0142alno\u015bci\u0105.<\/li>\n<\/ul>\n\n<p><strong>Uwaga<\/strong>: Je\u015bli Twoja wizyta wi\u0105\u017ce si\u0119 z pobytem d\u0142u\u017cszym ni\u017c 6 miesi\u0119cy lub zaanga\u017cowaniem w dzia\u0142ania na kanadyjskim rynku pracy, mo\u017cesz potrzebowa\u0107 <strong>pozwolenia na prac\u0119<\/strong>.<\/p>\n\n<hr class=\"wp-block-separator has-alpha-channel-opacity\"\/>\n\n<h3 class=\"wp-block-heading\"><strong>Krok 2: Czy potrzebujesz wizy lub eTA?<\/strong><\/h3>\n\n<p>To, czy potrzebujesz <strong>wizy<\/strong>, czy <strong>elektronicznego zezwolenia na podr\u00f3\u017c (eTA)<\/strong>, zale\u017cy od Twojego obywatelstwa i okoliczno\u015bci podr\u00f3\u017cy.<\/p>\n\n<ul class=\"wp-block-list\">\n<li>Skorzystaj z <a>narz\u0119dzia rz\u0105du Kanady<\/a>, aby okre\u015bli\u0107 swoje uprawnienia.<\/li>\n<\/ul>\n\n<hr class=\"wp-block-separator has-alpha-channel-opacity\"\/>\n\n<h3 class=\"wp-block-heading\"><strong>Krok 3: Uzyskanie kodu wydarzenia (je\u015bli dotyczy)<\/strong><\/h3>\n\n<p>W przypadku wydarze\u0144, spotka\u0144 lub konferencji zarejestrowanych w <strong>Immigration, Refugees and Citizenship Canada (IRCC<\/strong>):<\/p>\n\n<ul class=\"wp-block-list\">\n<li>Organizator wydarzenia przeka\u017ce Ci <strong>kod wydarzenia<\/strong> i instrukcje dotycz\u0105ce wniosku wizowego.<\/li>\n\n\n\n<li>Wprowadzenie kodu wydarzenia w aplikacji pomaga zidentyfikowa\u0107 uczestnika.<\/li>\n<\/ul>\n\n<hr class=\"wp-block-separator has-alpha-channel-opacity\"\/>\n\n<h3 class=\"wp-block-heading\"><strong>Krok 4: Ubieganie si\u0119 o wiz\u0119 lub eTA (w razie potrzeby)<\/strong><\/h3>\n\n<ul class=\"wp-block-list\">\n<li><strong>Wiza<\/strong>: Z\u0142\u00f3\u017c wniosek wizowy za po\u015brednictwem oficjalnej <a>strony IRCC<\/a>.<\/li>\n\n\n\n<li><strong>eTA<\/strong>: Z\u0142\u00f3\u017c wniosek online o eTA.<\/li>\n<\/ul>\n\n<hr class=\"wp-block-separator has-alpha-channel-opacity\"\/>\n\n<h3 class=\"wp-block-heading\"><strong>Krok 5: Przygotowanie dokument\u00f3w na podr\u00f3\u017c<\/strong><\/h3>\n\n<p>Po przybyciu na granic\u0119 kanadyjsk\u0105 upewnij si\u0119, \u017ce posiadasz nast\u0119puj\u0105ce dokumenty (nie pakuj ich do walizki):<\/p>\n\n<ul class=\"wp-block-list\">\n<li>Wa\u017cny paszport lub dokument podr\u00f3\u017cy na ca\u0142y okres pobytu.<\/li>\n\n\n\n<li>Wa\u017cna wiza (je\u015bli dotyczy).<\/li>\n\n\n\n<li>Je\u015bli potrzebujesz eTA, podr\u00f3\u017cuj z paszportem u\u017cytym we wniosku o eTA.<\/li>\n\n\n\n<li>Legalni stali mieszka\u0144cy Stan\u00f3w Zjednoczonych musz\u0105 mie\u0107 przy sobie <strong>wa\u017cn\u0105 zielon\u0105 kart\u0119<\/strong> (lub r\u00f3wnowa\u017cny dow\u00f3d statusu) oraz paszport.<\/li>\n\n\n\n<li>Listy poparcia od sp\u00f3\u0142ki macierzystej i list z zaproszeniem od kanadyjskiej firmy przyjmuj\u0105cej.<\/li>\n\n\n\n<li>Dodatkowe dokumenty, takie jak umowy, umowy gwarancyjne lub dokumenty serwisowe (je\u015bli dotyczy).<\/li>\n\n\n\n<li>Dane kontaktowe hosta biznesowego w Kanadzie.<\/li>\n\n\n\n<li>Dow\u00f3d posiadania wystarczaj\u0105cych \u015brodk\u00f3w na pobyt i powr\u00f3t.<\/li>\n<\/ul>\n\n<hr class=\"wp-block-separator has-alpha-channel-opacity\"\/>\n\n<h3 class=\"wp-block-heading\"><strong>Ma\u0142oletni podr\u00f3\u017cuj\u0105cy z u\u017cytkownikiem<\/strong><\/h3>\n\n<p>Je\u015bli podr\u00f3\u017cujesz z dzie\u0107mi w wieku poni\u017cej 18 lat, zapoznaj si\u0119 z kanadyjskimi przepisami dotycz\u0105cymi nieletnich.<\/p>\n\n<ul class=\"wp-block-list\">\n<li>Zapoznaj si\u0119 z wymogami dotycz\u0105cymi wjazdu dla nieletnich, aby zapewni\u0107 zgodno\u015b\u0107 z kanadyjskimi przepisami chroni\u0105cymi dzieci.<\/li>\n<\/ul>\n\n<hr class=\"wp-block-separator has-alpha-channel-opacity\"\/>\n\n<h3 class=\"wp-block-heading\"><strong>Kluczowe uwagi dla odwiedzaj\u0105cych biznesowych<\/strong><\/h3>\n\n<ul class=\"wp-block-list\">\n<li><strong>Umowa mi\u0119dzy Kanad\u0105, Stanami Zjednoczonymi i Meksykiem (CUSMA)<\/strong> zawiera dodatkowe postanowienia dotycz\u0105ce obywateli USA i Meksyku uczestnicz\u0105cych w dzia\u0142aniach takich jak badania, marketing i us\u0142ugi og\u00f3lne.<\/li>\n\n\n\n<li>Zawsze nale\u017cy skontaktowa\u0107 si\u0119 z organizatorem spotkania lub wydarzenia w celu uzyskania szczeg\u00f3\u0142owych wymaga\u0144 lub wskaz\u00f3wek.<\/li>\n\n\n\n<li>Odwiedzaj\u0105cy biznesowi s\u0105 ograniczeni do dzia\u0142a\u0144, kt\u00f3re nie wi\u0105\u017c\u0105 si\u0119 z bezpo\u015brednim zatrudnieniem w Kanadzie.<\/li>\n<\/ul>\n\n<p>Post\u0119puj\u0105c zgodnie z tymi krokami i upewniaj\u0105c si\u0119, \u017ce posiadasz odpowiednie dokumenty, Twoja wizyta biznesowa w Kanadzie mo\u017ce przebiega\u0107 sprawnie i pomy\u015blnie.<\/p>\n","protected":false},"excerpt":{"rendered":"<p>Go\u015bcie biznesowi: Uczestnictwo w spotkaniach, wydarzeniach i konferencjach w Kanadzie Go\u015bcie biznesowi odgrywaj\u0105 istotn\u0105 rol\u0119 we wspieraniu mi\u0119dzynarodowego handlu i [&hellip;]<\/p>\n","protected":false},"author":1,"featured_media":0,"parent":0,"menu_order":0,"comment_status":"closed","ping_status":"closed","template":"","meta":{"_uag_custom_page_level_css":"","site-sidebar-layout":"default","site-content-layout":"","ast-site-content-layout":"","site-content-style":"default","site-sidebar-style":"default","ast-global-header-display":"","ast-banner-title-visibility":"","ast-main-header-display":"","ast-hfb-above-header-display":"","ast-hfb-below-header-display":"","ast-hfb-mobile-header-display":"","site-post-title":"","ast-breadcrumbs-content":"","ast-featured-img":"","footer-sml-layout":"","theme-transparent-header-meta":"","adv-header-id-meta":"","stick-header-meta":"","header-above-stick-meta":"","header-main-stick-meta":"","header-below-stick-meta":"","astra-migrate-meta-layouts":"default","ast-page-background-enabled":"default","ast-page-background-meta":{"desktop":{"background-color":"var(--ast-global-color-4)","background-image":"","background-repeat":"repeat","background-position":"center center","background-size":"auto","background-attachment":"scroll","background-type":"","background-media":"","overlay-type":"","overlay-color":"","overlay-opacity":"","overlay-gradient":""},"tablet":{"background-color":"","background-image":"","background-repeat":"repeat","background-position":"center center","background-size":"auto","background-attachment":"scroll","background-type":"","background-media":"","overlay-type":"","overlay-color":"","overlay-opacity":"","overlay-gradient":""},"mobile":{"background-color":"","background-image":"","background-repeat":"repeat","background-position":"center center","background-size":"auto","background-attachment":"scroll","background-type":"","background-media":"","overlay-type":"","overlay-color":"","overlay-opacity":"","overlay-gradient":""}},"ast-content-background-meta":{"desktop":{"background-color":"var(--ast-global-color-5)","background-image":"","background-repeat":"repeat","background-position":"center center","background-size":"auto","background-attachment":"scroll","background-type":"","background-media":"","overlay-type":"","overlay-color":"","overlay-opacity":"","overlay-gradient":""},"tablet":{"background-color":"var(--ast-global-color-5)","background-image":"","background-repeat":"repeat","background-position":"center center","background-size":"auto","background-attachment":"scroll","background-type":"","background-media":"","overlay-type":"","overlay-color":"","overlay-opacity":"","overlay-gradient":""},"mobile":{"background-color":"var(--ast-global-color-5)","background-image":"","background-repeat":"repeat","background-position":"center center","background-size":"auto","background-attachment":"scroll","background-type":"","background-media":"","overlay-type":"","overlay-color":"","overlay-opacity":"","overlay-gradient":""}},"footnotes":""},"categories":[],"tags":[],"class_list":["post-1027","page","type-page","status-publish","hentry"],"uagb_featured_image_src":{"full":false,"thumbnail":false,"medium":false,"medium_large":false,"large":false,"1536x1536":false,"2048x2048":false},"uagb_author_info":{"display_name":"admin","author_link":"https:\/\/www.etafast.org\/pl\/author\/admin\/"},"uagb_comment_info":0,"uagb_excerpt":"Go\u015bcie biznesowi: Uczestnictwo w spotkaniach, wydarzeniach i konferencjach w Kanadzie Go\u015bcie biznesowi odgrywaj\u0105 istotn\u0105 rol\u0119 we wspieraniu mi\u0119dzynarodowego handlu i [&hellip;]","_links":{"self":[{"href":"https:\/\/www.etafast.org\/pl\/wp-json\/wp\/v2\/pages\/1027","targetHints":{"allow":["GET"]}}],"collection":[{"href":"https:\/\/www.etafast.org\/pl\/wp-json\/wp\/v2\/pages"}],"about":[{"href":"https:\/\/www.etafast.org\/pl\/wp-json\/wp\/v2\/types\/page"}],"author":[{"embeddable":true,"href":"https:\/\/www.etafast.org\/pl\/wp-json\/wp\/v2\/users\/1"}],"replies":[{"embeddable":true,"href":"https:\/\/www.etafast.org\/pl\/wp-json\/wp\/v2\/comments?post=1027"}],"version-history":[{"count":1,"href":"https:\/\/www.etafast.org\/pl\/wp-json\/wp\/v2\/pages\/1027\/revisions"}],"predecessor-version":[{"id":1028,"href":"https:\/\/www.etafast.org\/pl\/wp-json\/wp\/v2\/pages\/1027\/revisions\/1028"}],"wp:attachment":[{"href":"https:\/\/www.etafast.org\/pl\/wp-json\/wp\/v2\/media?parent=1027"}],"wp:term":[{"taxonomy":"category","embeddable":true,"href":"https:\/\/www.etafast.org\/pl\/wp-json\/wp\/v2\/categories?post=1027"},{"taxonomy":"post_tag","embeddable":true,"href":"https:\/\/www.etafast.org\/pl\/wp-json\/wp\/v2\/tags?post=1027"}],"curies":[{"name":"wp","href":"https:\/\/api.w.org\/{rel}","templated":true}]}}