{"id":939,"date":"2024-12-11T08:30:38","date_gmt":"2024-12-11T07:30:38","guid":{"rendered":"https:\/\/www.etafast.org\/transitt-gjennom-canada\/"},"modified":"2024-12-11T09:07:15","modified_gmt":"2024-12-11T08:07:15","slug":"transitt-gjennom-canada","status":"publish","type":"page","link":"https:\/\/www.etafast.org\/no\/transitt-gjennom-canada\/","title":{"rendered":"Transitt gjennom Canada"},"content":{"rendered":"\n<p>Hvis du skal reise til et annet land og m\u00e5 transittere gjennom Canada, vil dokumentkravene avhenge av flere faktorer, blant annet reisem\u00e5te, oppholdets varighet, nasjonalitet og innvandringsstatus. Nedenfor finner du en omfattende guide som hjelper deg med \u00e5 finne ut hva du trenger for en smidig transitt gjennom Canada. <\/p>\n\n<hr class=\"wp-block-separator has-alpha-channel-opacity\"\/>\n\n<h3 class=\"wp-block-heading\"><strong>Faktorer som avgj\u00f8r transportbehovet ditt<\/strong><\/h3>\n\n<ol class=\"wp-block-list\">\n<li><strong>Reisem\u00e5te<\/strong>:\n<ul class=\"wp-block-list\">\n<li>Med fly (internasjonale flyvninger med forbindelse via kanadiske flyplasser).<\/li>\n\n\n\n<li>Med bil, buss, tog eller b\u00e5t (inkludert cruiseskip).<\/li>\n<\/ul>\n<\/li>\n\n\n\n<li><strong>Varighet av transitt<\/strong>:\n<ul class=\"wp-block-list\">\n<li>Mindre enn 48 timer.<\/li>\n\n\n\n<li>Mer enn 48 timer.<\/li>\n<\/ul>\n<\/li>\n\n\n\n<li><strong>Nasjonalitet og innvandringsstatus<\/strong>:\n<ul class=\"wp-block-list\">\n<li>Passlandet ditt.<\/li>\n\n\n\n<li>Enten du er amerikansk statsborger, har lovlig permanent opphold i USA eller har et gyldig amerikansk visum.<\/li>\n<\/ul>\n<\/li>\n<\/ol>\n\n<hr class=\"wp-block-separator has-alpha-channel-opacity\"\/>\n\n<h3 class=\"wp-block-heading\"><strong>Dokumentalternativer for transitt gjennom Canada<\/strong><\/h3>\n\n<h4 class=\"wp-block-heading\"><strong>1. Bes\u00f8ksvisum<\/strong><\/h4>\n\n<p>Du trenger et <strong>bes\u00f8ksvisum<\/strong> hvis:<\/p>\n\n<ul class=\"wp-block-list\">\n<li>Du er fra et <strong>visumpliktig land<\/strong> og planlegger \u00e5:\n<ul class=\"wp-block-list\">\n<li>Bes\u00f8k Canada, selv om det er i mindre enn 48 timer.<\/li>\n\n\n\n<li>Opphold deg i Canada i <strong>mer enn 48 timer<\/strong> under transitt.<\/li>\n<\/ul>\n<\/li>\n\n\n\n<li>Du reiser med <strong>buss, bil, tog, b\u00e5t eller cruiseskip<\/strong> fra et visumpliktig land.<\/li>\n<\/ul>\n\n<p><\/p>\n\n<hr class=\"wp-block-separator has-alpha-channel-opacity\"\/>\n\n<h4 class=\"wp-block-heading\"><strong>2. Transittvisum<\/strong><\/h4>\n\n<p>Du trenger et <strong>transittvisum<\/strong> hvis:<\/p>\n\n<ul class=\"wp-block-list\">\n<li>Du er fra et <strong>visumpliktig land<\/strong> og:\n<ul class=\"wp-block-list\">\n<li>Det internasjonale flyet ditt stopper p\u00e5 en kanadisk flyplass p\u00e5 vei til en annen destinasjon.<\/li>\n\n\n\n<li>Du skal mellomlande mellom to internasjonale flyvninger p\u00e5 en eller flere kanadiske flyplasser.<\/li>\n\n\n\n<li>Transitten varer i <strong>48 timer eller mindre<\/strong>.<\/li>\n\n\n\n<li>Du har ikke gyldig bes\u00f8ksvisum.<\/li>\n\n\n\n<li>Du er ikke kvalifisert for en eTA.<\/li>\n<\/ul>\n<\/li>\n<\/ul>\n\n<p><\/p>\n\n<hr class=\"wp-block-separator has-alpha-channel-opacity\"\/>\n\n<h4 class=\"wp-block-heading\"><strong>3. Elektronisk reisegodkjenning (eTA)<\/strong><\/h4>\n\n<p>Du trenger en <strong>eTA<\/strong> hvis:<\/p>\n\n<ul class=\"wp-block-list\">\n<li>Du er fra <strong>et land som krever eTA<\/strong> og:\n<ul class=\"wp-block-list\">\n<li>Transitt gjennom Canada med fly.<\/li>\n\n\n\n<li>Transitten din er en del av en internasjonal flyreise.<\/li>\n<\/ul>\n<\/li>\n<\/ul>\n\n<p><strong>Unntak<\/strong>:<\/p>\n\n<ul class=\"wp-block-list\">\n<li>Du trenger ikke eTA hvis du reiser med tog, buss, b\u00e5t eller cruiseskip, men du m\u00e5 ha gyldige reisedokumenter.<\/li>\n<\/ul>\n\n<p><\/p>\n\n<hr class=\"wp-block-separator has-alpha-channel-opacity\"\/>\n\n<h4 class=\"wp-block-heading\"><strong>4. Transitt uten visum<\/strong><\/h4>\n\n<ul class=\"wp-block-list\">\n<li>Amerikanske <strong>statsborgere og personer med lovlig permanent oppholdstillatelse<\/strong>:<br>Amerikanske statsborgere og personer med amerikansk Green Card kan reise gjennom Canada uten visum med fly, bil, buss, tog eller b\u00e5t. S\u00f8rg for at du har med deg: \n<ul class=\"wp-block-list\">\n<li>Gyldig pass eller reisedokument.<\/li>\n\n\n\n<li>Et gyldig amerikansk Green Card (for personer med lovlig permanent opphold).<\/li>\n<\/ul>\n<\/li>\n\n\n\n<li><strong>Passinnehavere fra bestemte land<\/strong>:<br\/>Statsborgere fra <strong>Kina, Indonesia, Filippinene, Thailand<\/strong> eller <strong>Taiwan<\/strong> (uten personnummer) kan reise uten visum hvis de oppfyller visse vilk\u00e5r.<\/li>\n<\/ul>\n\n<p><\/p>\n\n<hr class=\"wp-block-separator has-alpha-channel-opacity\"\/>\n\n<h3 class=\"wp-block-heading\"><strong>Dokumenter du m\u00e5 ha med deg<\/strong><\/h3>\n\n<p>N\u00e5r du reiser gjennom Canada, m\u00e5 du alltid ha f\u00f8lgende dokumenter klare:<\/p>\n\n<ul class=\"wp-block-list\">\n<li>Gyldig pass eller reisedokument for hele reisen.<\/li>\n\n\n\n<li>Et gyldig visum, transittvisum eller eTA (hvis aktuelt).<\/li>\n\n\n\n<li>For personer med permanent oppholdstillatelse i USA: Et gyldig Green Card eller tilsvarende bevis p\u00e5 status.<\/li>\n\n\n\n<li>Bevis p\u00e5 videre reise, for eksempel flybilletter eller reiserute.<\/li>\n<\/ul>\n\n<hr class=\"wp-block-separator has-alpha-channel-opacity\"\/>\n\n<h3 class=\"wp-block-heading\"><strong>Viktige merknader<\/strong><\/h3>\n\n<ul class=\"wp-block-list\">\n<li><strong>Varighet av transitt<\/strong>: Hvis transitten din varer mer enn 48 timer, trenger du et bes\u00f8ksvisum.<\/li>\n\n\n\n<li><strong>Innreisem\u00e5te<\/strong>: eTA er p\u00e5krevd for flyreiser, men ikke for land- eller sj\u00f8reiser.<\/li>\n\n\n\n<li><strong>S\u00f8k p\u00e5 forh\u00e5nd<\/strong>: S\u00f8k om de n\u00f8dvendige dokumentene i god tid f\u00f8r reisedato for \u00e5 unng\u00e5 forsinkelser.<\/li>\n<\/ul>\n\n<p>Ved \u00e5 s\u00f8rge for at du har riktig dokumentasjon, kan du reise gjennom Canada uten problemer og fokusere p\u00e5 \u00e5 n\u00e5 din endelige destinasjon.<\/p>\n","protected":false},"excerpt":{"rendered":"<p>Hvis du skal reise til et annet land og m\u00e5 transittere gjennom Canada, vil dokumentkravene avhenge av flere faktorer, blant [&hellip;]<\/p>\n","protected":false},"author":1,"featured_media":0,"parent":0,"menu_order":0,"comment_status":"closed","ping_status":"closed","template":"","meta":{"_uag_custom_page_level_css":"","site-sidebar-layout":"default","site-content-layout":"","ast-site-content-layout":"","site-content-style":"default","site-sidebar-style":"default","ast-global-header-display":"","ast-banner-title-visibility":"","ast-main-header-display":"","ast-hfb-above-header-display":"","ast-hfb-below-header-display":"","ast-hfb-mobile-header-display":"","site-post-title":"","ast-breadcrumbs-content":"","ast-featured-img":"","footer-sml-layout":"","theme-transparent-header-meta":"","adv-header-id-meta":"","stick-header-meta":"","header-above-stick-meta":"","header-main-stick-meta":"","header-below-stick-meta":"","astra-migrate-meta-layouts":"default","ast-page-background-enabled":"default","ast-page-background-meta":{"desktop":{"background-color":"var(--ast-global-color-4)","background-image":"","background-repeat":"repeat","background-position":"center center","background-size":"auto","background-attachment":"scroll","background-type":"","background-media":"","overlay-type":"","overlay-color":"","overlay-opacity":"","overlay-gradient":""},"tablet":{"background-color":"","background-image":"","background-repeat":"repeat","background-position":"center center","background-size":"auto","background-attachment":"scroll","background-type":"","background-media":"","overlay-type":"","overlay-color":"","overlay-opacity":"","overlay-gradient":""},"mobile":{"background-color":"","background-image":"","background-repeat":"repeat","background-position":"center center","background-size":"auto","background-attachment":"scroll","background-type":"","background-media":"","overlay-type":"","overlay-color":"","overlay-opacity":"","overlay-gradient":""}},"ast-content-background-meta":{"desktop":{"background-color":"var(--ast-global-color-5)","background-image":"","background-repeat":"repeat","background-position":"center center","background-size":"auto","background-attachment":"scroll","background-type":"","background-media":"","overlay-type":"","overlay-color":"","overlay-opacity":"","overlay-gradient":""},"tablet":{"background-color":"var(--ast-global-color-5)","background-image":"","background-repeat":"repeat","background-position":"center center","background-size":"auto","background-attachment":"scroll","background-type":"","background-media":"","overlay-type":"","overlay-color":"","overlay-opacity":"","overlay-gradient":""},"mobile":{"background-color":"var(--ast-global-color-5)","background-image":"","background-repeat":"repeat","background-position":"center center","background-size":"auto","background-attachment":"scroll","background-type":"","background-media":"","overlay-type":"","overlay-color":"","overlay-opacity":"","overlay-gradient":""}},"footnotes":""},"categories":[],"tags":[],"class_list":["post-939","page","type-page","status-publish","hentry"],"uagb_featured_image_src":{"full":false,"thumbnail":false,"medium":false,"medium_large":false,"large":false,"1536x1536":false,"2048x2048":false},"uagb_author_info":{"display_name":"admin","author_link":"https:\/\/www.etafast.org\/no\/author\/admin\/"},"uagb_comment_info":0,"uagb_excerpt":"Hvis du skal reise til et annet land og m\u00e5 transittere gjennom Canada, vil dokumentkravene avhenge av flere faktorer, blant [&hellip;]","_links":{"self":[{"href":"https:\/\/www.etafast.org\/no\/wp-json\/wp\/v2\/pages\/939","targetHints":{"allow":["GET"]}}],"collection":[{"href":"https:\/\/www.etafast.org\/no\/wp-json\/wp\/v2\/pages"}],"about":[{"href":"https:\/\/www.etafast.org\/no\/wp-json\/wp\/v2\/types\/page"}],"author":[{"embeddable":true,"href":"https:\/\/www.etafast.org\/no\/wp-json\/wp\/v2\/users\/1"}],"replies":[{"embeddable":true,"href":"https:\/\/www.etafast.org\/no\/wp-json\/wp\/v2\/comments?post=939"}],"version-history":[{"count":1,"href":"https:\/\/www.etafast.org\/no\/wp-json\/wp\/v2\/pages\/939\/revisions"}],"predecessor-version":[{"id":940,"href":"https:\/\/www.etafast.org\/no\/wp-json\/wp\/v2\/pages\/939\/revisions\/940"}],"wp:attachment":[{"href":"https:\/\/www.etafast.org\/no\/wp-json\/wp\/v2\/media?parent=939"}],"wp:term":[{"taxonomy":"category","embeddable":true,"href":"https:\/\/www.etafast.org\/no\/wp-json\/wp\/v2\/categories?post=939"},{"taxonomy":"post_tag","embeddable":true,"href":"https:\/\/www.etafast.org\/no\/wp-json\/wp\/v2\/tags?post=939"}],"curies":[{"name":"wp","href":"https:\/\/api.w.org\/{rel}","templated":true}]}}