{"id":459,"date":"2024-12-02T16:08:30","date_gmt":"2024-12-02T15:08:30","guid":{"rendered":"https:\/\/www.etafast.org\/kontakt\/"},"modified":"2024-12-11T09:03:21","modified_gmt":"2024-12-11T08:03:21","slug":"kontakt","status":"publish","type":"page","link":"https:\/\/www.etafast.org\/no\/kontakt\/","title":{"rendered":"Kontakt"},"content":{"rendered":"<style>\n.accordion-content {\n    display: none;\n    padding: 10px;\n    border: 1px solid #ccc;\n    border-top: none;\n}\n\n.accordion-header {\n    cursor: pointer;\n    padding: 10px;\n    border: 1px solid #ccc;\n    margin: 0;\nbackground-color:#fafafa;\nmargin-bottom:10px;\nborder-radius:3px;\npadding-right:50px;\nposition: relative;\nfont-size:110%;\n}\n.accordion-header .qs {\n\n}\n.arrow {\n    position: absolute;\n    right: 10px;\n    top: 10px;\n}\n\n.arrow-up {\n    transform: rotate(180deg);\n}\n<\/style>\n\n\n<script>\njQuery(document).ready(function(){\n    jQuery(\".accordion-header\").click(function() {\n        \/\/ Toggle the arrow direction of the clicked header\n        jQuery(this).children(\".arrow\").toggleClass(\"arrow-up\", !jQuery(this).next().is(\":visible\"));\n        \n        \/\/ Close previously opened content and reset their arrows\n        jQuery(\".accordion-content\").not(jQuery(this).next()).slideUp().prev().children(\".arrow\").removeClass(\"arrow-up\");\n        jQuery(\".accordion-content\").not(jQuery(this).next()).prev().find(\".arrow\").html(\"&#9660;\"); \/\/ Reset other arrows to down\n        \n        jQuery(this).next().slideToggle();\n        if(jQuery(this).next().is(\":visible\")) {\n            jQuery(this).find(\".arrow\").html(\"&#9660;\"); \/\/ Change to up arrow\n        } else {\n            jQuery(this).find(\".arrow\").html(\"&#9650;\"); \/\/ Change back to down arrow\n        }\n    });\n});\n<\/script>\n\n\n<div class=\"accordion\"><h4 class=\"accordion-header\"><span class=\"qs\">Er betalingen refunderbar<\/span><span class=\"arrow\">&#9660;<\/span><\/h4>\n            <div class=\"accordion-content\">\n            <p>Ja. Betalingen refunderes f\u00f8r tjenesten leveres til deg. Vennligst sjekk vilk\u00e5rene og betingelsene for mer informasjon<\/p>\n            <\/div><\/div><script type=\"application\/ld+json\">\n    {\n      \"@context\": \"https:\/\/schema.org\",\n      \"@type\": \"FAQPage\",\n      \"mainEntity\": [{\n        \"@type\": \"Question\",\n        \"name\": \"Er betalingen refunderbar\",\n        \"acceptedAnswer\": {\n          \"@type\": \"Answer\",\n          \"text\": \"Ja. Betalingen refunderes f\u00f8r tjenesten leveres til deg. Vennligst sjekk vilk\u00e5rene og betingelsene for mer informasjon\"\n        }\n      }\n      ]\n    }\n    <\/script>\n\n\n<h2>Kundeservice<\/h2><style>\n.accordion-content2 {\n    display: none;\n    padding: 10px;\n    border: 1px solid #ccc;\n    border-top: none;\n}\n            \n.accordion-header2 {\n    cursor: pointer;\n    padding: 10px;\n    border: 1px solid #ccc;\n    margin: 0;\nbackground-color:#fafafa;\nmargin-bottom:10px;\nborder-radius:3px;\npadding-right:50px;\nposition: relative;\nfont-size:110%;\n}\n.accordion-header2 .qs {\n            \n}\n.arrow2 {\n    position: absolute;\n    right: 10px;\n    top: 10px;\n}\n            \n.arrow-up2 {\n    transform: rotate(180deg);\n}\n<\/style>\n            \n            \n<script>\njQuery(document).ready(function(){\n    jQuery(\".accordion-header2\").click(function() {\n        \/\/ Toggle the arrow direction of the clicked header\n        jQuery(this).children(\".arrow2\").toggleClass(\"arrow-up2\", !jQuery(this).next().is(\":visible\"));\n            \n        \/\/ Close previously opened content and reset their arrows\n        jQuery(\".accordion-content2\").not(jQuery(this).next()).slideUp().prev().children(\".arrow2\").removeClass(\"arrow-up2\");\n        jQuery(\".accordion-content2\").not(jQuery(this).next()).prev().find(\".arrow2\").html(\"&#9660;\"); \/\/ Reset other arrows to down\n            \n        jQuery(this).next().slideToggle();\n        if(jQuery(this).next().is(\":visible\")) {\n            jQuery(this).find(\".arrow2\").html(\"&#9660;\"); \/\/ Change to up arrow\n        } else {\n            jQuery(this).find(\".arrow2\").html(\"&#9650;\"); \/\/ Change back to down arrow\n        }\n    });\n});\n<\/script>\n            \n            \n<div class=\"accordion2\"><h4 class=\"accordion-header2\"><span class=\"qs2\">Jeg har ikke mottatt noen ordrebekreftelse<\/span><span class=\"arrow2\">&#9660;<\/span><\/h4>\n            <div class=\"accordion-content2\">\n            <p>Vi begynner \u00e5 registrere tjenesten for deg omtrent 12 timer f\u00f8r gyldighetsstart. Ved gyldighet samme dag, innen 5 minutter etter at betalingen er mottatt.\n Hvis du \u00f8nsker \u00e5 motta aktiveringsdata umiddelbart, kan du starte registreringen umiddelbart p\u00e5 adressen vi sendte deg i den f\u00f8rste e-posten. \nDet kan hende at du ikke mottar en e-post som bekrefter mottak av betaling (for eksempel p\u00e5 grunn av feil e-postadresse). I s\u00e5 fall, vennligst:<br \/> \n \u2013 sjekk spam-mappen din f\u00f8rst<br \/> \n \u2013 hvis du fortsatt ikke finner informasjon fra oss her, kan du pr\u00f8ve \u00e5 finne bestillingen din ved hjelp av skjemaet ovenfor.<br \/> \n \u2013 p\u00e5 siden du finner, kan du deretter korrigere e-postadressen din og spore statusen til bestillingen din.<br \/><br \/> \n \nHvis du ikke finner adressen din for ordrebehandling, kan du kontakte oss n\u00e5r som helst.<br \/> \n\n<br \/><a href=\"#cform\" onclick=\"document.getElementById('cform').style.display='';\">Kontakt kundest\u00f8tte<\/a><\/p>\n            <\/div><h4 class=\"accordion-header2\"><span class=\"qs2\">Jeg \u00f8nsker \u00e5 endre registreringsopplysningene mine<\/span><span class=\"arrow2\">&#9660;<\/span><\/h4>\n            <div class=\"accordion-content2\">\n            <p>Vi begynner \u00e5 registrere tjenesten for deg omtrent 12 timer f\u00f8r gyldighetsstart. Ved gyldighet samme dag, innen 5 minutter etter mottak av betaling.\nInntil da kan dataene endres via bestillingsdetaljsiden. Du finner denne adressen i alle e-poster du mottar fra oss.\n\nHvis du ikke mottok en e-post som bekrefter mottak av betaling (for eksempel p\u00e5 grunn av feil e-postadresse). I s\u00e5 fall, vennligst:<br \/> \n \u2013 sjekk spam-mappen din f\u00f8rst<br \/> \n \u2013 hvis du fortsatt ikke finner informasjon fra oss her, kan du pr\u00f8ve \u00e5 finne bestillingen din ved hjelp av skjemaet ovenfor (Sjekk av ordrestatus).<br \/> \n \u2013 p\u00e5 siden du finner, kan du redigere detaljene dine og spore statusen til bestillingen din.<br \/> \n<br \/> Hvis bestillingen din allerede er behandlet, er det ikke mulig \u00e5 endre noen detaljer. V\u00e6r oppmerksom p\u00e5 at vignetten er ugyldig ved feil data (spesielt kj\u00f8ret\u00f8yets registreringsland, registreringsnummer, gyldighetsdato)#\n, og tjenesten m\u00e5 kj\u00f8pes p\u00e5 nytt.<br \/> \nTakk for din forst\u00e5else.\n\n<\/p>\n            <\/div><h4 class=\"accordion-header2\"><span class=\"qs2\">Betalingen gikk ut av kontoen min, men jeg mottok ingen e-post<\/span><span class=\"arrow2\">&#9660;<\/span><\/h4>\n            <div class=\"accordion-content2\">\n            <p>Som det fremg\u00e5r av v\u00e5re forretningsbetingelser, begynner vi \u00e5 behandle tjenesten. s\u00e5 snart betalingen kommer i systemet Det kan v\u00e6re flere \u00e5rsaker til at betalingen ikke krediteres. Fra det faktum at bankinstitusjonen din sendte betalingen for sent til tekniske problemer. Enkelt sagt, inntil vi ser betalingen i systemet v\u00e5rt, anser vi ikke bestillingen din som fullstendig. Vi tar alle mulige skritt for \u00e5 matche alle betalinger som kommer, og feilraten er innenfor hundredeler av en prosent. Dersom du ikke mottar en e-post med informasjon om at betalingen er mottatt innen maksimalt 1 time etter betaling (sjekk ogs\u00e5 s\u00f8ppelpostmappen), vennligst kontakt oss umiddelbart. Dette er den eneste m\u00e5ten vi kan sikre en jevn bestillingsprosess. V\u00e6r oppmerksom p\u00e5 at vi f\u00f8rst begynner \u00e5 jobbe med bestillingen n\u00e5r betalingen er mottatt i systemet, ikke ved \u00e5 sende den (eller bare blokkere betalingen) p\u00e5 kundens side. Vi er ikke ansvarlige for skader som oppst\u00e5r f\u00f8r betaling er mottatt. Takk for at du forst\u00e5r.<br \/><br \/><a href=\"#cform\" onclick=\"document.getElementById('cform').style.display='';\">Kontakt kundest\u00f8tte<\/a><\/p>\n            <\/div><h4 class=\"accordion-header2\"><span class=\"qs2\">Jeg har et annet sp\u00f8rsm\u00e5l til deg<\/span><span class=\"arrow2\">&#9660;<\/span><\/h4>\n            <div class=\"accordion-content2\">\n            <p>Hvis ingen av svarene oppfyller foresp\u00f8rselen din, kan du kontakte oss n\u00e5r som helst, s\u00e5 hjelper vi deg gjerne.<br \/><br \/><a href=\"#cform\" onclick=\"document.getElementById('cform').style.display='';\">Kontakt kundest\u00f8tte<\/a><\/p>\n            <\/div><\/div><div id=\"cform\"><br style=\"clear:both;\" \/><h2>E-postst\u00f8tte<\/h2><script type=\"text\/javascript\">\n        function decodeEmail(encodedLocalPart, encodedDomainPart, indices) {\n            const localPart = atob(encodedLocalPart).split('');\n            const domainPart = atob(encodedDomainPart).split('');\n\n            \/\/ Reconstruct the email address using the provided indices\n            const originalLocalPart = indices.local.map(index => localPart[index]).join('');\n            const originalDomainPart = indices.domain.map(index => domainPart[index]).join('');\n\n            const email = originalLocalPart + \"@\" + originalDomainPart;\n            document.getElementById('email').innerText = email;\n        }\n    <\/script><p>For \u00e5 opprette en kundest\u00f8tteforesp\u00f8rsel kan du sende en e-post til adressen nedenfor:<\/p><div style=\"text-align:center;padding:20px 0 50px 0;font-size:150%;\nfont-weight:bold;\"><a id=\"email-link\" href=\"\"><\/a><\/div><script>document.addEventListener(\"DOMContentLoaded\", function() {    const emailLink = document.getElementById(\"email-link\");    const obfuscatedEmail = \"gro.tsafate@troppus\";    const realEmail = obfuscatedEmail.split(\"\").reverse().join(\"\");    const randomString = Array.from({length: realEmail.length}, () => Math.random().toString(36)[2]).join('');    emailLink.textContent = randomString;    emailLink.href = 'mailto:'+realEmail;\n                    emailLink.textContent = realEmail;});<\/script><h2>WhatsApp-st\u00f8tte<\/h2><p>For rask behandling av sp\u00f8rsm\u00e5lene dine ang\u00e5ende bestillingen, kan du kontakte oss p\u00e5 WhatsApp p\u00e5 telefonnummer (meldinger er gratis, du betaler kun for data innenfor internettforbindelsen).<\/p><div style=\"text-align:center;padding:20px 0 50px 0;font-size:150%;\nfont-weight:bold;\"><a href=\"https:\/\/wa.me\/447893938888\">+44 789 393 8888<\/a><\/div><h2>Kundeservice<\/h2><p style=\"text-align:center;color:#6ab400;font-weight:bold;\">Online st\u00f8tte er tilgjengelig 24x7<\/p><p>For \u00e5 behandle foresp\u00f8rselen din raskere ber vi deg oppgi e-postadressen du oppga under registreringen, kj\u00f8ret\u00f8yets registreringsnummer og bestillingsdatoen. Takk for at du forst\u00e5r.<\/p>\n<a style=\"display:block;width:100%;\ncolor:#fff;background-color:rgb(241, 23, 23);padding:10px 0;\nfont-size:120%;text-align:center;\" onclick=\"zE('messenger', 'open');return false;\" href=\"#\">Kontakt support<\/a>\n<!-- Start of Zendesk Widget script -->\n<script id=\"ze-snippet\" src=\"https:\/\/static.zdassets.com\/ekr\/snippet.js?key=fc8651a1-b5bf-4914-a59d-057a43523f5b\"> <\/script>\n<!-- End of Zendesk Widget script -->\n\n\n<script><\/script>\n<\/div>\n\n\n\n<p><\/p>\n","protected":false},"excerpt":{"rendered":"","protected":false},"author":1,"featured_media":0,"parent":0,"menu_order":0,"comment_status":"closed","ping_status":"closed","template":"","meta":{"_uag_custom_page_level_css":"","site-sidebar-layout":"default","site-content-layout":"","ast-site-content-layout":"","site-content-style":"default","site-sidebar-style":"default","ast-global-header-display":"","ast-banner-title-visibility":"","ast-main-header-display":"","ast-hfb-above-header-display":"","ast-hfb-below-header-display":"","ast-hfb-mobile-header-display":"","site-post-title":"","ast-breadcrumbs-content":"","ast-featured-img":"","footer-sml-layout":"","theme-transparent-header-meta":"","adv-header-id-meta":"","stick-header-meta":"","header-above-stick-meta":"","header-main-stick-meta":"","header-below-stick-meta":"","astra-migrate-meta-layouts":"default","ast-page-background-enabled":"default","ast-page-background-meta":{"desktop":{"background-color":"var(--ast-global-color-4)","background-image":"","background-repeat":"repeat","background-position":"center center","background-size":"auto","background-attachment":"scroll","background-type":"","background-media":"","overlay-type":"","overlay-color":"","overlay-opacity":"","overlay-gradient":""},"tablet":{"background-color":"","background-image":"","background-repeat":"repeat","background-position":"center center","background-size":"auto","background-attachment":"scroll","background-type":"","background-media":"","overlay-type":"","overlay-color":"","overlay-opacity":"","overlay-gradient":""},"mobile":{"background-color":"","background-image":"","background-repeat":"repeat","background-position":"center center","background-size":"auto","background-attachment":"scroll","background-type":"","background-media":"","overlay-type":"","overlay-color":"","overlay-opacity":"","overlay-gradient":""}},"ast-content-background-meta":{"desktop":{"background-color":"var(--ast-global-color-5)","background-image":"","background-repeat":"repeat","background-position":"center center","background-size":"auto","background-attachment":"scroll","background-type":"","background-media":"","overlay-type":"","overlay-color":"","overlay-opacity":"","overlay-gradient":""},"tablet":{"background-color":"var(--ast-global-color-5)","background-image":"","background-repeat":"repeat","background-position":"center center","background-size":"auto","background-attachment":"scroll","background-type":"","background-media":"","overlay-type":"","overlay-color":"","overlay-opacity":"","overlay-gradient":""},"mobile":{"background-color":"var(--ast-global-color-5)","background-image":"","background-repeat":"repeat","background-position":"center center","background-size":"auto","background-attachment":"scroll","background-type":"","background-media":"","overlay-type":"","overlay-color":"","overlay-opacity":"","overlay-gradient":""}},"footnotes":""},"categories":[],"tags":[],"class_list":["post-459","page","type-page","status-publish","hentry"],"uagb_featured_image_src":{"full":false,"thumbnail":false,"medium":false,"medium_large":false,"large":false,"1536x1536":false,"2048x2048":false},"uagb_author_info":{"display_name":"admin","author_link":"https:\/\/www.etafast.org\/no\/author\/admin\/"},"uagb_comment_info":0,"uagb_excerpt":null,"_links":{"self":[{"href":"https:\/\/www.etafast.org\/no\/wp-json\/wp\/v2\/pages\/459","targetHints":{"allow":["GET"]}}],"collection":[{"href":"https:\/\/www.etafast.org\/no\/wp-json\/wp\/v2\/pages"}],"about":[{"href":"https:\/\/www.etafast.org\/no\/wp-json\/wp\/v2\/types\/page"}],"author":[{"embeddable":true,"href":"https:\/\/www.etafast.org\/no\/wp-json\/wp\/v2\/users\/1"}],"replies":[{"embeddable":true,"href":"https:\/\/www.etafast.org\/no\/wp-json\/wp\/v2\/comments?post=459"}],"version-history":[{"count":1,"href":"https:\/\/www.etafast.org\/no\/wp-json\/wp\/v2\/pages\/459\/revisions"}],"predecessor-version":[{"id":460,"href":"https:\/\/www.etafast.org\/no\/wp-json\/wp\/v2\/pages\/459\/revisions\/460"}],"wp:attachment":[{"href":"https:\/\/www.etafast.org\/no\/wp-json\/wp\/v2\/media?parent=459"}],"wp:term":[{"taxonomy":"category","embeddable":true,"href":"https:\/\/www.etafast.org\/no\/wp-json\/wp\/v2\/categories?post=459"},{"taxonomy":"post_tag","embeddable":true,"href":"https:\/\/www.etafast.org\/no\/wp-json\/wp\/v2\/tags?post=459"}],"curies":[{"name":"wp","href":"https:\/\/api.w.org\/{rel}","templated":true}]}}