{"id":367,"date":"2024-12-02T16:09:31","date_gmt":"2024-12-02T15:09:31","guid":{"rendered":"https:\/\/www.etafast.org\/vilkar-for-bruk\/"},"modified":"2024-12-11T09:02:46","modified_gmt":"2024-12-11T08:02:46","slug":"vilkar-for-bruk","status":"publish","type":"page","link":"https:\/\/www.etafast.org\/no\/vilkar-for-bruk\/","title":{"rendered":"Vilk\u00e5r for bruk"},"content":{"rendered":"<h3 id=\"-vod\" class=\"scroll-mt-6\">1. INNLEDNING<\/h3> \n<p> 1.1 Nettstedet <span style=\"font-family: Overpass, -apple-system, BlinkMacSystemFont, Segoe UI, Roboto, Oxygen-Sans, Ubuntu, Cantarell, Helvetica Neue, sans-serif; font-size: 15px; font-style: normal; font-variant-ligatures: normal; font-variant-caps: normal; font-weight: 400;\"><span id=\"vol&quot;nettsted&quot;\"><\/span> <script>\n      \n        const decodedString&quot;nettsted&quot; = String.fromCharCode();\n        document.getElementById(\"vol&quot;nettsted&quot;\").textContent = decodedString&quot;nettsted&quot;;\n    <\/script><\/span> (heretter referert til som &quot;Nettstedet&quot;) drives av selskapet <span id=\"vol&quot;firmanavn&quot;\"><\/span> <script>\n      \n        const decodedString&quot;firmanavn&quot; = String.fromCharCode();\n        document.getElementById(\"vol&quot;firmanavn&quot;\").textContent = decodedString&quot;firmanavn&quot;;\n    <\/script> med registrert kontoradresse p\u00e5 <span style=\"font-family: Overpass, -apple-system, BlinkMacSystemFont, Segoe UI, Roboto, Oxygen-Sans, Ubuntu, Cantarell, Helvetica Neue, sans-serif;font-size: 15px; font-style: normal; font-variant-ligatures: normal; font-variant-caps: normal; font-weight: 400;\"><span id=\"vol&quot;companyadr&quot;\"><\/span> <script>\n      \n        const decodedString&quot;companyadr&quot; = String.fromCharCode();\n        document.getElementById(\"vol&quot;companyadr&quot;\").textContent = decodedString&quot;companyadr&quot;;\n    <\/script><\/span> (heretter referert til som &quot;Selskapet&quot;).<\/p> \n<p><br \/> 1.2 Selskapet tilbyr sine kunder en tjeneste for formidling av betaling av avgifter for bruk av europeiske bompengede veinett (heretter referert til som \u00abTjenesten\u00bb).<\/p> \n<p><br \/> 1.3 Disse generelle vilk\u00e5rene og betingelsene for nettstedet (heretter referert til som \u00abvilk\u00e5r og betingelser\u00bb) regulerer de gjensidige rettighetene og forpliktelsene til avtalepartene som oppst\u00e5r i forbindelse med eller p\u00e5 grunnlag av avtalen om levering av tjenester (heretter referert til som \u00abavtalen\u00bb) inng\u00e5tt gjennom nettstedet.<\/p> \n<p><br \/> 1.4 En kunde er enhver bes\u00f8kende p\u00e5 nettstedet, uavhengig av om de opptrer som forbruker eller som bedrift (heretter referert til som \u00abkunden\u00bb).<br \/> 1.5 En forbruker er en person som, n\u00e5r vedkommende inng\u00e5r og oppfyller Avtalen, ikke handler innenfor rammen av sin kommersielle eller andre forretningsvirksomhet (heretter referert til som \u00abForbrukeren\u00bb).<\/p> \n<p><br \/> 1.6 Selskapet betaler gebyret for bruk av bompengepliktige europeiske veinettverk p\u00e5 vegne av Kunden direkte til operat\u00f8ren av f\u00f8lgende nettsteder i det gitte landet<\/p> \n<p><br \/> 1.7 Kunden erkjenner at tjenesten ikke omfatter salg av elektroniske vignetter eller tildeling av rettigheter til bruk av landveier. Selskapet er ikke forretningspartner med noen offentlig myndighet som krever inn avgifter for bruk av landveier.<\/p> \n<p><br \/> 1.8 Bestemmelser som avviker fra disse generelle vilk\u00e5r og betingelser kan avtales i en skriftlig kontrakt. Avvikende bestemmelser i kontrakten har forrang foran bestemmelsene i disse generelle vilk\u00e5r og betingelser.<\/p> \n<p><br \/> 1.9 Bestemmelsene i disse generelle vilk\u00e5rene og vilk\u00e5rene er en integrert del av kontrakten som inng\u00e5s gjennom nettstedet. Kontrakten og vilk\u00e5rene og vilk\u00e5rene er utarbeidet p\u00e5 tsjekkisk.<\/p> \n<p><br \/> 1.10 Selskapet kan endre eller justere teksten i de generelle vilk\u00e5rene og vilk\u00e5rene. Denne bestemmelsen p\u00e5virker ikke rettighetene og pliktene som oppst\u00e5r i l\u00f8pet av gyldighetsperioden for den forrige versjonen av generelle vilk\u00e5r og betingelser.<\/p> \n<p><br \/> 1.11 Ved \u00e5 g\u00e5 inn p\u00e5 et av nettstedene bekrefter kunden at vedkommende har lest ordlyden i disse generelle vilk\u00e5rene og betingelser og forplikter seg til \u00e5 overholde dem.<\/p> \n<p><\/p> \n<h3 id=\"-uzaven-smlouvy\" class=\"scroll-mt-6\"> 2. KONTRAKTINNG\u00c5ELSE<\/h3> \n<p> 2.1 For \u00e5 bestille Tjenesten skal Kunden gj\u00f8re f\u00f8lgende:<br \/> (a) velger hvilken type kj\u00f8ret\u00f8y han \u00f8nsker \u00e5 bruke p\u00e5 bomveier;<br \/> <span style=\"font-family: Overpass, -apple-system, BlinkMacSystemFont, Segoe UI, Roboto, Oxygen-Sans, Ubuntu, Cantarell, Helvetica Neue, sans-serif; font-size: 15px; font-style: normal; font-variant-ligatures: normal; font-variant-caps: normal; font-weight: 400; letter-spacing: 0px;\">(b) klikker p\u00e5 \u00abKj\u00f8p\u00bb- eller \u00abBestill\u00bb-knappen (avhengig av gjeldende versjon og oversettelse av siden)<br \/><\/span> <span style=\"letter-spacing: 0px;\">(c) velger perioden han\/hun \u00f8nsker \u00e5 reise p\u00e5 bomveier;<br \/><\/span> <span style=\"font-family: Overpass, -apple-system, BlinkMacSystemFont, Segoe UI, Roboto, Oxygen-Sans, Ubuntu, Cantarell, Helvetica Neue, sans-serif; font-size: 15px; font-style: normal; font-variant-ligatures: normal; font-variant-caps: normal; font-weight: 400;\">(d) velger registreringslandet for bilskiltet sitt og bilskiltnummeret<br \/><\/span> <span style=\"letter-spacing: 0px;\">(e) alternativt, avhengig av tjenestetype, velg og fyll ut tilleggsinformasjon som er n\u00f8dvendig for \u00e5 fullf\u00f8re bestillingen (kj\u00f8ret\u00f8yets VIN-kode, kj\u00f8retype)<br \/><\/span> <span style=\"letter-spacing: 0px;\">(f) bekrefte de oppgitte dataene og bekrefte at de godtar disse vilk\u00e5rene og betingelsene ved \u00e5 klikke p\u00e5 knappen \u00abJeg godtar de generelle vilk\u00e5rene og betingelsene\u00bb;<\/span><\/p> \n<p> <span style=\"letter-spacing: 0px;\">(heretter samlet omtalt som \u00abOrdren\u00bb).<\/span><\/p> \n<p> 2.2 F\u00f8r bestillingen sendes, har kunden lov til \u00e5 kontrollere og endre dataene som er lagt inn i bestillingen, ogs\u00e5 med hensyn til kundens evne til \u00e5 oppdage og korrigere feil som oppsto ved inntasting av data i bestillingen. Informasjonen i bestillingen anses som korrekt av selskapet. Gyldigheten av bestillingen er betinget av at alle obligatoriske opplysninger i bestillingsskjemaet er utfylt og at kunden bekrefter at han har lest disse generelle vilk\u00e5rene.<br \/><br \/> 2.3 Kundens bestilling som legges inn via nettstedet er et bindende tilbud om \u00e5 inng\u00e5 en avtale med selskapet. Etter betaling fra Kunden, vil Selskapet bekrefte mottak av betalingen elektronisk, via e-post med teksten \u00abBestilling mottatt\u00bb. Kunden samtykker i og aksepterer at denne e-posten ikke betyr at bestillingen er fullf\u00f8rt.<\/p> \n<p> 2.4. Etter at Selskapet har bekreftet dataene, leveres tjenesten til Kunden innen rimelig tid, forutsatt at dataene er korrekte. Hvis dataene som Kunden har oppgitt er feil, sendes en foresp\u00f8rsel om korrigering av dataene til Kunden elektronisk slik at Bestillingen kan fullf\u00f8res. Selskapet er ikke ansvarlig for skader som Kunden p\u00e5drar seg i l\u00f8pet av den tiden Kunden ikke svarer p\u00e5 Selskapets foresp\u00f8rsler som er n\u00f8dvendige for \u00e5 fullf\u00f8re Bestillingen.<\/p> \n<p> 2.5 <span style=\"letter-spacing: 0px;\">Avtalen inng\u00e5s ved levering av ordrebekreftelsen til kundens elektroniske adresse. Kunden blir tydelig informert om at tjenesten kun er aktiv for \u00f8yeblikket.<\/span><\/p> \n<p> 2.5 Alle bestillinger som aksepteres av Selskapet er bindende.<\/p> \n<p><br \/> 2.6 Kunden samtykker i bruk av fjernkommunikasjonsmidler ved inng\u00e5else av avtalen. Kunden skal b\u00e6re kostnadene Kunden p\u00e5drar seg ved bruk av eksterne kommunikasjonsmidler i forbindelse med inng\u00e5else av Avtalen (kostnader for internettforbindelse).<\/p> \n<p><br \/> 2.7 Kontrakten er det juridiske grunnlaget som Selskapet handler p\u00e5 vegne av Kunden p\u00e5.<\/p> \n<p><br \/> 2.8 Kunden samtykker i at Selskapet ikke er ansvarlig for feilaktig utfylte data p\u00e5 Selskapets nettsted, og p\u00e5tar seg fullt ansvar for eventuelle merkostnader som f\u00f8lge av dette.<\/p> \n<p><br \/> 2.8.1 Kunden samtykker i at registreringsdetaljene som er oppgitt i validerings-e-posten er gyldige, inkludert kj\u00f8ret\u00f8yets registreringsland, registreringsnummer og utl\u00f8psdato. Kunden samtykker i den endelige tekstlige og visuelle kontrollen av dataene og samtykker i at Selskapet ikke er ansvarlig for skader som f\u00f8lge av feil data som ble fylt ut eller endret direkte av Kunden p\u00e5 noe tidspunkt i bestillingen, eller av Selskapet basert p\u00e5 Kundens initiativ (p\u00e5 nettstedet, per telefon, per e-post eller gjennom annen digital kommunikasjonsform).<\/p> \n<p> 2.9 <span style=\"font-family: Overpass, -apple-system, BlinkMacSystemFont, Segoe UI, Roboto, Oxygen-Sans, Ubuntu, Cantarell, Helvetica Neue, sans-serif; font-size: 15px; font-style: normal; font-variant-ligatures: normal; font-variant-caps: normal; font-weight: 400; letter-spacing: 0px;\">Selskapet er ansvarlig for \u00e5 sende kommunikasjon elektronisk fra selskapets server.<\/span><\/p> \n<p> 2.10. Kunden er klar over alle kravene til e-postkommunikasjon og vil s\u00f8rge for alt som er n\u00f8dvendig for \u00e5 motta e-post eller andre former for kommunikasjon. Han\/hun samtykker i at dersom en e-post ikke leveres p\u00e5 grunn av et problem p\u00e5 kundens side (e-post merket som spam, e-post ikke levert p\u00e5 grunn av en programvarefeil p\u00e5 kundens side), har selskapet intet ansvar for skader eller merkostnader i tilfeller som selskapet ikke kan p\u00e5virke <span style=\"font-family: Overpass, -apple-system, BlinkMacSystemFont, Segoe UI, Roboto, Oxygen-Sans, Ubuntu, Cantarell, Helvetica Neue, sans-serif; font-size: 15px; font-style: normal; font-variant-ligatures: normal; font-variant-caps: normal; font-weight: 400;\">(kundens internettforbindelse fungerer ikke, roaming deaktivert osv.).<\/span> \n<p> 2.11. Alternative kommunikasjonsmetoder (SMS, Whatsapp, push-varsler og andre) er underlagt de samme vilk\u00e5rene som e-postkommunikasjon. Kunden p\u00e5tar seg ansvar for manglende levering av informasjon i denne formen i tilfeller utenfor Selskapets kontroll (kundens internettforbindelse fungerer ikke, roaming er sl\u00e5tt av osv.).<\/p> \n<p> 2.12. Dersom Selskapet ikke kan tilby Kunden tjenesten (Tjenesten er allerede aktiv, det er ikke mulig \u00e5 kj\u00f8pe den), vil Kunden f\u00e5 refundert det betalte bel\u00f8pet i sin helhet og uten forsinkelse.<\/p> \n<p> 2.13. Kunden samtykker i at dersom Kunden mottar en foresp\u00f8rsel i forbindelse med den bestilte tjenesten, vil denne informasjonen bli videresendt til Selskapet umiddelbart, men senest 2 dager etter at foresp\u00f8rselen er mottatt. Ved manglende overholdelse av denne fristen samtykker Kunden i \u00e5 ikke kreve noen kompensasjon fra Selskapet.<\/p> \n<h3><\/h3> \n<h3 id=\"-cena-sluby-a-platebn-podmnky\" class=\"scroll-mt-6\"> 3. TJENESTEPRIS OG BETALINGSVILK\u00c5R<\/h3> \n<p> 3.1 Nettstedet inneholder informasjon om prisen p\u00e5 Tjenesten og prisen p\u00e5 gebyret for bruk av bomveier. Prisene er oppf\u00f8rt inkludert merverdiavgift (hvis aktuelt). Prisene er gyldige s\u00e5 lenge de vises p\u00e5 nettstedet. Denne bestemmelsen begrenser ikke Selskapets mulighet til \u00e5 inng\u00e5 Avtalen under individuelt forhandlede vilk\u00e5r.<br \/><br \/> 3.2 Kunden kan betale prisen for Tjenesten og gebyret for bruk av bomveier til Selskapet p\u00e5 f\u00f8lgende m\u00e5ter:<br \/> (a) ved bankoverf\u00f8ring til selskapets konto;<br \/> (b) kontantl\u00f8st med betalingskort via en betalingsportal;<br \/> (c) kontantl\u00f8s betaling via Paypal.<br \/> (d) kontantl\u00f8s via Stripe.<br \/><br \/> 3.3 Ved kontantl\u00f8s betaling er Kundens forpliktelse til \u00e5 betale prisen oppfylt i det \u00f8yeblikket det relevante bel\u00f8pet (summen av prisen for Tjenesten og gebyret for bruk av slovakiske eller \u00f8sterrikske bomveier) krediteres Selskapets konto. Dersom Kunden ikke betaler prisen korrekt og i tide, skal Avtalen opph\u00f8re med mindre Selskapet varsler Kunden om noe annet.<br \/><br \/> 3.4 Dersom det foreligger en \u00e5penbar teknisk feil fra Selskapets side ved oppgivelse av priser p\u00e5 Nettstedet eller under bestilling, er Selskapet ikke forpliktet til \u00e5 levere Tjenesten til denne \u00e5penbart feilaktige prisen.<\/p> \n<h3><\/h3> \n<h3 id=\"-dodn-sluby\" class=\"scroll-mt-6\"> 4. LEVERING AV TJENESTE<\/h3> \n<p> 4.1 Tjenesten leveres til Kunden p\u00e5 en slik m\u00e5te at etter at prisen for Tjenesten og gebyret for bruk av bompengede landveier er betalt, vil en bekreftelse p\u00e5 betaling av gebyret for bruk av den valgte tjenesten i det gitte landet bli sendt til Kundens elektroniske adresse. Bekreftelsen vil komme i form av e-post, alternativt via andre kommunikasjonsmidler, og indikerer tydelig at kunden har tjenesten aktiv. Kunden samtykker i at andre e-poster IKKE utgj\u00f8r aktivering av tjenesten.<\/p> \n<p> 4.2 Kunden plikter \u00e5 gj\u00f8re seg kjent med gjeldende gyldighet for vignetter p\u00e5 destinasjonen.\nKunden samtykker i at tjenesten (med mindre annet er angitt) ikke dekker gebyret for spesielle strekninger som er synlig merket som tilleggsbelastet. Veiledende liste over motorveistrekninger som m\u00e5 betales i tillegg p\u00e5 stedet: Autobahn 9 Pyhrn inkludert Bosruck og Gleinalm-tunnelen, A 10 Tauern Autobahn inkludert Tauern og Katschberg-tunnelen, Autobahn 11 Karawanken, Brenner Autobahn 13 inkludert Europabr\u00fccke, S 16-veien Arlberg-veien inkludert Sch Arnellstra\u00df Arlberg tunnel\n<\/p> \n<h3><\/h3> \n<h3 id=\"-prvo-spotebitele-odstoupit-od-smlouvy\" class=\"scroll-mt-6\"> 5. FORBRUKERENS RETT TIL \u00c5 ANGRE AVTALEN<\/h3> \n<p> 5.1 I henhold til europeisk lov har Forbrukeren normalt rett til \u00e5 angre p\u00e5 Avtalen innen 14 dager etter at tjenesten er kj\u00f8pt. Med tanke p\u00e5 Tjenestens art og umiddelbare gyldighet, samtykker Kunden ved \u00e5 sende inn bestillingen uttrykkelig i at angrefristen vil bli forkortet med hensyn til Tjenestens umiddelbare effektivitet, kun frem til behandlingen av Bestillingen starter (n\u00e5r tjenesten allerede er levert til Kunden). Fra dette \u00f8yeblikket leveres tjenesten til kunden, og det er ikke mulig \u00e5 trekke seg. Den n\u00f8yaktige datoen og tidspunktet for mottak av foresp\u00f8rselen om angrerett av Selskapet (ikke at Kunden sender den) via e-post (alternativt ved \u00e5 kontakte kundest\u00f8tte) er avgj\u00f8rende for muligheten til \u00e5 trekke seg fra tjenesten, men senest 1 time f\u00f8r behandlingsstart. Ved tvister kan n\u00f8yaktig dato og klokkeslett for behandlingen sendes til kunden p\u00e5 foresp\u00f8rsel, alternativt kan denne informasjonen finnes tydelig p\u00e5 siden med informasjon om bestillingen deres.<\/p> \n<p> 5.2. N\u00e5r det gjelder umuligheten av \u00e5 refundere aktiverte tjenester fra tredjeparter, samtykker og aksepterer Forbrukeren uttrykkelig at det er umulig \u00e5 trekke seg fra Avtalen n\u00e5r tjenesten allerede er levert til ham av Selskapet.<\/p> \n<p> 5.3. Avbestillingsgebyr \u2013 Forbrukeren samtykker i et avbestillingsgebyr p\u00e5 40 % av det betalte bel\u00f8pet. Dette gebyret brukes til \u00e5 dekke kostnader knyttet til bankgebyrer, valutaveksling og tidskostnader knyttet til behandling av bestillingen. Gebyret kan kun frafalles fullt ut i eksepsjonelle og p\u00e5viselige tilfeller (alvorlig sykdom, manglende evne til \u00e5 reise p\u00e5 grunn av force majeure), og det er opp til Selskapet \u00e5 avgj\u00f8re om det skal frafalles. Avbestillingsgebyret, med mindre annet er spesifisert, vil bli betalt via SEPA-betaling til kontoen (IBAN + SWIFT) som kunden har oppgitt p\u00e5 ordrebehandlingssiden innen 14\u201331 dager.<\/p> \n<p> 5.3.1 Avbestillingsgebyr \u2013 Duplikatbestilling \u2013 Forbrukeren samtykker i at avbestillingsgebyret ikke gjelder i tilfeller der vedkommende, etter \u00e5 ha lagt inn en bestilling hos Selskapet, bestiller en duplikattjeneste fra en annen leverand\u00f8r, og dermed forhindrer muligheten til \u00e5 levere tjenesten. I slike tilfeller vil Forbrukeren bli kontaktet med muligheten til \u00e5 endre gyldighetsdatoen eller bruke tjenesten for et annet kj\u00f8ret\u00f8y. Forbrukeren samtykker uttrykkelig i at det ikke er mulig \u00e5 kansellere bestillingen p\u00e5 grunn av den lengre tiden det tar \u00e5 behandle en slik bestilling.<\/p> \n<p><\/p> \n<h3 id=\"-prva-z-vadnho-plnn-a-zruka-za-jakost\" class=\"scroll-mt-6\"> 6. RETTIGHETER VED MANGLENDE YTELSE OG KVALITETSGARANTI<\/h3> \n<p> 6.1 Avtalepartenes rettigheter og plikter ang\u00e5ende rettigheter som f\u00f8lge av mangelfull ytelse er regulert av relevante, allment bindende lovbestemmelser.<\/p> \n<p><br \/> 6.2 Ved mangler eller uregelmessigheter i leveringen av Tjenesten, plikter Kunden \u00e5 umiddelbart informere Selskapet om de identifiserte manglene i Tjenesten, spesielt via e-post. Kontaktinformasjon finnes p\u00e5 nettsiden.<\/p> \n<p><br \/> 6.3 Selskapet plikter \u00e5 utstede en skriftlig bekreftelse til Kunden p\u00e5 n\u00e5r Kunden benyttet seg av retten til en mangelfull ytelse, som inneholder innholdet i reklamasjonen; og ogs\u00e5 bekreftelse av dato og metode for behandling av klagen.<\/p> \n<p><br \/> 6.4 Selskapet er forpliktet til \u00e5 informere Kunden om at klagen er l\u00f8st og hvordan, til Kundens elektroniske adresse.<\/p> \n<p><br \/> 6.5 Dersom mangelen kan fjernes, kan Kunden kreve enten reparasjon eller komplettering av det som mangler, eller et rimelig avslag p\u00e5 prisen. Dersom mangelen ikke kan rettes, kan Kunden enten heve Avtalen eller kreve et rimelig avslag p\u00e5 prisen.<\/p> \n<p><br \/> 6.6 Forbrukerens klage, inkludert fjerning av mangelen, vil bli behandlet uten un\u00f8dig forsinkelse, senest 30 dager fra datoen for mottak av klagen. Etter at denne perioden er utl\u00f8pt, gis forbrukeren de samme rettighetene som om det var et vesentlig brudd p\u00e5 Kontrakten.<\/p> \n<p><br \/> 6.7 Selskapet er ikke ansvarlig for tap, skade eller materielle skader, direkte eller indirekte, for\u00e5rsaket av en mangel i Tjenesten, med mindre slikt tap, skade eller materielle skader ble for\u00e5rsaket av Selskapets uaktsomhet, unnlatelse eller forsett.<\/p> \n<h3><\/h3> \n<h3 id=\"-dal-prva-a-povinnosti-smluvnch-stran\" class=\"scroll-mt-6\"> 7. ANDRE RETTIGHETER OG FORPLIKTELSER FOR DE KONTRAKT\u00d8RENDE PARTENE<\/h3> \n<p> 7.1 Selskapet har rett til \u00e5 trekke seg fra avtalen ved manglende betaling av avgiften for bruk av europeiske bomveier. Selskapet skal umiddelbart informere Kunden om dette via Kundens elektroniske adresse og skal returnere alle midler mottatt fra Kunden i henhold til Kontrakten innen 14 dager etter varsel om tilbaketrekking fra Kontrakten, p\u00e5 en m\u00e5te som er tilfredsstillende for begge parter (etter forh\u00e5ndsavtale), eller p\u00e5 en m\u00e5te spesifisert av Kunden.<\/p> \n<p><br \/> 7.2 Selskapet h\u00e5ndterer kundeklager via den elektroniske adressen <!-- No shortcodes are defined -->. Selskapet vil sende informasjon om h\u00e5ndteringen av Kundens klage til Kundens elektroniske adresse.<\/p> \n<p><br \/> 7.3 Dersom Kunden er en forbruker, er den tsjekkiske handelsinspeksjonsmyndigheten, ID-nummer 00020869, med registrert kontoradresse p\u00e5 \u0160t\u011bp\u00e1nsk\u00e1 567\/15, 120 00 Praha 2 \u2013 Nov\u00e9 M\u011bsto, internettadresse: <a href=\"https:\/\/adr.coi.cz\/cs\">https:\/\/adr.coi.cz\/cs<\/a> , ansvarlig for utenrettslig l\u00f8sning av forbrukertvister som oppst\u00e5r fra Kontrakten. Videre har forbrukeren rett til \u00e5 bruke den elektroniske tvistel\u00f8sningsplattformen som ligger p\u00e5 internettadressen <a href=\"http:\/\/ec.europa.eu\/consumers\/odr.%EF%BF%BC7.4\">http:\/\/ec.europa.eu\/consumers\/odr.<\/a><\/p> \n<p><br \/> <a>7.4<\/a> Forbrukerkontaktpunkt i henhold til Europaparlaments- og r\u00e5dsforordning (EU) nr. 2014\/111. 524\/2013 av 21. mai 2013 om tvistel\u00f8sning p\u00e5 nett for forbrukere og om endring av forordning (EF) nr. 2006\/2004 og direktiv 2009\/22\/EF (forordning om tvistel\u00f8sning p\u00e5 nett for forbrukertvister) er Det europeiske forbrukersenteret Tsjekkia, med registrert kontoradresse p\u00e5 \u0160t\u011bp\u00e1nsk\u00e1 567\/15, 120 00 Praha 2 \u2013 Nov\u00e9 M\u011bsto, internettadresse: <a href=\"http:\/\/www.evropskyspotrebitel.cz\/\">http:\/\/www.evropskyspotrebitel.cz<\/a> .<\/p> \n<h3><\/h3> \n<h3 id=\"-doruovn\" class=\"scroll-mt-6\"> 8. LEVERING<\/h3> \n<p> 8.1 Med mindre annet er angitt, kan alle meldinger adressert til Kunden sendes i form av en elektronisk melding adressert til Kundens elektroniske adresse.<\/p> \n<h3 id=\"-zvren-ustanoven\" class=\"scroll-mt-6\"> 9. SLUTTBESTEMMELSER<\/h3> \n<p> 9.1 Dersom forholdet som etableres i henhold til kontrakten inneholder et internasjonalt (utenlandsk) element, er kontraktspartene enige om at forholdet er underlagt tsjekkisk lov. Dette p\u00e5virker ikke forbrukerens rettigheter som f\u00f8lge av allmenngyldige lovbestemmelser.<\/p> \n<p><br \/> 9.2 Dersom en bestemmelse i de generelle vilk\u00e5r og betingelser er ugyldig eller ineffektiv, eller blir det, skal den ugyldige bestemmelsen erstattes av en bestemmelse hvis betydning kommer s\u00e5 n\u00e6rt som mulig den ugyldige bestemmelsen. Ugyldigheten eller mangelen p\u00e5 virkning av \u00e9n bestemmelse skal ikke p\u00e5virke gyldigheten av de andre bestemmelsene.<\/p> \n<p><br \/> 9.3 Kj\u00f8psavtalen arkiveres av Selskapet i elektronisk form og er ikke tilgjengelig for tredjeparter.<\/p> \n<p><br \/> 9.4 Et tillegg til disse generelle vilk\u00e5r og betingelser er et eksempelskjema for forbrukerens angrerett.<\/p> \n<p><br \/> 9.5 Disse generelle vilk\u00e5rene og vilk\u00e5rene trer i kraft 9. november 2023<\/p> \n\n","protected":false},"excerpt":{"rendered":"","protected":false},"author":1,"featured_media":0,"parent":0,"menu_order":0,"comment_status":"closed","ping_status":"closed","template":"","meta":{"_uag_custom_page_level_css":"","site-sidebar-layout":"default","site-content-layout":"","ast-site-content-layout":"","site-content-style":"default","site-sidebar-style":"default","ast-global-header-display":"","ast-banner-title-visibility":"","ast-main-header-display":"","ast-hfb-above-header-display":"","ast-hfb-below-header-display":"","ast-hfb-mobile-header-display":"","site-post-title":"","ast-breadcrumbs-content":"","ast-featured-img":"","footer-sml-layout":"","theme-transparent-header-meta":"","adv-header-id-meta":"","stick-header-meta":"","header-above-stick-meta":"","header-main-stick-meta":"","header-below-stick-meta":"","astra-migrate-meta-layouts":"default","ast-page-background-enabled":"default","ast-page-background-meta":{"desktop":{"background-color":"var(--ast-global-color-4)","background-image":"","background-repeat":"repeat","background-position":"center center","background-size":"auto","background-attachment":"scroll","background-type":"","background-media":"","overlay-type":"","overlay-color":"","overlay-opacity":"","overlay-gradient":""},"tablet":{"background-color":"","background-image":"","background-repeat":"repeat","background-position":"center center","background-size":"auto","background-attachment":"scroll","background-type":"","background-media":"","overlay-type":"","overlay-color":"","overlay-opacity":"","overlay-gradient":""},"mobile":{"background-color":"","background-image":"","background-repeat":"repeat","background-position":"center center","background-size":"auto","background-attachment":"scroll","background-type":"","background-media":"","overlay-type":"","overlay-color":"","overlay-opacity":"","overlay-gradient":""}},"ast-content-background-meta":{"desktop":{"background-color":"var(--ast-global-color-5)","background-image":"","background-repeat":"repeat","background-position":"center center","background-size":"auto","background-attachment":"scroll","background-type":"","background-media":"","overlay-type":"","overlay-color":"","overlay-opacity":"","overlay-gradient":""},"tablet":{"background-color":"var(--ast-global-color-5)","background-image":"","background-repeat":"repeat","background-position":"center center","background-size":"auto","background-attachment":"scroll","background-type":"","background-media":"","overlay-type":"","overlay-color":"","overlay-opacity":"","overlay-gradient":""},"mobile":{"background-color":"var(--ast-global-color-5)","background-image":"","background-repeat":"repeat","background-position":"center center","background-size":"auto","background-attachment":"scroll","background-type":"","background-media":"","overlay-type":"","overlay-color":"","overlay-opacity":"","overlay-gradient":""}},"footnotes":""},"categories":[],"tags":[],"class_list":["post-367","page","type-page","status-publish","hentry"],"uagb_featured_image_src":{"full":false,"thumbnail":false,"medium":false,"medium_large":false,"large":false,"1536x1536":false,"2048x2048":false},"uagb_author_info":{"display_name":"admin","author_link":"https:\/\/www.etafast.org\/no\/author\/admin\/"},"uagb_comment_info":0,"uagb_excerpt":null,"_links":{"self":[{"href":"https:\/\/www.etafast.org\/no\/wp-json\/wp\/v2\/pages\/367","targetHints":{"allow":["GET"]}}],"collection":[{"href":"https:\/\/www.etafast.org\/no\/wp-json\/wp\/v2\/pages"}],"about":[{"href":"https:\/\/www.etafast.org\/no\/wp-json\/wp\/v2\/types\/page"}],"author":[{"embeddable":true,"href":"https:\/\/www.etafast.org\/no\/wp-json\/wp\/v2\/users\/1"}],"replies":[{"embeddable":true,"href":"https:\/\/www.etafast.org\/no\/wp-json\/wp\/v2\/comments?post=367"}],"version-history":[{"count":1,"href":"https:\/\/www.etafast.org\/no\/wp-json\/wp\/v2\/pages\/367\/revisions"}],"predecessor-version":[{"id":368,"href":"https:\/\/www.etafast.org\/no\/wp-json\/wp\/v2\/pages\/367\/revisions\/368"}],"wp:attachment":[{"href":"https:\/\/www.etafast.org\/no\/wp-json\/wp\/v2\/media?parent=367"}],"wp:term":[{"taxonomy":"category","embeddable":true,"href":"https:\/\/www.etafast.org\/no\/wp-json\/wp\/v2\/categories?post=367"},{"taxonomy":"post_tag","embeddable":true,"href":"https:\/\/www.etafast.org\/no\/wp-json\/wp\/v2\/tags?post=367"}],"curies":[{"name":"wp","href":"https:\/\/api.w.org\/{rel}","templated":true}]}}