{"id":275,"date":"2024-12-11T08:24:00","date_gmt":"2024-12-11T07:24:00","guid":{"rendered":"https:\/\/www.etafast.org\/om-prosessen\/"},"modified":"2024-12-11T09:01:54","modified_gmt":"2024-12-11T08:01:54","slug":"om-prosessen","status":"publish","type":"page","link":"https:\/\/www.etafast.org\/no\/om-prosessen\/","title":{"rendered":"Om prosessen"},"content":{"rendered":"\n<h3 class=\"wp-block-heading\">Om prosessen for elektronisk reisetillatelse (eTA)<\/h3>\n\n<p>Elektronisk reisetillatelse (eTA) er et innreisekrav for visumfrie utenlandske statsborgere som reiser til eller transitterer gjennom Canada med fly. Det er en rask og enkel nettbasert prosess som er utformet for \u00e5 styrke grensesikkerheten og samtidig sikre en smidig reise for personer som oppfyller kravene. <\/p>\n\n<h4 class=\"wp-block-heading\">Hva er en eTA?<\/h4>\n\n<p>En eTA er en elektronisk reisetillatelse som er knyttet til passet ditt. Den er gyldig i opptil fem \u00e5r eller til passet ditt utl\u00f8per, avhengig av hva som kommer f\u00f8rst. Med eTA kan du bes\u00f8ke Canada for korte opphold (vanligvis opptil seks m\u00e5neder) i forbindelse med turisme, forretninger eller transitt.  <\/p>\n\n<h4 class=\"wp-block-heading\">Viktige punkter \u00e5 vite om eTA-prosessen:<\/h4>\n\n<ol class=\"wp-block-list\">\n<li><strong>Enkel s\u00f8knad p\u00e5 nett<\/strong>:<br\/>eTA-s\u00f8knadsprosessen foreg\u00e5r helt og holdent p\u00e5 nett. Det er ikke behov for papirarbeid eller personlig oppm\u00f8te, noe som gj\u00f8r det til et praktisk alternativ for reisende. <\/li>\n\n\n\n<li><strong>Rimelig gebyr<\/strong>:<br\/>\u00c5 s\u00f8ke om eTA koster kun 7 kanadiske dollar. Dette gebyret betales online under s\u00f8knadsprosessen. <\/li>\n\n\n\n<li><strong>Rask behandling<\/strong>:<br\/>De fleste eTA-s\u00f8knader blir godkjent i l\u00f8pet av f\u00e5 minutter. Noen s\u00f8knader kan imidlertid ta lengre tid hvis det kreves ytterligere dokumenter. I slike tilfeller vil s\u00f8kerne motta instruksjoner via e-post innen 72 timer.  <\/li>\n\n\n\n<li><strong>Kvalifikasjonskrav<\/strong>:\n<ul class=\"wp-block-list\">\n<li>Visumfrie utlendinger som flyr til eller transitterer gjennom Canada, trenger et eTA.<\/li>\n\n\n\n<li>Enkelte reisende fra visumpliktige land kan ogs\u00e5 kvalifisere for eTA hvis de oppfyller bestemte kriterier, for eksempel at de har et gyldig amerikansk ikke-immigrantvisum eller har hatt et kanadisk bes\u00f8ksvisum i l\u00f8pet av de siste ti \u00e5rene.<\/li>\n\n\n\n<li>Reisende som ankommer med bil, buss, tog eller b\u00e5t, inkludert cruiseskip, trenger et bes\u00f8ksvisum i stedet for et eTA.<\/li>\n<\/ul>\n<\/li>\n\n\n\n<li><strong>Reisebegrensninger<\/strong>:\n<ul class=\"wp-block-list\">\n<li>En eTA gir deg ikke tillatelse til \u00e5 jobbe eller studere i Canada. Hvis du planlegger \u00e5 jobbe eller studere, m\u00e5 du s\u00f8ke om de n\u00f8dvendige tillatelsene. <\/li>\n\n\n\n<li>En eTA garanterer ikke innreise til Canada. Grensetjenestemennene vil vurdere om du er kvalifisert ved ankomst. <\/li>\n<\/ul>\n<\/li>\n\n\n\n<li><strong>Gyldighet<\/strong>:<br\/>N\u00e5r eTA er godkjent, er det knyttet til passet ditt og er gyldig for flere innreiser, forutsatt at passet ditt fortsatt er gyldig. Du m\u00e5 alltid reise med det samme passet som du brukte da du s\u00f8kte om eTA. <\/li>\n<\/ol>\n\n<h4 class=\"wp-block-heading\">Beskytt deg selv mot svindel<\/h4>\n\n<p>V\u00e6r p\u00e5 vakt mot falske nettsteder eller personer som lover garantert innreise, arbeid eller studiemuligheter i Canada. S\u00f8k kun gjennom Canadas offisielle nettsider, og unng\u00e5 \u00e5 dele personlig informasjon med ubekreftede kilder. Feilaktige opplysninger eller svindel kan f\u00e5 alvorlige juridiske konsekvenser.  <\/p>\n\n<h4 class=\"wp-block-heading\">F\u00f8r du s\u00f8ker<\/h4>\n\n<ul class=\"wp-block-list\">\n<li>S\u00f8rg for at du har et gyldig pass, et kreditt- eller debetkort og en e-postadresse.<\/li>\n\n\n\n<li>Les hjelpedokumentet for applikasjonen, som er tilgjengelig p\u00e5 flere spr\u00e5k, for veiledning.<\/li>\n\n\n\n<li>S\u00f8k om eTA <strong>f\u00f8r<\/strong> du bestiller flyreisen for \u00e5 unng\u00e5 forsinkelser.<\/li>\n<\/ul>\n\n<p>\u00c5 s\u00f8ke om eTA er et viktig skritt for reisende som planlegger \u00e5 bes\u00f8ke Canada. Ved \u00e5 forst\u00e5 prosessen og forberede s\u00f8knaden n\u00f8ye, kan du sikre deg en smidig og problemfri reise. <\/p>\n","protected":false},"excerpt":{"rendered":"<p>Om prosessen for elektronisk reisetillatelse (eTA) Elektronisk reisetillatelse (eTA) er et innreisekrav for visumfrie utenlandske statsborgere som reiser til eller [&hellip;]<\/p>\n","protected":false},"author":1,"featured_media":0,"parent":0,"menu_order":0,"comment_status":"closed","ping_status":"closed","template":"","meta":{"_uag_custom_page_level_css":"","site-sidebar-layout":"default","site-content-layout":"","ast-site-content-layout":"","site-content-style":"default","site-sidebar-style":"default","ast-global-header-display":"","ast-banner-title-visibility":"","ast-main-header-display":"","ast-hfb-above-header-display":"","ast-hfb-below-header-display":"","ast-hfb-mobile-header-display":"","site-post-title":"","ast-breadcrumbs-content":"","ast-featured-img":"","footer-sml-layout":"","theme-transparent-header-meta":"","adv-header-id-meta":"","stick-header-meta":"","header-above-stick-meta":"","header-main-stick-meta":"","header-below-stick-meta":"","astra-migrate-meta-layouts":"default","ast-page-background-enabled":"default","ast-page-background-meta":{"desktop":{"background-color":"var(--ast-global-color-4)","background-image":"","background-repeat":"repeat","background-position":"center center","background-size":"auto","background-attachment":"scroll","background-type":"","background-media":"","overlay-type":"","overlay-color":"","overlay-opacity":"","overlay-gradient":""},"tablet":{"background-color":"","background-image":"","background-repeat":"repeat","background-position":"center center","background-size":"auto","background-attachment":"scroll","background-type":"","background-media":"","overlay-type":"","overlay-color":"","overlay-opacity":"","overlay-gradient":""},"mobile":{"background-color":"","background-image":"","background-repeat":"repeat","background-position":"center center","background-size":"auto","background-attachment":"scroll","background-type":"","background-media":"","overlay-type":"","overlay-color":"","overlay-opacity":"","overlay-gradient":""}},"ast-content-background-meta":{"desktop":{"background-color":"var(--ast-global-color-5)","background-image":"","background-repeat":"repeat","background-position":"center center","background-size":"auto","background-attachment":"scroll","background-type":"","background-media":"","overlay-type":"","overlay-color":"","overlay-opacity":"","overlay-gradient":""},"tablet":{"background-color":"var(--ast-global-color-5)","background-image":"","background-repeat":"repeat","background-position":"center center","background-size":"auto","background-attachment":"scroll","background-type":"","background-media":"","overlay-type":"","overlay-color":"","overlay-opacity":"","overlay-gradient":""},"mobile":{"background-color":"var(--ast-global-color-5)","background-image":"","background-repeat":"repeat","background-position":"center center","background-size":"auto","background-attachment":"scroll","background-type":"","background-media":"","overlay-type":"","overlay-color":"","overlay-opacity":"","overlay-gradient":""}},"footnotes":""},"categories":[],"tags":[],"class_list":["post-275","page","type-page","status-publish","hentry"],"uagb_featured_image_src":{"full":false,"thumbnail":false,"medium":false,"medium_large":false,"large":false,"1536x1536":false,"2048x2048":false},"uagb_author_info":{"display_name":"admin","author_link":"https:\/\/www.etafast.org\/no\/author\/admin\/"},"uagb_comment_info":0,"uagb_excerpt":"Om prosessen for elektronisk reisetillatelse (eTA) Elektronisk reisetillatelse (eTA) er et innreisekrav for visumfrie utenlandske statsborgere som reiser til eller [&hellip;]","_links":{"self":[{"href":"https:\/\/www.etafast.org\/no\/wp-json\/wp\/v2\/pages\/275","targetHints":{"allow":["GET"]}}],"collection":[{"href":"https:\/\/www.etafast.org\/no\/wp-json\/wp\/v2\/pages"}],"about":[{"href":"https:\/\/www.etafast.org\/no\/wp-json\/wp\/v2\/types\/page"}],"author":[{"embeddable":true,"href":"https:\/\/www.etafast.org\/no\/wp-json\/wp\/v2\/users\/1"}],"replies":[{"embeddable":true,"href":"https:\/\/www.etafast.org\/no\/wp-json\/wp\/v2\/comments?post=275"}],"version-history":[{"count":1,"href":"https:\/\/www.etafast.org\/no\/wp-json\/wp\/v2\/pages\/275\/revisions"}],"predecessor-version":[{"id":276,"href":"https:\/\/www.etafast.org\/no\/wp-json\/wp\/v2\/pages\/275\/revisions\/276"}],"wp:attachment":[{"href":"https:\/\/www.etafast.org\/no\/wp-json\/wp\/v2\/media?parent=275"}],"wp:term":[{"taxonomy":"category","embeddable":true,"href":"https:\/\/www.etafast.org\/no\/wp-json\/wp\/v2\/categories?post=275"},{"taxonomy":"post_tag","embeddable":true,"href":"https:\/\/www.etafast.org\/no\/wp-json\/wp\/v2\/tags?post=275"}],"curies":[{"name":"wp","href":"https:\/\/api.w.org\/{rel}","templated":true}]}}