{"id":1517,"date":"2024-12-11T08:24:51","date_gmt":"2024-12-11T07:24:51","guid":{"rendered":"https:\/\/www.etafast.org\/hvem-kan-soke\/"},"modified":"2024-12-11T09:15:51","modified_gmt":"2024-12-11T08:15:51","slug":"hvem-kan-soke","status":"publish","type":"page","link":"https:\/\/www.etafast.org\/no\/hvem-kan-soke\/","title":{"rendered":"Hvem kan s\u00f8ke"},"content":{"rendered":"\n<h3 class=\"wp-block-heading\">Hvem kan s\u00f8ke om elektronisk reisetillatelse (eTA)<\/h3>\n\n<p>Elektronisk reisetillatelse (eTA) er et krav for visse personer som skal reise til eller transittere gjennom Canada med fly. Her er en detaljert oversikt over hvem som er kvalifisert til \u00e5 s\u00f8ke: <\/p>\n\n<h4 class=\"wp-block-heading\"><strong>Kriterier for \u00e5 f\u00e5 eTA<\/strong><\/h4>\n\n<p>Du kan s\u00f8ke om eTA hvis du oppfyller <strong>alle de tre f\u00f8lgende kravene:<\/strong><\/p>\n\n<ol class=\"wp-block-list\">\n<li><strong>Tidligere reisehistorikk<\/strong>:<ul><li>Du har hatt et kanadisk bes\u00f8ksvisum (visum for midlertidig opphold) i l\u00f8pet av de siste 10 \u00e5rene, ELLER<\/li><li>Du har for \u00f8yeblikket et gyldig visum for ikke-innvandrere i USA.<\/li><\/ul><em>(Det amerikanske nonimmigrantvisumet ditt m\u00e5 v\u00e6re gyldig den dagen du s\u00f8ker om eTA, men det trenger ikke \u00e5 v\u00e6re gyldig under reisen til Canada).<\/em><\/li>\n\n\n\n<li><strong>Form\u00e5let med reisen<\/strong>:\n<ul class=\"wp-block-list\">\n<li>Du kommer til Canada for et <strong>midlertidig opphold<\/strong>, vanligvis opptil seks m\u00e5neder.<\/li>\n<\/ul>\n<\/li>\n\n\n\n<li><strong>Reisemodus<\/strong>:\n<ul class=\"wp-block-list\">\n<li>Du flyr til eller transitterer gjennom en kanadisk flyplass med et gyldig pass fra et av <strong>landene som er visumpliktige<\/strong>.<\/li>\n<\/ul>\n<\/li>\n<\/ol>\n\n<h4 class=\"wp-block-heading\"><strong>Godkjente visumpliktige land<\/strong><\/h4>\n\n<p>Statsborgere fra f\u00f8lgende land kan s\u00f8ke om eTA hvis de oppfyller kriteriene ovenfor:<\/p>\n\n<ul class=\"wp-block-list\">\n<li>Antigua og Barbuda<\/li>\n\n\n\n<li>Argentina<\/li>\n\n\n\n<li>Brasil<\/li>\n\n\n\n<li>Costa Rica<\/li>\n\n\n\n<li>Mexico<\/li>\n\n\n\n<li>Marokko<\/li>\n\n\n\n<li>Panama<\/li>\n\n\n\n<li>Filippinene<\/li>\n\n\n\n<li>Kitts og Nevis<\/li>\n\n\n\n<li>Lucia<\/li>\n\n\n\n<li>Vincent og Grenadinene<\/li>\n\n\n\n<li>Seychellene<\/li>\n\n\n\n<li>Thailand<\/li>\n\n\n\n<li>Trinidad og Tobago<\/li>\n\n\n\n<li>Uruguay<\/li>\n<\/ul>\n\n<p>Hvis du ikke oppfyller alle disse kravene, m\u00e5 du i stedet s\u00f8ke om et bes\u00f8ksvisum (visum for midlertidig opphold).<\/p>\n\n<hr class=\"wp-block-separator has-alpha-channel-opacity\"\/>\n\n<h3 class=\"wp-block-heading\"><strong>Hvem trenger IKKE eTA?<\/strong><\/h3>\n\n<ul class=\"wp-block-list\">\n<li><strong>Amerikanske<\/strong> statsborgere:<br\/>Amerikanske statsborgere er fritatt fra eTA-kravet. De trenger bare \u00e5 fremvise et gyldig amerikansk pass. <\/li>\n\n\n\n<li><strong>Kanadiske statsborgere (inkludert borgere med dobbelt statsborgerskap)<\/strong>:<br\/>Kanadiske statsborgere kan ikke s\u00f8ke om eTA. De m\u00e5 reise med et gyldig kanadisk pass. Personer med dobbelt statsborgerskap m\u00e5 ogs\u00e5 bruke sitt kanadiske pass n\u00e5r de flyr til Canada.  <\/li>\n\n\n\n<li><strong>Kanadiske fast<\/strong>boende:<br>Fastboende i Canada <strong>kan<\/strong> ikke s\u00f8ke om eTA. I stedet m\u00e5 de reise med: \n<ul class=\"wp-block-list\">\n<li>Et gyldig permanent oppholdskort, ELLER<\/li>\n\n\n\n<li>Et reisedokument med permanent oppholdstillatelse.<\/li>\n<\/ul>\n<\/li>\n\n\n\n<li><strong>Lovlige<\/strong>, permanente innbyggere i USA:<br>Fra og med 26. april 2022 er lovlige, permanente innbyggere i USA fritatt fra eTA-kravet. De m\u00e5 ha med seg: \n<ul class=\"wp-block-list\">\n<li>Et gyldig pass fra det landet du er statsborger i, og<\/li>\n\n\n\n<li>Et gyldig amerikansk Green Card eller tilsvarende bevis p\u00e5 status.<\/li>\n<\/ul>\n<\/li>\n<\/ul>\n\n<hr class=\"wp-block-separator has-alpha-channel-opacity\"\/>\n\n<h3 class=\"wp-block-heading\"><strong>Reisescenarioer og krav til dokumenter<\/strong><\/h3>\n\n<figure class=\"wp-block-table\"><table class=\"has-fixed-layout\"><thead><tr><th><strong>Hvordan du reiser til Canada<\/strong><\/th><th><strong>Dokument(er) som kreves<\/strong><\/th><\/tr><\/thead><tbody><tr><td>Flyr til eller transitterer gjennom en kanadisk flyplass, og er kvalifisert for eTA<\/td><td>eTA eller bes\u00f8ksvisum<\/td><\/tr><tr><td>Flyr til eller transitterer gjennom en kanadisk flyplass, og IKKE kvalifiserer for eTA<\/td><td>Bes\u00f8ksvisum<\/td><\/tr><tr><td>Ankommer med bil, buss, tog eller b\u00e5t (inkludert cruiseskip)<\/td><td>Bes\u00f8ksvisum<\/td><\/tr><tr><td>Reiser til Canada med gyldig kanadisk visum<\/td><td>Ingen eTA kreves &#8211; bruk visumet<\/td><\/tr><tr><td>Fly tilbake til Canada etter \u00e5 ha fornyet arbeids- eller studietillatelsen din<\/td><td>eTA leveres med fornyelse av tillatelsen<\/td><\/tr><tr><td>Reiser til Canada for \u00e5 jobbe eller studere i mer enn 6 m\u00e5neder<\/td><td>Arbeids- eller studietillatelse (inkluderer visum)<\/td><\/tr><\/tbody><\/table><\/figure>\n\n<hr class=\"wp-block-separator has-alpha-channel-opacity\"\/>\n\n<h3 class=\"wp-block-heading\"><strong>Viktige betraktninger<\/strong><\/h3>\n\n<ul class=\"wp-block-list\">\n<li><strong>Grunnleggende krav<\/strong>: For \u00e5 komme inn i Canada m\u00e5 du oppfylle de generelle innreisekriteriene, inkludert gyldige reisedokumenter, god helse, \u00f8konomisk st\u00f8tte og sterke b\u00e5nd til hjemlandet ditt.<\/li>\n\n\n\n<li><strong>Avvisning<\/strong>: Personer som er involvert i kriminell aktivitet, sikkerhetstrusler eller visse helsemessige og \u00f8konomiske problemer, kan bli avvist fra Canada, selv om de har en gyldig eTA.<\/li>\n<\/ul>\n\n<p>eTA er utformet for \u00e5 forenkle flyreiser til Canada for personer som oppfyller kravene. S\u00f8rg for \u00e5 lese gjennom kravene n\u00f8ye, og s\u00f8k i god tid f\u00f8r den planlagte reisen. <\/p>\n","protected":false},"excerpt":{"rendered":"<p>Hvem kan s\u00f8ke om elektronisk reisetillatelse (eTA) Elektronisk reisetillatelse (eTA) er et krav for visse personer som skal reise til [&hellip;]<\/p>\n","protected":false},"author":1,"featured_media":0,"parent":0,"menu_order":0,"comment_status":"closed","ping_status":"closed","template":"","meta":{"_uag_custom_page_level_css":"","site-sidebar-layout":"default","site-content-layout":"","ast-site-content-layout":"","site-content-style":"default","site-sidebar-style":"default","ast-global-header-display":"","ast-banner-title-visibility":"","ast-main-header-display":"","ast-hfb-above-header-display":"","ast-hfb-below-header-display":"","ast-hfb-mobile-header-display":"","site-post-title":"","ast-breadcrumbs-content":"","ast-featured-img":"","footer-sml-layout":"","theme-transparent-header-meta":"","adv-header-id-meta":"","stick-header-meta":"","header-above-stick-meta":"","header-main-stick-meta":"","header-below-stick-meta":"","astra-migrate-meta-layouts":"default","ast-page-background-enabled":"default","ast-page-background-meta":{"desktop":{"background-color":"var(--ast-global-color-4)","background-image":"","background-repeat":"repeat","background-position":"center center","background-size":"auto","background-attachment":"scroll","background-type":"","background-media":"","overlay-type":"","overlay-color":"","overlay-opacity":"","overlay-gradient":""},"tablet":{"background-color":"","background-image":"","background-repeat":"repeat","background-position":"center center","background-size":"auto","background-attachment":"scroll","background-type":"","background-media":"","overlay-type":"","overlay-color":"","overlay-opacity":"","overlay-gradient":""},"mobile":{"background-color":"","background-image":"","background-repeat":"repeat","background-position":"center center","background-size":"auto","background-attachment":"scroll","background-type":"","background-media":"","overlay-type":"","overlay-color":"","overlay-opacity":"","overlay-gradient":""}},"ast-content-background-meta":{"desktop":{"background-color":"var(--ast-global-color-5)","background-image":"","background-repeat":"repeat","background-position":"center center","background-size":"auto","background-attachment":"scroll","background-type":"","background-media":"","overlay-type":"","overlay-color":"","overlay-opacity":"","overlay-gradient":""},"tablet":{"background-color":"var(--ast-global-color-5)","background-image":"","background-repeat":"repeat","background-position":"center center","background-size":"auto","background-attachment":"scroll","background-type":"","background-media":"","overlay-type":"","overlay-color":"","overlay-opacity":"","overlay-gradient":""},"mobile":{"background-color":"var(--ast-global-color-5)","background-image":"","background-repeat":"repeat","background-position":"center center","background-size":"auto","background-attachment":"scroll","background-type":"","background-media":"","overlay-type":"","overlay-color":"","overlay-opacity":"","overlay-gradient":""}},"footnotes":""},"categories":[],"tags":[],"class_list":["post-1517","page","type-page","status-publish","hentry"],"uagb_featured_image_src":{"full":false,"thumbnail":false,"medium":false,"medium_large":false,"large":false,"1536x1536":false,"2048x2048":false},"uagb_author_info":{"display_name":"admin","author_link":"https:\/\/www.etafast.org\/no\/author\/admin\/"},"uagb_comment_info":0,"uagb_excerpt":"Hvem kan s\u00f8ke om elektronisk reisetillatelse (eTA) Elektronisk reisetillatelse (eTA) er et krav for visse personer som skal reise til [&hellip;]","_links":{"self":[{"href":"https:\/\/www.etafast.org\/no\/wp-json\/wp\/v2\/pages\/1517","targetHints":{"allow":["GET"]}}],"collection":[{"href":"https:\/\/www.etafast.org\/no\/wp-json\/wp\/v2\/pages"}],"about":[{"href":"https:\/\/www.etafast.org\/no\/wp-json\/wp\/v2\/types\/page"}],"author":[{"embeddable":true,"href":"https:\/\/www.etafast.org\/no\/wp-json\/wp\/v2\/users\/1"}],"replies":[{"embeddable":true,"href":"https:\/\/www.etafast.org\/no\/wp-json\/wp\/v2\/comments?post=1517"}],"version-history":[{"count":1,"href":"https:\/\/www.etafast.org\/no\/wp-json\/wp\/v2\/pages\/1517\/revisions"}],"predecessor-version":[{"id":1518,"href":"https:\/\/www.etafast.org\/no\/wp-json\/wp\/v2\/pages\/1517\/revisions\/1518"}],"wp:attachment":[{"href":"https:\/\/www.etafast.org\/no\/wp-json\/wp\/v2\/media?parent=1517"}],"wp:term":[{"taxonomy":"category","embeddable":true,"href":"https:\/\/www.etafast.org\/no\/wp-json\/wp\/v2\/categories?post=1517"},{"taxonomy":"post_tag","embeddable":true,"href":"https:\/\/www.etafast.org\/no\/wp-json\/wp\/v2\/tags?post=1517"}],"curies":[{"name":"wp","href":"https:\/\/api.w.org\/{rel}","templated":true}]}}