{"id":1425,"date":"2024-12-11T08:25:47","date_gmt":"2024-12-11T07:25:47","guid":{"rendered":"https:\/\/www.etafast.org\/trenger-du-visa\/"},"modified":"2024-12-11T09:14:29","modified_gmt":"2024-12-11T08:14:29","slug":"trenger-du-visa","status":"publish","type":"page","link":"https:\/\/www.etafast.org\/no\/trenger-du-visa\/","title":{"rendered":"Trenger du VISA?"},"content":{"rendered":"\n<h3 class=\"wp-block-heading\">Hvordan finne ut om du trenger visum for \u00e5 reise til Canada<\/h3>\n\n<p>Canada krever at reisende enten har et <strong>bes\u00f8ksvisum<\/strong> eller en <strong>elektronisk reisetillatelse (eTA)<\/strong> for \u00e5 reise inn i eller gjennom landet, avhengig av nasjonalitet og reisem\u00e5te. Slik finner du ut hva du trenger: <\/p>\n\n<hr class=\"wp-block-separator has-alpha-channel-opacity\"\/>\n\n<h3 class=\"wp-block-heading\"><strong>Trinn 1: Sjekk nasjonaliteten din<\/strong><\/h3>\n\n<p>Hvilken type reisedokument du trenger, avhenger f\u00f8rst og fremst av statsborgerskapet ditt. Reisende faller inn i \u00e9n av tre kategorier: <\/p>\n\n<ol class=\"wp-block-list\">\n<li><strong>Reisende som er fritatt for visum (trenger eTA)<\/strong><br\/>Hvis du er statsborger i et land som er fritatt for visum, trenger du en eTA hvis du skal reise til eller gjennom Canada med fly. Eksempler p\u00e5 visumfrie land inkluderer: <ul><li>Australia<\/li><li>Tyskland<\/li><li>Japan<\/li><li>Storbritannia<\/li><li>Frankrike<br\/><em>(Dette er ikke en fullstendig liste.)<\/em><\/li><\/ul><strong>Viktig<\/strong>: Hvis du reiser inn i Canada med bil, buss, tog eller b\u00e5t, inkludert cruise, trenger du IKKE eTA eller bes\u00f8ksvisum.<\/li>\n\n\n\n<li><strong>Visumpliktige reisende (trenger bes\u00f8ksvisum)<\/strong><br>Innbyggere i land som ikke st\u00e5r p\u00e5 listen over visumfrie land, m\u00e5 ha bes\u00f8ksvisum (ogs\u00e5 kjent som et midlertidig oppholdsvisum) for \u00e5 reise til Canada, uavhengig av reisem\u00e5te.<br>Eksempler p\u00e5 visumpliktige land er blant annet\n<ul class=\"wp-block-list\">\n<li>India<\/li>\n\n\n\n<li>Kina<\/li>\n\n\n\n<li>Pakistan<br\/><em>(Dette er ikke en fullstendig liste.)<\/em><\/li>\n<\/ul>\n<\/li>\n\n\n\n<li><strong>Visumpliktige reisende (kan kvalifisere<\/strong> for eTA<strong>)<\/strong><br>Hvis du er fra et visumpliktig land, men oppfyller bestemte vilk\u00e5r, kan du s\u00f8ke om eTA i stedet for visum. Disse betingelsene inkluderer: <ul><li>innehar et gyldig amerikansk ikke-immigrantvisum, ELLER<\/li><li>Har hatt et kanadisk bes\u00f8ksvisum i l\u00f8pet av de siste 10 \u00e5rene.<\/li><\/ul>Land som er kvalifisert for dette alternativet, er blant annet\n<ul class=\"wp-block-list\">\n<li>Brasil<\/li>\n\n\n\n<li>Mexico<\/li>\n\n\n\n<li>Filippinene<br\/><em>(Dette er ikke en fullstendig liste.)<\/em><\/li>\n<\/ul>\n<\/li>\n<\/ol>\n\n<hr class=\"wp-block-separator has-alpha-channel-opacity\"\/>\n\n<h3 class=\"wp-block-heading\"><strong>Trinn 2: Vurder reisemetoden din<\/strong><\/h3>\n\n<p>Hvilket reisedokument du trenger, avhenger ogs\u00e5 av hvordan du reiser inn i Canada:<\/p>\n\n<figure class=\"wp-block-table\"><table class=\"has-fixed-layout\"><thead><tr><th><strong>Reisem\u00e5te<\/strong><\/th><th><strong>Krav<\/strong><\/th><\/tr><\/thead><tbody><tr><td>Flyr til eller transitterer gjennom en kanadisk flyplass<\/td><td>eTA (for visumfrie reisende) eller bes\u00f8ksvisum<\/td><\/tr><tr><td>Innreise med bil, buss, tog eller b\u00e5t (inkludert cruise)<\/td><td>Bes\u00f8ksvisum (for visumpliktige reisende)<\/td><\/tr><tr><td>Reiser med gyldig kanadisk visum<\/td><td>Ingen eTA kreves; bruk visumet ditt<\/td><\/tr><\/tbody><\/table><\/figure>\n\n<hr class=\"wp-block-separator has-alpha-channel-opacity\"\/>\n\n<h3 class=\"wp-block-heading\"><strong>Trinn 3: Unntak fra regelen<\/strong><\/h3>\n\n<ol class=\"wp-block-list\">\n<li><strong>Amerikanske<\/strong> statsborgere<br\/>Amerikanske statsborgere trenger IKKE eTA eller bes\u00f8ksvisum. De trenger bare et gyldig amerikansk pass. <\/li>\n\n\n\n<li><strong>Kanadiske statsborgere (inkludert borgere med dobbelt<\/strong> statsborgerskap)<br\/>Kanadiske statsborgere kan ikke s\u00f8ke om eTA eller visum. De m\u00e5 reise med gyldig kanadisk pass. <\/li>\n\n\n\n<li><strong>Kanadiske fast<\/strong>boende<br>Fastboende i Canada <strong>kan<\/strong> ikke s\u00f8ke om eTA. De m\u00e5 reise med: \n<ul class=\"wp-block-list\">\n<li>Et gyldig permanent oppholdskort, ELLER<\/li>\n\n\n\n<li>Et reisedokument med permanent oppholdstillatelse.<\/li>\n<\/ul>\n<\/li>\n\n\n\n<li><strong>Fastboende<\/strong> i USA<br>Fra og med 26. april 2022 trenger ikke personer med lovlig permanent opphold i USA en eTA. De m\u00e5 ha med seg: \n<ul class=\"wp-block-list\">\n<li>Et gyldig pass fra deres nasjonalitet, OG<\/li>\n\n\n\n<li>Et gyldig Green Card eller tilsvarende bevis p\u00e5 status.<\/li>\n<\/ul>\n<\/li>\n<\/ol>\n\n<hr class=\"wp-block-separator has-alpha-channel-opacity\"\/>\n\n<h3 class=\"wp-block-heading\"><strong>Trinn 4: Bruk verkt\u00f8yet fra Canadas regjering<\/strong><\/h3>\n\n<p>For \u00e5 finne ut om du trenger visum eller eTA, kan du bruke den canadiske regjeringens offisielle <a>verkt\u00f8y for reisedokumenter<\/a>. Du trenger bare \u00e5 oppgi nasjonalitet, reisem\u00e5te og form\u00e5l med bes\u00f8ket for \u00e5 f\u00e5 personlige resultater. <\/p>\n\n<hr class=\"wp-block-separator has-alpha-channel-opacity\"\/>\n\n<h3 class=\"wp-block-heading\"><strong>Avsluttende notater<\/strong><\/h3>\n\n<ul class=\"wp-block-list\">\n<li>S\u00f8rg for at du s\u00f8ker om riktig dokument i god tid f\u00f8r du skal reise.<\/li>\n\n\n\n<li>\u00c5 ha visum eller eTA garanterer ikke innreise til Canada. Du m\u00e5 overbevise grensebetjenten om at du oppfyller alle innreisekravene. <\/li>\n<\/ul>\n\n<p><\/p>\n","protected":false},"excerpt":{"rendered":"<p>Hvordan finne ut om du trenger visum for \u00e5 reise til Canada Canada krever at reisende enten har et bes\u00f8ksvisum [&hellip;]<\/p>\n","protected":false},"author":1,"featured_media":0,"parent":0,"menu_order":0,"comment_status":"closed","ping_status":"closed","template":"","meta":{"_uag_custom_page_level_css":"","site-sidebar-layout":"default","site-content-layout":"","ast-site-content-layout":"","site-content-style":"default","site-sidebar-style":"default","ast-global-header-display":"","ast-banner-title-visibility":"","ast-main-header-display":"","ast-hfb-above-header-display":"","ast-hfb-below-header-display":"","ast-hfb-mobile-header-display":"","site-post-title":"","ast-breadcrumbs-content":"","ast-featured-img":"","footer-sml-layout":"","theme-transparent-header-meta":"","adv-header-id-meta":"","stick-header-meta":"","header-above-stick-meta":"","header-main-stick-meta":"","header-below-stick-meta":"","astra-migrate-meta-layouts":"default","ast-page-background-enabled":"default","ast-page-background-meta":{"desktop":{"background-color":"var(--ast-global-color-4)","background-image":"","background-repeat":"repeat","background-position":"center center","background-size":"auto","background-attachment":"scroll","background-type":"","background-media":"","overlay-type":"","overlay-color":"","overlay-opacity":"","overlay-gradient":""},"tablet":{"background-color":"","background-image":"","background-repeat":"repeat","background-position":"center center","background-size":"auto","background-attachment":"scroll","background-type":"","background-media":"","overlay-type":"","overlay-color":"","overlay-opacity":"","overlay-gradient":""},"mobile":{"background-color":"","background-image":"","background-repeat":"repeat","background-position":"center center","background-size":"auto","background-attachment":"scroll","background-type":"","background-media":"","overlay-type":"","overlay-color":"","overlay-opacity":"","overlay-gradient":""}},"ast-content-background-meta":{"desktop":{"background-color":"var(--ast-global-color-5)","background-image":"","background-repeat":"repeat","background-position":"center center","background-size":"auto","background-attachment":"scroll","background-type":"","background-media":"","overlay-type":"","overlay-color":"","overlay-opacity":"","overlay-gradient":""},"tablet":{"background-color":"var(--ast-global-color-5)","background-image":"","background-repeat":"repeat","background-position":"center center","background-size":"auto","background-attachment":"scroll","background-type":"","background-media":"","overlay-type":"","overlay-color":"","overlay-opacity":"","overlay-gradient":""},"mobile":{"background-color":"var(--ast-global-color-5)","background-image":"","background-repeat":"repeat","background-position":"center center","background-size":"auto","background-attachment":"scroll","background-type":"","background-media":"","overlay-type":"","overlay-color":"","overlay-opacity":"","overlay-gradient":""}},"footnotes":""},"categories":[],"tags":[],"class_list":["post-1425","page","type-page","status-publish","hentry"],"uagb_featured_image_src":{"full":false,"thumbnail":false,"medium":false,"medium_large":false,"large":false,"1536x1536":false,"2048x2048":false},"uagb_author_info":{"display_name":"admin","author_link":"https:\/\/www.etafast.org\/no\/author\/admin\/"},"uagb_comment_info":0,"uagb_excerpt":"Hvordan finne ut om du trenger visum for \u00e5 reise til Canada Canada krever at reisende enten har et bes\u00f8ksvisum [&hellip;]","_links":{"self":[{"href":"https:\/\/www.etafast.org\/no\/wp-json\/wp\/v2\/pages\/1425","targetHints":{"allow":["GET"]}}],"collection":[{"href":"https:\/\/www.etafast.org\/no\/wp-json\/wp\/v2\/pages"}],"about":[{"href":"https:\/\/www.etafast.org\/no\/wp-json\/wp\/v2\/types\/page"}],"author":[{"embeddable":true,"href":"https:\/\/www.etafast.org\/no\/wp-json\/wp\/v2\/users\/1"}],"replies":[{"embeddable":true,"href":"https:\/\/www.etafast.org\/no\/wp-json\/wp\/v2\/comments?post=1425"}],"version-history":[{"count":1,"href":"https:\/\/www.etafast.org\/no\/wp-json\/wp\/v2\/pages\/1425\/revisions"}],"predecessor-version":[{"id":1426,"href":"https:\/\/www.etafast.org\/no\/wp-json\/wp\/v2\/pages\/1425\/revisions\/1426"}],"wp:attachment":[{"href":"https:\/\/www.etafast.org\/no\/wp-json\/wp\/v2\/media?parent=1425"}],"wp:term":[{"taxonomy":"category","embeddable":true,"href":"https:\/\/www.etafast.org\/no\/wp-json\/wp\/v2\/categories?post=1425"},{"taxonomy":"post_tag","embeddable":true,"href":"https:\/\/www.etafast.org\/no\/wp-json\/wp\/v2\/tags?post=1425"}],"curies":[{"name":"wp","href":"https:\/\/api.w.org\/{rel}","templated":true}]}}