{"id":1323,"date":"2024-12-11T08:26:43","date_gmt":"2024-12-11T07:26:43","guid":{"rendered":"https:\/\/www.etafast.org\/forleng-oppholdet-ditt-i-canada\/"},"modified":"2024-12-11T09:12:40","modified_gmt":"2024-12-11T08:12:40","slug":"forleng-oppholdet-ditt-i-canada","status":"publish","type":"page","link":"https:\/\/www.etafast.org\/no\/forleng-oppholdet-ditt-i-canada\/","title":{"rendered":"Forleng oppholdet ditt i Canada"},"content":{"rendered":"\n<h3 class=\"wp-block-heading\">Forleng oppholdet ditt i Canada: Bes\u00f8ksregister<\/h3>\n\n<p>Hvis du \u00f8nsker \u00e5 oppholde deg i Canada lenger enn den opprinnelige tillatte perioden som bes\u00f8kende, m\u00e5 du s\u00f8ke om en <strong>bes\u00f8ksattest<\/strong>. En bes\u00f8ksattest er et viktig dokument som gj\u00f8r det mulig for deg \u00e5 forlenge oppholdet ditt uten \u00e5 bryte innvandringsreglene. <\/p>\n\n<hr class=\"wp-block-separator has-alpha-channel-opacity\"\/>\n\n<h3 class=\"wp-block-heading\"><strong>Hva er en bes\u00f8ksjournal?<\/strong><\/h3>\n\n<p>En bes\u00f8ksattest er <strong>ikke et visum<\/strong>. I stedet er det et offisielt dokument som: <\/p>\n\n<ul class=\"wp-block-list\">\n<li>Gir deg tillatelse til \u00e5 oppholde deg i Canada lenger som <strong>bes\u00f8kende<\/strong>, arbeidstaker med tillatelse til \u00e5 arbeide uten tillatelse eller student med tillatelse til \u00e5 studere uten tillatelse.<\/li>\n\n\n\n<li>Angir en ny utl\u00f8psdato for n\u00e5r du m\u00e5 forlate Canada.<\/li>\n<\/ul>\n\n<hr class=\"wp-block-separator has-alpha-channel-opacity\"\/>\n\n<h3 class=\"wp-block-heading\"><strong>N\u00e5r du skal s\u00f8ke om bes\u00f8ksregister<\/strong><\/h3>\n\n<p>Du m\u00e5 s\u00f8ke om en bes\u00f8ksregistrering <strong>f\u00f8r den n\u00e5v\u00e6rende statusen din utl\u00f8per<\/strong>.<\/p>\n\n<ul class=\"wp-block-list\">\n<li>Sjekk passstempelet eller den skriftlige bekreftelsen p\u00e5 oppholdets tillatte varighet som ble utstedt da du reiste inn i Canada.<\/li>\n\n\n\n<li>Hvis du ikke har oppgitt noen spesifikk dato, utl\u00f8per statusen din vanligvis <strong>seks m\u00e5neder etter ankomstdatoen<\/strong> din.<\/li>\n<\/ul>\n\n<hr class=\"wp-block-separator has-alpha-channel-opacity\"\/>\n\n<h3 class=\"wp-block-heading\"><strong>Hvem kan s\u00f8ke om en bes\u00f8ksrekord?<\/strong><\/h3>\n\n<p>Du kan s\u00f8ke om en bes\u00f8ksjournal hvis du:<\/p>\n\n<ul class=\"wp-block-list\">\n<li>Du reiste inn i Canada med et bes\u00f8ksvisum, eTA eller et annet gyldig reisedokument, og \u00f8nsker n\u00e5 \u00e5 forlenge det tillatte oppholdet ditt.<\/li>\n\n\n\n<li>Du er i Canada som bes\u00f8kende, arbeidstaker eller student uten tillatelse, og \u00f8nsker \u00e5 forlenge statusen din.<\/li>\n<\/ul>\n\n<hr class=\"wp-block-separator has-alpha-channel-opacity\"\/>\n\n<h3 class=\"wp-block-heading\"><strong>Slik s\u00f8ker du om en bes\u00f8ksrekord<\/strong><\/h3>\n\n<p>Prosessen for \u00e5 s\u00f8ke om en bes\u00f8ksregistrering omfatter f\u00f8lgende trinn:<\/p>\n\n<ol class=\"wp-block-list\">\n<li><strong>Forbered dokumentene dine<\/strong>:\n<ul class=\"wp-block-list\">\n<li>Et gyldig pass eller reisedokument (s\u00f8rg for at det er gyldig under hele det forlengede oppholdet).<\/li>\n\n\n\n<li>Bevis p\u00e5 at du har tilstrekkelige midler til \u00e5 fors\u00f8rge deg selv under det forlengede oppholdet.<\/li>\n\n\n\n<li>En tydelig forklaring p\u00e5 hvorfor du \u00f8nsker \u00e5 forlenge oppholdet ditt i Canada.<\/li>\n<\/ul>\n<\/li>\n\n\n\n<li><strong>Send inn s\u00f8knaden din p\u00e5 nettet<\/strong>:\n<ul class=\"wp-block-list\">\n<li>Fyll ut s\u00f8knadsskjemaet gjennom <a>IRCC-portalen<\/a>.<\/li>\n\n\n\n<li>Betal s\u00f8knadsavgiften, som starter p\u00e5 <strong> 100 dollar.<\/strong><\/li>\n<\/ul>\n<\/li>\n\n\n\n<li><strong>S\u00f8k tidlig<\/strong>:\n<ul class=\"wp-block-list\">\n<li>Behandlingstiden er omtrent <strong>126 dager<\/strong>, s\u00e5 det er viktig \u00e5 s\u00f8ke i god tid f\u00f8r den n\u00e5v\u00e6rende statusen din utl\u00f8per.<\/li>\n\n\n\n<li>Hvis statusen din utl\u00f8per mens s\u00f8knaden din er under behandling, vil du ha <strong>implisitt status<\/strong> og kan oppholde deg lovlig i Canada frem til en avgj\u00f8relse er tatt.<\/li>\n<\/ul>\n<\/li>\n<\/ol>\n\n<hr class=\"wp-block-separator has-alpha-channel-opacity\"\/>\n\n<h3 class=\"wp-block-heading\"><strong>Etter at du har s\u00f8kt<\/strong><\/h3>\n\n<ul class=\"wp-block-list\">\n<li><strong>Godkjenning<\/strong>: Hvis s\u00f8knaden din blir godkjent, vil du motta en bes\u00f8ksjournal som angir den nye utl\u00f8psdatoen.<\/li>\n\n\n\n<li><strong>Avslag<\/strong> p\u00e5 s\u00f8knaden: Hvis du f\u00e5r avslag p\u00e5 s\u00f8knaden din, m\u00e5 du forlate Canada umiddelbart.<\/li>\n\n\n\n<li><strong>Underforst\u00e5tt status<\/strong>: Mens du venter p\u00e5 en avgj\u00f8relse, kan du oppholde deg lovlig i Canada hvis du s\u00f8kte f\u00f8r statusen din utl\u00f8p.<\/li>\n<\/ul>\n\n<hr class=\"wp-block-separator has-alpha-channel-opacity\"\/>\n\n<h3 class=\"wp-block-heading\"><strong>Reiser utenfor Canada<\/strong><\/h3>\n\n<p>En bes\u00f8ksattest <strong>garanterer ikke gjeninnreise<\/strong> til <strong>Canada<\/strong>. Hvis du forlater Canada under det lengre oppholdet og planlegger \u00e5 returnere, m\u00e5 du ha <\/p>\n\n<ul class=\"wp-block-list\">\n<li>Et gyldig <strong>bes\u00f8ksvisum<\/strong> eller <strong>eTA<\/strong> for \u00e5 reise inn i Canada igjen, og<\/li>\n\n\n\n<li>Bes\u00f8ksjournalen din for \u00e5 bevise at du har f\u00e5tt forlenget oppholdet ditt.<\/li>\n<\/ul>\n\n<hr class=\"wp-block-separator has-alpha-channel-opacity\"\/>\n\n<h3 class=\"wp-block-heading\"><strong>Viktige gebyrer og behandlingstider<\/strong><\/h3>\n\n<ul class=\"wp-block-list\">\n<li><strong>Gebyrer<\/strong>: Fra <strong>$ 100<\/strong> for en s\u00f8knad om bes\u00f8ksregister.<\/li>\n\n\n\n<li><strong>Behandlingstid<\/strong>: Omtrent <strong>126 dager<\/strong> (med forbehold om variasjoner).<\/li>\n<\/ul>\n\n<hr class=\"wp-block-separator has-alpha-channel-opacity\"\/>\n\n<h3 class=\"wp-block-heading\"><strong>Viktige merknader<\/strong><\/h3>\n\n<ul class=\"wp-block-list\">\n<li>S\u00f8rg for at passet ditt er gyldig under hele oppholdet.<\/li>\n\n\n\n<li>En bes\u00f8ksattest gir deg ikke rett til \u00e5 arbeide eller studere i Canada. Du trenger en arbeids- eller studietillatelse for disse aktivitetene. <\/li>\n\n\n\n<li>Hvis du overskrider det tillatte oppholdet ditt uten \u00e5 s\u00f8ke om forlengelse, kan du bli straffet, og det kan p\u00e5virke fremtidige reiser til Canada.<\/li>\n<\/ul>\n\n<p>\u00c5 planlegge \u00e5 forlenge oppholdet ditt i Canada krever forberedelser og rettidig innsending av s\u00f8knaden. Ved \u00e5 f\u00f8lge prosessen kan du nyte godt av et lengre opphold samtidig som du overholder kanadiske immigrasjonslover. <\/p>\n","protected":false},"excerpt":{"rendered":"<p>Forleng oppholdet ditt i Canada: Bes\u00f8ksregister Hvis du \u00f8nsker \u00e5 oppholde deg i Canada lenger enn den opprinnelige tillatte perioden [&hellip;]<\/p>\n","protected":false},"author":1,"featured_media":0,"parent":0,"menu_order":0,"comment_status":"closed","ping_status":"closed","template":"","meta":{"_uag_custom_page_level_css":"","site-sidebar-layout":"default","site-content-layout":"","ast-site-content-layout":"","site-content-style":"default","site-sidebar-style":"default","ast-global-header-display":"","ast-banner-title-visibility":"","ast-main-header-display":"","ast-hfb-above-header-display":"","ast-hfb-below-header-display":"","ast-hfb-mobile-header-display":"","site-post-title":"","ast-breadcrumbs-content":"","ast-featured-img":"","footer-sml-layout":"","theme-transparent-header-meta":"","adv-header-id-meta":"","stick-header-meta":"","header-above-stick-meta":"","header-main-stick-meta":"","header-below-stick-meta":"","astra-migrate-meta-layouts":"default","ast-page-background-enabled":"default","ast-page-background-meta":{"desktop":{"background-color":"var(--ast-global-color-4)","background-image":"","background-repeat":"repeat","background-position":"center center","background-size":"auto","background-attachment":"scroll","background-type":"","background-media":"","overlay-type":"","overlay-color":"","overlay-opacity":"","overlay-gradient":""},"tablet":{"background-color":"","background-image":"","background-repeat":"repeat","background-position":"center center","background-size":"auto","background-attachment":"scroll","background-type":"","background-media":"","overlay-type":"","overlay-color":"","overlay-opacity":"","overlay-gradient":""},"mobile":{"background-color":"","background-image":"","background-repeat":"repeat","background-position":"center center","background-size":"auto","background-attachment":"scroll","background-type":"","background-media":"","overlay-type":"","overlay-color":"","overlay-opacity":"","overlay-gradient":""}},"ast-content-background-meta":{"desktop":{"background-color":"var(--ast-global-color-5)","background-image":"","background-repeat":"repeat","background-position":"center center","background-size":"auto","background-attachment":"scroll","background-type":"","background-media":"","overlay-type":"","overlay-color":"","overlay-opacity":"","overlay-gradient":""},"tablet":{"background-color":"var(--ast-global-color-5)","background-image":"","background-repeat":"repeat","background-position":"center center","background-size":"auto","background-attachment":"scroll","background-type":"","background-media":"","overlay-type":"","overlay-color":"","overlay-opacity":"","overlay-gradient":""},"mobile":{"background-color":"var(--ast-global-color-5)","background-image":"","background-repeat":"repeat","background-position":"center center","background-size":"auto","background-attachment":"scroll","background-type":"","background-media":"","overlay-type":"","overlay-color":"","overlay-opacity":"","overlay-gradient":""}},"footnotes":""},"categories":[],"tags":[],"class_list":["post-1323","page","type-page","status-publish","hentry"],"uagb_featured_image_src":{"full":false,"thumbnail":false,"medium":false,"medium_large":false,"large":false,"1536x1536":false,"2048x2048":false},"uagb_author_info":{"display_name":"admin","author_link":"https:\/\/www.etafast.org\/no\/author\/admin\/"},"uagb_comment_info":0,"uagb_excerpt":"Forleng oppholdet ditt i Canada: Bes\u00f8ksregister Hvis du \u00f8nsker \u00e5 oppholde deg i Canada lenger enn den opprinnelige tillatte perioden [&hellip;]","_links":{"self":[{"href":"https:\/\/www.etafast.org\/no\/wp-json\/wp\/v2\/pages\/1323","targetHints":{"allow":["GET"]}}],"collection":[{"href":"https:\/\/www.etafast.org\/no\/wp-json\/wp\/v2\/pages"}],"about":[{"href":"https:\/\/www.etafast.org\/no\/wp-json\/wp\/v2\/types\/page"}],"author":[{"embeddable":true,"href":"https:\/\/www.etafast.org\/no\/wp-json\/wp\/v2\/users\/1"}],"replies":[{"embeddable":true,"href":"https:\/\/www.etafast.org\/no\/wp-json\/wp\/v2\/comments?post=1323"}],"version-history":[{"count":1,"href":"https:\/\/www.etafast.org\/no\/wp-json\/wp\/v2\/pages\/1323\/revisions"}],"predecessor-version":[{"id":1324,"href":"https:\/\/www.etafast.org\/no\/wp-json\/wp\/v2\/pages\/1323\/revisions\/1324"}],"wp:attachment":[{"href":"https:\/\/www.etafast.org\/no\/wp-json\/wp\/v2\/media?parent=1323"}],"wp:term":[{"taxonomy":"category","embeddable":true,"href":"https:\/\/www.etafast.org\/no\/wp-json\/wp\/v2\/categories?post=1323"},{"taxonomy":"post_tag","embeddable":true,"href":"https:\/\/www.etafast.org\/no\/wp-json\/wp\/v2\/tags?post=1323"}],"curies":[{"name":"wp","href":"https:\/\/api.w.org\/{rel}","templated":true}]}}