{"id":1241,"date":"2024-12-11T08:28:06","date_gmt":"2024-12-11T07:28:06","guid":{"rendered":"https:\/\/www.etafast.org\/supervisum-for-foreldre-og-besteforeldre\/"},"modified":"2024-12-11T09:11:36","modified_gmt":"2024-12-11T08:11:36","slug":"supervisum-for-foreldre-og-besteforeldre","status":"publish","type":"page","link":"https:\/\/www.etafast.org\/no\/supervisum-for-foreldre-og-besteforeldre\/","title":{"rendered":"Supervisum for foreldre og besteforeldre"},"content":{"rendered":"\n<h3 class=\"wp-block-heading\">Supervisum for foreldre og besteforeldre<\/h3>\n\n<p><strong>Supervisumet<\/strong> er et spesialvisum for foreldre og besteforeldre til kanadiske statsborgere og personer med permanent oppholdstillatelse. Det gir mulighet for lengre opphold i Canada, noe som gir en unik mulighet til \u00e5 tilbringe tid med familien og samtidig nyte godt av fordelene ved flere innreiseperioder over lang tid. <\/p>\n\n<hr class=\"wp-block-separator has-alpha-channel-opacity\"\/>\n\n<h3 class=\"wp-block-heading\"><strong>Hva er et Super Visa?<\/strong><\/h3>\n\n<p>Et <strong>Super Visa<\/strong> er..:<\/p>\n\n<ul class=\"wp-block-list\">\n<li>Et <strong>langtidsvisum<\/strong> som gj\u00f8r det mulig for foreldre og besteforeldre \u00e5 bes\u00f8ke Canada i <strong>opptil fem \u00e5r per bes\u00f8k<\/strong> uten \u00e5 m\u00e5tte fornye statusen sin.<\/li>\n\n\n\n<li>Et <strong>visum for flere innreiser<\/strong>, gyldig i <strong>opptil 10 \u00e5r<\/strong>, som gj\u00f8r det mulig \u00e5 bes\u00f8ke Canada ofte i l\u00f8pet av visumets gyldighetsperiode.<\/li>\n<\/ul>\n\n<p>Dette visumet er ideelt for personer som planlegger \u00e5 bes\u00f8ke barna eller barnebarna sine for lengre opphold.<\/p>\n\n<hr class=\"wp-block-separator has-alpha-channel-opacity\"\/>\n\n<h3 class=\"wp-block-heading\"><strong>Kvalifikasjonskrav for Super Visa<\/strong><\/h3>\n\n<p>For \u00e5 kvalifisere til et supervisum m\u00e5 s\u00f8kerne oppfylle bestemte kriterier:<\/p>\n\n<ol class=\"wp-block-list\">\n<li><strong>Forholdet<\/strong>:\n<ul class=\"wp-block-list\">\n<li>V\u00e6re <strong>forelder eller besteforelder<\/strong> til en kanadisk statsborger eller person med permanent oppholdstillatelse.<\/li>\n<\/ul>\n<\/li>\n\n\n\n<li><strong>Invitasjonsbrev<\/strong>:\n<ul class=\"wp-block-list\">\n<li>Legg ved et invitasjonsbrev fra barnet eller barnebarnet ditt i Canada.<\/li>\n\n\n\n<li>Brevet m\u00e5 inneholde:\n<ul class=\"wp-block-list\">\n<li>Et l\u00f8fte om \u00f8konomisk st\u00f8tte under hele oppholdet.<\/li>\n\n\n\n<li>Detaljer om forholdet deres.<\/li>\n\n\n\n<li>En liste over husstandsmedlemmer hos verten i Canada.<\/li>\n<\/ul>\n<\/li>\n<\/ul>\n<\/li>\n\n\n\n<li><strong>Inntektskrav<\/strong>:\n<ul class=\"wp-block-list\">\n<li>Barnet eller barnebarnet m\u00e5 oppfylle en <strong>minimumsinntektsgrense<\/strong> basert p\u00e5 antall familiemedlemmer.<\/li>\n<\/ul>\n<\/li>\n\n\n\n<li><strong>Helseforsikring<\/strong>:\n<ul class=\"wp-block-list\">\n<li>Kj\u00f8p privat <strong>sykeforsikring<\/strong> fra et kanadisk forsikringsselskap som:\n<ul class=\"wp-block-list\">\n<li>Dekker deg for minst <strong> 100 000 CAD.<\/strong><\/li>\n\n\n\n<li>Er gyldig i <strong>minst ett \u00e5r<\/strong> fra innreisedato.<\/li>\n\n\n\n<li>Inkluderer bevis p\u00e5 full betaling (ikke tilbud).<\/li>\n<\/ul>\n<\/li>\n<\/ul>\n<\/li>\n\n\n\n<li><strong>Medisinsk unders\u00f8kelse<\/strong>:\n<ul class=\"wp-block-list\">\n<li>Gjennomf\u00f8re en medisinsk unders\u00f8kelse for \u00e5 p\u00e5vise at du er kvalifisert.<\/li>\n<\/ul>\n<\/li>\n\n\n\n<li><strong>Ytterligere krav<\/strong>:\n<ul class=\"wp-block-list\">\n<li>Bevis at du har sterke b\u00e5nd til hjemlandet ditt, for eksempel familie, \u00f8konomi eller arbeid, for \u00e5 sikre at du kommer til \u00e5 forlate Canada etter bes\u00f8ket.<\/li>\n\n\n\n<li>Vis at du har tilstrekkelig med midler til bes\u00f8ket.<\/li>\n<\/ul>\n<\/li>\n<\/ol>\n\n<hr class=\"wp-block-separator has-alpha-channel-opacity\"\/>\n\n<h3 class=\"wp-block-heading\"><strong>Hvor lenge kan du oppholde deg i Canada?<\/strong><\/h3>\n\n<p>Oppholdets varighet avhenger av n\u00e5r du s\u00f8kte om supervisumet:<\/p>\n\n<ul class=\"wp-block-list\">\n<li><strong>S\u00f8knader 22. juni 2023 eller senere<\/strong>:\n<ul class=\"wp-block-list\">\n<li>Innehavere av supervisum kan <strong>oppholde seg i opptil 5 \u00e5r per bes\u00f8k.<\/strong><\/li>\n<\/ul>\n<\/li>\n\n\n\n<li><strong>S\u00f8knader innen 22. juni 2023<\/strong>:\n<ul class=\"wp-block-list\">\n<li>Du kan bli i <strong>opptil to \u00e5r per bes\u00f8k.<\/strong><\/li>\n<\/ul>\n<\/li>\n<\/ul>\n\n<p>Uavhengig av datoen for s\u00f8knaden din:<\/p>\n\n<ul class=\"wp-block-list\">\n<li>S\u00f8rg for at <strong>passet ditt er gyldig<\/strong> under hele oppholdet.<\/li>\n\n\n\n<li>Oppretthold eller forny <strong>helseforsikringen<\/strong> din mens du er i Canada eller ved gjeninnreise.<\/li>\n<\/ul>\n\n<hr class=\"wp-block-separator has-alpha-channel-opacity\"\/>\n\n<h3 class=\"wp-block-heading\"><strong>Fordelene med et supervisum<\/strong><\/h3>\n\n<ol class=\"wp-block-list\">\n<li><strong>Utvidede bes\u00f8k<\/strong>:\n<ul class=\"wp-block-list\">\n<li>Du kan nyte langtidsopphold uten \u00e5 m\u00e5tte s\u00f8ke om forlengelse ofte.<\/li>\n<\/ul>\n<\/li>\n\n\n\n<li><strong>Flere oppf\u00f8ringer<\/strong>:\n<ul class=\"wp-block-list\">\n<li>Reiser til Canada flere ganger i l\u00f8pet av en ti\u00e5rsperiode.<\/li>\n<\/ul>\n<\/li>\n\n\n\n<li><strong>Trygghet i sinnet<\/strong>:\n<ul class=\"wp-block-list\">\n<li>Kravet om helseforsikring sikrer medisinsk dekning under oppholdet.<\/li>\n<\/ul>\n<\/li>\n\n\n\n<li><strong>Familiegjenforening<\/strong>:\n<ul class=\"wp-block-list\">\n<li>Skap tettere b\u00e5nd til barn og barnebarn.<\/li>\n<\/ul>\n<\/li>\n<\/ol>\n","protected":false},"excerpt":{"rendered":"<p>Supervisum for foreldre og besteforeldre Supervisumet er et spesialvisum for foreldre og besteforeldre til kanadiske statsborgere og personer med permanent [&hellip;]<\/p>\n","protected":false},"author":1,"featured_media":0,"parent":0,"menu_order":0,"comment_status":"closed","ping_status":"closed","template":"","meta":{"_uag_custom_page_level_css":"","site-sidebar-layout":"default","site-content-layout":"","ast-site-content-layout":"","site-content-style":"default","site-sidebar-style":"default","ast-global-header-display":"","ast-banner-title-visibility":"","ast-main-header-display":"","ast-hfb-above-header-display":"","ast-hfb-below-header-display":"","ast-hfb-mobile-header-display":"","site-post-title":"","ast-breadcrumbs-content":"","ast-featured-img":"","footer-sml-layout":"","theme-transparent-header-meta":"","adv-header-id-meta":"","stick-header-meta":"","header-above-stick-meta":"","header-main-stick-meta":"","header-below-stick-meta":"","astra-migrate-meta-layouts":"default","ast-page-background-enabled":"default","ast-page-background-meta":{"desktop":{"background-color":"var(--ast-global-color-4)","background-image":"","background-repeat":"repeat","background-position":"center center","background-size":"auto","background-attachment":"scroll","background-type":"","background-media":"","overlay-type":"","overlay-color":"","overlay-opacity":"","overlay-gradient":""},"tablet":{"background-color":"","background-image":"","background-repeat":"repeat","background-position":"center center","background-size":"auto","background-attachment":"scroll","background-type":"","background-media":"","overlay-type":"","overlay-color":"","overlay-opacity":"","overlay-gradient":""},"mobile":{"background-color":"","background-image":"","background-repeat":"repeat","background-position":"center center","background-size":"auto","background-attachment":"scroll","background-type":"","background-media":"","overlay-type":"","overlay-color":"","overlay-opacity":"","overlay-gradient":""}},"ast-content-background-meta":{"desktop":{"background-color":"var(--ast-global-color-5)","background-image":"","background-repeat":"repeat","background-position":"center center","background-size":"auto","background-attachment":"scroll","background-type":"","background-media":"","overlay-type":"","overlay-color":"","overlay-opacity":"","overlay-gradient":""},"tablet":{"background-color":"var(--ast-global-color-5)","background-image":"","background-repeat":"repeat","background-position":"center center","background-size":"auto","background-attachment":"scroll","background-type":"","background-media":"","overlay-type":"","overlay-color":"","overlay-opacity":"","overlay-gradient":""},"mobile":{"background-color":"var(--ast-global-color-5)","background-image":"","background-repeat":"repeat","background-position":"center center","background-size":"auto","background-attachment":"scroll","background-type":"","background-media":"","overlay-type":"","overlay-color":"","overlay-opacity":"","overlay-gradient":""}},"footnotes":""},"categories":[],"tags":[],"class_list":["post-1241","page","type-page","status-publish","hentry"],"uagb_featured_image_src":{"full":false,"thumbnail":false,"medium":false,"medium_large":false,"large":false,"1536x1536":false,"2048x2048":false},"uagb_author_info":{"display_name":"admin","author_link":"https:\/\/www.etafast.org\/no\/author\/admin\/"},"uagb_comment_info":0,"uagb_excerpt":"Supervisum for foreldre og besteforeldre Supervisumet er et spesialvisum for foreldre og besteforeldre til kanadiske statsborgere og personer med permanent [&hellip;]","_links":{"self":[{"href":"https:\/\/www.etafast.org\/no\/wp-json\/wp\/v2\/pages\/1241","targetHints":{"allow":["GET"]}}],"collection":[{"href":"https:\/\/www.etafast.org\/no\/wp-json\/wp\/v2\/pages"}],"about":[{"href":"https:\/\/www.etafast.org\/no\/wp-json\/wp\/v2\/types\/page"}],"author":[{"embeddable":true,"href":"https:\/\/www.etafast.org\/no\/wp-json\/wp\/v2\/users\/1"}],"replies":[{"embeddable":true,"href":"https:\/\/www.etafast.org\/no\/wp-json\/wp\/v2\/comments?post=1241"}],"version-history":[{"count":1,"href":"https:\/\/www.etafast.org\/no\/wp-json\/wp\/v2\/pages\/1241\/revisions"}],"predecessor-version":[{"id":1242,"href":"https:\/\/www.etafast.org\/no\/wp-json\/wp\/v2\/pages\/1241\/revisions\/1242"}],"wp:attachment":[{"href":"https:\/\/www.etafast.org\/no\/wp-json\/wp\/v2\/media?parent=1241"}],"wp:term":[{"taxonomy":"category","embeddable":true,"href":"https:\/\/www.etafast.org\/no\/wp-json\/wp\/v2\/categories?post=1241"},{"taxonomy":"post_tag","embeddable":true,"href":"https:\/\/www.etafast.org\/no\/wp-json\/wp\/v2\/tags?post=1241"}],"curies":[{"name":"wp","href":"https:\/\/api.w.org\/{rel}","templated":true}]}}