{"id":1031,"date":"2024-12-11T08:29:22","date_gmt":"2024-12-11T07:29:22","guid":{"rendered":"https:\/\/www.etafast.org\/bedriftsbesokende\/"},"modified":"2024-12-11T09:08:30","modified_gmt":"2024-12-11T08:08:30","slug":"bedriftsbesokende","status":"publish","type":"page","link":"https:\/\/www.etafast.org\/no\/bedriftsbesokende\/","title":{"rendered":"Bedriftsbes\u00f8kende"},"content":{"rendered":"\n<h3 class=\"wp-block-heading\">Forretningsreisende: Deltakelse p\u00e5 m\u00f8ter, arrangementer og konferanser i Canada<\/h3>\n\n<p>Forretningsreisende spiller en viktig rolle i \u00e5 fremme internasjonal handel og samarbeid. Hvis du planlegger \u00e5 delta p\u00e5 m\u00f8ter, arrangementer eller konferanser i Canada som forretningsreisende, f\u00e5r du her en trinnvis veiledning for \u00e5 sikre en smidig innreiseprosess. <\/p>\n\n<hr class=\"wp-block-separator has-alpha-channel-opacity\"\/>\n\n<h3 class=\"wp-block-heading\"><strong>Trinn 1: Er du forretningsreisende eller trenger du arbeidstillatelse?<\/strong><\/h3>\n\n<p>For \u00e5 kvalifisere som <strong>forretningsreisende<\/strong> i Canada m\u00e5 du<\/p>\n\n<ul class=\"wp-block-list\">\n<li><strong>Varighet<\/strong>: Planlegg \u00e5 bli i <strong>mindre enn 6 m\u00e5neder<\/strong>.<\/li>\n\n\n\n<li><strong>Form\u00e5l<\/strong>: Ikke komme inn p\u00e5 det kanadiske arbeidsmarkedet.<\/li>\n\n\n\n<li><strong>Virksomhetens kilde<\/strong>: S\u00f8rg for at hovedvirksomheten, inntekten og overskuddet ditt forblir <strong>utenfor Canada<\/strong>.<\/li>\n\n\n\n<li><strong>Dokumenter<\/strong>: S\u00f8rg for at du har n\u00f8dvendig dokumentasjon som st\u00f8tter s\u00f8knaden din.<\/li>\n<\/ul>\n\n<p><strong>Grunnleggende opptakskrav<\/strong>:<\/p>\n\n<ul class=\"wp-block-list\">\n<li>Et gyldig reisedokument (for eksempel pass).<\/li>\n\n\n\n<li>Tilstrekkelig med penger til oppholdet og hjemreisen.<\/li>\n\n\n\n<li>Bevis p\u00e5 at du vil forlate Canada etter endt bes\u00f8k.<\/li>\n\n\n\n<li>Ingen kriminell, sikkerhets- eller helserisiko for kanadiere.<\/li>\n<\/ul>\n\n<p><strong>Aktiviteter som er tillatt som forretningsreisende<\/strong>:<\/p>\n\n<ul class=\"wp-block-list\">\n<li>Innkj\u00f8p av kanadiske varer eller tjenester for en utenlandsk bedrift eller myndighet.<\/li>\n\n\n\n<li>Tar imot bestillinger p\u00e5 varer eller tjenester.<\/li>\n\n\n\n<li>Deltakelse p\u00e5 m\u00f8ter, konferanser, kongresser eller messer.<\/li>\n\n\n\n<li>Yte ettersalgsservice i henhold til en garanti- eller salgsavtale.<\/li>\n\n\n\n<li>Motta eller gjennomf\u00f8re oppl\u00e6ring relatert til virksomheten din.<\/li>\n<\/ul>\n\n<p><strong>Merk<\/strong>: Hvis bes\u00f8ket ditt inneb\u00e6rer opphold i mer enn seks m\u00e5neder eller deltakelse i aktiviteter p\u00e5 det kanadiske arbeidsmarkedet, kan det hende du trenger <strong>arbeidstillatelse<\/strong>.<\/p>\n\n<hr class=\"wp-block-separator has-alpha-channel-opacity\"\/>\n\n<h3 class=\"wp-block-heading\"><strong>Trinn 2: Trenger du visum eller eTA?<\/strong><\/h3>\n\n<p>Hvorvidt du trenger <strong>visum<\/strong> eller en <strong>elektronisk reisetillatelse (eTA)<\/strong>, avhenger av nasjonaliteten din og omstendighetene rundt reisen.<\/p>\n\n<ul class=\"wp-block-list\">\n<li>Bruk <a>verkt\u00f8yet fra Canadas regjering<\/a> for \u00e5 finne ut om du er kvalifisert.<\/li>\n<\/ul>\n\n<hr class=\"wp-block-separator has-alpha-channel-opacity\"\/>\n\n<h3 class=\"wp-block-heading\"><strong>Trinn 3: Skaff deg en hendelseskode (hvis aktuelt)<\/strong><\/h3>\n\n<p>For arrangementer, m\u00f8ter eller konferanser som er registrert hos <strong>Immigration, Refugees and Citizenship Canada (IRCC):<\/strong><\/p>\n\n<ul class=\"wp-block-list\">\n<li>Arrang\u00f8ren vil gi deg en <strong>arrangementskode<\/strong> og instruksjoner for visums\u00f8knaden din.<\/li>\n\n\n\n<li>Ved \u00e5 oppgi arrangementskoden i s\u00f8knaden din kan du identifisere deg som deltaker.<\/li>\n<\/ul>\n\n<hr class=\"wp-block-separator has-alpha-channel-opacity\"\/>\n\n<h3 class=\"wp-block-heading\"><strong>Trinn 4: S\u00f8k om visum eller eTA (om n\u00f8dvendig)<\/strong><\/h3>\n\n<ul class=\"wp-block-list\">\n<li><strong>Visum<\/strong>: Send inn en visums\u00f8knad via det offisielle <a>IRCC-nettstedet<\/a>.<\/li>\n\n\n\n<li><strong>eTA<\/strong>: S\u00f8k om eTA p\u00e5 nettet .<\/li>\n<\/ul>\n\n<hr class=\"wp-block-separator has-alpha-channel-opacity\"\/>\n\n<h3 class=\"wp-block-heading\"><strong>Trinn 5: Forbered dokumenter for reisen<\/strong><\/h3>\n\n<p>N\u00e5r du ankommer den kanadiske grensen, m\u00e5 du s\u00f8rge for at du har med deg f\u00f8lgende dokumenter (ikke pakk disse i kofferten):<\/p>\n\n<ul class=\"wp-block-list\">\n<li>Gyldig pass eller reisedokument for hele oppholdet.<\/li>\n\n\n\n<li>Et gyldig visum (hvis aktuelt).<\/li>\n\n\n\n<li>Hvis du trenger eTA, m\u00e5 du reise med passet som ble brukt i eTA-s\u00f8knaden.<\/li>\n\n\n\n<li>Personer med lovlig oppholdstillatelse i USA m\u00e5 ta med <strong>gyldig green card<\/strong> (eller tilsvarende bevis p\u00e5 status) og passet sitt.<\/li>\n\n\n\n<li>St\u00f8ttebrev fra morselskapet ditt og et invitasjonsbrev fra den kanadiske vertsbedriften.<\/li>\n\n\n\n<li>Tilleggsdokumenter som kontrakter, garantiavtaler eller servicedokumenter (hvis relevant).<\/li>\n\n\n\n<li>Kontaktinformasjon for bedriftsverten din i Canada.<\/li>\n\n\n\n<li>Bevis p\u00e5 at du har tilstrekkelige midler til oppholdet og hjemreisen.<\/li>\n<\/ul>\n\n<hr class=\"wp-block-separator has-alpha-channel-opacity\"\/>\n\n<h3 class=\"wp-block-heading\"><strong>Mindre\u00e5rige som reiser med deg<\/strong><\/h3>\n\n<p>Hvis du reiser med barn under 18 \u00e5r, b\u00f8r du gj\u00f8re deg kjent med Canadas regler for mindre\u00e5rige.<\/p>\n\n<ul class=\"wp-block-list\">\n<li>Se innreisekravene for mindre\u00e5rige for \u00e5 sikre at de kanadiske lovene om beskyttelse av barn overholdes.<\/li>\n<\/ul>\n\n<hr class=\"wp-block-separator has-alpha-channel-opacity\"\/>\n\n<h3 class=\"wp-block-heading\"><strong>Viktige merknader for forretningsreisende<\/strong><\/h3>\n\n<ul class=\"wp-block-list\">\n<li><strong>Avtalen mellom Canada, USA og Mexico (CUSMA)<\/strong> inneholder ytterligere bestemmelser for amerikanske og meksikanske statsborgere som deltar i aktiviteter som forskning, markedsf\u00f8ring og generelle tjenester.<\/li>\n\n\n\n<li>Ta alltid kontakt med m\u00f8te- eller arrangementsarrang\u00f8ren for spesifikke krav eller veiledning.<\/li>\n\n\n\n<li>Forretningsreisende er begrenset til aktiviteter som ikke inneb\u00e6rer direkte ansettelse i Canada.<\/li>\n<\/ul>\n\n<p>Ved \u00e5 f\u00f8lge disse trinnene og s\u00f8rge for at du har de riktige dokumentene, kan forretningsbes\u00f8ket ditt til Canada g\u00e5 effektivt og vellykket for seg.<\/p>\n","protected":false},"excerpt":{"rendered":"<p>Forretningsreisende: Deltakelse p\u00e5 m\u00f8ter, arrangementer og konferanser i Canada Forretningsreisende spiller en viktig rolle i \u00e5 fremme internasjonal handel og [&hellip;]<\/p>\n","protected":false},"author":1,"featured_media":0,"parent":0,"menu_order":0,"comment_status":"closed","ping_status":"closed","template":"","meta":{"_uag_custom_page_level_css":"","site-sidebar-layout":"default","site-content-layout":"","ast-site-content-layout":"","site-content-style":"default","site-sidebar-style":"default","ast-global-header-display":"","ast-banner-title-visibility":"","ast-main-header-display":"","ast-hfb-above-header-display":"","ast-hfb-below-header-display":"","ast-hfb-mobile-header-display":"","site-post-title":"","ast-breadcrumbs-content":"","ast-featured-img":"","footer-sml-layout":"","theme-transparent-header-meta":"","adv-header-id-meta":"","stick-header-meta":"","header-above-stick-meta":"","header-main-stick-meta":"","header-below-stick-meta":"","astra-migrate-meta-layouts":"default","ast-page-background-enabled":"default","ast-page-background-meta":{"desktop":{"background-color":"var(--ast-global-color-4)","background-image":"","background-repeat":"repeat","background-position":"center center","background-size":"auto","background-attachment":"scroll","background-type":"","background-media":"","overlay-type":"","overlay-color":"","overlay-opacity":"","overlay-gradient":""},"tablet":{"background-color":"","background-image":"","background-repeat":"repeat","background-position":"center center","background-size":"auto","background-attachment":"scroll","background-type":"","background-media":"","overlay-type":"","overlay-color":"","overlay-opacity":"","overlay-gradient":""},"mobile":{"background-color":"","background-image":"","background-repeat":"repeat","background-position":"center center","background-size":"auto","background-attachment":"scroll","background-type":"","background-media":"","overlay-type":"","overlay-color":"","overlay-opacity":"","overlay-gradient":""}},"ast-content-background-meta":{"desktop":{"background-color":"var(--ast-global-color-5)","background-image":"","background-repeat":"repeat","background-position":"center center","background-size":"auto","background-attachment":"scroll","background-type":"","background-media":"","overlay-type":"","overlay-color":"","overlay-opacity":"","overlay-gradient":""},"tablet":{"background-color":"var(--ast-global-color-5)","background-image":"","background-repeat":"repeat","background-position":"center center","background-size":"auto","background-attachment":"scroll","background-type":"","background-media":"","overlay-type":"","overlay-color":"","overlay-opacity":"","overlay-gradient":""},"mobile":{"background-color":"var(--ast-global-color-5)","background-image":"","background-repeat":"repeat","background-position":"center center","background-size":"auto","background-attachment":"scroll","background-type":"","background-media":"","overlay-type":"","overlay-color":"","overlay-opacity":"","overlay-gradient":""}},"footnotes":""},"categories":[],"tags":[],"class_list":["post-1031","page","type-page","status-publish","hentry"],"uagb_featured_image_src":{"full":false,"thumbnail":false,"medium":false,"medium_large":false,"large":false,"1536x1536":false,"2048x2048":false},"uagb_author_info":{"display_name":"admin","author_link":"https:\/\/www.etafast.org\/no\/author\/admin\/"},"uagb_comment_info":0,"uagb_excerpt":"Forretningsreisende: Deltakelse p\u00e5 m\u00f8ter, arrangementer og konferanser i Canada Forretningsreisende spiller en viktig rolle i \u00e5 fremme internasjonal handel og [&hellip;]","_links":{"self":[{"href":"https:\/\/www.etafast.org\/no\/wp-json\/wp\/v2\/pages\/1031","targetHints":{"allow":["GET"]}}],"collection":[{"href":"https:\/\/www.etafast.org\/no\/wp-json\/wp\/v2\/pages"}],"about":[{"href":"https:\/\/www.etafast.org\/no\/wp-json\/wp\/v2\/types\/page"}],"author":[{"embeddable":true,"href":"https:\/\/www.etafast.org\/no\/wp-json\/wp\/v2\/users\/1"}],"replies":[{"embeddable":true,"href":"https:\/\/www.etafast.org\/no\/wp-json\/wp\/v2\/comments?post=1031"}],"version-history":[{"count":1,"href":"https:\/\/www.etafast.org\/no\/wp-json\/wp\/v2\/pages\/1031\/revisions"}],"predecessor-version":[{"id":1032,"href":"https:\/\/www.etafast.org\/no\/wp-json\/wp\/v2\/pages\/1031\/revisions\/1032"}],"wp:attachment":[{"href":"https:\/\/www.etafast.org\/no\/wp-json\/wp\/v2\/media?parent=1031"}],"wp:term":[{"taxonomy":"category","embeddable":true,"href":"https:\/\/www.etafast.org\/no\/wp-json\/wp\/v2\/categories?post=1031"},{"taxonomy":"post_tag","embeddable":true,"href":"https:\/\/www.etafast.org\/no\/wp-json\/wp\/v2\/tags?post=1031"}],"curies":[{"name":"wp","href":"https:\/\/api.w.org\/{rel}","templated":true}]}}