{"id":1427,"date":"2024-12-11T08:25:47","date_gmt":"2024-12-11T07:25:47","guid":{"rendered":"https:\/\/www.etafast.org\/heb-je-visa-nodig\/"},"modified":"2024-12-11T09:14:29","modified_gmt":"2024-12-11T08:14:29","slug":"heb-je-visa-nodig","status":"publish","type":"page","link":"https:\/\/www.etafast.org\/nl\/heb-je-visa-nodig\/","title":{"rendered":"Heb je VISA nodig?"},"content":{"rendered":"\n<h3 class=\"wp-block-heading\">Hoe weet u of u een visum nodig hebt om naar Canada te reizen?<\/h3>\n\n<p>Canada vereist dat reizigers een <strong>bezoekersvisum<\/strong> of een <strong>Electronic Travel Authorization (eTA)<\/strong> hebben om het land binnen te komen of door te reizen, afhankelijk van hun nationaliteit en de manier van reizen. Hier lees je hoe je kunt bepalen wat je nodig hebt: <\/p>\n\n<hr class=\"wp-block-separator has-alpha-channel-opacity\"\/>\n\n<h3 class=\"wp-block-heading\"><strong>Stap 1: Controleer je nationaliteit<\/strong><\/h3>\n\n<p>Het soort reisdocument dat je nodig hebt, hangt voornamelijk af van je nationaliteit. Reizigers vallen in \u00e9\u00e9n van drie categorie\u00ebn: <\/p>\n\n<ol class=\"wp-block-list\">\n<li><strong>Visumvrije reizigers (hebben een eTA nodig)<\/strong><br\/>Als je staatsburger bent van een visumvrij land, heb je een eTA nodig als je per vliegtuig naar Canada reist of door Canada reist. Voorbeelden van visumvrije landen zijn: <ul><li>Australi\u00eb<\/li><li>Duitsland<\/li><li>Japan<\/li><li>Verenigd Koninkrijk<\/li><li>Frankrijk<br\/><em>(Dit is geen volledige lijst).<\/em><\/li><\/ul><strong>Belangrijk<\/strong>: Als je Canada binnenkomt per auto, bus, trein of boot, inclusief een cruise, heb je GEEN eTA of bezoekersvisum nodig.<\/li>\n\n\n\n<li><strong>Visumplichtige reizigers (hebben een bezoekersvisum nodig)<\/strong><br>Burgers van landen die niet op de visumvrije lijst staan, hebben een bezoekersvisum (ook bekend als een tijdelijk verblijfsvisum) nodig om naar Canada te reizen, ongeacht de manier van reizen.<br>Voorbeelden van visumplichtige landen zijn:\n<ul class=\"wp-block-list\">\n<li>India<\/li>\n\n\n\n<li>China<\/li>\n\n\n\n<li>Pakistan<br\/><em>(Dit is geen volledige lijst).<\/em><\/li>\n<\/ul>\n<\/li>\n\n\n\n<li><strong>Visumplichtige reizigers (kunnen in aanmerking komen voor een eTA)<\/strong><br>Als u uit een visumplichtig land komt, maar aan specifieke voorwaarden voldoet, kunt u een eTA aanvragen in plaats van een visum. Deze voorwaarden zijn onder andere: <ul><li>In het bezit zijn van een geldig Amerikaans nonimmigrant visum, OF<\/li><li>In de afgelopen 10 jaar in het bezit zijn geweest van een Canadees bezoekersvisum.<\/li><\/ul>Landen die in aanmerking komen voor deze optie zijn onder andere:\n<ul class=\"wp-block-list\">\n<li>Brazili\u00eb<\/li>\n\n\n\n<li>Mexico<\/li>\n\n\n\n<li>Filipijnen<br\/><em>(Dit is geen volledige lijst).<\/em><\/li>\n<\/ul>\n<\/li>\n<\/ol>\n\n<hr class=\"wp-block-separator has-alpha-channel-opacity\"\/>\n\n<h3 class=\"wp-block-heading\"><strong>Stap 2: Overweeg je reismethode<\/strong><\/h3>\n\n<p>Welk reisdocument je nodig hebt, hangt ook af van de manier waarop je Canada binnenkomt:<\/p>\n\n<figure class=\"wp-block-table\"><table class=\"has-fixed-layout\"><thead><tr><th><strong>Wijze van reizen<\/strong><\/th><th><strong>Vereiste<\/strong><\/th><\/tr><\/thead><tbody><tr><td>Vliegen naar of op doorreis via een Canadees vliegveld<\/td><td>eTA (voor reizigers die zijn vrijgesteld van de visumplicht) of bezoekersvisum<\/td><\/tr><tr><td>Binnenkomen met de auto, bus, trein of boot (inclusief een cruise)<\/td><td>Bezoekersvisum (voor reizigers die visumplichtig zijn)<\/td><\/tr><tr><td>Reizen met een geldig Canadees visum<\/td><td>Geen eTA nodig; gebruik je visum<\/td><\/tr><\/tbody><\/table><\/figure>\n\n<hr class=\"wp-block-separator has-alpha-channel-opacity\"\/>\n\n<h3 class=\"wp-block-heading\"><strong>Stap 3: Uitzonderingen op de regel<\/strong><\/h3>\n\n<ol class=\"wp-block-list\">\n<li><strong>Amerikaanse burgers<\/strong><br\/>Amerikaanse burgers hebben GEEN eTA of bezoekersvisum nodig. Ze hebben alleen een geldig Amerikaans paspoort nodig. <\/li>\n\n\n\n<li><strong>Canadese burgers (inclusief dubbele burgers)<\/strong><br\/>Canadese burgers kunnen geen eTA of visum aanvragen. Ze moeten reizen met een geldig Canadees paspoort. <\/li>\n\n\n\n<li><strong>Canadese permanente inwoners<\/strong><br>Permanente inwoners van Canada kunnen geen eTA aanvragen. Zij moeten reizen met: \n<ul class=\"wp-block-list\">\n<li>Een geldige permanente verblijfsvergunning OF<\/li>\n\n\n\n<li>Een reisdocument voor permanent verblijf.<\/li>\n<\/ul>\n<\/li>\n\n\n\n<li><strong>U.S. Permanent Residents<\/strong><br>Vanaf 26 april 2022 hebben wettige permanente inwoners van de V.S. geen eTA nodig. Zij moeten: \n<ul class=\"wp-block-list\">\n<li>Een geldig paspoort van hun nationaliteit, EN<\/li>\n\n\n\n<li>Een geldige Green Card of gelijkwaardig bewijs van status.<\/li>\n<\/ul>\n<\/li>\n<\/ol>\n\n<hr class=\"wp-block-separator has-alpha-channel-opacity\"\/>\n\n<h3 class=\"wp-block-heading\"><strong>Stap 4: Gebruik het hulpmiddel van de Canadese overheid<\/strong><\/h3>\n\n<p>Om te bepalen of je een visum of een eTA nodig hebt, kun je het offici\u00eble <a>hulpmiddel voor reisdocumenten<\/a> van de Canadese overheid gebruiken. Voer gewoon je nationaliteit, reismethode en het doel van je bezoek in om persoonlijke resultaten te krijgen. <\/p>\n\n<hr class=\"wp-block-separator has-alpha-channel-opacity\"\/>\n\n<h3 class=\"wp-block-heading\"><strong>Slotopmerkingen<\/strong><\/h3>\n\n<ul class=\"wp-block-list\">\n<li>Zorg ervoor dat je het juiste document ruim voor je reisdatum aanvraagt.<\/li>\n\n\n\n<li>Het hebben van een visum of eTA is geen garantie voor toegang tot Canada. Je moet de grensbeambte ervan overtuigen dat je aan alle inreisvereisten voldoet. <\/li>\n<\/ul>\n\n<p><\/p>\n","protected":false},"excerpt":{"rendered":"<p>Hoe weet u of u een visum nodig hebt om naar Canada te reizen? Canada vereist dat reizigers een bezoekersvisum [&hellip;]<\/p>\n","protected":false},"author":1,"featured_media":0,"parent":0,"menu_order":0,"comment_status":"closed","ping_status":"closed","template":"","meta":{"_uag_custom_page_level_css":"","site-sidebar-layout":"default","site-content-layout":"","ast-site-content-layout":"","site-content-style":"default","site-sidebar-style":"default","ast-global-header-display":"","ast-banner-title-visibility":"","ast-main-header-display":"","ast-hfb-above-header-display":"","ast-hfb-below-header-display":"","ast-hfb-mobile-header-display":"","site-post-title":"","ast-breadcrumbs-content":"","ast-featured-img":"","footer-sml-layout":"","theme-transparent-header-meta":"","adv-header-id-meta":"","stick-header-meta":"","header-above-stick-meta":"","header-main-stick-meta":"","header-below-stick-meta":"","astra-migrate-meta-layouts":"default","ast-page-background-enabled":"default","ast-page-background-meta":{"desktop":{"background-color":"var(--ast-global-color-4)","background-image":"","background-repeat":"repeat","background-position":"center center","background-size":"auto","background-attachment":"scroll","background-type":"","background-media":"","overlay-type":"","overlay-color":"","overlay-opacity":"","overlay-gradient":""},"tablet":{"background-color":"","background-image":"","background-repeat":"repeat","background-position":"center center","background-size":"auto","background-attachment":"scroll","background-type":"","background-media":"","overlay-type":"","overlay-color":"","overlay-opacity":"","overlay-gradient":""},"mobile":{"background-color":"","background-image":"","background-repeat":"repeat","background-position":"center center","background-size":"auto","background-attachment":"scroll","background-type":"","background-media":"","overlay-type":"","overlay-color":"","overlay-opacity":"","overlay-gradient":""}},"ast-content-background-meta":{"desktop":{"background-color":"var(--ast-global-color-5)","background-image":"","background-repeat":"repeat","background-position":"center center","background-size":"auto","background-attachment":"scroll","background-type":"","background-media":"","overlay-type":"","overlay-color":"","overlay-opacity":"","overlay-gradient":""},"tablet":{"background-color":"var(--ast-global-color-5)","background-image":"","background-repeat":"repeat","background-position":"center center","background-size":"auto","background-attachment":"scroll","background-type":"","background-media":"","overlay-type":"","overlay-color":"","overlay-opacity":"","overlay-gradient":""},"mobile":{"background-color":"var(--ast-global-color-5)","background-image":"","background-repeat":"repeat","background-position":"center center","background-size":"auto","background-attachment":"scroll","background-type":"","background-media":"","overlay-type":"","overlay-color":"","overlay-opacity":"","overlay-gradient":""}},"footnotes":""},"categories":[],"tags":[],"class_list":["post-1427","page","type-page","status-publish","hentry"],"uagb_featured_image_src":{"full":false,"thumbnail":false,"medium":false,"medium_large":false,"large":false,"1536x1536":false,"2048x2048":false},"uagb_author_info":{"display_name":"admin","author_link":"https:\/\/www.etafast.org\/nl\/author\/admin\/"},"uagb_comment_info":0,"uagb_excerpt":"Hoe weet u of u een visum nodig hebt om naar Canada te reizen? Canada vereist dat reizigers een bezoekersvisum [&hellip;]","_links":{"self":[{"href":"https:\/\/www.etafast.org\/nl\/wp-json\/wp\/v2\/pages\/1427","targetHints":{"allow":["GET"]}}],"collection":[{"href":"https:\/\/www.etafast.org\/nl\/wp-json\/wp\/v2\/pages"}],"about":[{"href":"https:\/\/www.etafast.org\/nl\/wp-json\/wp\/v2\/types\/page"}],"author":[{"embeddable":true,"href":"https:\/\/www.etafast.org\/nl\/wp-json\/wp\/v2\/users\/1"}],"replies":[{"embeddable":true,"href":"https:\/\/www.etafast.org\/nl\/wp-json\/wp\/v2\/comments?post=1427"}],"version-history":[{"count":1,"href":"https:\/\/www.etafast.org\/nl\/wp-json\/wp\/v2\/pages\/1427\/revisions"}],"predecessor-version":[{"id":1428,"href":"https:\/\/www.etafast.org\/nl\/wp-json\/wp\/v2\/pages\/1427\/revisions\/1428"}],"wp:attachment":[{"href":"https:\/\/www.etafast.org\/nl\/wp-json\/wp\/v2\/media?parent=1427"}],"wp:term":[{"taxonomy":"category","embeddable":true,"href":"https:\/\/www.etafast.org\/nl\/wp-json\/wp\/v2\/categories?post=1427"},{"taxonomy":"post_tag","embeddable":true,"href":"https:\/\/www.etafast.org\/nl\/wp-json\/wp\/v2\/tags?post=1427"}],"curies":[{"name":"wp","href":"https:\/\/api.w.org\/{rel}","templated":true}]}}