{"id":955,"date":"2024-12-11T08:30:38","date_gmt":"2024-12-11T07:30:38","guid":{"rendered":"https:\/\/www.etafast.org\/transitu-mill-kanada\/"},"modified":"2024-12-11T09:07:28","modified_gmt":"2024-12-11T08:07:28","slug":"transitu-mill-kanada","status":"publish","type":"page","link":"https:\/\/www.etafast.org\/mt\/transitu-mill-kanada\/","title":{"rendered":"Transitu mill-Kanada"},"content":{"rendered":"\n<p>Jekk qed tivvja\u0121\u0121a lejn pajji\u017c ie\u0127or u trid tg\u0127addi mill-Kanada, ir-rekwi\u017citi tad-dokument jiddependu fuq diversi fatturi, inklu\u017c il-mod tal-ivvja\u0121\u0121ar tieg\u0127ek, it-tul ta\u017c-\u017cjara, in-nazzjonalit\u00e0 u l-istatus tal-immigrazzjoni. Hawn ta\u0127t hawn gwida komprensiva biex tg\u0127inek tiddetermina dak li g\u0127andek b\u017conn g\u0127al transitu bla xkiel mill-Kanada. <\/p>\n\n<hr class=\"wp-block-separator has-alpha-channel-opacity\"\/>\n\n<h3 class=\"wp-block-heading\"><strong>Fatturi Li Jiddeterminaw ir-Rekwi\u017citi ta&#8217; Tran\u017citu Tieg\u0127ek<\/strong><\/h3>\n\n<ol class=\"wp-block-list\">\n<li><strong>Mod tal-Ivvja\u0121\u0121ar<\/strong> :\n<ul class=\"wp-block-list\">\n<li>Bl-ajru (titjiriet internazzjonali li jg\u0127aqqdu minn ajruporti Kanadi\u017ci).<\/li>\n\n\n\n<li>Bil-karozza, xarabank, ferrovija, jew dg\u0127ajsa (inklu\u017ci vapuri tal-kru\u010bieri).<\/li>\n<\/ul>\n<\/li>\n\n\n\n<li><strong>Tul tat-Tran\u017citu<\/strong> :\n<ul class=\"wp-block-list\">\n<li>Inqas minn 48 sieg\u0127a.<\/li>\n\n\n\n<li>Aktar minn 48 sieg\u0127a.<\/li>\n<\/ul>\n<\/li>\n\n\n\n<li><strong>Nazzjonalit\u00e0 u Status ta&#8217; Immigrazzjoni<\/strong> :\n<ul class=\"wp-block-list\">\n<li>Il-pajji\u017c tal-passaport tieg\u0127ek.<\/li>\n\n\n\n<li>Kemm jekk inti \u010bittadin Amerikan, residenti legali permanenti tal-Istati Uniti, jew jekk g\u0127andek vi\u017ca tal-Istati Uniti valida.<\/li>\n<\/ul>\n<\/li>\n<\/ol>\n\n<hr class=\"wp-block-separator has-alpha-channel-opacity\"\/>\n\n<h3 class=\"wp-block-heading\"><strong>G\u0127a\u017cliet tad-Dokument g\u0127al Transitu mill-Kanada<\/strong><\/h3>\n\n<h4 class=\"wp-block-heading\"><strong>1. Vi\u017ca tal-Vi\u017citatur<\/strong><\/h4>\n\n<p>G\u0127andek b\u017conn <strong>vi\u017ca g\u0127all-vi\u017citatur<\/strong> jekk:<\/p>\n\n<ul class=\"wp-block-list\">\n<li>Inti minn <strong>pajji\u017c li je\u0127tie\u0121 vi\u017ca<\/strong> u qed tippjana li:\n<ul class=\"wp-block-list\">\n<li>\u017bur il-Kanada, anke jekk tkun g\u0127al inqas minn 48 sieg\u0127a.<\/li>\n\n\n\n<li>Ibqa &#8216;fil-Kanada g\u0127al <strong>aktar minn 48 sieg\u0127a<\/strong> waqt li tkun g\u0127addejja.<\/li>\n<\/ul>\n<\/li>\n\n\n\n<li>Int qed tivvja\u0121\u0121a b&#8217;xarabank <strong>, karozza, ferrovija, dg\u0127ajsa, jew vapur tal-kru\u010biera<\/strong> minn pajji\u017c me\u0127tie\u0121 g\u0127all-vi\u017ca.<\/li>\n<\/ul>\n\n<p><\/p>\n\n<hr class=\"wp-block-separator has-alpha-channel-opacity\"\/>\n\n<h4 class=\"wp-block-heading\"><strong>2. Vi\u017ca ta&#8217; Transitu<\/strong><\/h4>\n\n<p>G\u0127andek b\u017conn <strong>vi\u017ca ta&#8217; tran\u017citu<\/strong> jekk:<\/p>\n\n<ul class=\"wp-block-list\">\n<li>Inti minn <strong>pajji\u017c li je\u0127tie\u0121 vi\u017ca<\/strong> u:\n<ul class=\"wp-block-list\">\n<li>It-titjira internazzjonali tieg\u0127ek tieqaf f&#8217;ajruport Kanadi\u017c fi rotta lejn destinazzjoni o\u0127ra.<\/li>\n\n\n\n<li>Qed tikkonnettja bejn \u017cew\u0121 titjiriet internazzjonali f&#8217;ajruport Kanadi\u017c wie\u0127ed jew aktar.<\/li>\n\n\n\n<li>It-transitu tieg\u0127ek idum <strong>48 sieg\u0127a jew inqas<\/strong> .<\/li>\n\n\n\n<li>M&#8217;g\u0127andekx vi\u017ca valida g\u0127all-vi\u017citatur.<\/li>\n\n\n\n<li>M&#8217;intix eli\u0121ibbli g\u0127al eTA.<\/li>\n<\/ul>\n<\/li>\n<\/ul>\n\n<p><\/p>\n\n<hr class=\"wp-block-separator has-alpha-channel-opacity\"\/>\n\n<h4 class=\"wp-block-heading\"><strong>3. Awtorizzazzjoni Elettronika g\u0127all-Ivvja\u0121\u0121ar (eTA)<\/strong><\/h4>\n\n<p>G\u0127andek b\u017conn <strong>eTA<\/strong> jekk:<\/p>\n\n<ul class=\"wp-block-list\">\n<li>Inti minn <strong>pajji\u017c me\u0127tie\u0121 g\u0127all-eTA<\/strong> u:\n<ul class=\"wp-block-list\">\n<li>Transitu mill-Kanada bl-ajru.<\/li>\n\n\n\n<li>It-transitu tieg\u0127ek huwa parti minn titjira internazzjonali ta&#8217; konnessjoni.<\/li>\n<\/ul>\n<\/li>\n<\/ul>\n\n<p><strong>E\u010b\u010bezzjonijiet<\/strong> :<\/p>\n\n<ul class=\"wp-block-list\">\n<li>M&#8217;g\u0127andekx b\u017conn ta&#8217; eTA jekk tkun qed tg\u0127addi bil-ferrovija, xarabank, dg\u0127ajsa, jew vapur tal-kru\u010biera, i\u017cda jrid ikollok dokumenti tal-ivvja\u0121\u0121ar validi.<\/li>\n<\/ul>\n\n<p><\/p>\n\n<hr class=\"wp-block-separator has-alpha-channel-opacity\"\/>\n\n<h4 class=\"wp-block-heading\"><strong>4. Transitu Ming\u0127ajr Vi\u017ca<\/strong><\/h4>\n\n<ul class=\"wp-block-list\">\n<li><strong>\u010aittadini Amerikani u Residenti Permanenti Legali<\/strong> :<br> I\u010b-\u010bittadini tal-Istati Uniti u d-detenturi tal-Karta l-\u0126adra tal-Istati Uniti jistg\u0127u jg\u0127addu mill-Kanada ming\u0127ajr vi\u017ca bl-ajru, karozza, xarabank, ferrovija jew dg\u0127ajsa. Kun \u017cgur li \u0121\u0121orr: \n<ul class=\"wp-block-list\">\n<li>Passaport jew dokument tal-ivvja\u0121\u0121ar validu.<\/li>\n\n\n\n<li>Green Card valida tal-Istati Uniti (g\u0127al residenti permanenti legali).<\/li>\n<\/ul>\n<\/li>\n\n\n\n<li><strong>Detenturi tal-Passaporti minn Pajji\u017ci Spe\u010bifi\u010bi<\/strong> :<br\/> \u010aittadini <strong>mi\u010b-\u010aina, l-Indone\u017cja, il-Filippini, it-Tajlandja<\/strong> jew <strong>it-Tajwan<\/strong> (ming\u0127ajr numru ta\u2019 identifikazzjoni personali) jistg\u0127u jg\u0127addu ming\u0127ajr vi\u017ca jekk jissodisfaw \u010berti kundizzjonijiet.<\/li>\n<\/ul>\n\n<p><\/p>\n\n<hr class=\"wp-block-separator has-alpha-channel-opacity\"\/>\n\n<h3 class=\"wp-block-heading\"><strong>Dokumenti li Trid \u0120orr<\/strong><\/h3>\n\n<p>Meta tg\u0127addi mill-Kanada, dejjem ag\u0127mel id-dokumenti li \u0121ejjin lesti:<\/p>\n\n<ul class=\"wp-block-list\">\n<li>Passaport jew dokument tal-ivvja\u0121\u0121ar validu g\u0127all-vja\u0121\u0121 kollu tieg\u0127ek.<\/li>\n\n\n\n<li>Vi\u017ca valida, vi\u017ca ta\u2019 tran\u017citu, jew eTA (jekk applikabbli).<\/li>\n\n\n\n<li>G\u0127al residenti permanenti tal-Istati Uniti: Green Card valida jew prova ekwivalenti tal-istatus.<\/li>\n\n\n\n<li>Prova ta&#8217; vja\u0121\u0121ar &#8216;il quddiem, b\u0127al biljetti tal-ajru jew itinerarju.<\/li>\n<\/ul>\n\n<hr class=\"wp-block-separator has-alpha-channel-opacity\"\/>\n\n<h3 class=\"wp-block-heading\"><strong>Noti Ewlenin<\/strong><\/h3>\n\n<ul class=\"wp-block-list\">\n<li><strong>Tul tat-Tran\u017citu<\/strong> : Jekk it-transitu tieg\u0127ek jaqbe\u017c it-48 sieg\u0127a, tkun te\u0127tie\u0121 vi\u017ca g\u0127all-vi\u017citatur.<\/li>\n\n\n\n<li><strong>Mod ta&#8217; D\u0127ul<\/strong> : l-eTA hija me\u0127tie\u0121a g\u0127all-ivvja\u0121\u0121ar bl-ajru i\u017cda mhux g\u0127all-ivvja\u0121\u0121ar fuq l-art jew bil-ba\u0127ar.<\/li>\n\n\n\n<li><strong>Applikazzjoni bil-quddiem<\/strong> : Applika g\u0127ad-dokument me\u0127tie\u0121 \u0127afna qabel id-data tal-ivvja\u0121\u0121ar tieg\u0127ek biex tevita dewmien.<\/li>\n<\/ul>\n\n<p>Billi ti\u017cgura li jkollok id-dokumentazzjoni korretta, tista&#8217; tg\u0127addi mill-Kanada bla xkiel u tiffoka biex tasal fid-destinazzjoni finali tieg\u0127ek.<\/p>\n","protected":false},"excerpt":{"rendered":"<p>Jekk qed tivvja\u0121\u0121a lejn pajji\u017c ie\u0127or u trid tg\u0127addi mill-Kanada, ir-rekwi\u017citi tad-dokument jiddependu fuq diversi fatturi, inklu\u017c il-mod tal-ivvja\u0121\u0121ar tieg\u0127ek, [&hellip;]<\/p>\n","protected":false},"author":1,"featured_media":0,"parent":0,"menu_order":0,"comment_status":"closed","ping_status":"closed","template":"","meta":{"_uag_custom_page_level_css":"","site-sidebar-layout":"default","site-content-layout":"","ast-site-content-layout":"","site-content-style":"default","site-sidebar-style":"default","ast-global-header-display":"","ast-banner-title-visibility":"","ast-main-header-display":"","ast-hfb-above-header-display":"","ast-hfb-below-header-display":"","ast-hfb-mobile-header-display":"","site-post-title":"","ast-breadcrumbs-content":"","ast-featured-img":"","footer-sml-layout":"","theme-transparent-header-meta":"","adv-header-id-meta":"","stick-header-meta":"","header-above-stick-meta":"","header-main-stick-meta":"","header-below-stick-meta":"","astra-migrate-meta-layouts":"default","ast-page-background-enabled":"default","ast-page-background-meta":{"desktop":{"background-color":"var(--ast-global-color-4)","background-image":"","background-repeat":"repeat","background-position":"center center","background-size":"auto","background-attachment":"scroll","background-type":"","background-media":"","overlay-type":"","overlay-color":"","overlay-opacity":"","overlay-gradient":""},"tablet":{"background-color":"","background-image":"","background-repeat":"repeat","background-position":"center center","background-size":"auto","background-attachment":"scroll","background-type":"","background-media":"","overlay-type":"","overlay-color":"","overlay-opacity":"","overlay-gradient":""},"mobile":{"background-color":"","background-image":"","background-repeat":"repeat","background-position":"center center","background-size":"auto","background-attachment":"scroll","background-type":"","background-media":"","overlay-type":"","overlay-color":"","overlay-opacity":"","overlay-gradient":""}},"ast-content-background-meta":{"desktop":{"background-color":"var(--ast-global-color-5)","background-image":"","background-repeat":"repeat","background-position":"center center","background-size":"auto","background-attachment":"scroll","background-type":"","background-media":"","overlay-type":"","overlay-color":"","overlay-opacity":"","overlay-gradient":""},"tablet":{"background-color":"var(--ast-global-color-5)","background-image":"","background-repeat":"repeat","background-position":"center center","background-size":"auto","background-attachment":"scroll","background-type":"","background-media":"","overlay-type":"","overlay-color":"","overlay-opacity":"","overlay-gradient":""},"mobile":{"background-color":"var(--ast-global-color-5)","background-image":"","background-repeat":"repeat","background-position":"center center","background-size":"auto","background-attachment":"scroll","background-type":"","background-media":"","overlay-type":"","overlay-color":"","overlay-opacity":"","overlay-gradient":""}},"footnotes":""},"categories":[],"tags":[],"class_list":["post-955","page","type-page","status-publish","hentry"],"uagb_featured_image_src":{"full":false,"thumbnail":false,"medium":false,"medium_large":false,"large":false,"1536x1536":false,"2048x2048":false},"uagb_author_info":{"display_name":"admin","author_link":"https:\/\/www.etafast.org\/mt\/author\/admin\/"},"uagb_comment_info":0,"uagb_excerpt":"Jekk qed tivvja\u0121\u0121a lejn pajji\u017c ie\u0127or u trid tg\u0127addi mill-Kanada, ir-rekwi\u017citi tad-dokument jiddependu fuq diversi fatturi, inklu\u017c il-mod tal-ivvja\u0121\u0121ar tieg\u0127ek, [&hellip;]","_links":{"self":[{"href":"https:\/\/www.etafast.org\/mt\/wp-json\/wp\/v2\/pages\/955","targetHints":{"allow":["GET"]}}],"collection":[{"href":"https:\/\/www.etafast.org\/mt\/wp-json\/wp\/v2\/pages"}],"about":[{"href":"https:\/\/www.etafast.org\/mt\/wp-json\/wp\/v2\/types\/page"}],"author":[{"embeddable":true,"href":"https:\/\/www.etafast.org\/mt\/wp-json\/wp\/v2\/users\/1"}],"replies":[{"embeddable":true,"href":"https:\/\/www.etafast.org\/mt\/wp-json\/wp\/v2\/comments?post=955"}],"version-history":[{"count":1,"href":"https:\/\/www.etafast.org\/mt\/wp-json\/wp\/v2\/pages\/955\/revisions"}],"predecessor-version":[{"id":956,"href":"https:\/\/www.etafast.org\/mt\/wp-json\/wp\/v2\/pages\/955\/revisions\/956"}],"wp:attachment":[{"href":"https:\/\/www.etafast.org\/mt\/wp-json\/wp\/v2\/media?parent=955"}],"wp:term":[{"taxonomy":"category","embeddable":true,"href":"https:\/\/www.etafast.org\/mt\/wp-json\/wp\/v2\/categories?post=955"},{"taxonomy":"post_tag","embeddable":true,"href":"https:\/\/www.etafast.org\/mt\/wp-json\/wp\/v2\/tags?post=955"}],"curies":[{"name":"wp","href":"https:\/\/api.w.org\/{rel}","templated":true}]}}