{"id":465,"date":"2024-12-02T16:08:30","date_gmt":"2024-12-02T15:08:30","guid":{"rendered":"https:\/\/www.etafast.org\/kuntatt\/"},"modified":"2024-12-11T09:03:23","modified_gmt":"2024-12-11T08:03:23","slug":"kuntatt","status":"publish","type":"page","link":"https:\/\/www.etafast.org\/mt\/kuntatt\/","title":{"rendered":"Kuntatt"},"content":{"rendered":"<style>\n.accordion-content {\n    display: none;\n    padding: 10px;\n    border: 1px solid #ccc;\n    border-top: none;\n}\n\n.accordion-header {\n    cursor: pointer;\n    padding: 10px;\n    border: 1px solid #ccc;\n    margin: 0;\nbackground-color:#fafafa;\nmargin-bottom:10px;\nborder-radius:3px;\npadding-right:50px;\nposition: relative;\nfont-size:110%;\n}\n.accordion-header .qs {\n\n}\n.arrow {\n    position: absolute;\n    right: 10px;\n    top: 10px;\n}\n\n.arrow-up {\n    transform: rotate(180deg);\n}\n<\/style>\n\n\n<script>\njQuery(document).ready(function(){\n    jQuery(\".accordion-header\").click(function() {\n        \/\/ Toggle the arrow direction of the clicked header\n        jQuery(this).children(\".arrow\").toggleClass(\"arrow-up\", !jQuery(this).next().is(\":visible\"));\n        \n        \/\/ Close previously opened content and reset their arrows\n        jQuery(\".accordion-content\").not(jQuery(this).next()).slideUp().prev().children(\".arrow\").removeClass(\"arrow-up\");\n        jQuery(\".accordion-content\").not(jQuery(this).next()).prev().find(\".arrow\").html(\"&#9660;\"); \/\/ Reset other arrows to down\n        \n        jQuery(this).next().slideToggle();\n        if(jQuery(this).next().is(\":visible\")) {\n            jQuery(this).find(\".arrow\").html(\"&#9660;\"); \/\/ Change to up arrow\n        } else {\n            jQuery(this).find(\".arrow\").html(\"&#9650;\"); \/\/ Change back to down arrow\n        }\n    });\n});\n<\/script>\n\n\n<div class=\"accordion\"><h4 class=\"accordion-header\"><span class=\"qs\">Il-\u0127las huwa rimborsabbli<\/span><span class=\"arrow\">&#9660;<\/span><\/h4>\n            <div class=\"accordion-content\">\n            <p>Iva. Il-\u0127las huwa rimborsabbli qabel ma jing\u0127atalek is-servizz tieg\u0127ek. Jekk jog\u0127\u0121bok i\u010b\u010bekkja t-termini u l-kundizzjonijiet g\u0127al aktar informazzjoni<\/p>\n            <\/div><\/div><script type=\"application\/ld+json\">\n    {\n      \"@context\": \"https:\/\/schema.org\",\n      \"@type\": \"FAQPage\",\n      \"mainEntity\": [{\n        \"@type\": \"Question\",\n        \"name\": \"Il-\u0127las huwa rimborsabbli\",\n        \"acceptedAnswer\": {\n          \"@type\": \"Answer\",\n          \"text\": \"Iva. Il-\u0127las huwa rimborsabbli qabel ma jing\u0127atalek is-servizz tieg\u0127ek. Jekk jog\u0127\u0121bok i\u010b\u010bekkja t-termini u l-kundizzjonijiet g\u0127al aktar informazzjoni\"\n        }\n      }\n      ]\n    }\n    <\/script>\n\n\n<h2>Appo\u0121\u0121 g\u0127all-klijenti<\/h2><style>\n.accordion-content2 {\n    display: none;\n    padding: 10px;\n    border: 1px solid #ccc;\n    border-top: none;\n}\n            \n.accordion-header2 {\n    cursor: pointer;\n    padding: 10px;\n    border: 1px solid #ccc;\n    margin: 0;\nbackground-color:#fafafa;\nmargin-bottom:10px;\nborder-radius:3px;\npadding-right:50px;\nposition: relative;\nfont-size:110%;\n}\n.accordion-header2 .qs {\n            \n}\n.arrow2 {\n    position: absolute;\n    right: 10px;\n    top: 10px;\n}\n            \n.arrow-up2 {\n    transform: rotate(180deg);\n}\n<\/style>\n            \n            \n<script>\njQuery(document).ready(function(){\n    jQuery(\".accordion-header2\").click(function() {\n        \/\/ Toggle the arrow direction of the clicked header\n        jQuery(this).children(\".arrow2\").toggleClass(\"arrow-up2\", !jQuery(this).next().is(\":visible\"));\n            \n        \/\/ Close previously opened content and reset their arrows\n        jQuery(\".accordion-content2\").not(jQuery(this).next()).slideUp().prev().children(\".arrow2\").removeClass(\"arrow-up2\");\n        jQuery(\".accordion-content2\").not(jQuery(this).next()).prev().find(\".arrow2\").html(\"&#9660;\"); \/\/ Reset other arrows to down\n            \n        jQuery(this).next().slideToggle();\n        if(jQuery(this).next().is(\":visible\")) {\n            jQuery(this).find(\".arrow2\").html(\"&#9660;\"); \/\/ Change to up arrow\n        } else {\n            jQuery(this).find(\".arrow2\").html(\"&#9650;\"); \/\/ Change back to down arrow\n        }\n    });\n});\n<\/script>\n            \n            \n<div class=\"accordion2\"><h4 class=\"accordion-header2\"><span class=\"qs2\">Ma r\u010bevejt l-ebda konferma tal-ordni.<\/span><span class=\"arrow2\">&#9660;<\/span><\/h4>\n            <div class=\"accordion-content2\">\n            <p>Nibdew nirre\u0121istraw is-servizz g\u0127alik madwar 12-il sieg\u0127a qabel il-bidu tal-validit\u00e0. Fil-ka\u017c ta&#39; validit\u00e0 fl-istess jum, fi \u017cmien 5 minuti minn meta tir\u010bievi l-\u0127las.\n Jekk tixtieq tir\u010bievi d-dejta tal-attivazzjoni immedjatament, tista&#39; tibda r-re\u0121istrazzjoni immedjatament fl-indirizz li bg\u0127atnielek fl-ewwel email. \nJista&#39; ji\u0121ri li ma tir\u010bevix email li tikkonferma li r\u010bevejt il-\u0127las (pere\u017cempju, min\u0127abba indirizz elettroniku mhux korrett). F&#39;dak il-ka\u017c, jekk jog\u0127\u0121bok:<br \/> \n- jekk jog\u0127\u0121bok i\u010b\u010bekkja l-folder tal-ispam tieg\u0127ek l-ewwel<br \/> \n- jekk xorta ma tistax issib xi informazzjoni ming\u0127andna hawn, ipprova sib l-ordni tieg\u0127ek billi tu\u017ca l-formola t&#39;hawn fuq<br \/> \n- fil-pa\u0121na li ssib, tista&#39; mbag\u0127ad tikkore\u0121i l-indirizz elettroniku tieg\u0127ek u ssegwi l-istatus tal-ordni tieg\u0127ek<br \/><br \/> \n \nJekk ma tistax issib l-indirizz tal-\u0121estjoni tal-ordnijiet tieg\u0127ek, jekk jog\u0127\u0121bok ikkuntattjana fi kwalunkwe \u0127in.<br \/> \n#\n<br \/><a href=\"#cform\" onclick=\"document.getElementById('cform').style.display='';\">Ikkuntattja l-appo\u0121\u0121 tal-klijent<\/a><\/p>\n            <\/div><h4 class=\"accordion-header2\"><span class=\"qs2\">Irrid nibdel id-dettalji tar-re\u0121istrazzjoni tieg\u0127i<\/span><span class=\"arrow2\">&#9660;<\/span><\/h4>\n            <div class=\"accordion-content2\">\n            <p>Nibdew nirre\u0121istraw is-servizz g\u0127alik madwar 12-il sieg\u0127a qabel il-bidu tal-validit\u00e0. Fil-ka\u017c ta&#39; validit\u00e0 fl-istess jum, fi \u017cmien 5 minuti minn meta tasal il-\u0127las.\nSa dakinhar, id-dejta tista&#39; tinbidel permezz tal-pa\u0121na tad-dettalji tal-ordni. Se ssib dan l-indirizz f&#39;kull email li tir\u010bievi ming\u0127andna.\n#\nJekk ma r\u010bevejtx email li tikkonferma li r\u010bevejt il-\u0127las (pere\u017cempju, min\u0127abba indirizz elettroniku mhux korrett). F&#39;dak il-ka\u017c, jekk jog\u0127\u0121bok:<br \/> \n- jekk jog\u0127\u0121bok i\u010b\u010bekkja l-folder tal-ispam tieg\u0127ek l-ewwel<br \/> \n- jekk xorta ma tistax issib xi informazzjoni ming\u0127andna hawn, ipprova sib l-ordni tieg\u0127ek billi tu\u017ca l-formola t&#39;hawn fuq (Verifika tal-Istatus tal-Ordni).<br \/> \n- fil-pa\u0121na li ssib, tista&#39; mbag\u0127ad teditja d-dettalji tieg\u0127ek u ssegwi l-istatus tal-ordni tieg\u0127ek<br \/> \n<br \/> Jekk l-ordni tieg\u0127ek di\u0121\u00e0 \u0121iet ippro\u010bessata, mhux possibbli li tbiddel xi dettalji. Jekk jog\u0127\u0121bok innota li f&#39;ka\u017c ta&#39; dejta \u017cbaljata (spe\u010bjalment il-pajji\u017c tar-re\u0121istrazzjoni tal-vettura, in-numru tal-pjan\u010ba tal-li\u010benzja, id-data tal-validit\u00e0)#\n il-vinjetta ma tkunx valida u s-servizz irid jinxtara mill-\u0121did.<br \/> \nGrazzi tal-fehim tieg\u0127ek.\n#\n<\/p>\n            <\/div><h4 class=\"accordion-header2\"><span class=\"qs2\">Il-\u0127las ittie\u0127ed mill-kont tieg\u0127i, i\u017cda ma r\u010bevejt l-ebda email.<\/span><span class=\"arrow2\">&#9660;<\/span><\/h4>\n            <div class=\"accordion-content2\">\n            <p>Kif iddikjarat fit-termini u l-kundizzjonijiet tag\u0127na, qed nibdew nippro\u010bessaw is-servizz. ladarba l-\u0127las jasal fis-sistema. Jista&#39; jkun hemm diversi ra\u0121unijiet g\u0127aliex il-\u0127las ma ji\u0121ix ikkreditat. Mill-fatt li l-istituzzjoni bankarja tieg\u0127ek bag\u0127tet il-\u0127las aktar tard g\u0127al problemi tekni\u010bi. Fi kliem sempli\u010bi, sakemm naraw il-\u0127las fis-sistema tag\u0127na, a\u0127na ma nqisux li l-ordni g\u0127andha titlesta min-na\u0127a tieg\u0127ek. Nie\u0127du kull pass possibbli biex inqabblu b&#39;mod korrett il-\u0127lasijiet kollha li jaslu, u r-rata ta &#39;\u017cball hija fil-livell ta&#39; mijiet ta &#39;mija. Jekk ma tir\u010bevix email li tg\u0127id li l-\u0127las tieg\u0127ek \u0121ie ri\u010bevut fi \u017cmien sieg\u0127a mill-\u0127las (jekk jog\u0127\u0121bok i\u010b\u010bekkja wkoll il-folder tal-ispam tieg\u0127ek), jekk jog\u0127\u0121bok ikkuntattjana immedjatament. Dan huwa l-uniku mod kif nistg\u0127u ni\u017cguraw pro\u010bess ta &#39;ordni bla xkiel. Jekk jog\u0127\u0121bok innota li nibdew na\u0127dmu fuq l-ordni biss ladarba l-\u0127las ji\u0121i ri\u010bevut fis-sistema, mhux meta jintbag\u0127at (jew sempli\u010bement imblukkat mill-klijent). A\u0127na m&#39;a\u0127niex responsabbli g\u0127ad-danni m\u0121arrba qabel ma ji\u0121i ri\u010bevut il-\u0127las. Grazzi tal-fehim tieg\u0127ek.<br \/><br \/><a href=\"#cform\" onclick=\"document.getElementById('cform').style.display='';\">Ikkuntattja l-appo\u0121\u0121 tal-klijent<\/a><\/p>\n            <\/div><h4 class=\"accordion-header2\"><span class=\"qs2\">G\u0127andi mistoqsija o\u0127ra g\u0127alik.<\/span><span class=\"arrow2\">&#9660;<\/span><\/h4>\n            <div class=\"accordion-content2\">\n            <p>Jekk l-ebda wa\u0127da mit-twe\u0121ibiet ma tissodisfa r-rekwi\u017citi tieg\u0127ek, tista &#39;tikkuntattjana fi kwalunkwe \u0127in u nkunu kuntenti li ng\u0127inuk.<br \/><br \/><a href=\"#cform\" onclick=\"document.getElementById('cform').style.display='';\">Ikkuntattja l-appo\u0121\u0121 tal-klijent<\/a><\/p>\n            <\/div><\/div><div id=\"cform\"><br style=\"clear:both;\" \/><h2>Appo\u0121\u0121 bl-email<\/h2><script type=\"text\/javascript\">\n        function decodeEmail(encodedLocalPart, encodedDomainPart, indices) {\n            const localPart = atob(encodedLocalPart).split('');\n            const domainPart = atob(encodedDomainPart).split('');\n\n            \/\/ Reconstruct the email address using the provided indices\n            const originalLocalPart = indices.local.map(index => localPart[index]).join('');\n            const originalDomainPart = indices.domain.map(index => domainPart[index]).join('');\n\n            const email = originalLocalPart + \"@\" + originalDomainPart;\n            document.getElementById('email').innerText = email;\n        }\n    <\/script><p>Biex to\u0127loq talba g\u0127all-appo\u0121\u0121 tal-klijent, tista\u2019 tibg\u0127at email fl-indirizz hawn ta\u0127t:<\/p><div style=\"text-align:center;padding:20px 0 50px 0;font-size:150%;\nfont-weight:bold;\"><a id=\"email-link\" href=\"\"><\/a><\/div><script>document.addEventListener(\"DOMContentLoaded\", function() {    const emailLink = document.getElementById(\"email-link\");    const obfuscatedEmail = \"gro.tsafate@troppus\";    const realEmail = obfuscatedEmail.split(\"\").reverse().join(\"\");    const randomString = Array.from({length: realEmail.length}, () => Math.random().toString(36)[2]).join('');    emailLink.textContent = randomString;    emailLink.href = 'mailto:'+realEmail;\n                    emailLink.textContent = realEmail;});<\/script><h2>Appo\u0121\u0121 WhatsApp<\/h2><p>G\u0127al twe\u0121iba mg\u0127a\u0121\u0121la g\u0127all-mistoqsijiet tieg\u0127ek relatati mal-ordnijiet, tista&#39; tikkuntattjana fuq in-numru tat-telefon ta&#39; WhatsApp (il-messa\u0121\u0121i huma b&#39;xejn, t\u0127allas biss g\u0127ad-dejta fil-konnessjoni tal-internet).<\/p><div style=\"text-align:center;padding:20px 0 50px 0;font-size:150%;\nfont-weight:bold;\"><a href=\"https:\/\/wa.me\/447893938888\">+44 789 393 8888<\/a><\/div><h2>Appo\u0121\u0121 g\u0127all-klijenti<\/h2><p style=\"text-align:center;color:#6ab400;font-weight:bold;\">L-appo\u0121\u0121 onlajn huwa disponibbli 24x7<\/p><p>Biex tippro\u010bessa t-talba tieg\u0127ek aktar malajr, nitolbuk tipprovdi l-indirizz elettroniku tieg\u0127ek ipprovdut waqt ir-re\u0121istrazzjoni, in-numru tar-re\u0121istrazzjoni tal-vettura tieg\u0127ek, u d-data tal-ordni tieg\u0127ek. Grazzi tal-fehim tieg\u0127ek.<\/p>\n<a style=\"display:block;width:100%;\ncolor:#fff;background-color:rgb(241, 23, 23);padding:10px 0;\nfont-size:120%;text-align:center;\" onclick=\"zE('messenger', 'open');return false;\" href=\"#\">Ikkuntattja l-appo\u0121\u0121<\/a>\n<!-- Start of Zendesk Widget script -->\n<script id=\"ze-snippet\" src=\"https:\/\/static.zdassets.com\/ekr\/snippet.js?key=fc8651a1-b5bf-4914-a59d-057a43523f5b\"> <\/script>\n<!-- End of Zendesk Widget script -->\n\n\n<script><\/script>\n<\/div>\n\n\n\n<p><\/p>\n","protected":false},"excerpt":{"rendered":"","protected":false},"author":1,"featured_media":0,"parent":0,"menu_order":0,"comment_status":"closed","ping_status":"closed","template":"","meta":{"_uag_custom_page_level_css":"","site-sidebar-layout":"default","site-content-layout":"","ast-site-content-layout":"","site-content-style":"default","site-sidebar-style":"default","ast-global-header-display":"","ast-banner-title-visibility":"","ast-main-header-display":"","ast-hfb-above-header-display":"","ast-hfb-below-header-display":"","ast-hfb-mobile-header-display":"","site-post-title":"","ast-breadcrumbs-content":"","ast-featured-img":"","footer-sml-layout":"","theme-transparent-header-meta":"","adv-header-id-meta":"","stick-header-meta":"","header-above-stick-meta":"","header-main-stick-meta":"","header-below-stick-meta":"","astra-migrate-meta-layouts":"default","ast-page-background-enabled":"default","ast-page-background-meta":{"desktop":{"background-color":"var(--ast-global-color-4)","background-image":"","background-repeat":"repeat","background-position":"center center","background-size":"auto","background-attachment":"scroll","background-type":"","background-media":"","overlay-type":"","overlay-color":"","overlay-opacity":"","overlay-gradient":""},"tablet":{"background-color":"","background-image":"","background-repeat":"repeat","background-position":"center center","background-size":"auto","background-attachment":"scroll","background-type":"","background-media":"","overlay-type":"","overlay-color":"","overlay-opacity":"","overlay-gradient":""},"mobile":{"background-color":"","background-image":"","background-repeat":"repeat","background-position":"center center","background-size":"auto","background-attachment":"scroll","background-type":"","background-media":"","overlay-type":"","overlay-color":"","overlay-opacity":"","overlay-gradient":""}},"ast-content-background-meta":{"desktop":{"background-color":"var(--ast-global-color-5)","background-image":"","background-repeat":"repeat","background-position":"center center","background-size":"auto","background-attachment":"scroll","background-type":"","background-media":"","overlay-type":"","overlay-color":"","overlay-opacity":"","overlay-gradient":""},"tablet":{"background-color":"var(--ast-global-color-5)","background-image":"","background-repeat":"repeat","background-position":"center center","background-size":"auto","background-attachment":"scroll","background-type":"","background-media":"","overlay-type":"","overlay-color":"","overlay-opacity":"","overlay-gradient":""},"mobile":{"background-color":"var(--ast-global-color-5)","background-image":"","background-repeat":"repeat","background-position":"center center","background-size":"auto","background-attachment":"scroll","background-type":"","background-media":"","overlay-type":"","overlay-color":"","overlay-opacity":"","overlay-gradient":""}},"footnotes":""},"categories":[],"tags":[],"class_list":["post-465","page","type-page","status-publish","hentry"],"uagb_featured_image_src":{"full":false,"thumbnail":false,"medium":false,"medium_large":false,"large":false,"1536x1536":false,"2048x2048":false},"uagb_author_info":{"display_name":"admin","author_link":"https:\/\/www.etafast.org\/mt\/author\/admin\/"},"uagb_comment_info":0,"uagb_excerpt":null,"_links":{"self":[{"href":"https:\/\/www.etafast.org\/mt\/wp-json\/wp\/v2\/pages\/465","targetHints":{"allow":["GET"]}}],"collection":[{"href":"https:\/\/www.etafast.org\/mt\/wp-json\/wp\/v2\/pages"}],"about":[{"href":"https:\/\/www.etafast.org\/mt\/wp-json\/wp\/v2\/types\/page"}],"author":[{"embeddable":true,"href":"https:\/\/www.etafast.org\/mt\/wp-json\/wp\/v2\/users\/1"}],"replies":[{"embeddable":true,"href":"https:\/\/www.etafast.org\/mt\/wp-json\/wp\/v2\/comments?post=465"}],"version-history":[{"count":1,"href":"https:\/\/www.etafast.org\/mt\/wp-json\/wp\/v2\/pages\/465\/revisions"}],"predecessor-version":[{"id":466,"href":"https:\/\/www.etafast.org\/mt\/wp-json\/wp\/v2\/pages\/465\/revisions\/466"}],"wp:attachment":[{"href":"https:\/\/www.etafast.org\/mt\/wp-json\/wp\/v2\/media?parent=465"}],"wp:term":[{"taxonomy":"category","embeddable":true,"href":"https:\/\/www.etafast.org\/mt\/wp-json\/wp\/v2\/categories?post=465"},{"taxonomy":"post_tag","embeddable":true,"href":"https:\/\/www.etafast.org\/mt\/wp-json\/wp\/v2\/tags?post=465"}],"curies":[{"name":"wp","href":"https:\/\/api.w.org\/{rel}","templated":true}]}}