{"id":281,"date":"2024-12-11T08:24:00","date_gmt":"2024-12-11T07:24:00","guid":{"rendered":"https:\/\/www.etafast.org\/dwar-il-process\/"},"modified":"2024-12-11T09:02:00","modified_gmt":"2024-12-11T08:02:00","slug":"dwar-il-process","status":"publish","type":"page","link":"https:\/\/www.etafast.org\/mt\/dwar-il-process\/","title":{"rendered":"Dwar il-pro\u010bess"},"content":{"rendered":"\n<h3 class=\"wp-block-heading\">Dwar il-Pro\u010bess ta&#8217; Awtorizzazzjoni Elettronika g\u0127all-Ivvja\u0121\u0121ar (eTA).<\/h3>\n\n<p>L-Awtorizzazzjoni Elettronika g\u0127all-Ivvja\u0121\u0121ar (eTA) hija rekwi\u017cit tad-d\u0127ul g\u0127al \u010bittadini barranin e\u017centati mill-vi\u017ca li jivvja\u0121\u0121aw lejn jew jg\u0127addu minnha l-Kanada bl-ajru. Huwa pro\u010bess onlajn rapidu u sempli\u010bi ddisinjat biex itejjeb is-sigurt\u00e0 tal-fruntieri filwaqt li ji\u017cgura vja\u0121\u0121ar bla xkiel g\u0127al individwi eli\u0121ibbli. <\/p>\n\n<h4 class=\"wp-block-heading\">X&#8217;inhi eTA?<\/h4>\n\n<p>L-eTA hija awtorizzazzjoni g\u0127all-ivvja\u0121\u0121ar konnessa elettronikament asso\u010bjata mal-passaport tieg\u0127ek. Huwa validu sa \u0127ames snin jew sakemm jiskadi l-passaport tieg\u0127ek, skont liema ji\u0121i l-ewwel. L-eTA tippermettilek i\u017c\u017cur il-Kanada g\u0127al so\u0121\u0121orni qosra (tipikament sa sitt xhur) g\u0127al skopijiet ta&#8217; turi\u017cmu, negozju jew transitu.  <\/p>\n\n<h4 class=\"wp-block-heading\">Punti ewlenin li g\u0127andek tkun taf dwar il-pro\u010bess tal-eTA:<\/h4>\n\n<ol class=\"wp-block-list\">\n<li><strong>Applikazzjoni Sempli\u010bi Online<\/strong> :<br\/> Il-pro\u010bess tal-applikazzjoni tal-eTA jitmexxa kompletament onlajn. M&#8217;hemmx b\u017conn ta&#8217; burokrazija jew \u017cjarat personalment, li jag\u0127milha g\u0127a\u017cla konvenjenti g\u0127all-vja\u0121\u0121aturi. <\/li>\n\n\n\n<li><strong>Tariffa affordabbli<\/strong> :<br\/> L-applikazzjoni g\u0127al eTA tiswa biss CAN$7. Din il-mi\u017cata tit\u0127allas onlajn waqt il-pro\u010bess tal-applikazzjoni. <\/li>\n\n\n\n<li><strong>Ippro\u010bessar malajr<\/strong> :<br\/> \u0126afna mill-applikazzjonijiet tal-eTA ji\u0121u approvati fi ftit minuti. Madankollu, xi applikazzjonijiet jistg\u0127u jie\u0127du aktar \u017cmien jekk ikunu me\u0127tie\u0121a dokumenti addizzjonali. F&#8217;ka\u017cijiet b\u0127al dawn, l-applikanti jir\u010bievu struzzjonijiet bl-email fi \u017cmien 72 sieg\u0127a.  <\/li>\n\n\n\n<li><strong>Rekwi\u017citi ta&#8217; Eli\u0121ibilit\u00e0<\/strong> :\n<ul class=\"wp-block-list\">\n<li>\u010aittadini barranin e\u017centati mill-vi\u017ca li jtiru lejn il-Kanada jew li jg\u0127addu minnha g\u0127andhom b\u017conn eTA.<\/li>\n\n\n\n<li>\u010aerti vja\u0121\u0121aturi minn pajji\u017ci li je\u0127tie\u0121u vi\u017ca jistg\u0127u wkoll jikkwalifikaw g\u0127al eTA jekk jissodisfaw kriterji spe\u010bifi\u010bi, b\u0127alma huma li jkollhom vi\u017ca valida g\u0127all-Istati Uniti mhux immigranti jew li kellhom vi\u017ca g\u0127al vi\u017citatur Kanadi\u017c fl-a\u0127\u0127ar 10 snin.<\/li>\n\n\n\n<li>Vja\u0121\u0121aturi li jaslu bil-karozza, xarabank, ferrovija, jew dg\u0127ajsa, inklu\u017ci vapuri tal-kru\u010bieri, je\u0127tie\u0121u vi\u017ca g\u0127all-vi\u017citatur minflok eTA.<\/li>\n<\/ul>\n<\/li>\n\n\n\n<li><strong>Limitazzjonijiet tal-Ivvja\u0121\u0121ar<\/strong> :\n<ul class=\"wp-block-list\">\n<li>L-eTA ma tippermettilekx ta\u0127dem jew tistudja fil-Kanada. Jekk qed tippjana li ta\u0127dem jew tistudja, trid tapplika g\u0127all-permessi xierqa. <\/li>\n\n\n\n<li>eTA ma tiggarantixxix d\u0127ul fil-Kanada. L-uffi\u010bjali tal-fruntiera se jivvalutaw l-eli\u0121ibilit\u00e0 tieg\u0127ek mal-wasla. <\/li>\n<\/ul>\n<\/li>\n\n\n\n<li><strong>Validit\u00e0<\/strong> :<br\/> Ladarba tkun approvata, eTA hija marbuta mal-passaport tieg\u0127ek u tibqa&#8217; valida g\u0127al diversi d\u0127ul, sakemm il-passaport tieg\u0127ek jibqa&#8217; validu. Dejjem tivvja\u0121\u0121a bl-istess passaport li u\u017cajt g\u0127all-applikazzjoni tal-eTA tieg\u0127ek. <\/li>\n<\/ol>\n\n<h4 class=\"wp-block-heading\">Ipprote\u0121i lilek innifsek Mill-Scams<\/h4>\n\n<p>Oqg\u0127od attent minn websajts frawdolenti jew individwi li jwieg\u0127du d\u0127ul garantit, xog\u0127ol, jew opportunitajiet ta &#8216;studju fil-Kanada. Applika biss permezz tal-websajt uffi\u010bjali tal-Gvern tal-Kanada u evita li taqsam informazzjoni personali ma\u2019 sorsi mhux verifikati. Rappre\u017centazzjoni \u0127a\u017cina jew frodi jista&#8217; jkollhom konsegwenzi legali serji.  <\/p>\n\n<h4 class=\"wp-block-heading\">Qabel ma Applika<\/h4>\n\n<ul class=\"wp-block-list\">\n<li>Kun \u017cgur li g\u0127andek passaport validu, karta ta&#8217; kreditu jew debitu, u indirizz elettroniku.<\/li>\n\n\n\n<li>Aqra d-dokument ta&#8217; g\u0127ajnuna g\u0127all-applikazzjoni disponibbli f&#8217;diversi lingwi g\u0127al gwida.<\/li>\n\n\n\n<li>Applika g\u0127al eTA <strong>qabel ma<\/strong> tibbukkja t-titjira tieg\u0127ek biex tevita dewmien.<\/li>\n<\/ul>\n\n<p>L-applikazzjoni g\u0127al eTA hija pass essenzjali g\u0127al vja\u0121\u0121aturi eli\u0121ibbli li qed jippjanaw li j\u017curu l-Kanada. Billi tifhem il-pro\u010bess u tipprepara l-applikazzjoni tieg\u0127ek bir-reqqa, tista &#8216;ti\u017cgura vja\u0121\u0121 bla xkiel u bla tbatija. <\/p>\n","protected":false},"excerpt":{"rendered":"<p>Dwar il-Pro\u010bess ta&#8217; Awtorizzazzjoni Elettronika g\u0127all-Ivvja\u0121\u0121ar (eTA). L-Awtorizzazzjoni Elettronika g\u0127all-Ivvja\u0121\u0121ar (eTA) hija rekwi\u017cit tad-d\u0127ul g\u0127al \u010bittadini barranin e\u017centati mill-vi\u017ca li [&hellip;]<\/p>\n","protected":false},"author":1,"featured_media":0,"parent":0,"menu_order":0,"comment_status":"closed","ping_status":"closed","template":"","meta":{"_uag_custom_page_level_css":"","site-sidebar-layout":"default","site-content-layout":"","ast-site-content-layout":"","site-content-style":"default","site-sidebar-style":"default","ast-global-header-display":"","ast-banner-title-visibility":"","ast-main-header-display":"","ast-hfb-above-header-display":"","ast-hfb-below-header-display":"","ast-hfb-mobile-header-display":"","site-post-title":"","ast-breadcrumbs-content":"","ast-featured-img":"","footer-sml-layout":"","theme-transparent-header-meta":"","adv-header-id-meta":"","stick-header-meta":"","header-above-stick-meta":"","header-main-stick-meta":"","header-below-stick-meta":"","astra-migrate-meta-layouts":"default","ast-page-background-enabled":"default","ast-page-background-meta":{"desktop":{"background-color":"var(--ast-global-color-4)","background-image":"","background-repeat":"repeat","background-position":"center center","background-size":"auto","background-attachment":"scroll","background-type":"","background-media":"","overlay-type":"","overlay-color":"","overlay-opacity":"","overlay-gradient":""},"tablet":{"background-color":"","background-image":"","background-repeat":"repeat","background-position":"center center","background-size":"auto","background-attachment":"scroll","background-type":"","background-media":"","overlay-type":"","overlay-color":"","overlay-opacity":"","overlay-gradient":""},"mobile":{"background-color":"","background-image":"","background-repeat":"repeat","background-position":"center center","background-size":"auto","background-attachment":"scroll","background-type":"","background-media":"","overlay-type":"","overlay-color":"","overlay-opacity":"","overlay-gradient":""}},"ast-content-background-meta":{"desktop":{"background-color":"var(--ast-global-color-5)","background-image":"","background-repeat":"repeat","background-position":"center center","background-size":"auto","background-attachment":"scroll","background-type":"","background-media":"","overlay-type":"","overlay-color":"","overlay-opacity":"","overlay-gradient":""},"tablet":{"background-color":"var(--ast-global-color-5)","background-image":"","background-repeat":"repeat","background-position":"center center","background-size":"auto","background-attachment":"scroll","background-type":"","background-media":"","overlay-type":"","overlay-color":"","overlay-opacity":"","overlay-gradient":""},"mobile":{"background-color":"var(--ast-global-color-5)","background-image":"","background-repeat":"repeat","background-position":"center center","background-size":"auto","background-attachment":"scroll","background-type":"","background-media":"","overlay-type":"","overlay-color":"","overlay-opacity":"","overlay-gradient":""}},"footnotes":""},"categories":[],"tags":[],"class_list":["post-281","page","type-page","status-publish","hentry"],"uagb_featured_image_src":{"full":false,"thumbnail":false,"medium":false,"medium_large":false,"large":false,"1536x1536":false,"2048x2048":false},"uagb_author_info":{"display_name":"admin","author_link":"https:\/\/www.etafast.org\/mt\/author\/admin\/"},"uagb_comment_info":0,"uagb_excerpt":"Dwar il-Pro\u010bess ta&#8217; Awtorizzazzjoni Elettronika g\u0127all-Ivvja\u0121\u0121ar (eTA). L-Awtorizzazzjoni Elettronika g\u0127all-Ivvja\u0121\u0121ar (eTA) hija rekwi\u017cit tad-d\u0127ul g\u0127al \u010bittadini barranin e\u017centati mill-vi\u017ca li [&hellip;]","_links":{"self":[{"href":"https:\/\/www.etafast.org\/mt\/wp-json\/wp\/v2\/pages\/281","targetHints":{"allow":["GET"]}}],"collection":[{"href":"https:\/\/www.etafast.org\/mt\/wp-json\/wp\/v2\/pages"}],"about":[{"href":"https:\/\/www.etafast.org\/mt\/wp-json\/wp\/v2\/types\/page"}],"author":[{"embeddable":true,"href":"https:\/\/www.etafast.org\/mt\/wp-json\/wp\/v2\/users\/1"}],"replies":[{"embeddable":true,"href":"https:\/\/www.etafast.org\/mt\/wp-json\/wp\/v2\/comments?post=281"}],"version-history":[{"count":1,"href":"https:\/\/www.etafast.org\/mt\/wp-json\/wp\/v2\/pages\/281\/revisions"}],"predecessor-version":[{"id":282,"href":"https:\/\/www.etafast.org\/mt\/wp-json\/wp\/v2\/pages\/281\/revisions\/282"}],"wp:attachment":[{"href":"https:\/\/www.etafast.org\/mt\/wp-json\/wp\/v2\/media?parent=281"}],"wp:term":[{"taxonomy":"category","embeddable":true,"href":"https:\/\/www.etafast.org\/mt\/wp-json\/wp\/v2\/categories?post=281"},{"taxonomy":"post_tag","embeddable":true,"href":"https:\/\/www.etafast.org\/mt\/wp-json\/wp\/v2\/tags?post=281"}],"curies":[{"name":"wp","href":"https:\/\/api.w.org\/{rel}","templated":true}]}}