{"id":1533,"date":"2024-12-11T08:24:51","date_gmt":"2024-12-11T07:24:51","guid":{"rendered":"https:\/\/www.etafast.org\/min-jista-japplika\/"},"modified":"2024-12-11T09:16:10","modified_gmt":"2024-12-11T08:16:10","slug":"min-jista-japplika","status":"publish","type":"page","link":"https:\/\/www.etafast.org\/mt\/min-jista-japplika\/","title":{"rendered":"Min jista&#8217; japplika"},"content":{"rendered":"\n<h3 class=\"wp-block-heading\">Min Jista&#8217; Applika g\u0127al Awtorizzazzjoni Elettronika g\u0127all-Ivvja\u0121\u0121ar (eTA)<\/h3>\n\n<p>L-Awtorizzazzjoni Elettronika g\u0127all-Ivvja\u0121\u0121ar (eTA) hija rekwi\u017cit g\u0127all-ivvja\u0121\u0121ar g\u0127al \u010berti individwi li jivvja\u0121\u0121aw lejn jew jg\u0127addu minnha l-Kanada bl-ajru. Hawn tqassim dettaljat ta&#8217; min huwa eli\u0121ibbli biex japplika: <\/p>\n\n<h4 class=\"wp-block-heading\"><strong>Kriterji ta&#8217; Eli\u0121ibilit\u00e0 g\u0127al eTA<\/strong><\/h4>\n\n<p>Tista&#8217; tapplika g\u0127al eTA jekk tissodisfa <strong>t-tliet rekwi\u017citi li \u0121ejjin<\/strong> :<\/p>\n\n<ol class=\"wp-block-list\">\n<li><strong>Storja tal-Ivvja\u0121\u0121ar tal-Img\u0127oddi<\/strong> :<ul><li>Int kellek vi\u017ca ta&#8217; vi\u017citatur Kanadi\u017c (vi\u017ca ta&#8217; residenti temporanju) fl-a\u0127\u0127ar 10 snin, JEW<\/li><li>B\u0127alissa g\u0127andek vi\u017ca valida g\u0127all-Istati Uniti (US) mhux immigrant.<\/li><\/ul><em>(Il-vi\u017ca tal-Istati Uniti g\u0127al mhux immigranti tieg\u0127ek trid tkun valida dakinhar li tapplika g\u0127all-eTA, i\u017cda m&#8217;g\u0127andhiex g\u0127alfejn tibqa&#8217; valida g\u0127all-ivvja\u0121\u0121ar tieg\u0127ek lejn il-Kanada.)<\/em><\/li>\n\n\n\n<li><strong>G\u0127an tal-Ivvja\u0121\u0121ar<\/strong> :\n<ul class=\"wp-block-list\">\n<li>Inti \u0121ejja l-Kanada g\u0127al <strong>waqfa temporanja<\/strong> , tipikament sa sitt xhur.<\/li>\n<\/ul>\n<\/li>\n\n\n\n<li><strong>Modalit\u00e0 tal-Ivvja\u0121\u0121ar<\/strong> :\n<ul class=\"wp-block-list\">\n<li>Qed itir lejn jew tran\u017citu minn ajruport Kanadi\u017c b&#8217;passaport validu minn wie\u0127ed mill- <strong>pajji\u017ci eli\u0121ibbli g\u0127all-vi\u017ca me\u0127tie\u0121a<\/strong> .<\/li>\n<\/ul>\n<\/li>\n<\/ol>\n\n<h4 class=\"wp-block-heading\"><strong>Pajji\u017ci Eli\u0121ibbli Me\u0127tie\u0121a Vi\u017ca<\/strong><\/h4>\n\n<p>I\u010b-\u010bittadini tal-pajji\u017ci li \u0121ejjin jistg\u0127u japplikaw g\u0127al eTA jekk jissodisfaw il-kriterji ta\u2019 hawn fuq:<\/p>\n\n<ul class=\"wp-block-list\">\n<li>Antigwa u Barbuda<\/li>\n\n\n\n<li>Ar\u0121entina<\/li>\n\n\n\n<li>Bra\u017cil<\/li>\n\n\n\n<li>Kosta Rika<\/li>\n\n\n\n<li>Messiku<\/li>\n\n\n\n<li>il-Marokk<\/li>\n\n\n\n<li>Panama<\/li>\n\n\n\n<li>Filippini<\/li>\n\n\n\n<li>San Kitts u Nevis<\/li>\n\n\n\n<li>Santa Lu\u010bija<\/li>\n\n\n\n<li>San Vin\u010benz u l-Grenadini<\/li>\n\n\n\n<li>Seychelles<\/li>\n\n\n\n<li>Tajlandja<\/li>\n\n\n\n<li>Trinidad u Tobago<\/li>\n\n\n\n<li>Urugwaj<\/li>\n<\/ul>\n\n<p>Jekk ma tissodisfax dawn ir-rekwi\u017citi kollha, ikollok b\u017conn tapplika g\u0127al vi\u017ca tal-vi\u017citatur (vi\u017ca ta&#8217; residenti temporanju) minflok.<\/p>\n\n<hr class=\"wp-block-separator has-alpha-channel-opacity\"\/>\n\n<h3 class=\"wp-block-heading\"><strong>Min MHUX B\u017conn eTA?<\/strong><\/h3>\n\n<ul class=\"wp-block-list\">\n<li><strong>\u010aittadini Amerikani<\/strong> :<br\/> I\u010b-\u010bittadini tal-Istati Uniti huma e\u017centi mir-rekwi\u017cit tal-eTA. Je\u0127tie\u0121u biss li jippre\u017centaw passaport validu tal-Istati Uniti. <\/li>\n\n\n\n<li><strong>\u010aittadini Kanadi\u017ci (Inklu\u017ci \u010aittadini Doppju)<\/strong> :<br\/> I\u010b-\u010bittadini Kanadi\u017ci ma jistg\u0127ux japplikaw g\u0127al eTA. G\u0127andhom jivvja\u0121\u0121aw b&#8217;passaport Kanadi\u017c validu. I\u010b-\u010bittadini doppji g\u0127andhom ukoll ju\u017caw il-passaport Kanadi\u017c tag\u0127hom meta jtiru lejn il-Kanada.  <\/li>\n\n\n\n<li><strong>Residenti Permanenti Kanadi\u017ci<\/strong> :<br> Residenti permanenti tal-Kanada ma jistg\u0127ux japplikaw g\u0127al eTA. Minflok, iridu jivvja\u0121\u0121aw bi: \n<ul class=\"wp-block-list\">\n<li>Karta tar-resident permanenti valida, JEW<\/li>\n\n\n\n<li>Dokument tal-ivvja\u0121\u0121ar residenti permanenti.<\/li>\n<\/ul>\n<\/li>\n\n\n\n<li><strong>Residenti Permanenti Legali tal-Istati Uniti<\/strong> :<br> Mis-26 ta&#8217; April 2022, residenti permanenti legali tal-Istati Uniti huma e\u017centi mir-rekwi\u017cit tal-eTA. G\u0127andhom i\u0121orru: \n<ul class=\"wp-block-list\">\n<li>Passaport validu mill-pajji\u017c tan-nazzjonalit\u00e0 tag\u0127hom, u<\/li>\n\n\n\n<li>Karta l-\u0126adra tal-Istati Uniti valida jew prova ekwivalenti tal-istatus.<\/li>\n<\/ul>\n<\/li>\n<\/ul>\n\n<hr class=\"wp-block-separator has-alpha-channel-opacity\"\/>\n\n<h3 class=\"wp-block-heading\"><strong>Xenarji tal-Ivvja\u0121\u0121ar u Rekwi\u017citi ta&#8217; Dokumenti<\/strong><\/h3>\n\n<figure class=\"wp-block-table\"><table class=\"has-fixed-layout\"><thead><tr><th><strong>Kif qed tivvja\u0121\u0121a lejn il-Kanada<\/strong><\/th><th><strong>Dokument(i) Me\u0127tie\u0121a<\/strong><\/th><\/tr><\/thead><tbody><tr><td>Ittir lejn jew tran\u017citu minn ajruport Kanadi\u017c, u eli\u0121ibbli g\u0127al eTA<\/td><td>eTA jew vi\u017ca tal-vi\u017citatur<\/td><\/tr><tr><td>Ittir lejn jew tran\u017citu minn ajruport Kanadi\u017c, u MHUX eli\u0121ibbli g\u0127al eTA<\/td><td>Vi\u017ca tal-vi\u017citatur<\/td><\/tr><tr><td>Wasla bil-karozza, xarabank, ferrovija, jew dg\u0127ajsa (inklu\u017ci vapuri tal-kru\u010bieri)<\/td><td>Vi\u017ca tal-vi\u017citatur<\/td><\/tr><tr><td>Jivvja\u0121\u0121a lejn il-Kanada b&#8217;vi\u017ca Kanadi\u017ca valida<\/td><td>L-ebda eTA me\u0127tie\u0121a \u2013 u\u017ca l-vi\u017ca<\/td><\/tr><tr><td>Ittir lura lejn il-Kanada wara li \u0121\u0121edded il-permess tax-xog\u0127ol jew tal-istudju tieg\u0127ek<\/td><td>eTA pprovduta bit-ti\u0121did tal-permess<\/td><\/tr><tr><td>Vja\u0121\u0121ar lejn il-Kanada biex ta\u0127dem jew tistudja g\u0127al aktar minn 6 xhur<\/td><td>Permess ta&#8217; xog\u0127ol jew studju (jinkludi vi\u017ca)<\/td><\/tr><\/tbody><\/table><\/figure>\n\n<hr class=\"wp-block-separator has-alpha-channel-opacity\"\/>\n\n<h3 class=\"wp-block-heading\"><strong>Konsiderazzjonijiet Importanti<\/strong><\/h3>\n\n<ul class=\"wp-block-list\">\n<li><strong>Rekwi\u017citi Ba\u017ci\u010bi<\/strong> : Biex tid\u0127ol fil-Kanada, trid tissodisfa l-kriterji \u0121enerali tad-d\u0127ul, inklu\u017ci dokumenti validi tal-ivvja\u0121\u0121ar, sa\u0127\u0127a tajba, appo\u0121\u0121 finanzjarju, u rabtiet sodi ma\u2019 pajji\u017cek.<\/li>\n\n\n\n<li><strong>Inammissibbilt\u00e0<\/strong> : Individwi involuti f&#8217;attivit\u00e0 kriminali, theddid g\u0127as-sigurt\u00e0, jew \u010berti kwistjonijiet ta&#8217; sa\u0127\u0127a u finanzjarji jistg\u0127u jitqiesu inammissibbli g\u0127all-Kanada, anke b&#8217;eTA valida.<\/li>\n<\/ul>\n\n<p>L-eTA hija mfassla biex tissimplifika l-ivvja\u0121\u0121ar bl-ajru lejn il-Kanada g\u0127al individwi eli\u0121ibbli. Kun \u017cgur li tirrevedi r-rekwi\u017citi bir-reqqa u tapplika sew qabel il-vja\u0121\u0121 ippjanat tieg\u0127ek. <\/p>\n","protected":false},"excerpt":{"rendered":"<p>Min Jista&#8217; Applika g\u0127al Awtorizzazzjoni Elettronika g\u0127all-Ivvja\u0121\u0121ar (eTA) L-Awtorizzazzjoni Elettronika g\u0127all-Ivvja\u0121\u0121ar (eTA) hija rekwi\u017cit g\u0127all-ivvja\u0121\u0121ar g\u0127al \u010berti individwi li jivvja\u0121\u0121aw [&hellip;]<\/p>\n","protected":false},"author":1,"featured_media":0,"parent":0,"menu_order":0,"comment_status":"closed","ping_status":"closed","template":"","meta":{"_uag_custom_page_level_css":"","site-sidebar-layout":"default","site-content-layout":"","ast-site-content-layout":"","site-content-style":"default","site-sidebar-style":"default","ast-global-header-display":"","ast-banner-title-visibility":"","ast-main-header-display":"","ast-hfb-above-header-display":"","ast-hfb-below-header-display":"","ast-hfb-mobile-header-display":"","site-post-title":"","ast-breadcrumbs-content":"","ast-featured-img":"","footer-sml-layout":"","theme-transparent-header-meta":"","adv-header-id-meta":"","stick-header-meta":"","header-above-stick-meta":"","header-main-stick-meta":"","header-below-stick-meta":"","astra-migrate-meta-layouts":"default","ast-page-background-enabled":"default","ast-page-background-meta":{"desktop":{"background-color":"var(--ast-global-color-4)","background-image":"","background-repeat":"repeat","background-position":"center center","background-size":"auto","background-attachment":"scroll","background-type":"","background-media":"","overlay-type":"","overlay-color":"","overlay-opacity":"","overlay-gradient":""},"tablet":{"background-color":"","background-image":"","background-repeat":"repeat","background-position":"center center","background-size":"auto","background-attachment":"scroll","background-type":"","background-media":"","overlay-type":"","overlay-color":"","overlay-opacity":"","overlay-gradient":""},"mobile":{"background-color":"","background-image":"","background-repeat":"repeat","background-position":"center center","background-size":"auto","background-attachment":"scroll","background-type":"","background-media":"","overlay-type":"","overlay-color":"","overlay-opacity":"","overlay-gradient":""}},"ast-content-background-meta":{"desktop":{"background-color":"var(--ast-global-color-5)","background-image":"","background-repeat":"repeat","background-position":"center center","background-size":"auto","background-attachment":"scroll","background-type":"","background-media":"","overlay-type":"","overlay-color":"","overlay-opacity":"","overlay-gradient":""},"tablet":{"background-color":"var(--ast-global-color-5)","background-image":"","background-repeat":"repeat","background-position":"center center","background-size":"auto","background-attachment":"scroll","background-type":"","background-media":"","overlay-type":"","overlay-color":"","overlay-opacity":"","overlay-gradient":""},"mobile":{"background-color":"var(--ast-global-color-5)","background-image":"","background-repeat":"repeat","background-position":"center center","background-size":"auto","background-attachment":"scroll","background-type":"","background-media":"","overlay-type":"","overlay-color":"","overlay-opacity":"","overlay-gradient":""}},"footnotes":""},"categories":[],"tags":[],"class_list":["post-1533","page","type-page","status-publish","hentry"],"uagb_featured_image_src":{"full":false,"thumbnail":false,"medium":false,"medium_large":false,"large":false,"1536x1536":false,"2048x2048":false},"uagb_author_info":{"display_name":"admin","author_link":"https:\/\/www.etafast.org\/mt\/author\/admin\/"},"uagb_comment_info":0,"uagb_excerpt":"Min Jista&#8217; Applika g\u0127al Awtorizzazzjoni Elettronika g\u0127all-Ivvja\u0121\u0121ar (eTA) L-Awtorizzazzjoni Elettronika g\u0127all-Ivvja\u0121\u0121ar (eTA) hija rekwi\u017cit g\u0127all-ivvja\u0121\u0121ar g\u0127al \u010berti individwi li jivvja\u0121\u0121aw [&hellip;]","_links":{"self":[{"href":"https:\/\/www.etafast.org\/mt\/wp-json\/wp\/v2\/pages\/1533","targetHints":{"allow":["GET"]}}],"collection":[{"href":"https:\/\/www.etafast.org\/mt\/wp-json\/wp\/v2\/pages"}],"about":[{"href":"https:\/\/www.etafast.org\/mt\/wp-json\/wp\/v2\/types\/page"}],"author":[{"embeddable":true,"href":"https:\/\/www.etafast.org\/mt\/wp-json\/wp\/v2\/users\/1"}],"replies":[{"embeddable":true,"href":"https:\/\/www.etafast.org\/mt\/wp-json\/wp\/v2\/comments?post=1533"}],"version-history":[{"count":1,"href":"https:\/\/www.etafast.org\/mt\/wp-json\/wp\/v2\/pages\/1533\/revisions"}],"predecessor-version":[{"id":1534,"href":"https:\/\/www.etafast.org\/mt\/wp-json\/wp\/v2\/pages\/1533\/revisions\/1534"}],"wp:attachment":[{"href":"https:\/\/www.etafast.org\/mt\/wp-json\/wp\/v2\/media?parent=1533"}],"wp:term":[{"taxonomy":"category","embeddable":true,"href":"https:\/\/www.etafast.org\/mt\/wp-json\/wp\/v2\/categories?post=1533"},{"taxonomy":"post_tag","embeddable":true,"href":"https:\/\/www.etafast.org\/mt\/wp-json\/wp\/v2\/tags?post=1533"}],"curies":[{"name":"wp","href":"https:\/\/api.w.org\/{rel}","templated":true}]}}