{"id":1431,"date":"2024-12-11T08:25:47","date_gmt":"2024-12-11T07:25:47","guid":{"rendered":"https:\/\/www.etafast.org\/ghandek-bzonn-viza\/"},"modified":"2024-12-11T09:14:37","modified_gmt":"2024-12-11T08:14:37","slug":"ghandek-bzonn-viza","status":"publish","type":"page","link":"https:\/\/www.etafast.org\/mt\/ghandek-bzonn-viza\/","title":{"rendered":"G\u0127andek b\u017conn VI\u017bA?"},"content":{"rendered":"\n<h3 class=\"wp-block-heading\">Kif issir taf jekk g\u0127andek b\u017conn vi\u017ca biex tivvja\u0121\u0121a lejn il-Kanada<\/h3>\n\n<p>Il-Kanada te\u0127tie\u0121 li l-vja\u0121\u0121aturi jkollhom jew <strong>vi\u017ca g\u0127all-vi\u017citatur<\/strong> jew <strong>Awtorizzazzjoni Elettronika g\u0127all-Ivvja\u0121\u0121ar (eTA)<\/strong> biex jid\u0127lu jew jg\u0127addu mill-pajji\u017c, skont in-nazzjonalit\u00e0 u l-metodu tal-ivvja\u0121\u0121ar tag\u0127hom. Hawn kif tista&#8217; tiddetermina dak li g\u0127andek b\u017conn: <\/p>\n\n<hr class=\"wp-block-separator has-alpha-channel-opacity\"\/>\n\n<h3 class=\"wp-block-heading\"><strong>Pass 1: I\u010b\u010bekkja n-Nazzjonalit\u00e0 Tieg\u0127ek<\/strong><\/h3>\n\n<p>It-tip ta&#8217; dokument tal-ivvja\u0121\u0121ar li g\u0127andek b\u017conn jiddependi primarjament fuq i\u010b-\u010bittadinanza tieg\u0127ek. Il-vja\u0121\u0121aturi jaqg\u0127u f&#8217;wa\u0127da minn tliet kategoriji: <\/p>\n\n<ol class=\"wp-block-list\">\n<li><strong>Vja\u0121\u0121aturi E\u017centati mill-Vi\u017ca (Je\u0127tie\u0121u eTA)<\/strong><br\/> Jekk inti \u010bittadin ta&#8217; pajji\u017c e\u017centi mill-vi\u017ca, g\u0127andek b\u017conn ta&#8217; eTA jekk qed tivvja\u0121\u0121a lejn jew tg\u0127addi mill-Kanada bl-ajru. E\u017cempji ta\u2019 pajji\u017ci e\u017centati mill-vi\u017ca jinkludu: <ul><li>Awstralja<\/li><li>il-\u0120ermanja<\/li><li>\u0120appun<\/li><li>Ir-Renju Unit<\/li><li>Franza<br\/> <em>(Din mhix lista kompluta.)<\/em><\/li><\/ul><strong>Importanti<\/strong> : Jekk qed tid\u0127ol fil-Kanada bil-karozza, xarabank, ferrovija, jew dg\u0127ajsa, inklu\u017c cruise, M&#8217;g\u0127andekx b\u017conn eTA jew vi\u017ca g\u0127all-vi\u017citatur.<\/li>\n\n\n\n<li><strong>Vja\u0121\u0121aturi Me\u0127tie\u0121a Vi\u017ca (Je\u0127tie\u0121u Vi\u017ca g\u0127all-Vi\u017citatur)<\/strong><br> I\u010b-\u010bittadini ta\u2019 pajji\u017ci li mhumiex fil-lista e\u017centi mill-vi\u017ca je\u0127tie\u0121u vi\u017ca g\u0127all-vi\u017citatur (mag\u0127rufa wkoll b\u0127ala Vi\u017ca Residenti Temporanju) biex jivvja\u0121\u0121aw lejn il-Kanada, irrispettivament mill-mod ta\u2019 vja\u0121\u0121ar.<br> E\u017cempji ta\u2019 pajji\u017ci li je\u0127tie\u0121u vi\u017ca jinkludu:\n<ul class=\"wp-block-list\">\n<li>l-Indja<\/li>\n\n\n\n<li>I\u010b-\u010aina<\/li>\n\n\n\n<li>Pakistan<br\/> <em>(Din mhix lista kompluta.)<\/em><\/li>\n<\/ul>\n<\/li>\n\n\n\n<li><strong>Vja\u0121\u0121aturi Eli\u0121ibbli Me\u0127tie\u0121a Vi\u017ca (Jistg\u0127u Jikkwalifikaw g\u0127al eTA)<\/strong><br> Jekk inti minn pajji\u017c li je\u0127tie\u0121 vi\u017ca i\u017cda tissodisfa kundizzjonijiet spe\u010bifi\u010bi, tista&#8217; tapplika g\u0127al eTA minflok vi\u017ca. Dawn il-kundizzjonijiet jinkludu: <ul><li>Ikollok vi\u017ca valida g\u0127all-Istati Uniti mhux immigrant, JEW<\/li><li>Wara li kellu vi\u017ca g\u0127al vi\u017citatur Kanadi\u017c fl-a\u0127\u0127ar 10 snin.<\/li><\/ul>Pajji\u017ci eli\u0121ibbli g\u0127al din l-g\u0127a\u017cla jinkludu:\n<ul class=\"wp-block-list\">\n<li>Bra\u017cil<\/li>\n\n\n\n<li>Messiku<\/li>\n\n\n\n<li>Filippini<br\/> <em>(Din mhix lista kompluta.)<\/em><\/li>\n<\/ul>\n<\/li>\n<\/ol>\n\n<hr class=\"wp-block-separator has-alpha-channel-opacity\"\/>\n\n<h3 class=\"wp-block-heading\"><strong>Pass 2: Ikkunsidra l-Metodu tal-Ivvja\u0121\u0121ar Tieg\u0127ek<\/strong><\/h3>\n\n<p>Id-dokument tal-ivvja\u0121\u0121ar li g\u0127andek b\u017conn jiddependi wkoll minn kif tkun qed tid\u0127ol fil-Kanada:<\/p>\n\n<figure class=\"wp-block-table\"><table class=\"has-fixed-layout\"><thead><tr><th><strong>Mod ta&#8217; Ivvja\u0121\u0121ar<\/strong><\/th><th><strong>Rekwi\u017cit<\/strong><\/th><\/tr><\/thead><tbody><tr><td>Ittir lejn jew tran\u017citu minn ajruport Kanadi\u017c<\/td><td>eTA (g\u0127al vja\u0121\u0121aturi e\u017centi mill-vi\u017ca) jew vi\u017ca tal-vi\u017citatur<\/td><\/tr><tr><td>D\u0127ul bil-karozza, xarabank, ferrovija, jew dg\u0127ajsa (inklu\u017ca kru\u010biera)<\/td><td>Vi\u017ca tal-vi\u017citatur (g\u0127all-vja\u0121\u0121aturi li je\u0127tie\u0121u vi\u017ca)<\/td><\/tr><tr><td>Jivvja\u0121\u0121a b&#8217;vi\u017ca Kanadi\u017ca valida<\/td><td>L-ebda eTA me\u0127tie\u0121a; u\u017ca l-vi\u017ca tieg\u0127ek<\/td><\/tr><\/tbody><\/table><\/figure>\n\n<hr class=\"wp-block-separator has-alpha-channel-opacity\"\/>\n\n<h3 class=\"wp-block-heading\"><strong>Pass 3: E\u010b\u010bezzjonijiet g\u0127ar-Regola<\/strong><\/h3>\n\n<ol class=\"wp-block-list\">\n<li><strong>\u010aittadini Amerikani<\/strong><br\/> I\u010b-\u010bittadini Amerikani MHUX b\u017conn eTA jew vi\u017ca g\u0127all-vi\u017citatur. Huma je\u0127tie\u0121u biss passaport validu tal-Istati Uniti. <\/li>\n\n\n\n<li><strong>\u010aittadini Kanadi\u017ci (Inklu\u017ci \u010aittadini Doppju)<\/strong><br\/> I\u010b-\u010bittadini Kanadi\u017ci ma jistg\u0127ux japplikaw g\u0127al eTA jew vi\u017ca. G\u0127andhom jivvja\u0121\u0121aw b&#8217;passaport Kanadi\u017c validu. <\/li>\n\n\n\n<li><strong>Residenti Permanenti Kanadi\u017ci<\/strong><br> Residenti permanenti tal-Kanada ma jistg\u0127ux japplikaw g\u0127al eTA. G\u0127andhom jivvja\u0121\u0121aw ma&#8217;: \n<ul class=\"wp-block-list\">\n<li>Karta tar-resident permanenti valida, JEW<\/li>\n\n\n\n<li>Dokument tal-ivvja\u0121\u0121ar residenti permanenti.<\/li>\n<\/ul>\n<\/li>\n\n\n\n<li><strong>Residenti Permanenti tal-Istati Uniti<\/strong><br> Mis-26 ta&#8217; April 2022, residenti permanenti legali tal-Istati Uniti m&#8217;g\u0127andhomx b\u017conn eTA. G\u0127andhom i\u0121orru: \n<ul class=\"wp-block-list\">\n<li>Passaport validu min-nazzjonalit\u00e0 tag\u0127hom, U<\/li>\n\n\n\n<li>Green Card valida jew prova ekwivalenti tal-istatus.<\/li>\n<\/ul>\n<\/li>\n<\/ol>\n\n<hr class=\"wp-block-separator has-alpha-channel-opacity\"\/>\n\n<h3 class=\"wp-block-heading\"><strong>Pass 4: U\u017ca l-G\u0127odda tal-Gvern tal-Kanada<\/strong><\/h3>\n\n<p>Biex tikkonferma jekk g\u0127andekx b\u017conn vi\u017ca jew eTA, tista\u2019 tu\u017ca l- <a>g\u0127odda uffi\u010bjali tad-dokument tal-ivvja\u0121\u0121ar<\/a> tal-Gvern tal-Kanada . Sempli\u010bement da\u0127\u0127al in-nazzjonalit\u00e0 tieg\u0127ek, il-metodu tal-ivvja\u0121\u0121ar, u l-iskop ta\u017c-\u017cjara biex tikseb ri\u017cultati personalizzati. <\/p>\n\n<hr class=\"wp-block-separator has-alpha-channel-opacity\"\/>\n\n<h3 class=\"wp-block-heading\"><strong>Noti Finali<\/strong><\/h3>\n\n<ul class=\"wp-block-list\">\n<li>Kun \u017cgur li tapplika g\u0127ad-dokument korrett \u0127afna qabel id-data tal-ivvja\u0121\u0121ar tieg\u0127ek.<\/li>\n\n\n\n<li>Li jkollok vi\u017ca jew eTA ma tiggarantixxix d\u0127ul fil-Kanada. Trid tissodisfa lill-uffi\u010bjal tas-servizzi tal-fruntiera li tissodisfa r-rekwi\u017citi kollha tad-d\u0127ul. <\/li>\n<\/ul>\n\n<p><\/p>\n","protected":false},"excerpt":{"rendered":"<p>Kif issir taf jekk g\u0127andek b\u017conn vi\u017ca biex tivvja\u0121\u0121a lejn il-Kanada Il-Kanada te\u0127tie\u0121 li l-vja\u0121\u0121aturi jkollhom jew vi\u017ca g\u0127all-vi\u017citatur jew [&hellip;]<\/p>\n","protected":false},"author":1,"featured_media":0,"parent":0,"menu_order":0,"comment_status":"closed","ping_status":"closed","template":"","meta":{"_uag_custom_page_level_css":"","site-sidebar-layout":"default","site-content-layout":"","ast-site-content-layout":"","site-content-style":"default","site-sidebar-style":"default","ast-global-header-display":"","ast-banner-title-visibility":"","ast-main-header-display":"","ast-hfb-above-header-display":"","ast-hfb-below-header-display":"","ast-hfb-mobile-header-display":"","site-post-title":"","ast-breadcrumbs-content":"","ast-featured-img":"","footer-sml-layout":"","theme-transparent-header-meta":"","adv-header-id-meta":"","stick-header-meta":"","header-above-stick-meta":"","header-main-stick-meta":"","header-below-stick-meta":"","astra-migrate-meta-layouts":"default","ast-page-background-enabled":"default","ast-page-background-meta":{"desktop":{"background-color":"var(--ast-global-color-4)","background-image":"","background-repeat":"repeat","background-position":"center center","background-size":"auto","background-attachment":"scroll","background-type":"","background-media":"","overlay-type":"","overlay-color":"","overlay-opacity":"","overlay-gradient":""},"tablet":{"background-color":"","background-image":"","background-repeat":"repeat","background-position":"center center","background-size":"auto","background-attachment":"scroll","background-type":"","background-media":"","overlay-type":"","overlay-color":"","overlay-opacity":"","overlay-gradient":""},"mobile":{"background-color":"","background-image":"","background-repeat":"repeat","background-position":"center center","background-size":"auto","background-attachment":"scroll","background-type":"","background-media":"","overlay-type":"","overlay-color":"","overlay-opacity":"","overlay-gradient":""}},"ast-content-background-meta":{"desktop":{"background-color":"var(--ast-global-color-5)","background-image":"","background-repeat":"repeat","background-position":"center center","background-size":"auto","background-attachment":"scroll","background-type":"","background-media":"","overlay-type":"","overlay-color":"","overlay-opacity":"","overlay-gradient":""},"tablet":{"background-color":"var(--ast-global-color-5)","background-image":"","background-repeat":"repeat","background-position":"center center","background-size":"auto","background-attachment":"scroll","background-type":"","background-media":"","overlay-type":"","overlay-color":"","overlay-opacity":"","overlay-gradient":""},"mobile":{"background-color":"var(--ast-global-color-5)","background-image":"","background-repeat":"repeat","background-position":"center center","background-size":"auto","background-attachment":"scroll","background-type":"","background-media":"","overlay-type":"","overlay-color":"","overlay-opacity":"","overlay-gradient":""}},"footnotes":""},"categories":[],"tags":[],"class_list":["post-1431","page","type-page","status-publish","hentry"],"uagb_featured_image_src":{"full":false,"thumbnail":false,"medium":false,"medium_large":false,"large":false,"1536x1536":false,"2048x2048":false},"uagb_author_info":{"display_name":"admin","author_link":"https:\/\/www.etafast.org\/mt\/author\/admin\/"},"uagb_comment_info":0,"uagb_excerpt":"Kif issir taf jekk g\u0127andek b\u017conn vi\u017ca biex tivvja\u0121\u0121a lejn il-Kanada Il-Kanada te\u0127tie\u0121 li l-vja\u0121\u0121aturi jkollhom jew vi\u017ca g\u0127all-vi\u017citatur jew [&hellip;]","_links":{"self":[{"href":"https:\/\/www.etafast.org\/mt\/wp-json\/wp\/v2\/pages\/1431","targetHints":{"allow":["GET"]}}],"collection":[{"href":"https:\/\/www.etafast.org\/mt\/wp-json\/wp\/v2\/pages"}],"about":[{"href":"https:\/\/www.etafast.org\/mt\/wp-json\/wp\/v2\/types\/page"}],"author":[{"embeddable":true,"href":"https:\/\/www.etafast.org\/mt\/wp-json\/wp\/v2\/users\/1"}],"replies":[{"embeddable":true,"href":"https:\/\/www.etafast.org\/mt\/wp-json\/wp\/v2\/comments?post=1431"}],"version-history":[{"count":1,"href":"https:\/\/www.etafast.org\/mt\/wp-json\/wp\/v2\/pages\/1431\/revisions"}],"predecessor-version":[{"id":1432,"href":"https:\/\/www.etafast.org\/mt\/wp-json\/wp\/v2\/pages\/1431\/revisions\/1432"}],"wp:attachment":[{"href":"https:\/\/www.etafast.org\/mt\/wp-json\/wp\/v2\/media?parent=1431"}],"wp:term":[{"taxonomy":"category","embeddable":true,"href":"https:\/\/www.etafast.org\/mt\/wp-json\/wp\/v2\/categories?post=1431"},{"taxonomy":"post_tag","embeddable":true,"href":"https:\/\/www.etafast.org\/mt\/wp-json\/wp\/v2\/tags?post=1431"}],"curies":[{"name":"wp","href":"https:\/\/api.w.org\/{rel}","templated":true}]}}