{"id":1329,"date":"2024-12-11T08:26:43","date_gmt":"2024-12-11T07:26:43","guid":{"rendered":"https:\/\/www.etafast.org\/estendi-l-waqfa-tieghek-fil-kanada\/"},"modified":"2024-12-11T09:12:40","modified_gmt":"2024-12-11T08:12:40","slug":"estendi-l-waqfa-tieghek-fil-kanada","status":"publish","type":"page","link":"https:\/\/www.etafast.org\/mt\/estendi-l-waqfa-tieghek-fil-kanada\/","title":{"rendered":"Estendi l-Waqfa Tieg\u0127ek fil-Kanada"},"content":{"rendered":"\n<h3 class=\"wp-block-heading\">Estendi l-Waqfa Tieg\u0127ek fil-Kanada: Rekord tal-Vi\u017citaturi<\/h3>\n\n<p>Jekk tixtieq toqg\u0127od fil-Kanada g\u0127al aktar \u017cmien mill-perjodu inizjali awtorizzat tieg\u0127ek b\u0127ala vi\u017citatur, ikollok b\u017conn tapplika g\u0127al <strong>rekord tal-vi\u017citaturi<\/strong> . Rekord tal-vi\u017citaturi huwa dokument essenzjali li jippermettilek testendi l-waqfa tieg\u0127ek ming\u0127ajr ma tikser ir-regoli tal-immigrazzjoni. <\/p>\n\n<hr class=\"wp-block-separator has-alpha-channel-opacity\"\/>\n\n<h3 class=\"wp-block-heading\"><strong>X&#8217;inhu Rekord tal-Vi\u017citatur?<\/strong><\/h3>\n\n<p>Rekord tal-vi\u017citaturi <strong>mhuwiex vi\u017ca<\/strong> . Minflok, huwa dokument uffi\u010bjali li: <\/p>\n\n<ul class=\"wp-block-list\">\n<li>Jawtorizzak tibqa&#8217; fil-Kanada g\u0127al aktar \u017cmien b\u0127ala <strong>vi\u017citatur<\/strong> , \u0127addiem awtorizzat biex ja\u0127dem ming\u0127ajr permess, jew student awtorizzat biex jistudja ming\u0127ajr permess.<\/li>\n\n\n\n<li>Jispe\u010bifika data ta&#8217; skadenza \u0121dida, li fiha trid titlaq mill-Kanada.<\/li>\n<\/ul>\n\n<hr class=\"wp-block-separator has-alpha-channel-opacity\"\/>\n\n<h3 class=\"wp-block-heading\"><strong>Meta Applika g\u0127al Rekord tal-Vi\u017citaturi<\/strong><\/h3>\n\n<p>Int trid tapplika g\u0127al rekord tal-vi\u017citaturi <strong>qabel ma jiskadi l-istatus attwali tieg\u0127ek<\/strong> .<\/p>\n\n<ul class=\"wp-block-list\">\n<li>I\u010b\u010bekkja t-timbru tal-passaport tieg\u0127ek jew il-konferma bil-miktub tat-tul tal-waqfa permess tieg\u0127ek ma\u0127ru\u0121a meta d\u0127alt fil-Kanada.<\/li>\n\n\n\n<li>Jekk ma \u0121iet ipprovduta l-ebda data spe\u010bifika, l-istatus tieg\u0127ek tipikament jiskadi <strong>6 xhur mid-data tal-wasla tieg\u0127ek<\/strong> .<\/li>\n<\/ul>\n\n<hr class=\"wp-block-separator has-alpha-channel-opacity\"\/>\n\n<h3 class=\"wp-block-heading\"><strong>Min Jista&#8217; Applika g\u0127al Rekord tal-Vi\u017citaturi?<\/strong><\/h3>\n\n<p>Tista&#8217; tapplika g\u0127al rekord tal-vi\u017citaturi jekk inti:<\/p>\n\n<ul class=\"wp-block-list\">\n<li>D\u0127alt fil-Kanada b&#8217;vi\u017ca tal-vi\u017citatur, eTA, jew dokument validu tal-ivvja\u0121\u0121ar ie\u0127or, u issa trid testendi l-waqfa awtorizzata tieg\u0127ek.<\/li>\n\n\n\n<li>B\u0127alissa tinsab fil-Kanada b\u0127ala vi\u017citatur, \u0127addiem jew student ming\u0127ajr permess, u tixtieq testendi l-istatus tieg\u0127ek.<\/li>\n<\/ul>\n\n<hr class=\"wp-block-separator has-alpha-channel-opacity\"\/>\n\n<h3 class=\"wp-block-heading\"><strong>Kif tapplika g\u0127al Rekord tal-Vi\u017citaturi<\/strong><\/h3>\n\n<p>Il-pro\u010bess g\u0127all-applikazzjoni g\u0127al rekord tal-vi\u017citaturi jinkludi l-passi li \u0121ejjin:<\/p>\n\n<ol class=\"wp-block-list\">\n<li><strong>Ipprepara d-Dokumenti Tieg\u0127ek<\/strong> :\n<ul class=\"wp-block-list\">\n<li>Passaport jew dokument tal-ivvja\u0121\u0121ar validu (i\u017cgura li huwa validu g\u0127at-tul kollu ta\u017c-\u017cjara esti\u017ca tieg\u0127ek).<\/li>\n\n\n\n<li>Prova ta&#8217; fondi suffi\u010bjenti biex tappo\u0121\u0121ja lilek innifsek matul i\u017c-\u017cjara esti\u017ca.<\/li>\n\n\n\n<li>Spjegazzjoni \u010bara g\u0127ala tixtieq testendi l-waqfa tieg\u0127ek fil-Kanada.<\/li>\n<\/ul>\n<\/li>\n\n\n\n<li><strong>Ibg\u0127at l-Applikazzjoni tieg\u0127ek Online<\/strong> :\n<ul class=\"wp-block-list\">\n<li>Imla l-formola tal-applikazzjoni permezz tal- <a>portal tal-IRCC<\/a> .<\/li>\n\n\n\n<li>\u0126las il-mi\u017cata tal-applikazzjoni, li tibda minn <strong>$100<\/strong> .<\/li>\n<\/ul>\n<\/li>\n\n\n\n<li><strong>Applika Kmieni<\/strong> :\n<ul class=\"wp-block-list\">\n<li>Il-\u0127in tal-ippro\u010bessar huwa ta&#8217; madwar <strong>126 jum<\/strong> , g\u0127alhekk huwa essenzjali li tapplika \u0127afna qabel l-iskadenza tal-istatus attwali tieg\u0127ek.<\/li>\n\n\n\n<li>Jekk l-istatus tieg\u0127ek jiskadi waqt li l-applikazzjoni tieg\u0127ek tkun fil-pro\u010bess, ser ikollok <strong>status impli\u010bitu<\/strong> u tista&#8217; legalment tibqa&#8217; fil-Kanada sakemm tittie\u0127ed de\u010bi\u017cjoni.<\/li>\n<\/ul>\n<\/li>\n<\/ol>\n\n<hr class=\"wp-block-separator has-alpha-channel-opacity\"\/>\n\n<h3 class=\"wp-block-heading\"><strong>Wara li Tapplika<\/strong><\/h3>\n\n<ul class=\"wp-block-list\">\n<li><strong>Approvazzjoni<\/strong> : Jekk l-applikazzjoni tieg\u0127ek tkun approvata, int ser tir\u010bievi rekord tal-vi\u017citaturi li jispe\u010bifika d-data ta&#8217; skadenza l-\u0121dida tieg\u0127ek.<\/li>\n\n\n\n<li><strong>\u010aa\u0127da<\/strong> : Jekk l-applikazzjoni tieg\u0127ek ti\u0121i mi\u010b\u0127uda, trid titlaq mill-Kanada immedjatament.<\/li>\n\n\n\n<li><strong>Status Impli\u010bit<\/strong> : Waqt li qed tistenna de\u010bi\u017cjoni, tista&#8217; tibqa&#8217; fil-Kanada legalment jekk applikajt qabel ma skada l-istatus tieg\u0127ek.<\/li>\n<\/ul>\n\n<hr class=\"wp-block-separator has-alpha-channel-opacity\"\/>\n\n<h3 class=\"wp-block-heading\"><strong>Jivvja\u0121\u0121aw Barra mill-Kanada<\/strong><\/h3>\n\n<p>Rekord tal-vi\u017citaturi <strong>ma jiggarantixxix d\u0127ul mill-\u0121did fil-Kanada<\/strong> . Jekk titlaq mill-Kanada matul i\u017c-\u017cjara esti\u017ca tieg\u0127ek u tippjana li tirritorna, ser ikollok b\u017conn: <\/p>\n\n<ul class=\"wp-block-list\">\n<li><strong>Vi\u017ca valida g\u0127all-vi\u017citatur<\/strong> jew <strong>eTA<\/strong> biex ter\u0121a\u2019 tid\u0127ol fil-Kanada, u<\/li>\n\n\n\n<li>Ir-rekord tal-vi\u017citaturi tieg\u0127ek biex jipprova l-estensjoni tal-waqfa awtorizzata tieg\u0127ek.<\/li>\n<\/ul>\n\n<hr class=\"wp-block-separator has-alpha-channel-opacity\"\/>\n\n<h3 class=\"wp-block-heading\"><strong>\u0126lasijiet Ewlenin u \u0126inijiet tal-Ippro\u010bessar<\/strong><\/h3>\n\n<ul class=\"wp-block-list\">\n<li><strong>Mi\u017cati<\/strong> : Jibdew minn <strong>$ 100<\/strong> g\u0127al applikazzjoni g\u0127al rekord tal-vi\u017citaturi.<\/li>\n\n\n\n<li><strong>\u0126in tal-ippro\u010bessar<\/strong> : Madwar <strong>126 jum<\/strong> (su\u0121\u0121ett g\u0127al varjazzjoni).<\/li>\n<\/ul>\n\n<hr class=\"wp-block-separator has-alpha-channel-opacity\"\/>\n\n<h3 class=\"wp-block-heading\"><strong>Noti Importanti<\/strong><\/h3>\n\n<ul class=\"wp-block-list\">\n<li>Kun \u017cgur li l-passaport tieg\u0127ek jibqa\u2019 validu g\u0127at-tul kollu ta\u017c-\u017cjara tieg\u0127ek.<\/li>\n\n\n\n<li>Rekord tal-vi\u017citaturi ma jippermettilekx ta\u0127dem jew tistudja fil-Kanada. Ikollok b\u017conn permess ta&#8217; xog\u0127ol jew studju g\u0127al dawk l-attivitajiet. <\/li>\n\n\n\n<li>Li taqbe\u017c i\u017c-\u017cjara awtorizzata tieg\u0127ek ming\u0127ajr ma tapplika g\u0127al estensjoni jista&#8217; jirri\u017culta f&#8217;penali legali u jista&#8217; jaffettwa l-ivvja\u0121\u0121ar fil-futur lejn il-Kanada.<\/li>\n<\/ul>\n\n<p>L-ippjanar biex testendi l-waqfa tieg\u0127ek fil-Kanada te\u0127tie\u0121 t\u0127ejjija u sottomissjoni ta &#8216;applikazzjoni f&#8217;waqtha. Billi \u017c\u017comm mal-pro\u010bess, tista&#8217; tgawdi \u017cjara itwal filwaqt li tikkonforma mal-li\u0121ijiet Kanadi\u017ci dwar l-immigrazzjoni. <\/p>\n","protected":false},"excerpt":{"rendered":"<p>Estendi l-Waqfa Tieg\u0127ek fil-Kanada: Rekord tal-Vi\u017citaturi Jekk tixtieq toqg\u0127od fil-Kanada g\u0127al aktar \u017cmien mill-perjodu inizjali awtorizzat tieg\u0127ek b\u0127ala vi\u017citatur, ikollok [&hellip;]<\/p>\n","protected":false},"author":1,"featured_media":0,"parent":0,"menu_order":0,"comment_status":"closed","ping_status":"closed","template":"","meta":{"_uag_custom_page_level_css":"","site-sidebar-layout":"default","site-content-layout":"","ast-site-content-layout":"","site-content-style":"default","site-sidebar-style":"default","ast-global-header-display":"","ast-banner-title-visibility":"","ast-main-header-display":"","ast-hfb-above-header-display":"","ast-hfb-below-header-display":"","ast-hfb-mobile-header-display":"","site-post-title":"","ast-breadcrumbs-content":"","ast-featured-img":"","footer-sml-layout":"","theme-transparent-header-meta":"","adv-header-id-meta":"","stick-header-meta":"","header-above-stick-meta":"","header-main-stick-meta":"","header-below-stick-meta":"","astra-migrate-meta-layouts":"default","ast-page-background-enabled":"default","ast-page-background-meta":{"desktop":{"background-color":"var(--ast-global-color-4)","background-image":"","background-repeat":"repeat","background-position":"center center","background-size":"auto","background-attachment":"scroll","background-type":"","background-media":"","overlay-type":"","overlay-color":"","overlay-opacity":"","overlay-gradient":""},"tablet":{"background-color":"","background-image":"","background-repeat":"repeat","background-position":"center center","background-size":"auto","background-attachment":"scroll","background-type":"","background-media":"","overlay-type":"","overlay-color":"","overlay-opacity":"","overlay-gradient":""},"mobile":{"background-color":"","background-image":"","background-repeat":"repeat","background-position":"center center","background-size":"auto","background-attachment":"scroll","background-type":"","background-media":"","overlay-type":"","overlay-color":"","overlay-opacity":"","overlay-gradient":""}},"ast-content-background-meta":{"desktop":{"background-color":"var(--ast-global-color-5)","background-image":"","background-repeat":"repeat","background-position":"center center","background-size":"auto","background-attachment":"scroll","background-type":"","background-media":"","overlay-type":"","overlay-color":"","overlay-opacity":"","overlay-gradient":""},"tablet":{"background-color":"var(--ast-global-color-5)","background-image":"","background-repeat":"repeat","background-position":"center center","background-size":"auto","background-attachment":"scroll","background-type":"","background-media":"","overlay-type":"","overlay-color":"","overlay-opacity":"","overlay-gradient":""},"mobile":{"background-color":"var(--ast-global-color-5)","background-image":"","background-repeat":"repeat","background-position":"center center","background-size":"auto","background-attachment":"scroll","background-type":"","background-media":"","overlay-type":"","overlay-color":"","overlay-opacity":"","overlay-gradient":""}},"footnotes":""},"categories":[],"tags":[],"class_list":["post-1329","page","type-page","status-publish","hentry"],"uagb_featured_image_src":{"full":false,"thumbnail":false,"medium":false,"medium_large":false,"large":false,"1536x1536":false,"2048x2048":false},"uagb_author_info":{"display_name":"admin","author_link":"https:\/\/www.etafast.org\/mt\/author\/admin\/"},"uagb_comment_info":0,"uagb_excerpt":"Estendi l-Waqfa Tieg\u0127ek fil-Kanada: Rekord tal-Vi\u017citaturi Jekk tixtieq toqg\u0127od fil-Kanada g\u0127al aktar \u017cmien mill-perjodu inizjali awtorizzat tieg\u0127ek b\u0127ala vi\u017citatur, ikollok [&hellip;]","_links":{"self":[{"href":"https:\/\/www.etafast.org\/mt\/wp-json\/wp\/v2\/pages\/1329","targetHints":{"allow":["GET"]}}],"collection":[{"href":"https:\/\/www.etafast.org\/mt\/wp-json\/wp\/v2\/pages"}],"about":[{"href":"https:\/\/www.etafast.org\/mt\/wp-json\/wp\/v2\/types\/page"}],"author":[{"embeddable":true,"href":"https:\/\/www.etafast.org\/mt\/wp-json\/wp\/v2\/users\/1"}],"replies":[{"embeddable":true,"href":"https:\/\/www.etafast.org\/mt\/wp-json\/wp\/v2\/comments?post=1329"}],"version-history":[{"count":1,"href":"https:\/\/www.etafast.org\/mt\/wp-json\/wp\/v2\/pages\/1329\/revisions"}],"predecessor-version":[{"id":1330,"href":"https:\/\/www.etafast.org\/mt\/wp-json\/wp\/v2\/pages\/1329\/revisions\/1330"}],"wp:attachment":[{"href":"https:\/\/www.etafast.org\/mt\/wp-json\/wp\/v2\/media?parent=1329"}],"wp:term":[{"taxonomy":"category","embeddable":true,"href":"https:\/\/www.etafast.org\/mt\/wp-json\/wp\/v2\/categories?post=1329"},{"taxonomy":"post_tag","embeddable":true,"href":"https:\/\/www.etafast.org\/mt\/wp-json\/wp\/v2\/tags?post=1329"}],"curies":[{"name":"wp","href":"https:\/\/api.w.org\/{rel}","templated":true}]}}