{"id":1247,"date":"2024-12-11T08:28:06","date_gmt":"2024-12-11T07:28:06","guid":{"rendered":"https:\/\/www.etafast.org\/super-visa-ghal-genituri-u-nanniet\/"},"modified":"2024-12-11T09:11:36","modified_gmt":"2024-12-11T08:11:36","slug":"super-visa-ghal-genituri-u-nanniet","status":"publish","type":"page","link":"https:\/\/www.etafast.org\/mt\/super-visa-ghal-genituri-u-nanniet\/","title":{"rendered":"Super Visa g\u0127al \u0120enituri u Nanniet"},"content":{"rendered":"\n<h3 class=\"wp-block-heading\">Super Visa g\u0127al \u0120enituri u Nanniet<\/h3>\n\n<p>Is- <strong>Super Visa<\/strong> hija vi\u017ca spe\u010bjali mfassla g\u0127all-\u0121enituri u n-nanniet ta\u2019 \u010bittadini Kanadi\u017ci u residenti permanenti. Jippermetti \u017cjarat esti\u017ci fil-Kanada, u jipprovdi opportunit\u00e0 unika biex tqatta\u2019 \u0127in mal-familja filwaqt li tgawdi l-benefi\u010b\u010bji ta\u2019 da\u0127liet multipli fuq tul ta\u2019 \u017cmien twil. <\/p>\n\n<hr class=\"wp-block-separator has-alpha-channel-opacity\"\/>\n\n<h3 class=\"wp-block-heading\"><strong>X&#8217;inhi Super Visa?<\/strong><\/h3>\n\n<p><strong>Super Visa<\/strong> hija:<\/p>\n\n<ul class=\"wp-block-list\">\n<li><strong>Vi\u017ca fit-tul<\/strong> li tippermetti lill-\u0121enituri u n-nanniet eli\u0121ibbli j\u017curu l-Kanada <strong>sa 5 snin g\u0127al kull \u017cjara<\/strong> ming\u0127ajr il-\u0127tie\u0121a li j\u0121eddu l-istatus tag\u0127hom.<\/li>\n\n\n\n<li><strong>Vi\u017ca g\u0127al d\u0127ul multiplu<\/strong> , valida <strong>sa 10 snin<\/strong> , li tippermetti \u017cjarat frekwenti fil-Kanada matul il-perjodu ta&#8217; validit\u00e0 tal-vi\u017ca.<\/li>\n<\/ul>\n\n<p>Din il-vi\u017ca hija ideali g\u0127al individwi li jippjanaw li j\u017curu lil uliedhom jew lin-neputijiet tag\u0127hom g\u0127al so\u0121\u0121orni esti\u017ci.<\/p>\n\n<hr class=\"wp-block-separator has-alpha-channel-opacity\"\/>\n\n<h3 class=\"wp-block-heading\"><strong>Rekwi\u017citi ta&#8217; Eli\u0121ibbilt\u00e0 g\u0127as-Super Visa<\/strong><\/h3>\n\n<p>Biex jikkwalifikaw g\u0127al Super Visa, l-applikanti jridu jissodisfaw kriterji spe\u010bifi\u010bi:<\/p>\n\n<ol class=\"wp-block-list\">\n<li><strong>Relazzjoni<\/strong> :\n<ul class=\"wp-block-list\">\n<li>Kun <strong>il-\u0121enitur jew nanniet<\/strong> ta\u2019 \u010bittadin Kanadi\u017c jew residenti permanenti.<\/li>\n<\/ul>\n<\/li>\n\n\n\n<li><strong>Ittra ta&#8217; stedina<\/strong> :\n<ul class=\"wp-block-list\">\n<li>Ipprovdi ittra ta\u2019 stedina ming\u0127and it-tifel jew neputi tieg\u0127ek fil-Kanada.<\/li>\n\n\n\n<li>L-ittra trid tinkludi:\n<ul class=\"wp-block-list\">\n<li>Weg\u0127da ta&#8217; appo\u0121\u0121 finanzjarju g\u0127at-tul ta\u017c-\u017cjara tieg\u0127ek.<\/li>\n\n\n\n<li>Dettalji tar-relazzjoni tieg\u0127ek.<\/li>\n\n\n\n<li>Lista tal-membri tad-dar tal-ospitanti fil-Kanada.<\/li>\n<\/ul>\n<\/li>\n<\/ul>\n<\/li>\n\n\n\n<li><strong>Rekwi\u017citi tad-D\u0127ul<\/strong> :\n<ul class=\"wp-block-list\">\n<li>It-tifel jew neputi g\u0127andhom jil\u0127qu <strong>limitu minimu ta\u2019 d\u0127ul<\/strong> ibba\u017cat fuq in-numru ta\u2019 membri tal-familja.<\/li>\n<\/ul>\n<\/li>\n\n\n\n<li><strong>Assigurazzjoni tas-Sa\u0127\u0127a<\/strong> :\n<ul class=\"wp-block-list\">\n<li>Ixtri <strong>assigurazzjoni medika<\/strong> privata minn kumpanija tal-assigurazzjoni Kanadi\u017ca li:\n<ul class=\"wp-block-list\">\n<li>Tkoprik g\u0127al mill-inqas <strong>$100,000 CAD<\/strong> .<\/li>\n\n\n\n<li>Huwa validu g\u0127al <strong>mill-inqas sena<\/strong> mid-data tad-d\u0127ul.<\/li>\n\n\n\n<li>Jinkludi prova tal-\u0127las s\u0127i\u0127 (mhux kwotazzjonijiet).<\/li>\n<\/ul>\n<\/li>\n<\/ul>\n<\/li>\n\n\n\n<li><strong>E\u017cami Mediku<\/strong> :\n<ul class=\"wp-block-list\">\n<li>Imla e\u017cami mediku tal-immigrazzjoni biex turi l-ammissibilit\u00e0.<\/li>\n<\/ul>\n<\/li>\n\n\n\n<li><strong>Rekwi\u017citi Addizzjonali<\/strong> :\n<ul class=\"wp-block-list\">\n<li>Ipprova rabtiet sodi ma\u2019 pajji\u017cek, b\u0127all-familja, il-finanzi, jew l-impjieg, biex ti\u017cgura li titlaq mill-Kanada wara \u017c-\u017cjara tieg\u0127ek.<\/li>\n\n\n\n<li>Uri li g\u0127andek bi\u017c\u017cejjed fondi g\u0127a\u017c-\u017cjara tieg\u0127ek.<\/li>\n<\/ul>\n<\/li>\n<\/ol>\n\n<hr class=\"wp-block-separator has-alpha-channel-opacity\"\/>\n\n<h3 class=\"wp-block-heading\"><strong>Kemm Tista&#8217; Tibqa&#8217; fil-Kanada?<\/strong><\/h3>\n\n<p>It-tul ta\u017c-\u017cjara tieg\u0127ek jiddependi minn meta applikajt g\u0127as-Super Visa:<\/p>\n\n<ul class=\"wp-block-list\">\n<li><strong>Applikazzjonijiet fit-22 ta&#8217; \u0120unju 2023 jew wara<\/strong> :\n<ul class=\"wp-block-list\">\n<li>Id-detenturi ta&#8217; Super Visa jistg\u0127u jibqg\u0127u <strong>sa 5 snin g\u0127al kull \u017cjara<\/strong> .<\/li>\n<\/ul>\n<\/li>\n\n\n\n<li><strong>Applikazzjonijiet qabel it-22 ta&#8217; \u0120unju 2023<\/strong> :\n<ul class=\"wp-block-list\">\n<li>Tista&#8217; toqg\u0127od <strong>sa sentejn g\u0127al kull \u017cjara<\/strong> .<\/li>\n<\/ul>\n<\/li>\n<\/ul>\n\n<p>Irrispettivament mid-data tal-applikazzjoni tieg\u0127ek:<\/p>\n\n<ul class=\"wp-block-list\">\n<li>Kun \u017cgur li <strong>l-passaport tieg\u0127ek huwa validu<\/strong> g\u0127at-tul ta\u017c-\u017cjara tieg\u0127ek.<\/li>\n\n\n\n<li>\u017bomm jew i\u0121\u0121edded <strong>l-assigurazzjoni tas-sa\u0127\u0127a<\/strong> tieg\u0127ek waqt li tkun fil-Kanada jew meta ter\u0121a\u2019 tid\u0127ol.<\/li>\n<\/ul>\n\n<hr class=\"wp-block-separator has-alpha-channel-opacity\"\/>\n\n<h3 class=\"wp-block-heading\"><strong>Benefi\u010b\u010bji ta&#8217; Super Visa<\/strong><\/h3>\n\n<ol class=\"wp-block-list\">\n<li><strong>\u017bjarat Esti\u017ci<\/strong> :\n<ul class=\"wp-block-list\">\n<li>Igawdu waqfiet fit-tul ming\u0127ajr ma tapplika ta&#8217; spiss g\u0127all-estensjonijiet.<\/li>\n<\/ul>\n<\/li>\n\n\n\n<li><strong>Da\u0127liet Multipli<\/strong> :\n<ul class=\"wp-block-list\">\n<li>Ivvja\u0121\u0121a lejn il-Kanada diversi drabi fuq perjodu ta &#8217;10 snin.<\/li>\n<\/ul>\n<\/li>\n\n\n\n<li><strong>Pa\u010bi tal-Mo\u0127\u0127<\/strong> :\n<ul class=\"wp-block-list\">\n<li>Ir-rekwi\u017cit g\u0127all-assigurazzjoni tas-sa\u0127\u0127a ji\u017cgura kopertura medika matul i\u017c-\u017cjara tieg\u0127ek.<\/li>\n<\/ul>\n<\/li>\n\n\n\n<li><strong>Riunifikazzjoni tal-Familja<\/strong> :\n<ul class=\"wp-block-list\">\n<li>Trawwem rabtiet aktar mill-qrib mat-tfal u n-neputijiet tieg\u0127ek.<\/li>\n<\/ul>\n<\/li>\n<\/ol>\n","protected":false},"excerpt":{"rendered":"<p>Super Visa g\u0127al \u0120enituri u Nanniet Is- Super Visa hija vi\u017ca spe\u010bjali mfassla g\u0127all-\u0121enituri u n-nanniet ta\u2019 \u010bittadini Kanadi\u017ci u [&hellip;]<\/p>\n","protected":false},"author":1,"featured_media":0,"parent":0,"menu_order":0,"comment_status":"closed","ping_status":"closed","template":"","meta":{"_uag_custom_page_level_css":"","site-sidebar-layout":"default","site-content-layout":"","ast-site-content-layout":"","site-content-style":"default","site-sidebar-style":"default","ast-global-header-display":"","ast-banner-title-visibility":"","ast-main-header-display":"","ast-hfb-above-header-display":"","ast-hfb-below-header-display":"","ast-hfb-mobile-header-display":"","site-post-title":"","ast-breadcrumbs-content":"","ast-featured-img":"","footer-sml-layout":"","theme-transparent-header-meta":"","adv-header-id-meta":"","stick-header-meta":"","header-above-stick-meta":"","header-main-stick-meta":"","header-below-stick-meta":"","astra-migrate-meta-layouts":"default","ast-page-background-enabled":"default","ast-page-background-meta":{"desktop":{"background-color":"var(--ast-global-color-4)","background-image":"","background-repeat":"repeat","background-position":"center center","background-size":"auto","background-attachment":"scroll","background-type":"","background-media":"","overlay-type":"","overlay-color":"","overlay-opacity":"","overlay-gradient":""},"tablet":{"background-color":"","background-image":"","background-repeat":"repeat","background-position":"center center","background-size":"auto","background-attachment":"scroll","background-type":"","background-media":"","overlay-type":"","overlay-color":"","overlay-opacity":"","overlay-gradient":""},"mobile":{"background-color":"","background-image":"","background-repeat":"repeat","background-position":"center center","background-size":"auto","background-attachment":"scroll","background-type":"","background-media":"","overlay-type":"","overlay-color":"","overlay-opacity":"","overlay-gradient":""}},"ast-content-background-meta":{"desktop":{"background-color":"var(--ast-global-color-5)","background-image":"","background-repeat":"repeat","background-position":"center center","background-size":"auto","background-attachment":"scroll","background-type":"","background-media":"","overlay-type":"","overlay-color":"","overlay-opacity":"","overlay-gradient":""},"tablet":{"background-color":"var(--ast-global-color-5)","background-image":"","background-repeat":"repeat","background-position":"center center","background-size":"auto","background-attachment":"scroll","background-type":"","background-media":"","overlay-type":"","overlay-color":"","overlay-opacity":"","overlay-gradient":""},"mobile":{"background-color":"var(--ast-global-color-5)","background-image":"","background-repeat":"repeat","background-position":"center center","background-size":"auto","background-attachment":"scroll","background-type":"","background-media":"","overlay-type":"","overlay-color":"","overlay-opacity":"","overlay-gradient":""}},"footnotes":""},"categories":[],"tags":[],"class_list":["post-1247","page","type-page","status-publish","hentry"],"uagb_featured_image_src":{"full":false,"thumbnail":false,"medium":false,"medium_large":false,"large":false,"1536x1536":false,"2048x2048":false},"uagb_author_info":{"display_name":"admin","author_link":"https:\/\/www.etafast.org\/mt\/author\/admin\/"},"uagb_comment_info":0,"uagb_excerpt":"Super Visa g\u0127al \u0120enituri u Nanniet Is- Super Visa hija vi\u017ca spe\u010bjali mfassla g\u0127all-\u0121enituri u n-nanniet ta\u2019 \u010bittadini Kanadi\u017ci u [&hellip;]","_links":{"self":[{"href":"https:\/\/www.etafast.org\/mt\/wp-json\/wp\/v2\/pages\/1247","targetHints":{"allow":["GET"]}}],"collection":[{"href":"https:\/\/www.etafast.org\/mt\/wp-json\/wp\/v2\/pages"}],"about":[{"href":"https:\/\/www.etafast.org\/mt\/wp-json\/wp\/v2\/types\/page"}],"author":[{"embeddable":true,"href":"https:\/\/www.etafast.org\/mt\/wp-json\/wp\/v2\/users\/1"}],"replies":[{"embeddable":true,"href":"https:\/\/www.etafast.org\/mt\/wp-json\/wp\/v2\/comments?post=1247"}],"version-history":[{"count":1,"href":"https:\/\/www.etafast.org\/mt\/wp-json\/wp\/v2\/pages\/1247\/revisions"}],"predecessor-version":[{"id":1248,"href":"https:\/\/www.etafast.org\/mt\/wp-json\/wp\/v2\/pages\/1247\/revisions\/1248"}],"wp:attachment":[{"href":"https:\/\/www.etafast.org\/mt\/wp-json\/wp\/v2\/media?parent=1247"}],"wp:term":[{"taxonomy":"category","embeddable":true,"href":"https:\/\/www.etafast.org\/mt\/wp-json\/wp\/v2\/categories?post=1247"},{"taxonomy":"post_tag","embeddable":true,"href":"https:\/\/www.etafast.org\/mt\/wp-json\/wp\/v2\/tags?post=1247"}],"curies":[{"name":"wp","href":"https:\/\/api.w.org\/{rel}","templated":true}]}}