{"id":1037,"date":"2024-12-11T08:29:22","date_gmt":"2024-12-11T07:29:22","guid":{"rendered":"https:\/\/www.etafast.org\/vizitaturi-tan-negozju\/"},"modified":"2024-12-11T09:08:46","modified_gmt":"2024-12-11T08:08:46","slug":"vizitaturi-tan-negozju","status":"publish","type":"page","link":"https:\/\/www.etafast.org\/mt\/vizitaturi-tan-negozju\/","title":{"rendered":"Vi\u017citaturi tan-Negozju"},"content":{"rendered":"\n<h3 class=\"wp-block-heading\">Vi\u017citaturi tan-Negozju: Attendenza g\u0127al Laqg\u0127at, Avvenimenti, u Konferenzi fil-Kanada<\/h3>\n\n<p>Il-vi\u017citaturi kummer\u010bjali g\u0127andhom rwol vitali fit-trawwim tal-kummer\u010b u l-kollaborazzjoni internazzjonali. Jekk qed tippjana li tattendi laqg\u0127at, avvenimenti jew konferenzi fil-Kanada b\u0127ala vi\u017citatur tan-negozju, hawn gwida pass pass biex ti\u017cgura pro\u010bess ta &#8216;d\u0127ul bla xkiel. <\/p>\n\n<hr class=\"wp-block-separator has-alpha-channel-opacity\"\/>\n\n<h3 class=\"wp-block-heading\"><strong>Pass 1: Inti Vi\u017citatur tan-Negozju jew G\u0127andek b\u017conn Permess tax-Xog\u0127ol?<\/strong><\/h3>\n\n<p>Biex tikkwalifika b\u0127ala <strong>vi\u017citatur tan-negozju<\/strong> fil-Kanada, trid:<\/p>\n\n<ul class=\"wp-block-list\">\n<li><strong>Tul<\/strong> : Ippjana li toqg\u0127od g\u0127al <strong>inqas minn 6 xhur<\/strong> .<\/li>\n\n\n\n<li><strong>G\u0127an<\/strong> : Ma tid\u0127olx fis-suq tax-xog\u0127ol Kanadi\u017c.<\/li>\n\n\n\n<li><strong>Sors tan-Negozju<\/strong> : Kun \u017cgur li l-post ewlieni tan-negozju, id-d\u0127ul u l-profitti tieg\u0127ek jibqg\u0127u <strong>barra l-Kanada<\/strong> .<\/li>\n\n\n\n<li><strong>Dokumenti<\/strong> : Ikollok id-dokumentazzjoni me\u0127tie\u0121a biex tappo\u0121\u0121ja l-applikazzjoni tieg\u0127ek.<\/li>\n<\/ul>\n\n<p><strong>Rekwi\u017citi Ba\u017ci\u010bi tad-D\u0127ul<\/strong> :<\/p>\n\n<ul class=\"wp-block-list\">\n<li>Dokument tal-ivvja\u0121\u0121ar validu (b\u0127al passaport).<\/li>\n\n\n\n<li>Fondi suffi\u010bjenti g\u0127all-waqfa tieg\u0127ek u l-vja\u0121\u0121 tar-ritorn.<\/li>\n\n\n\n<li>Prova li se titlaq mill-Kanada fi tmiem i\u017c-\u017cjara tieg\u0127ek.<\/li>\n\n\n\n<li>L-ebda riskju kriminali, g\u0127as-sigurt\u00e0 jew g\u0127as-sa\u0127\u0127a g\u0127all-Kanadi\u017ci.<\/li>\n<\/ul>\n\n<p><strong>Attivitajiet Permessi b\u0127ala Vi\u017citatur tan-Negozju<\/strong> :<\/p>\n\n<ul class=\"wp-block-list\">\n<li>Xiri ta\u2019 o\u0121\u0121etti jew servizzi Kanadi\u017ci g\u0127al negozju jew gvern barrani.<\/li>\n\n\n\n<li>Te\u0127id ta&#8217; ordnijiet g\u0127al o\u0121\u0121etti jew servizzi.<\/li>\n\n\n\n<li>Jattendi laqg\u0127at, konferenzi, konvenzjonijiet, jew fieri kummer\u010bjali.<\/li>\n\n\n\n<li>Provvista ta &#8216;servizz ta&#8217; wara l-bejg\u0127 ta\u0127t garanzija jew ftehim ta &#8216;bejg\u0127.<\/li>\n\n\n\n<li>Tir\u010bievi jew twettaq ta\u0127ri\u0121 relatat man-negozju tieg\u0127ek.<\/li>\n<\/ul>\n\n<p><strong>Nota<\/strong> : Jekk i\u017c-\u017cjara tieg\u0127ek tinvolvi li toqg\u0127od g\u0127al aktar minn 6 xhur jew tid\u0127ol f&#8217;attivitajiet tas-suq tax-xog\u0127ol Kanadi\u017c, jista&#8217; jkollok b\u017conn <strong>permess tax-xog\u0127ol<\/strong> .<\/p>\n\n<hr class=\"wp-block-separator has-alpha-channel-opacity\"\/>\n\n<h3 class=\"wp-block-heading\"><strong>Pass 2: G\u0127andek b\u017conn Vi\u017ca jew eTA?<\/strong><\/h3>\n\n<p>Jekk te\u0127tie\u0121x <strong>vi\u017ca<\/strong> jew <strong>awtorizzazzjoni g\u0127all-ivvja\u0121\u0121ar elettronika (eTA)<\/strong> jiddependi fuq in-nazzjonalit\u00e0 tieg\u0127ek u \u010b-\u010birkostanzi tal-ivvja\u0121\u0121ar.<\/p>\n\n<ul class=\"wp-block-list\">\n<li>U\u017ca l <a>-g\u0127odda tal-Gvern tal-Kanada<\/a> biex tiddetermina l-eli\u0121ibilit\u00e0 tieg\u0127ek.<\/li>\n<\/ul>\n\n<hr class=\"wp-block-separator has-alpha-channel-opacity\"\/>\n\n<h3 class=\"wp-block-heading\"><strong>Pass 3: Ikseb Kodi\u010bi tal-Avveniment (jekk applikabbli)<\/strong><\/h3>\n\n<p>G\u0127al avvenimenti, laqg\u0127at, jew konferenzi rre\u0121istrati mal <strong>-Immigrazzjoni, Refu\u0121jati u \u010aittadinanza Kanada (IRCC)<\/strong> :<\/p>\n\n<ul class=\"wp-block-list\">\n<li>L-organizzatur tal-avveniment tieg\u0127ek ser jag\u0127tik <strong>kodi\u010bi tal-avveniment<\/strong> u struzzjonijiet g\u0127all-applikazzjoni tal-vi\u017ca tieg\u0127ek.<\/li>\n\n\n\n<li>Id-d\u0127ul tal-kodi\u010bi tal-avveniment fuq l-applikazzjoni tieg\u0127ek jg\u0127inek jidentifikak b\u0127ala parte\u010bipant.<\/li>\n<\/ul>\n\n<hr class=\"wp-block-separator has-alpha-channel-opacity\"\/>\n\n<h3 class=\"wp-block-heading\"><strong>Pass 4: Applika g\u0127al Vi\u017ca jew eTA (Jekk Me\u0127tie\u0121a)<\/strong><\/h3>\n\n<ul class=\"wp-block-list\">\n<li><strong>Vi\u017ca<\/strong> : Ibg\u0127at applikazzjoni g\u0127all-vi\u017ca permezz tal- <a>websajt uffi\u010bjali tal-IRCC<\/a> .<\/li>\n\n\n\n<li><strong>eTA<\/strong> : Applika onlajn g\u0127al eTA.<\/li>\n<\/ul>\n\n<hr class=\"wp-block-separator has-alpha-channel-opacity\"\/>\n\n<h3 class=\"wp-block-heading\"><strong>Pass 5: Ipprepara Dokumenti g\u0127all-Vja\u0121\u0121 Tieg\u0127ek<\/strong><\/h3>\n\n<p>Meta tasal fil-fruntiera Kanadi\u017ca, kun \u017cgur li g\u0127andek id-dokumenti li \u0121ejjin (tippakkjahomx fil-bagalja tieg\u0127ek):<\/p>\n\n<ul class=\"wp-block-list\">\n<li>Passaport jew dokument tal-ivvja\u0121\u0121ar validu g\u0127at-tul kollu ta\u017c-\u017cjara tieg\u0127ek.<\/li>\n\n\n\n<li>Vi\u017ca valida (jekk applikabbli).<\/li>\n\n\n\n<li>Jekk te\u0127tie\u0121 eTA, ivvja\u0121\u0121a bil-passaport u\u017cat fl-applikazzjoni tal-eTA tieg\u0127ek.<\/li>\n\n\n\n<li>Residenti permanenti legali tal-Istati Uniti g\u0127andhom i\u0121ibu <strong>karta \u0127adra valida<\/strong> (jew prova ekwivalenti tal-istatus) u l-passaport tag\u0127hom.<\/li>\n\n\n\n<li>Ittri ta&#8217; appo\u0121\u0121 mill-kumpanija prin\u010bipali tieg\u0127ek u ittra ta&#8217; stedina min-negozju ospitanti Kanadi\u017c.<\/li>\n\n\n\n<li>Dokumenti addizzjonali b\u0127al kuntratti, ftehimiet ta\u2019 garanzija, jew dokumenti ta\u2019 servizz (jekk rilevanti).<\/li>\n\n\n\n<li>Dettalji ta&#8217; kuntatt g\u0127all-host tan-negozju tieg\u0127ek fil-Kanada.<\/li>\n\n\n\n<li>Prova ta&#8217; fondi suffi\u010bjenti g\u0127all-waqfa u r-ritorn tieg\u0127ek.<\/li>\n<\/ul>\n\n<hr class=\"wp-block-separator has-alpha-channel-opacity\"\/>\n\n<h3 class=\"wp-block-heading\"><strong>Minuri li jivvja\u0121\u0121aw mieg\u0127ek<\/strong><\/h3>\n\n<p>Jekk tivvja\u0121\u0121a ma&#8217; tfal ta\u0127t it-18-il sena, iffamiljarizza ru\u0127ek mar-regolamenti tal-Kanada g\u0127all-minuri.<\/p>\n\n<ul class=\"wp-block-list\">\n<li>Ikkonsulta r-rekwi\u017citi tad-d\u0127ul g\u0127all-minuri biex ti\u017cgura l-konformit\u00e0 mal-li\u0121ijiet Kanadi\u017ci li jipprote\u0121u lit-tfal.<\/li>\n<\/ul>\n\n<hr class=\"wp-block-separator has-alpha-channel-opacity\"\/>\n\n<h3 class=\"wp-block-heading\"><strong>Noti Ewlenin g\u0127al Vi\u017citaturi tan-Negozju<\/strong><\/h3>\n\n<ul class=\"wp-block-list\">\n<li>Il- <strong>Ftehim Kanada-Istati Uniti-Messiku (CUSMA)<\/strong> jipprovdi dispo\u017cizzjonijiet addizzjonali g\u0127al \u010bittadini tal-Istati Uniti u Messikani li jipparte\u010bipaw f&#8217;attivitajiet b\u0127ar-ri\u010berka, il-kummer\u010bjalizzazzjoni u s-servizzi \u0121enerali.<\/li>\n\n\n\n<li>Dejjem i\u010b\u010bekkja mal-organizzatur tal-laqg\u0127a jew tal-avveniment tieg\u0127ek g\u0127al rekwi\u017citi jew gwida spe\u010bifi\u010bi.<\/li>\n\n\n\n<li>Il-vi\u017citaturi tan-negozju huma limitati g\u0127al attivitajiet li ma jinvolvux impjieg dirett fil-Kanada.<\/li>\n<\/ul>\n\n<p>Billi ssegwi dawn il-passi u ti\u017cgura li jkollok id-dokumenti t-tajbin, i\u017c-\u017cjara tan-negozju tieg\u0127ek fil-Kanada tista&#8217; tippro\u010bedi b&#8217;mod effi\u010bjenti u b&#8217;su\u010b\u010bess.<\/p>\n","protected":false},"excerpt":{"rendered":"<p>Vi\u017citaturi tan-Negozju: Attendenza g\u0127al Laqg\u0127at, Avvenimenti, u Konferenzi fil-Kanada Il-vi\u017citaturi kummer\u010bjali g\u0127andhom rwol vitali fit-trawwim tal-kummer\u010b u l-kollaborazzjoni internazzjonali. Jekk [&hellip;]<\/p>\n","protected":false},"author":1,"featured_media":0,"parent":0,"menu_order":0,"comment_status":"closed","ping_status":"closed","template":"","meta":{"_uag_custom_page_level_css":"","site-sidebar-layout":"default","site-content-layout":"","ast-site-content-layout":"","site-content-style":"default","site-sidebar-style":"default","ast-global-header-display":"","ast-banner-title-visibility":"","ast-main-header-display":"","ast-hfb-above-header-display":"","ast-hfb-below-header-display":"","ast-hfb-mobile-header-display":"","site-post-title":"","ast-breadcrumbs-content":"","ast-featured-img":"","footer-sml-layout":"","theme-transparent-header-meta":"","adv-header-id-meta":"","stick-header-meta":"","header-above-stick-meta":"","header-main-stick-meta":"","header-below-stick-meta":"","astra-migrate-meta-layouts":"default","ast-page-background-enabled":"default","ast-page-background-meta":{"desktop":{"background-color":"var(--ast-global-color-4)","background-image":"","background-repeat":"repeat","background-position":"center center","background-size":"auto","background-attachment":"scroll","background-type":"","background-media":"","overlay-type":"","overlay-color":"","overlay-opacity":"","overlay-gradient":""},"tablet":{"background-color":"","background-image":"","background-repeat":"repeat","background-position":"center center","background-size":"auto","background-attachment":"scroll","background-type":"","background-media":"","overlay-type":"","overlay-color":"","overlay-opacity":"","overlay-gradient":""},"mobile":{"background-color":"","background-image":"","background-repeat":"repeat","background-position":"center center","background-size":"auto","background-attachment":"scroll","background-type":"","background-media":"","overlay-type":"","overlay-color":"","overlay-opacity":"","overlay-gradient":""}},"ast-content-background-meta":{"desktop":{"background-color":"var(--ast-global-color-5)","background-image":"","background-repeat":"repeat","background-position":"center center","background-size":"auto","background-attachment":"scroll","background-type":"","background-media":"","overlay-type":"","overlay-color":"","overlay-opacity":"","overlay-gradient":""},"tablet":{"background-color":"var(--ast-global-color-5)","background-image":"","background-repeat":"repeat","background-position":"center center","background-size":"auto","background-attachment":"scroll","background-type":"","background-media":"","overlay-type":"","overlay-color":"","overlay-opacity":"","overlay-gradient":""},"mobile":{"background-color":"var(--ast-global-color-5)","background-image":"","background-repeat":"repeat","background-position":"center center","background-size":"auto","background-attachment":"scroll","background-type":"","background-media":"","overlay-type":"","overlay-color":"","overlay-opacity":"","overlay-gradient":""}},"footnotes":""},"categories":[],"tags":[],"class_list":["post-1037","page","type-page","status-publish","hentry"],"uagb_featured_image_src":{"full":false,"thumbnail":false,"medium":false,"medium_large":false,"large":false,"1536x1536":false,"2048x2048":false},"uagb_author_info":{"display_name":"admin","author_link":"https:\/\/www.etafast.org\/mt\/author\/admin\/"},"uagb_comment_info":0,"uagb_excerpt":"Vi\u017citaturi tan-Negozju: Attendenza g\u0127al Laqg\u0127at, Avvenimenti, u Konferenzi fil-Kanada Il-vi\u017citaturi kummer\u010bjali g\u0127andhom rwol vitali fit-trawwim tal-kummer\u010b u l-kollaborazzjoni internazzjonali. Jekk [&hellip;]","_links":{"self":[{"href":"https:\/\/www.etafast.org\/mt\/wp-json\/wp\/v2\/pages\/1037","targetHints":{"allow":["GET"]}}],"collection":[{"href":"https:\/\/www.etafast.org\/mt\/wp-json\/wp\/v2\/pages"}],"about":[{"href":"https:\/\/www.etafast.org\/mt\/wp-json\/wp\/v2\/types\/page"}],"author":[{"embeddable":true,"href":"https:\/\/www.etafast.org\/mt\/wp-json\/wp\/v2\/users\/1"}],"replies":[{"embeddable":true,"href":"https:\/\/www.etafast.org\/mt\/wp-json\/wp\/v2\/comments?post=1037"}],"version-history":[{"count":1,"href":"https:\/\/www.etafast.org\/mt\/wp-json\/wp\/v2\/pages\/1037\/revisions"}],"predecessor-version":[{"id":1038,"href":"https:\/\/www.etafast.org\/mt\/wp-json\/wp\/v2\/pages\/1037\/revisions\/1038"}],"wp:attachment":[{"href":"https:\/\/www.etafast.org\/mt\/wp-json\/wp\/v2\/media?parent=1037"}],"wp:term":[{"taxonomy":"category","embeddable":true,"href":"https:\/\/www.etafast.org\/mt\/wp-json\/wp\/v2\/categories?post=1037"},{"taxonomy":"post_tag","embeddable":true,"href":"https:\/\/www.etafast.org\/mt\/wp-json\/wp\/v2\/tags?post=1037"}],"curies":[{"name":"wp","href":"https:\/\/api.w.org\/{rel}","templated":true}]}}