{"id":959,"date":"2024-12-11T08:30:38","date_gmt":"2024-12-11T07:30:38","guid":{"rendered":"https:\/\/www.etafast.org\/tranzits-caur-kanadu\/"},"modified":"2024-12-11T09:07:29","modified_gmt":"2024-12-11T08:07:29","slug":"tranzits-caur-kanadu","status":"publish","type":"page","link":"https:\/\/www.etafast.org\/lv\/tranzits-caur-kanadu\/","title":{"rendered":"Tranz\u012bts caur Kan\u0101du"},"content":{"rendered":"\n<p>Ja ce\u013cojat uz citu valsti un nepiecie\u0161ams \u0161\u0137\u0113rsot Kan\u0101du tranz\u012bt\u0101, dokumentu pras\u012bbas ir atkar\u012bgas no vair\u0101kiem faktoriem, tostarp no ce\u013co\u0161anas veida, uztur\u0113\u0161an\u0101s ilguma, pilson\u012bbas un imigr\u0101cijas statusa. Zem\u0101k ir sniegts visaptvero\u0161s ce\u013cvedis, kas pal\u012bdz\u0113s jums noteikt, kas jums nepiecie\u0161ams, lai tranz\u012bts caur Kan\u0101du norit\u0113tu bez sare\u017e\u0123\u012bjumiem. <\/p>\n\n<hr class=\"wp-block-separator has-alpha-channel-opacity\"\/>\n\n<h3 class=\"wp-block-heading\"><strong>Faktori, kas nosaka j\u016bsu tranz\u012bta pras\u012bbas<\/strong><\/h3>\n\n<ol class=\"wp-block-list\">\n<li><strong>Ce\u013co\u0161anas veids<\/strong>:\n<ul class=\"wp-block-list\">\n<li>Ar lidma\u0161\u012bnu (starptautiskie lidojumi ar p\u0101rs\u0113\u0161anos Kan\u0101das lidost\u0101s).<\/li>\n\n\n\n<li>Ar automa\u0161\u012bnu, autobusu, vilcienu vai ku\u0123i (tostarp kru\u012bza ku\u0123i).<\/li>\n<\/ul>\n<\/li>\n\n\n\n<li><strong>Tranz\u012bta ilgums<\/strong>:\n<ul class=\"wp-block-list\">\n<li>Maz\u0101k nek\u0101 48 stundas.<\/li>\n\n\n\n<li>Vair\u0101k nek\u0101 48 stundas.<\/li>\n<\/ul>\n<\/li>\n\n\n\n<li><strong>Pilson\u012bba un imigr\u0101cijas statuss<\/strong>:\n<ul class=\"wp-block-list\">\n<li>J\u016bsu pases valsts.<\/li>\n\n\n\n<li>Neatkar\u012bgi no t\u0101, vai esat ASV pilsonis, likum\u012bgs past\u0101v\u012bgais ASV iedz\u012bvot\u0101js vai jums ir der\u012bga ASV v\u012bza.<\/li>\n<\/ul>\n<\/li>\n<\/ol>\n\n<hr class=\"wp-block-separator has-alpha-channel-opacity\"\/>\n\n<h3 class=\"wp-block-heading\"><strong>Dokumentu iesp\u0113jas tranz\u012btam caur Kan\u0101du<\/strong><\/h3>\n\n<h4 class=\"wp-block-heading\"><strong>1. Apmekl\u0113t\u0101ja v\u012bza<\/strong><\/h4>\n\n<p><strong>Apmekl\u0113t\u0101ju v\u012bza<\/strong> ir nepiecie\u0161ama, ja:<\/p>\n\n<ul class=\"wp-block-list\">\n<li>J\u016bs esat no <strong>valsts, kur\u0101 nepiecie\u0161ama v\u012bza,<\/strong> un pl\u0101nojat:\n<ul class=\"wp-block-list\">\n<li>Apmekl\u0113jiet Kan\u0101du, pat ja tas ir maz\u0101k nek\u0101 48 stundas.<\/li>\n\n\n\n<li>Uztur\u0113\u0161an\u0101s Kan\u0101d\u0101 <strong>ilg\u0101k par 48 stund\u0101m<\/strong> tranz\u012bta laik\u0101.<\/li>\n<\/ul>\n<\/li>\n\n\n\n<li>J\u016bs ce\u013cojat ar <strong>autobusu, automa\u0161\u012bnu, vilcienu, ku\u0123i vai kru\u012bza ku\u0123i<\/strong> no valsts, kur\u0101 nepiecie\u0161ama v\u012bza.<\/li>\n<\/ul>\n\n<p><\/p>\n\n<hr class=\"wp-block-separator has-alpha-channel-opacity\"\/>\n\n<h4 class=\"wp-block-heading\"><strong>2. Tranz\u012bta v\u012bza<\/strong><\/h4>\n\n<p><strong>Tranz\u012bta v\u012bza<\/strong> nepiecie\u0161ama, ja:<\/p>\n\n<ul class=\"wp-block-list\">\n<li>J\u016bs esat no <strong>valsts, kur\u0101 nepiecie\u0161ama v\u012bza,<\/strong> un:\n<ul class=\"wp-block-list\">\n<li>J\u016bsu starptautiskais reiss ce\u013c\u0101 uz citu galam\u0113r\u0137i apst\u0101jas Kan\u0101das lidost\u0101.<\/li>\n\n\n\n<li>Starp diviem starptautiskajiem lidojumiem p\u0101rs\u0113\u017eaties vien\u0101 vai vair\u0101k\u0101s Kan\u0101das lidost\u0101s.<\/li>\n\n\n\n<li>J\u016bsu tranz\u012bts ilgst <strong>48 stundas vai maz\u0101k<\/strong>.<\/li>\n\n\n\n<li>Jums nav der\u012bgas apmekl\u0113t\u0101ja v\u012bzas.<\/li>\n\n\n\n<li>Jums nav ties\u012bbu sa\u0146emt eTA.<\/li>\n<\/ul>\n<\/li>\n<\/ul>\n\n<p><\/p>\n\n<hr class=\"wp-block-separator has-alpha-channel-opacity\"\/>\n\n<h4 class=\"wp-block-heading\"><strong>3. Elektronisk\u0101 ce\u013co\u0161anas at\u013cauja (eTA)<\/strong><\/h4>\n\n<p>Jums ir nepiecie\u0161ama <strong>eTA<\/strong>, ja:<\/p>\n\n<ul class=\"wp-block-list\">\n<li>J\u016bs esat no <strong>valsts, kur\u0101 nepiecie\u0161ama eTA,<\/strong> un:\n<ul class=\"wp-block-list\">\n<li>Tranz\u012bts caur Kan\u0101du ar gaisa transportu.<\/li>\n\n\n\n<li>J\u016bsu tranz\u012bts ir da\u013ca no starptautisk\u0101 lidojuma ar p\u0101rs\u0113\u0161anos.<\/li>\n<\/ul>\n<\/li>\n<\/ul>\n\n<p><strong>Iz\u0146\u0113mumi<\/strong>:<\/p>\n\n<ul class=\"wp-block-list\">\n<li>Ja ce\u013cojat tranz\u012bt\u0101 ar vilcienu, autobusu, ku\u0123i vai kru\u012bza ku\u0123i, eTA nav nepiecie\u0161ama, ta\u010du jums ir j\u0101b\u016bt der\u012bgiem ce\u013co\u0161anas dokumentiem.<\/li>\n<\/ul>\n\n<p><\/p>\n\n<hr class=\"wp-block-separator has-alpha-channel-opacity\"\/>\n\n<h4 class=\"wp-block-heading\"><strong>4. Tranz\u012bts bez v\u012bzas<\/strong><\/h4>\n\n<ul class=\"wp-block-list\">\n<li><strong>ASV pilso\u0146i un likum\u012bgie past\u0101v\u012bgie iedz\u012bvot\u0101ji<\/strong>:<br>ASV pilso\u0146i un ASV Za\u013c\u0101s kartes tur\u0113t\u0101ji var \u0161\u0137\u0113rsot Kan\u0101du bez v\u012bzas, ce\u013cojot ar lidma\u0161\u012bnu, automa\u0161\u012bnu, autobusu, vilcienu vai ku\u0123i. P\u0101rliecinieties, ka jums ir l\u012bdzi: \n<ul class=\"wp-block-list\">\n<li>der\u012bga pase vai ce\u013co\u0161anas dokuments.<\/li>\n\n\n\n<li>der\u012bga ASV Za\u013c\u0101 karte (likum\u012bgajiem past\u0101v\u012bgajiem iedz\u012bvot\u0101jiem).<\/li>\n<\/ul>\n<\/li>\n\n\n\n<li><strong>Atsevi\u0161\u0137u valstu pasu tur\u0113t\u0101ji<\/strong>:<br\/><strong>\u0136\u012bnas, Indon\u0113zijas, Filip\u012bnu, Taizemes,<\/strong> <strong>Taiv\u0101nas<\/strong> un <strong>Filip\u012bnu<\/strong> pilso\u0146i (bez personas identifik\u0101cijas numura) var ce\u013cot tranz\u012bt\u0101 bez v\u012bzas, ja vi\u0146i atbilst noteiktiem nosac\u012bjumiem.<\/li>\n<\/ul>\n\n<p><\/p>\n\n<hr class=\"wp-block-separator has-alpha-channel-opacity\"\/>\n\n<h3 class=\"wp-block-heading\"><strong>Dokumenti, kas jums j\u0101n\u0113s\u0101 l\u012bdzi<\/strong><\/h3>\n\n<p>Tranz\u012bta laik\u0101 caur Kan\u0101du vienm\u0113r sagatavojiet \u0161\u0101dus dokumentus:<\/p>\n\n<ul class=\"wp-block-list\">\n<li>der\u012bga pase vai ce\u013co\u0161anas dokuments visam ce\u013cojumam.<\/li>\n\n\n\n<li>der\u012bga v\u012bza, tranz\u012btv\u012bza vai eTA (ja piem\u0113rojams).<\/li>\n\n\n\n<li>ASV past\u0101v\u012bgajiem iedz\u012bvot\u0101jiem: Der\u012bga Za\u013c\u0101 karte vai l\u012bdzv\u0113rt\u012bgs statusu apliecino\u0161s dokuments.<\/li>\n\n\n\n<li>ce\u013co\u0161anas turp un atpaka\u013c apliecin\u0101jums, piem\u0113ram, aviobi\u013cetes vai mar\u0161ruts.<\/li>\n<\/ul>\n\n<hr class=\"wp-block-separator has-alpha-channel-opacity\"\/>\n\n<h3 class=\"wp-block-heading\"><strong>Galven\u0101s piez\u012bmes<\/strong><\/h3>\n\n<ul class=\"wp-block-list\">\n<li><strong>Tranz\u012bta ilgums<\/strong>: Ja tranz\u012bta ilgums p\u0101rsniedz 48 stundas, jums b\u016bs nepiecie\u0161ama apmekl\u0113t\u0101ja v\u012bza.<\/li>\n\n\n\n<li><strong>Iece\u013co\u0161anas veids<\/strong>: eTA ir nepiecie\u0161ama ce\u013co\u0161anai ar lidma\u0161\u012bnu, bet ne pa sauszemi vai j\u016bru.<\/li>\n\n\n\n<li><strong>Iepriek\u0161\u0113ja pieteik\u0161an\u0101s<\/strong>: Lai izvair\u012btos no kav\u0113\u0161an\u0101s, iesniedziet pieteikumu vajadz\u012bgajam dokumentam laikus pirms ce\u013cojuma datuma.<\/li>\n<\/ul>\n\n<p>Nodro\u0161inoties ar pareiziem dokumentiem, varat netrauc\u0113ti \u0161\u0137\u0113rsot Kan\u0101du un koncentr\u0113ties uz galam\u0113r\u0137a sasnieg\u0161anu.<\/p>\n","protected":false},"excerpt":{"rendered":"<p>Ja ce\u013cojat uz citu valsti un nepiecie\u0161ams \u0161\u0137\u0113rsot Kan\u0101du tranz\u012bt\u0101, dokumentu pras\u012bbas ir atkar\u012bgas no vair\u0101kiem faktoriem, tostarp no ce\u013co\u0161anas [&hellip;]<\/p>\n","protected":false},"author":1,"featured_media":0,"parent":0,"menu_order":0,"comment_status":"closed","ping_status":"closed","template":"","meta":{"_uag_custom_page_level_css":"","site-sidebar-layout":"default","site-content-layout":"","ast-site-content-layout":"","site-content-style":"default","site-sidebar-style":"default","ast-global-header-display":"","ast-banner-title-visibility":"","ast-main-header-display":"","ast-hfb-above-header-display":"","ast-hfb-below-header-display":"","ast-hfb-mobile-header-display":"","site-post-title":"","ast-breadcrumbs-content":"","ast-featured-img":"","footer-sml-layout":"","theme-transparent-header-meta":"","adv-header-id-meta":"","stick-header-meta":"","header-above-stick-meta":"","header-main-stick-meta":"","header-below-stick-meta":"","astra-migrate-meta-layouts":"default","ast-page-background-enabled":"default","ast-page-background-meta":{"desktop":{"background-color":"var(--ast-global-color-4)","background-image":"","background-repeat":"repeat","background-position":"center center","background-size":"auto","background-attachment":"scroll","background-type":"","background-media":"","overlay-type":"","overlay-color":"","overlay-opacity":"","overlay-gradient":""},"tablet":{"background-color":"","background-image":"","background-repeat":"repeat","background-position":"center center","background-size":"auto","background-attachment":"scroll","background-type":"","background-media":"","overlay-type":"","overlay-color":"","overlay-opacity":"","overlay-gradient":""},"mobile":{"background-color":"","background-image":"","background-repeat":"repeat","background-position":"center center","background-size":"auto","background-attachment":"scroll","background-type":"","background-media":"","overlay-type":"","overlay-color":"","overlay-opacity":"","overlay-gradient":""}},"ast-content-background-meta":{"desktop":{"background-color":"var(--ast-global-color-5)","background-image":"","background-repeat":"repeat","background-position":"center center","background-size":"auto","background-attachment":"scroll","background-type":"","background-media":"","overlay-type":"","overlay-color":"","overlay-opacity":"","overlay-gradient":""},"tablet":{"background-color":"var(--ast-global-color-5)","background-image":"","background-repeat":"repeat","background-position":"center center","background-size":"auto","background-attachment":"scroll","background-type":"","background-media":"","overlay-type":"","overlay-color":"","overlay-opacity":"","overlay-gradient":""},"mobile":{"background-color":"var(--ast-global-color-5)","background-image":"","background-repeat":"repeat","background-position":"center center","background-size":"auto","background-attachment":"scroll","background-type":"","background-media":"","overlay-type":"","overlay-color":"","overlay-opacity":"","overlay-gradient":""}},"footnotes":""},"categories":[],"tags":[],"class_list":["post-959","page","type-page","status-publish","hentry"],"uagb_featured_image_src":{"full":false,"thumbnail":false,"medium":false,"medium_large":false,"large":false,"1536x1536":false,"2048x2048":false},"uagb_author_info":{"display_name":"admin","author_link":"https:\/\/www.etafast.org\/lv\/author\/admin\/"},"uagb_comment_info":0,"uagb_excerpt":"Ja ce\u013cojat uz citu valsti un nepiecie\u0161ams \u0161\u0137\u0113rsot Kan\u0101du tranz\u012bt\u0101, dokumentu pras\u012bbas ir atkar\u012bgas no vair\u0101kiem faktoriem, tostarp no ce\u013co\u0161anas [&hellip;]","_links":{"self":[{"href":"https:\/\/www.etafast.org\/lv\/wp-json\/wp\/v2\/pages\/959","targetHints":{"allow":["GET"]}}],"collection":[{"href":"https:\/\/www.etafast.org\/lv\/wp-json\/wp\/v2\/pages"}],"about":[{"href":"https:\/\/www.etafast.org\/lv\/wp-json\/wp\/v2\/types\/page"}],"author":[{"embeddable":true,"href":"https:\/\/www.etafast.org\/lv\/wp-json\/wp\/v2\/users\/1"}],"replies":[{"embeddable":true,"href":"https:\/\/www.etafast.org\/lv\/wp-json\/wp\/v2\/comments?post=959"}],"version-history":[{"count":1,"href":"https:\/\/www.etafast.org\/lv\/wp-json\/wp\/v2\/pages\/959\/revisions"}],"predecessor-version":[{"id":960,"href":"https:\/\/www.etafast.org\/lv\/wp-json\/wp\/v2\/pages\/959\/revisions\/960"}],"wp:attachment":[{"href":"https:\/\/www.etafast.org\/lv\/wp-json\/wp\/v2\/media?parent=959"}],"wp:term":[{"taxonomy":"category","embeddable":true,"href":"https:\/\/www.etafast.org\/lv\/wp-json\/wp\/v2\/categories?post=959"},{"taxonomy":"post_tag","embeddable":true,"href":"https:\/\/www.etafast.org\/lv\/wp-json\/wp\/v2\/tags?post=959"}],"curies":[{"name":"wp","href":"https:\/\/api.w.org\/{rel}","templated":true}]}}