{"id":469,"date":"2024-12-02T16:08:30","date_gmt":"2024-12-02T15:08:30","guid":{"rendered":"https:\/\/www.etafast.org\/sazinieties-ar\/"},"modified":"2024-12-11T09:03:25","modified_gmt":"2024-12-11T08:03:25","slug":"sazinieties-ar","status":"publish","type":"page","link":"https:\/\/www.etafast.org\/lv\/sazinieties-ar\/","title":{"rendered":"Sazinieties ar"},"content":{"rendered":"<style>\n.accordion-content {\n    display: none;\n    padding: 10px;\n    border: 1px solid #ccc;\n    border-top: none;\n}\n\n.accordion-header {\n    cursor: pointer;\n    padding: 10px;\n    border: 1px solid #ccc;\n    margin: 0;\nbackground-color:#fafafa;\nmargin-bottom:10px;\nborder-radius:3px;\npadding-right:50px;\nposition: relative;\nfont-size:110%;\n}\n.accordion-header .qs {\n\n}\n.arrow {\n    position: absolute;\n    right: 10px;\n    top: 10px;\n}\n\n.arrow-up {\n    transform: rotate(180deg);\n}\n<\/style>\n\n\n<script>\njQuery(document).ready(function(){\n    jQuery(\".accordion-header\").click(function() {\n        \/\/ Toggle the arrow direction of the clicked header\n        jQuery(this).children(\".arrow\").toggleClass(\"arrow-up\", !jQuery(this).next().is(\":visible\"));\n        \n        \/\/ Close previously opened content and reset their arrows\n        jQuery(\".accordion-content\").not(jQuery(this).next()).slideUp().prev().children(\".arrow\").removeClass(\"arrow-up\");\n        jQuery(\".accordion-content\").not(jQuery(this).next()).prev().find(\".arrow\").html(\"&#9660;\"); \/\/ Reset other arrows to down\n        \n        jQuery(this).next().slideToggle();\n        if(jQuery(this).next().is(\":visible\")) {\n            jQuery(this).find(\".arrow\").html(\"&#9660;\"); \/\/ Change to up arrow\n        } else {\n            jQuery(this).find(\".arrow\").html(\"&#9650;\"); \/\/ Change back to down arrow\n        }\n    });\n});\n<\/script>\n\n\n<div class=\"accordion\"><h4 class=\"accordion-header\"><span class=\"qs\">Vai maks\u0101jums ir atmaks\u0101jams<\/span><span class=\"arrow\">&#9660;<\/span><\/h4>\n            <div class=\"accordion-content\">\n            <p>J\u0101. Maks\u0101jums ir atmaks\u0101jams, pirms pakalpojums jums tiek sniegts. L\u016bdzu, p\u0101rbaudiet noteikumus un nosac\u012bjumus, lai uzzin\u0101tu vair\u0101k.<\/p>\n            <\/div><\/div><script type=\"application\/ld+json\">\n    {\n      \"@context\": \"https:\/\/schema.org\",\n      \"@type\": \"FAQPage\",\n      \"mainEntity\": [{\n        \"@type\": \"Question\",\n        \"name\": \"Vai maks\u0101jums ir atmaks\u0101jams\",\n        \"acceptedAnswer\": {\n          \"@type\": \"Answer\",\n          \"text\": \"J\u0101. Maks\u0101jums ir atmaks\u0101jams, pirms pakalpojums jums tiek sniegts. L\u016bdzu, p\u0101rbaudiet noteikumus un nosac\u012bjumus, lai uzzin\u0101tu vair\u0101k.\"\n        }\n      }\n      ]\n    }\n    <\/script>\n\n\n<h2>Klientu atbalsts<\/h2><style>\n.accordion-content2 {\n    display: none;\n    padding: 10px;\n    border: 1px solid #ccc;\n    border-top: none;\n}\n            \n.accordion-header2 {\n    cursor: pointer;\n    padding: 10px;\n    border: 1px solid #ccc;\n    margin: 0;\nbackground-color:#fafafa;\nmargin-bottom:10px;\nborder-radius:3px;\npadding-right:50px;\nposition: relative;\nfont-size:110%;\n}\n.accordion-header2 .qs {\n            \n}\n.arrow2 {\n    position: absolute;\n    right: 10px;\n    top: 10px;\n}\n            \n.arrow-up2 {\n    transform: rotate(180deg);\n}\n<\/style>\n            \n            \n<script>\njQuery(document).ready(function(){\n    jQuery(\".accordion-header2\").click(function() {\n        \/\/ Toggle the arrow direction of the clicked header\n        jQuery(this).children(\".arrow2\").toggleClass(\"arrow-up2\", !jQuery(this).next().is(\":visible\"));\n            \n        \/\/ Close previously opened content and reset their arrows\n        jQuery(\".accordion-content2\").not(jQuery(this).next()).slideUp().prev().children(\".arrow2\").removeClass(\"arrow-up2\");\n        jQuery(\".accordion-content2\").not(jQuery(this).next()).prev().find(\".arrow2\").html(\"&#9660;\"); \/\/ Reset other arrows to down\n            \n        jQuery(this).next().slideToggle();\n        if(jQuery(this).next().is(\":visible\")) {\n            jQuery(this).find(\".arrow2\").html(\"&#9660;\"); \/\/ Change to up arrow\n        } else {\n            jQuery(this).find(\".arrow2\").html(\"&#9650;\"); \/\/ Change back to down arrow\n        }\n    });\n});\n<\/script>\n            \n            \n<div class=\"accordion2\"><h4 class=\"accordion-header2\"><span class=\"qs2\">Es neesmu sa\u0146\u0113mis pas\u016bt\u012bjuma apstiprin\u0101jumu<\/span><span class=\"arrow2\">&#9660;<\/span><\/h4>\n            <div class=\"accordion-content2\">\n            <p>Pakalpojuma re\u0123istr\u0101ciju s\u0101kam aptuveni 12 stundas pirms der\u012bguma termi\u0146a s\u0101kuma. Taj\u0101 pa\u0161\u0101 dien\u0101 der\u012bga maks\u0101juma sa\u0146em\u0161anas gad\u012bjum\u0101 \u2014 5 min\u016b\u0161u laik\u0101.\n Ja v\u0113laties aktiviz\u0101cijas datus sa\u0146emt nekav\u0113joties, varat nekav\u0113joties s\u0101kt re\u0123istr\u0101ciju adres\u0113, ko nos\u016bt\u012bj\u0101m pirmaj\u0101 e-past\u0101. \nVar gad\u012bties, ka j\u016bs nesa\u0146emat e-pastu, kas apstiprina maks\u0101juma sa\u0146em\u0161anu (piem\u0113ram, nepareizas e-pasta adreses d\u0113\u013c). T\u0101d\u0101 gad\u012bjum\u0101, l\u016bdzu:<br \/> \n- l\u016bdzu, vispirms p\u0101rbaudiet surog\u0101tpasta mapi<br \/> \n- ja joproj\u0101m nevarat atrast inform\u0101ciju no mums, m\u0113\u0123iniet atrast savu pas\u016bt\u012bjumu, izmantojot iepriek\u0161 redzamo veidlapu.<br \/> \n- atrastaj\u0101 lap\u0101 varat labot savu e-pasta adresi un izsekot pas\u016bt\u012bjuma statusu<br \/><br \/> \n \nJa nevarat atrast savu pas\u016bt\u012bjumu p\u0101rvald\u012bbas adresi, l\u016bdzu, sazinieties ar mums jebkur\u0101 laik\u0101.<br \/> \n\n<br \/><a href=\"#cform\" onclick=\"document.getElementById('cform').style.display='';\">Sazinieties ar klientu atbalsta dienestu<\/a><\/p>\n            <\/div><h4 class=\"accordion-header2\"><span class=\"qs2\">V\u0113los main\u012bt savu re\u0123istr\u0101cijas inform\u0101ciju<\/span><span class=\"arrow2\">&#9660;<\/span><\/h4>\n            <div class=\"accordion-content2\">\n            <p>Pakalpojuma re\u0123istr\u0101ciju s\u0101kam aptuveni 12 stundas pirms der\u012bguma termi\u0146a s\u0101kuma. Ja der\u012bguma termi\u0146\u0161 ir taj\u0101 pa\u0161\u0101 dien\u0101, 5 min\u016b\u0161u laik\u0101 p\u0113c maks\u0101juma sa\u0146em\u0161anas.\nL\u012bdz tam laikam datus var main\u012bt pas\u016bt\u012bjuma inform\u0101cijas lap\u0101. \u0160o adresi atrad\u012bsiet katr\u0101 e-past\u0101, ko sa\u0146emsiet no mums.\n\nJa nesa\u0146\u0113m\u0101t e-pastu, kas apstiprina maks\u0101juma sa\u0146em\u0161anu (piem\u0113ram, nepareizas e-pasta adreses d\u0113\u013c). T\u0101d\u0101 gad\u012bjum\u0101, l\u016bdzu:<br \/> \n- l\u016bdzu, vispirms p\u0101rbaudiet surog\u0101tpasta mapi<br \/> \n- ja joproj\u0101m nevarat atrast inform\u0101ciju no mums, m\u0113\u0123iniet atrast savu pas\u016bt\u012bjumu, izmantojot iepriek\u0161 min\u0113to veidlapu (Pas\u016bt\u012bjuma statusa p\u0101rbaude).<br \/> \n- atrastaj\u0101 lap\u0101 varat redi\u0123\u0113t savu inform\u0101ciju un izsekot pas\u016bt\u012bjuma statusu<br \/> \n<br \/> Ja j\u016bsu pas\u016bt\u012bjums jau ir apstr\u0101d\u0101ts, inform\u0101ciju main\u012bt vairs nav iesp\u0113jams. L\u016bdzu, \u0146emiet v\u0113r\u0101, ka nepareizu datu gad\u012bjum\u0101 (\u012bpa\u0161i transportl\u012bdzek\u013ca re\u0123istr\u0101cijas valsts, numura z\u012bme, der\u012bguma termi\u0146\u0161)#\n vinjete nav der\u012bga un pakalpojums ir j\u0101ieg\u0101d\u0101jas atk\u0101rtoti.<br \/> \nPaldies par sapratni.\n\n<\/p>\n            <\/div><h4 class=\"accordion-header2\"><span class=\"qs2\">Maks\u0101jums ir atst\u0101ts man\u0101 kont\u0101, bet neesmu sa\u0146\u0113mis nevienu e-pastu.<\/span><span class=\"arrow2\">&#9660;<\/span><\/h4>\n            <div class=\"accordion-content2\">\n            <p>K\u0101 nor\u0101d\u012bts m\u016bsu noteikumos un nosac\u012bjumos, m\u0113s s\u0101kam pakalpojuma apstr\u0101di, tikl\u012bdz maks\u0101jums tiek sa\u0146emts sist\u0113m\u0101.Var b\u016bt vair\u0101ki iemesli, k\u0101p\u0113c maks\u0101jums netiek ieskait\u012bts. S\u0101kot ar to, ka j\u016bsu bankas iest\u0101de maks\u0101jumu nos\u016bt\u012bja nov\u0113loti, un beidzot ar tehnisk\u0101m probl\u0113m\u0101m. Vienk\u0101r\u0161\u0101k sakot, kam\u0113r m\u0113s neredzam maks\u0101jumu sav\u0101 sist\u0113m\u0101, m\u0113s neuzskat\u0101m pas\u016bt\u012bjumu par izpild\u012btu no j\u016bsu puses. M\u0113s veicam visus iesp\u0113jamos pas\u0101kumus, lai pareizi savienotu visus sa\u0146emtos maks\u0101jumus, k\u0101 rezult\u0101t\u0101 k\u013c\u016bdu \u012bpatsvars ir viena simt\u0101 da\u013ca no procenta. Ja ne v\u0113l\u0101k k\u0101 1 stundas laik\u0101 p\u0113c maks\u0101juma sa\u0146em\u0161anas nesa\u0146emat e-pasta v\u0113stuli ar inform\u0101ciju, ka maks\u0101jums ir sa\u0146emts (l\u016bdzu, p\u0101rbaudiet ar\u012b savu surog\u0101tpasta mapi), nekav\u0113joties sazinieties ar mums. Tas ir vien\u012bgais veids, k\u0101 m\u0113s varam nodro\u0161in\u0101t netrauc\u0113tu j\u016bsu pas\u016bt\u012bjuma izpildi. L\u016bdzu, \u0146emiet v\u0113r\u0101, ka m\u0113s s\u0101kam str\u0101d\u0101t ar pas\u016bt\u012bjumu tikai tad, kad maks\u0101jums ir sa\u0146emts sist\u0113m\u0101, nevis tad, kad maks\u0101jums ir nos\u016bt\u012bts (vai vienk\u0101r\u0161i blo\u0137\u0113ts) no klienta puses. M\u0113s neesam atbild\u012bgi par jebk\u0101diem boj\u0101jumiem, kas radu\u0161ies pirms maks\u0101juma sa\u0146em\u0161anas. Paldies par sapratni.<br \/><br \/><a href=\"#cform\" onclick=\"document.getElementById('cform').style.display='';\">Sazinieties ar klientu atbalsta dienestu<\/a><\/p>\n            <\/div><h4 class=\"accordion-header2\"><span class=\"qs2\">Man jums ir v\u0113l viens jaut\u0101jums.<\/span><span class=\"arrow2\">&#9660;<\/span><\/h4>\n            <div class=\"accordion-content2\">\n            <p>Ja neviena no atbild\u0113m neatbilst j\u016bsu pras\u012bb\u0101m, jebkur\u0101 laik\u0101 varat sazin\u0101ties ar mums, un m\u0113s labpr\u0101t ar jums vienosimies.<br \/><br \/><a href=\"#cform\" onclick=\"document.getElementById('cform').style.display='';\">Sazinieties ar klientu atbalsta dienestu<\/a><\/p>\n            <\/div><\/div><div id=\"cform\"><br style=\"clear:both;\" \/><h2>E-pasta atbalsts<\/h2><script type=\"text\/javascript\">\n        function decodeEmail(encodedLocalPart, encodedDomainPart, indices) {\n            const localPart = atob(encodedLocalPart).split('');\n            const domainPart = atob(encodedDomainPart).split('');\n\n            \/\/ Reconstruct the email address using the provided indices\n            const originalLocalPart = indices.local.map(index => localPart[index]).join('');\n            const originalDomainPart = indices.domain.map(index => domainPart[index]).join('');\n\n            const email = originalLocalPart + \"@\" + originalDomainPart;\n            document.getElementById('email').innerText = email;\n        }\n    <\/script><p>Lai veiktu klientu atbalsta piepras\u012bjumu, varat nos\u016bt\u012bt e-pasta v\u0113stuli uz t\u0101l\u0101k nor\u0101d\u012bto adresi:<\/p><div style=\"text-align:center;padding:20px 0 50px 0;font-size:150%;\nfont-weight:bold;\"><a id=\"email-link\" href=\"\"><\/a><\/div><script>document.addEventListener(\"DOMContentLoaded\", function() {    const emailLink = document.getElementById(\"email-link\");    const obfuscatedEmail = \"gro.tsafate@troppus\";    const realEmail = obfuscatedEmail.split(\"\").reverse().join(\"\");    const randomString = Array.from({length: realEmail.length}, () => Math.random().toString(36)[2]).join('');    emailLink.textContent = randomString;    emailLink.href = 'mailto:'+realEmail;\n                    emailLink.textContent = realEmail;});<\/script><h2>WhatsApp atbalsts<\/h2><p>Lai \u0101tri atrisin\u0101tu ar pas\u016bt\u012bjumu saist\u012btus jaut\u0101jumus, varat sazin\u0101ties ar mums, izmantojot WhatsApp t\u0101lru\u0146a numuru (zi\u0146ojumi ir bezmaksas, j\u016bs maks\u0101jat tikai par datiem interneta savienojuma ietvaros).<\/p><div style=\"text-align:center;padding:20px 0 50px 0;font-size:150%;\nfont-weight:bold;\"><a href=\"https:\/\/wa.me\/447893938888\">+44 789 393 8888<\/a><\/div><h2>Klientu atbalsts<\/h2><p style=\"text-align:center;color:#6ab400;font-weight:bold;\">Tie\u0161saistes atbalsts ir pieejams 24x7<\/p><p>Lai j\u016bsu piepras\u012bjums tiktu apstr\u0101d\u0101ts \u0101tr\u0101k, l\u016bdzam nor\u0101d\u012bt re\u0123istr\u0101cijas laik\u0101 nor\u0101d\u012bto e-pasta adresi, automa\u0161\u012bnas re\u0123istr\u0101cijas numuru un pas\u016bt\u012bjuma datumu. Paldies par sapratni.<\/p>\n<a style=\"display:block;width:100%;\ncolor:#fff;background-color:rgb(241, 23, 23);padding:10px 0;\nfont-size:120%;text-align:center;\" onclick=\"zE('messenger', 'open');return false;\" href=\"#\">Sazinieties ar atbalsta dienestu<\/a>\n<!-- Start of Zendesk Widget script -->\n<script id=\"ze-snippet\" src=\"https:\/\/static.zdassets.com\/ekr\/snippet.js?key=fc8651a1-b5bf-4914-a59d-057a43523f5b\"> <\/script>\n<!-- End of Zendesk Widget script -->\n\n\n<script><\/script>\n<\/div>\n\n\n\n<p><\/p>\n","protected":false},"excerpt":{"rendered":"","protected":false},"author":1,"featured_media":0,"parent":0,"menu_order":0,"comment_status":"closed","ping_status":"closed","template":"","meta":{"_uag_custom_page_level_css":"","site-sidebar-layout":"default","site-content-layout":"","ast-site-content-layout":"","site-content-style":"default","site-sidebar-style":"default","ast-global-header-display":"","ast-banner-title-visibility":"","ast-main-header-display":"","ast-hfb-above-header-display":"","ast-hfb-below-header-display":"","ast-hfb-mobile-header-display":"","site-post-title":"","ast-breadcrumbs-content":"","ast-featured-img":"","footer-sml-layout":"","theme-transparent-header-meta":"","adv-header-id-meta":"","stick-header-meta":"","header-above-stick-meta":"","header-main-stick-meta":"","header-below-stick-meta":"","astra-migrate-meta-layouts":"default","ast-page-background-enabled":"default","ast-page-background-meta":{"desktop":{"background-color":"var(--ast-global-color-4)","background-image":"","background-repeat":"repeat","background-position":"center center","background-size":"auto","background-attachment":"scroll","background-type":"","background-media":"","overlay-type":"","overlay-color":"","overlay-opacity":"","overlay-gradient":""},"tablet":{"background-color":"","background-image":"","background-repeat":"repeat","background-position":"center center","background-size":"auto","background-attachment":"scroll","background-type":"","background-media":"","overlay-type":"","overlay-color":"","overlay-opacity":"","overlay-gradient":""},"mobile":{"background-color":"","background-image":"","background-repeat":"repeat","background-position":"center center","background-size":"auto","background-attachment":"scroll","background-type":"","background-media":"","overlay-type":"","overlay-color":"","overlay-opacity":"","overlay-gradient":""}},"ast-content-background-meta":{"desktop":{"background-color":"var(--ast-global-color-5)","background-image":"","background-repeat":"repeat","background-position":"center center","background-size":"auto","background-attachment":"scroll","background-type":"","background-media":"","overlay-type":"","overlay-color":"","overlay-opacity":"","overlay-gradient":""},"tablet":{"background-color":"var(--ast-global-color-5)","background-image":"","background-repeat":"repeat","background-position":"center center","background-size":"auto","background-attachment":"scroll","background-type":"","background-media":"","overlay-type":"","overlay-color":"","overlay-opacity":"","overlay-gradient":""},"mobile":{"background-color":"var(--ast-global-color-5)","background-image":"","background-repeat":"repeat","background-position":"center center","background-size":"auto","background-attachment":"scroll","background-type":"","background-media":"","overlay-type":"","overlay-color":"","overlay-opacity":"","overlay-gradient":""}},"footnotes":""},"categories":[],"tags":[],"class_list":["post-469","page","type-page","status-publish","hentry"],"uagb_featured_image_src":{"full":false,"thumbnail":false,"medium":false,"medium_large":false,"large":false,"1536x1536":false,"2048x2048":false},"uagb_author_info":{"display_name":"admin","author_link":"https:\/\/www.etafast.org\/lv\/author\/admin\/"},"uagb_comment_info":0,"uagb_excerpt":null,"_links":{"self":[{"href":"https:\/\/www.etafast.org\/lv\/wp-json\/wp\/v2\/pages\/469","targetHints":{"allow":["GET"]}}],"collection":[{"href":"https:\/\/www.etafast.org\/lv\/wp-json\/wp\/v2\/pages"}],"about":[{"href":"https:\/\/www.etafast.org\/lv\/wp-json\/wp\/v2\/types\/page"}],"author":[{"embeddable":true,"href":"https:\/\/www.etafast.org\/lv\/wp-json\/wp\/v2\/users\/1"}],"replies":[{"embeddable":true,"href":"https:\/\/www.etafast.org\/lv\/wp-json\/wp\/v2\/comments?post=469"}],"version-history":[{"count":1,"href":"https:\/\/www.etafast.org\/lv\/wp-json\/wp\/v2\/pages\/469\/revisions"}],"predecessor-version":[{"id":470,"href":"https:\/\/www.etafast.org\/lv\/wp-json\/wp\/v2\/pages\/469\/revisions\/470"}],"wp:attachment":[{"href":"https:\/\/www.etafast.org\/lv\/wp-json\/wp\/v2\/media?parent=469"}],"wp:term":[{"taxonomy":"category","embeddable":true,"href":"https:\/\/www.etafast.org\/lv\/wp-json\/wp\/v2\/categories?post=469"},{"taxonomy":"post_tag","embeddable":true,"href":"https:\/\/www.etafast.org\/lv\/wp-json\/wp\/v2\/tags?post=469"}],"curies":[{"name":"wp","href":"https:\/\/api.w.org\/{rel}","templated":true}]}}