{"id":285,"date":"2024-12-11T08:24:00","date_gmt":"2024-12-11T07:24:00","guid":{"rendered":"https:\/\/www.etafast.org\/par-procesu\/"},"modified":"2024-12-11T09:02:00","modified_gmt":"2024-12-11T08:02:00","slug":"par-procesu","status":"publish","type":"page","link":"https:\/\/www.etafast.org\/lv\/par-procesu\/","title":{"rendered":"Par procesu"},"content":{"rendered":"\n<h3 class=\"wp-block-heading\">Par elektronisk\u0101s ce\u013co\u0161anas at\u013caujas (eTA) procesu<\/h3>\n\n<p>Elektronisk\u0101 ce\u013co\u0161anas at\u013cauja (eTA) ir iece\u013co\u0161anas pras\u012bba \u0101rvalstu pilso\u0146iem, kuriem nav vajadz\u012bga v\u012bza un kuri ce\u013co uz Kan\u0101du vai \u0161\u0137\u0113rso to tranz\u012bt\u0101 ar gaisa transportu. Tas ir \u0101trs un vienk\u0101r\u0161s tie\u0161saistes process, kas izstr\u0101d\u0101ts, lai uzlabotu robe\u017eu dro\u0161\u012bbu, vienlaikus nodro\u0161inot netrauc\u0113tu ce\u013co\u0161anu person\u0101m, kur\u0101m ir ties\u012bbas uz to. <\/p>\n\n<h4 class=\"wp-block-heading\">Kas ir eTA?<\/h4>\n\n<p>eTA ir elektroniski saist\u012bta ce\u013co\u0161anas at\u013cauja, kas saist\u012bta ar j\u016bsu pasi. T\u0101 ir der\u012bga l\u012bdz pieciem gadiem vai l\u012bdz pases der\u012bguma termi\u0146a beig\u0101m, atkar\u012bb\u0101 no t\u0101, kas iest\u0101jas pirmais. Ar eTA j\u016bs varat apmekl\u0113t Kan\u0101du \u012bslaic\u012bgi (parasti l\u012bdz se\u0161iem m\u0113ne\u0161iem) t\u016brisma, dar\u012bjumu vai tranz\u012bta nol\u016bkos.  <\/p>\n\n<h4 class=\"wp-block-heading\">Svar\u012bg\u0101kie aspekti, kas j\u0101zina par eTA procesu:<\/h4>\n\n<ol class=\"wp-block-list\">\n<li><strong>Vienk\u0101r\u0161a pieteik\u0161an\u0101s tie\u0161saist\u0113<\/strong>:<br\/>. eTA pieteik\u0161an\u0101s process piln\u012bb\u0101 notiek tie\u0161saist\u0113. Nav nepiecie\u0161ams aizpild\u012bt dokumentus vai apmekl\u0113t person\u012bgi, t\u0101p\u0113c ce\u013cot\u0101jiem tas ir \u0113rts risin\u0101jums. <\/li>\n\n\n\n<li><strong>Pieejama maksa<\/strong>:<br\/>Pieteik\u0161an\u0101s eTA sa\u0146em\u0161anai maks\u0101 tikai 7 Kan\u0101das dol\u0101rus. \u0160\u012b maksa tiek samaks\u0101ta tie\u0161saist\u0113 pieteikuma iesnieg\u0161anas laik\u0101. <\/li>\n\n\n\n<li><strong>\u0100tra apstr\u0101de<\/strong>:<br\/>Liel\u0101k\u0101 da\u013ca eTA pieteikumu tiek apstiprin\u0101ti da\u017eu min\u016b\u0161u laik\u0101. Tom\u0113r da\u017eu pieteikumu izskat\u012b\u0161ana var aiz\u0146emt ilg\u0101ku laiku, ja ir nepiecie\u0161ami papildu dokumenti. \u0160\u0101dos gad\u012bjumos pieteikuma iesniedz\u0113ji 72 stundu laik\u0101 sa\u0146ems nor\u0101d\u012bjumus pa e-pastu.  <\/li>\n\n\n\n<li><strong>Atbilst\u012bbas pras\u012bbas<\/strong>:\n<ul class=\"wp-block-list\">\n<li>\u0100rvalstu pilso\u0146iem, kas ce\u013co uz Kan\u0101du vai \u0161\u0137\u0113rso to tranz\u012bt\u0101, ir nepiecie\u0161ama eTA.<\/li>\n\n\n\n<li>Ar\u012b da\u017ei ce\u013cot\u0101ji no valst\u012bm, kur\u0101m nepiecie\u0161ama v\u012bza, var pretend\u0113t uz eTA, ja vi\u0146i atbilst \u012bpa\u0161iem krit\u0113rijiem, piem\u0113ram, vi\u0146iem ir der\u012bga ASV neimigr\u0101cijas v\u012bza vai p\u0113d\u0113jo 10 gadu laik\u0101 ir bijusi Kan\u0101das apmekl\u0113t\u0101ja v\u012bza.<\/li>\n\n\n\n<li>Ce\u013cot\u0101jiem, kas ierodas ar automa\u0161\u012bnu, autobusu, vilcienu vai ku\u0123i, tostarp kru\u012bza ku\u0123iem, eTA viet\u0101 ir nepiecie\u0161ama apmekl\u0113t\u0101ja v\u012bza.<\/li>\n<\/ul>\n<\/li>\n\n\n\n<li><strong>Ce\u013co\u0161anas ierobe\u017eojumi<\/strong>:\n<ul class=\"wp-block-list\">\n<li>eTA nedod ties\u012bbas str\u0101d\u0101t vai stud\u0113t Kan\u0101d\u0101. Ja pl\u0101nojat str\u0101d\u0101t vai stud\u0113t, jums ir j\u0101piesak\u0101s attiec\u012bgaj\u0101m at\u013cauj\u0101m. <\/li>\n\n\n\n<li>eTA negarant\u0113 iebrauk\u0161anu Kan\u0101d\u0101. Robe\u017esardzes amatpersonas nov\u0113rt\u0113s j\u016bsu atbilst\u012bbu iera\u0161an\u0101s br\u012bd\u012b. <\/li>\n<\/ul>\n<\/li>\n\n\n\n<li><strong>Der\u012bguma termi\u0146\u0161<\/strong>:<br\/>P\u0113c apstiprin\u0101\u0161anas eTA ir piesaist\u012bta j\u016bsu pasei un ir der\u012bga vair\u0101kk\u0101rt\u0113jai iece\u013co\u0161anai, ja j\u016bsu pase ir der\u012bga. Vienm\u0113r ce\u013cojiet ar to pa\u0161u pasi, ar kuru iesniedz\u0101t eTA pieteikumu. <\/li>\n<\/ol>\n\n<h4 class=\"wp-block-heading\">Aizsarg\u0101jiet sevi no kr\u0101p\u0161anas<\/h4>\n\n<p>Sargieties no kr\u0101pniecisk\u0101m t\u012bmek\u013ca vietn\u0113m vai person\u0101m, kas sola garant\u0113tas iece\u013co\u0161anas, darba vai studiju iesp\u0113jas Kan\u0101d\u0101. Iesniedziet pieteikumus tikai ofici\u0101laj\u0101 Kan\u0101das vald\u012bbas t\u012bmek\u013ca vietn\u0113 un izvairieties sniegt personisku inform\u0101ciju nep\u0101rbaud\u012btiem avotiem. K\u013c\u016bdaina inform\u0101cija vai kr\u0101p\u0161ana var rad\u012bt nopietnas juridiskas sekas.  <\/p>\n\n<h4 class=\"wp-block-heading\">Pirms pieteik\u0161an\u0101s<\/h4>\n\n<ul class=\"wp-block-list\">\n<li>P\u0101rliecinieties, ka jums ir der\u012bga pase, kred\u012btkarte vai debetkarte un e-pasta adrese.<\/li>\n\n\n\n<li>Lai sa\u0146emtu nor\u0101d\u012bjumus, izlasiet vair\u0101k\u0101s valod\u0101s pieejamo lietojumprogrammas pal\u012bdz\u012bbas dokumentu.<\/li>\n\n\n\n<li>Lai izvair\u012btos no kav\u0113\u0161an\u0101s, <strong>pirms<\/strong> lidojuma rezerv\u0113\u0161anas iesniedziet pieteikumu eTA sa\u0146em\u0161anai.<\/li>\n<\/ul>\n\n<p>Ties\u012bgajiem ce\u013cot\u0101jiem, kuri pl\u0101no apmekl\u0113t Kan\u0101du, ir svar\u012bgi pieteikties eTA. Izprotot procesu un r\u016bp\u012bgi sagatavojot pieteikumu, j\u016bs varat nodro\u0161in\u0101t netrauc\u0113tu un \u0113rtu ce\u013cojumu. <\/p>\n","protected":false},"excerpt":{"rendered":"<p>Par elektronisk\u0101s ce\u013co\u0161anas at\u013caujas (eTA) procesu Elektronisk\u0101 ce\u013co\u0161anas at\u013cauja (eTA) ir iece\u013co\u0161anas pras\u012bba \u0101rvalstu pilso\u0146iem, kuriem nav vajadz\u012bga v\u012bza un [&hellip;]<\/p>\n","protected":false},"author":1,"featured_media":0,"parent":0,"menu_order":0,"comment_status":"closed","ping_status":"closed","template":"","meta":{"_uag_custom_page_level_css":"","site-sidebar-layout":"default","site-content-layout":"","ast-site-content-layout":"","site-content-style":"default","site-sidebar-style":"default","ast-global-header-display":"","ast-banner-title-visibility":"","ast-main-header-display":"","ast-hfb-above-header-display":"","ast-hfb-below-header-display":"","ast-hfb-mobile-header-display":"","site-post-title":"","ast-breadcrumbs-content":"","ast-featured-img":"","footer-sml-layout":"","theme-transparent-header-meta":"","adv-header-id-meta":"","stick-header-meta":"","header-above-stick-meta":"","header-main-stick-meta":"","header-below-stick-meta":"","astra-migrate-meta-layouts":"default","ast-page-background-enabled":"default","ast-page-background-meta":{"desktop":{"background-color":"var(--ast-global-color-4)","background-image":"","background-repeat":"repeat","background-position":"center center","background-size":"auto","background-attachment":"scroll","background-type":"","background-media":"","overlay-type":"","overlay-color":"","overlay-opacity":"","overlay-gradient":""},"tablet":{"background-color":"","background-image":"","background-repeat":"repeat","background-position":"center center","background-size":"auto","background-attachment":"scroll","background-type":"","background-media":"","overlay-type":"","overlay-color":"","overlay-opacity":"","overlay-gradient":""},"mobile":{"background-color":"","background-image":"","background-repeat":"repeat","background-position":"center center","background-size":"auto","background-attachment":"scroll","background-type":"","background-media":"","overlay-type":"","overlay-color":"","overlay-opacity":"","overlay-gradient":""}},"ast-content-background-meta":{"desktop":{"background-color":"var(--ast-global-color-5)","background-image":"","background-repeat":"repeat","background-position":"center center","background-size":"auto","background-attachment":"scroll","background-type":"","background-media":"","overlay-type":"","overlay-color":"","overlay-opacity":"","overlay-gradient":""},"tablet":{"background-color":"var(--ast-global-color-5)","background-image":"","background-repeat":"repeat","background-position":"center center","background-size":"auto","background-attachment":"scroll","background-type":"","background-media":"","overlay-type":"","overlay-color":"","overlay-opacity":"","overlay-gradient":""},"mobile":{"background-color":"var(--ast-global-color-5)","background-image":"","background-repeat":"repeat","background-position":"center center","background-size":"auto","background-attachment":"scroll","background-type":"","background-media":"","overlay-type":"","overlay-color":"","overlay-opacity":"","overlay-gradient":""}},"footnotes":""},"categories":[],"tags":[],"class_list":["post-285","page","type-page","status-publish","hentry"],"uagb_featured_image_src":{"full":false,"thumbnail":false,"medium":false,"medium_large":false,"large":false,"1536x1536":false,"2048x2048":false},"uagb_author_info":{"display_name":"admin","author_link":"https:\/\/www.etafast.org\/lv\/author\/admin\/"},"uagb_comment_info":0,"uagb_excerpt":"Par elektronisk\u0101s ce\u013co\u0161anas at\u013caujas (eTA) procesu Elektronisk\u0101 ce\u013co\u0161anas at\u013cauja (eTA) ir iece\u013co\u0161anas pras\u012bba \u0101rvalstu pilso\u0146iem, kuriem nav vajadz\u012bga v\u012bza un [&hellip;]","_links":{"self":[{"href":"https:\/\/www.etafast.org\/lv\/wp-json\/wp\/v2\/pages\/285","targetHints":{"allow":["GET"]}}],"collection":[{"href":"https:\/\/www.etafast.org\/lv\/wp-json\/wp\/v2\/pages"}],"about":[{"href":"https:\/\/www.etafast.org\/lv\/wp-json\/wp\/v2\/types\/page"}],"author":[{"embeddable":true,"href":"https:\/\/www.etafast.org\/lv\/wp-json\/wp\/v2\/users\/1"}],"replies":[{"embeddable":true,"href":"https:\/\/www.etafast.org\/lv\/wp-json\/wp\/v2\/comments?post=285"}],"version-history":[{"count":1,"href":"https:\/\/www.etafast.org\/lv\/wp-json\/wp\/v2\/pages\/285\/revisions"}],"predecessor-version":[{"id":286,"href":"https:\/\/www.etafast.org\/lv\/wp-json\/wp\/v2\/pages\/285\/revisions\/286"}],"wp:attachment":[{"href":"https:\/\/www.etafast.org\/lv\/wp-json\/wp\/v2\/media?parent=285"}],"wp:term":[{"taxonomy":"category","embeddable":true,"href":"https:\/\/www.etafast.org\/lv\/wp-json\/wp\/v2\/categories?post=285"},{"taxonomy":"post_tag","embeddable":true,"href":"https:\/\/www.etafast.org\/lv\/wp-json\/wp\/v2\/tags?post=285"}],"curies":[{"name":"wp","href":"https:\/\/api.w.org\/{rel}","templated":true}]}}