{"id":1537,"date":"2024-12-11T08:24:51","date_gmt":"2024-12-11T07:24:51","guid":{"rendered":"https:\/\/www.etafast.org\/kas-var-pieteikties\/"},"modified":"2024-12-11T09:16:11","modified_gmt":"2024-12-11T08:16:11","slug":"kas-var-pieteikties","status":"publish","type":"page","link":"https:\/\/www.etafast.org\/lv\/kas-var-pieteikties\/","title":{"rendered":"Kas var pieteikties"},"content":{"rendered":"\n<h3 class=\"wp-block-heading\">Kas var pieteikties elektroniskajai ce\u013co\u0161anas at\u013caujai (eTA)<\/h3>\n\n<p>Elektronisk\u0101 ce\u013co\u0161anas at\u013cauja (eTA) ir ce\u013co\u0161anas pras\u012bba noteikt\u0101m person\u0101m, kas ce\u013co uz Kan\u0101du vai tranz\u012bt\u0101 caur to ar gaisa transportu. L\u016bk, detaliz\u0113ts sadal\u012bjums par to, kam ir ties\u012bbas pieteikties: <\/p>\n\n<h4 class=\"wp-block-heading\"><strong>Atbilst\u012bbas krit\u0113riji eTA sa\u0146em\u0161anai<\/strong><\/h4>\n\n<p>J\u016bs varat pieteikties eTA, ja atbilstat <strong>vis\u0101m trim turpm\u0101k min\u0113taj\u0101m pras\u012bb\u0101m<\/strong>:<\/p>\n\n<ol class=\"wp-block-list\">\n<li><strong>Iepriek\u0161\u0113jo ce\u013cojumu v\u0113sture<\/strong>:<ul><li>Jums p\u0113d\u0113jo 10 gadu laik\u0101 ir bijusi Kan\u0101das apmekl\u0113t\u0101ja v\u012bza (pagaidu uztur\u0113\u0161an\u0101s v\u012bza), VAI<\/li><li>Jums pa\u0161laik ir der\u012bga Amerikas Savienoto Valstu (ASV) neimigr\u0101cijas v\u012bza.<\/li><\/ul><em>(J\u016bsu ASV neimigr\u0101cijas v\u012bzai j\u0101b\u016bt der\u012bgai dien\u0101, kad iesniedzat pieteikumu eTA sa\u0146em\u0161anai, bet tai nav j\u0101b\u016bt der\u012bgai ce\u013cojuma uz Kan\u0101du laik\u0101.)<\/em><\/li>\n\n\n\n<li><strong>Ce\u013cojuma m\u0113r\u0137is<\/strong>:\n<ul class=\"wp-block-list\">\n<li>J\u016bs ierodaties Kan\u0101d\u0101 uz <strong>laiku,<\/strong> parasti uz laiku l\u012bdz se\u0161iem m\u0113ne\u0161iem.<\/li>\n<\/ul>\n<\/li>\n\n\n\n<li><strong>Ce\u013co\u0161anas re\u017e\u012bms<\/strong>:\n<ul class=\"wp-block-list\">\n<li>J\u016bs lidojat uz Kan\u0101das lidostu vai \u0161\u0137\u0113rsojat to tranz\u012bt\u0101, un jums ir der\u012bga k\u0101das no <strong>valst\u012bm, kur\u0101m ir vajadz\u012bga v\u012bza<\/strong>.<\/li>\n<\/ul>\n<\/li>\n<\/ol>\n\n<h4 class=\"wp-block-heading\"><strong>Piem\u0113rot\u0101s valstis, kur\u0101m nepiecie\u0161ama v\u012bza<\/strong><\/h4>\n\n<p>Turpm\u0101k min\u0113to valstu pilso\u0146i var pieteikties eTA, ja vi\u0146i atbilst iepriek\u0161 min\u0113tajiem krit\u0113rijiem:<\/p>\n\n<ul class=\"wp-block-list\">\n<li>Antigva un Barbuda<\/li>\n\n\n\n<li>Argent\u012bna<\/li>\n\n\n\n<li>Braz\u012blija<\/li>\n\n\n\n<li>Kostarika<\/li>\n\n\n\n<li>Meksika<\/li>\n\n\n\n<li>Maroka<\/li>\n\n\n\n<li>Panama<\/li>\n\n\n\n<li>Filip\u012bnas<\/li>\n\n\n\n<li>Sentkitsa un Nevisa<\/li>\n\n\n\n<li>Sent L\u016bsija<\/li>\n\n\n\n<li>Sentvinsenta un Grenad\u012bnas<\/li>\n\n\n\n<li>Sei\u0161elu salas<\/li>\n\n\n\n<li>Taizeme<\/li>\n\n\n\n<li>Trinid\u0101da un Tob\u0101go<\/li>\n\n\n\n<li>Urugvaja<\/li>\n<\/ul>\n\n<p>Ja neatbilst vis\u0101m \u0161\u012bm pras\u012bb\u0101m, jums b\u016bs j\u0101piesak\u0101s apmekl\u0113t\u0101ja v\u012bzai (pagaidu uztur\u0113\u0161an\u0101s v\u012bzai).<\/p>\n\n<hr class=\"wp-block-separator has-alpha-channel-opacity\"\/>\n\n<h3 class=\"wp-block-heading\"><strong>Kam nav nepiecie\u0161ama eTA?<\/strong><\/h3>\n\n<ul class=\"wp-block-list\">\n<li><strong>ASV pilso\u0146i<\/strong>:<br\/>ASV pilso\u0146i ir atbr\u012bvoti no eTA pras\u012bbas. Vi\u0146iem j\u0101uzr\u0101da tikai der\u012bga ASV pase. <\/li>\n\n\n\n<li><strong>Kan\u0101das pilso\u0146i (tostarp dubultpilso\u0146i<\/strong>):<br\/>Kan\u0101das pilso\u0146i nevar pieteikties eTA sa\u0146em\u0161anai. Vi\u0146iem j\u0101ce\u013co ar der\u012bgu Kan\u0101das pasi. Ar\u012b dubultpilso\u0146iem, lidojot uz Kan\u0101du, j\u0101izmanto Kan\u0101das pase.  <\/li>\n\n\n\n<li><strong>Kan\u0101das past\u0101v\u012bgie iedz\u012bvot\u0101ji<\/strong>:<br>Kan\u0101das past\u0101v\u012bgie iedz\u012bvot\u0101ji nevar pieteikties eTA sa\u0146em\u0161anai. T\u0101 viet\u0101 vi\u0146iem ir j\u0101ce\u013co ar: \n<ul class=\"wp-block-list\">\n<li>der\u012bga past\u0101v\u012bg\u0101 iedz\u012bvot\u0101ja karte, VAI<\/li>\n\n\n\n<li>Past\u0101v\u012bg\u0101 iedz\u012bvot\u0101ja ce\u013co\u0161anas dokuments.<\/li>\n<\/ul>\n<\/li>\n\n\n\n<li><strong>ASV likum\u012bgie past\u0101v\u012bgie iedz\u012bvot\u0101ji<\/strong>:<br>No 2022. gada 26. apr\u012b\u013ca ASV likum\u012bgie past\u0101v\u012bgie iedz\u012bvot\u0101ji ir atbr\u012bvoti no eTA pras\u012bbas. Vi\u0146iem ir j\u0101b\u016bt l\u012bdzi: \n<ul class=\"wp-block-list\">\n<li>der\u012bga savas valstspieder\u012bbas valsts pase, un<\/li>\n\n\n\n<li>der\u012bga ASV Za\u013c\u0101 karte vai l\u012bdzv\u0113rt\u012bgs statusa apliecin\u0101jums.<\/li>\n<\/ul>\n<\/li>\n<\/ul>\n\n<hr class=\"wp-block-separator has-alpha-channel-opacity\"\/>\n\n<h3 class=\"wp-block-heading\"><strong>Ce\u013cojumu scen\u0101riji un dokumentu pras\u012bbas<\/strong><\/h3>\n\n<figure class=\"wp-block-table\"><table class=\"has-fixed-layout\"><thead><tr><th><strong>K\u0101 j\u016bs ce\u013cojat uz Kan\u0101du<\/strong><\/th><th><strong>Nepiecie\u0161amais(-ie) dokuments(-i)<\/strong><\/th><\/tr><\/thead><tbody><tr><td>Lidojat uz Kan\u0101das lidostu vai \u0161\u0137\u0113rsojat to tranz\u012bt\u0101, un jums ir ties\u012bbas sa\u0146emt eTA.<\/td><td>eTA vai apmekl\u0113t\u0101ja v\u012bza<\/td><\/tr><tr><td>Lidojat uz Kan\u0101das lidostu vai \u0161\u0137\u0113rsojat to tranz\u012bt\u0101 un NAV ties\u012bgi sa\u0146emt eTA.<\/td><td>Apmekl\u0113t\u0101ja v\u012bza<\/td><\/tr><tr><td>iera\u0161an\u0101s ar automa\u0161\u012bnu, autobusu, vilcienu vai ku\u0123i (tostarp kru\u012bza ku\u0123i).<\/td><td>Apmekl\u0113t\u0101ja v\u012bza<\/td><\/tr><tr><td>Ce\u013co\u0161ana uz Kan\u0101du ar der\u012bgu Kan\u0101das v\u012bzu<\/td><td>Nav nepiecie\u0161ama eTA &#8211; izmantojiet v\u012bzu<\/td><\/tr><tr><td>Atgrie\u0161an\u0101s Kan\u0101d\u0101 p\u0113c darba vai studiju at\u013caujas atjauno\u0161anas<\/td><td>eTA, kas tiek sniegts kop\u0101 ar at\u013caujas atjauno\u0161anu<\/td><\/tr><tr><td>Ce\u013co\u0161ana uz Kan\u0101du str\u0101d\u0101t vai stud\u0113t ilg\u0101k par 6 m\u0113ne\u0161iem.<\/td><td>Darba vai studiju at\u013cauja (ietver v\u012bzu)<\/td><\/tr><\/tbody><\/table><\/figure>\n\n<hr class=\"wp-block-separator has-alpha-channel-opacity\"\/>\n\n<h3 class=\"wp-block-heading\"><strong>Svar\u012bgi apsv\u0113rumi<\/strong><\/h3>\n\n<ul class=\"wp-block-list\">\n<li><strong>Pamatpras\u012bbas<\/strong>: Lai iece\u013cotu Kan\u0101d\u0101, jums j\u0101atbilst visp\u0101r\u0113jiem iece\u013co\u0161anas krit\u0113rijiem, tostarp der\u012bgiem ce\u013co\u0161anas dokumentiem, labai vesel\u012bbai, finansi\u0101lam atbalstam un cie\u0161\u0101m sait\u0113m ar dzimteni.<\/li>\n\n\n\n<li><strong>Nepie\u0146emam\u012bba<\/strong>: Personas, kas ir iesaist\u012btas noziedz\u012bg\u0101 darb\u012bb\u0101, dro\u0161\u012bbas apdraud\u0113jum\u0101 vai ir sask\u0101ru\u0161\u0101s ar noteikt\u0101m vesel\u012bbas un finansi\u0101l\u0101m probl\u0113m\u0101m, var tikt uzskat\u012btas par nepie\u0146emam\u0101m Kan\u0101d\u0101 pat ar der\u012bgu eTA.<\/li>\n<\/ul>\n\n<p>eTA ir izstr\u0101d\u0101ta, lai vienk\u0101r\u0161otu ce\u013co\u0161anu ar lidma\u0161\u012bnu uz Kan\u0101du person\u0101m, kur\u0101m ir ties\u012bbas to dar\u012bt. Noteikti r\u016bp\u012bgi iepaz\u012bstieties ar pras\u012bb\u0101m un iesniedziet pieteikumu laikus pirms pl\u0101not\u0101 ce\u013cojuma. <\/p>\n","protected":false},"excerpt":{"rendered":"<p>Kas var pieteikties elektroniskajai ce\u013co\u0161anas at\u013caujai (eTA) Elektronisk\u0101 ce\u013co\u0161anas at\u013cauja (eTA) ir ce\u013co\u0161anas pras\u012bba noteikt\u0101m person\u0101m, kas ce\u013co uz Kan\u0101du [&hellip;]<\/p>\n","protected":false},"author":1,"featured_media":0,"parent":0,"menu_order":0,"comment_status":"closed","ping_status":"closed","template":"","meta":{"_uag_custom_page_level_css":"","site-sidebar-layout":"default","site-content-layout":"","ast-site-content-layout":"","site-content-style":"default","site-sidebar-style":"default","ast-global-header-display":"","ast-banner-title-visibility":"","ast-main-header-display":"","ast-hfb-above-header-display":"","ast-hfb-below-header-display":"","ast-hfb-mobile-header-display":"","site-post-title":"","ast-breadcrumbs-content":"","ast-featured-img":"","footer-sml-layout":"","theme-transparent-header-meta":"","adv-header-id-meta":"","stick-header-meta":"","header-above-stick-meta":"","header-main-stick-meta":"","header-below-stick-meta":"","astra-migrate-meta-layouts":"default","ast-page-background-enabled":"default","ast-page-background-meta":{"desktop":{"background-color":"var(--ast-global-color-4)","background-image":"","background-repeat":"repeat","background-position":"center center","background-size":"auto","background-attachment":"scroll","background-type":"","background-media":"","overlay-type":"","overlay-color":"","overlay-opacity":"","overlay-gradient":""},"tablet":{"background-color":"","background-image":"","background-repeat":"repeat","background-position":"center center","background-size":"auto","background-attachment":"scroll","background-type":"","background-media":"","overlay-type":"","overlay-color":"","overlay-opacity":"","overlay-gradient":""},"mobile":{"background-color":"","background-image":"","background-repeat":"repeat","background-position":"center center","background-size":"auto","background-attachment":"scroll","background-type":"","background-media":"","overlay-type":"","overlay-color":"","overlay-opacity":"","overlay-gradient":""}},"ast-content-background-meta":{"desktop":{"background-color":"var(--ast-global-color-5)","background-image":"","background-repeat":"repeat","background-position":"center center","background-size":"auto","background-attachment":"scroll","background-type":"","background-media":"","overlay-type":"","overlay-color":"","overlay-opacity":"","overlay-gradient":""},"tablet":{"background-color":"var(--ast-global-color-5)","background-image":"","background-repeat":"repeat","background-position":"center center","background-size":"auto","background-attachment":"scroll","background-type":"","background-media":"","overlay-type":"","overlay-color":"","overlay-opacity":"","overlay-gradient":""},"mobile":{"background-color":"var(--ast-global-color-5)","background-image":"","background-repeat":"repeat","background-position":"center center","background-size":"auto","background-attachment":"scroll","background-type":"","background-media":"","overlay-type":"","overlay-color":"","overlay-opacity":"","overlay-gradient":""}},"footnotes":""},"categories":[],"tags":[],"class_list":["post-1537","page","type-page","status-publish","hentry"],"uagb_featured_image_src":{"full":false,"thumbnail":false,"medium":false,"medium_large":false,"large":false,"1536x1536":false,"2048x2048":false},"uagb_author_info":{"display_name":"admin","author_link":"https:\/\/www.etafast.org\/lv\/author\/admin\/"},"uagb_comment_info":0,"uagb_excerpt":"Kas var pieteikties elektroniskajai ce\u013co\u0161anas at\u013caujai (eTA) Elektronisk\u0101 ce\u013co\u0161anas at\u013cauja (eTA) ir ce\u013co\u0161anas pras\u012bba noteikt\u0101m person\u0101m, kas ce\u013co uz Kan\u0101du [&hellip;]","_links":{"self":[{"href":"https:\/\/www.etafast.org\/lv\/wp-json\/wp\/v2\/pages\/1537","targetHints":{"allow":["GET"]}}],"collection":[{"href":"https:\/\/www.etafast.org\/lv\/wp-json\/wp\/v2\/pages"}],"about":[{"href":"https:\/\/www.etafast.org\/lv\/wp-json\/wp\/v2\/types\/page"}],"author":[{"embeddable":true,"href":"https:\/\/www.etafast.org\/lv\/wp-json\/wp\/v2\/users\/1"}],"replies":[{"embeddable":true,"href":"https:\/\/www.etafast.org\/lv\/wp-json\/wp\/v2\/comments?post=1537"}],"version-history":[{"count":1,"href":"https:\/\/www.etafast.org\/lv\/wp-json\/wp\/v2\/pages\/1537\/revisions"}],"predecessor-version":[{"id":1538,"href":"https:\/\/www.etafast.org\/lv\/wp-json\/wp\/v2\/pages\/1537\/revisions\/1538"}],"wp:attachment":[{"href":"https:\/\/www.etafast.org\/lv\/wp-json\/wp\/v2\/media?parent=1537"}],"wp:term":[{"taxonomy":"category","embeddable":true,"href":"https:\/\/www.etafast.org\/lv\/wp-json\/wp\/v2\/categories?post=1537"},{"taxonomy":"post_tag","embeddable":true,"href":"https:\/\/www.etafast.org\/lv\/wp-json\/wp\/v2\/tags?post=1537"}],"curies":[{"name":"wp","href":"https:\/\/api.w.org\/{rel}","templated":true}]}}