{"id":1435,"date":"2024-12-11T08:25:47","date_gmt":"2024-12-11T07:25:47","guid":{"rendered":"https:\/\/www.etafast.org\/vai-jums-ir-nepieciesama-visa\/"},"modified":"2024-12-11T09:14:37","modified_gmt":"2024-12-11T08:14:37","slug":"vai-jums-ir-nepieciesama-visa","status":"publish","type":"page","link":"https:\/\/www.etafast.org\/lv\/vai-jums-ir-nepieciesama-visa\/","title":{"rendered":"Vai jums ir nepiecie\u0161ama VISA?"},"content":{"rendered":"\n<h3 class=\"wp-block-heading\">K\u0101 uzzin\u0101t, vai jums ir nepiecie\u0161ama v\u012bza, lai ce\u013cotu uz Kan\u0101du?<\/h3>\n\n<p>Lai iece\u013cotu Kan\u0101d\u0101 vai \u0161\u0137\u0113rsotu to tranz\u012bt\u0101, atkar\u012bb\u0101 no valstspieder\u012bbas un ce\u013co\u0161anas veida, ce\u013cot\u0101jiem ir nepiecie\u0161ama vai nu <strong>apmekl\u0113t\u0101ja v\u012bza,<\/strong> vai <strong>elektronisk\u0101 ce\u013co\u0161anas at\u013cauja (eTA<\/strong> ). L\u016bk, k\u0101 j\u016bs varat noteikt, kas jums ir nepiecie\u0161ams: <\/p>\n\n<hr class=\"wp-block-separator has-alpha-channel-opacity\"\/>\n\n<h3 class=\"wp-block-heading\"><strong>1. solis: p\u0101rbaudiet savu valstspieder\u012bbu<\/strong><\/h3>\n\n<p>Tas, k\u0101da veida ce\u013co\u0161anas dokuments jums ir nepiecie\u0161ams, galvenok\u0101rt ir atkar\u012bgs no j\u016bsu pilson\u012bbas. Ce\u013cot\u0101ji ietilpst vien\u0101 no trim kategorij\u0101m: <\/p>\n\n<ol class=\"wp-block-list\">\n<li><strong>Bezv\u012bzu ce\u013cot\u0101ji (nepiecie\u0161ams eTA)<\/strong><br\/>Ja esat bezv\u012bzu valsts pilsonis, jums ir nepiecie\u0161ams eTA, ja ce\u013cojat uz Kan\u0101du vai \u0161\u0137\u0113rsojat to tranz\u012bt\u0101 ar gaisa transportu. Bezv\u012bzu re\u017e\u012bma valstis ir, piem\u0113ram, \u0161\u0101das: <ul><li>Austr\u0101lija<\/li><li>V\u0101cija<\/li><li>Jap\u0101na<\/li><li>Apvienot\u0101 Karaliste<\/li><li>Francija<br\/><em>(\u0161is saraksts nav piln\u012bgs)<\/em>.<\/li><\/ul><strong>Svar\u012bgi<\/strong>: ja iece\u013cojat Kan\u0101d\u0101 ar automa\u0161\u012bnu, autobusu, vilcienu vai ku\u0123i, tostarp ar kru\u012bzu, jums NAV vajadz\u012bga eTA vai apmekl\u0113t\u0101ja v\u012bza.<\/li>\n\n\n\n<li><strong>Ce\u013cot\u0101jiem, kuriem nepiecie\u0161ama v\u012bza (nepiecie\u0161ama apmekl\u0113t\u0101ja v\u012bza)<\/strong><br>To valstu pilso\u0146iem, kuras nav iek\u013cautas bezv\u012bzu sarakst\u0101, ir nepiecie\u0161ama apmekl\u0113t\u0101ja v\u012bza (paz\u012bstama ar\u012b k\u0101 pagaidu uztur\u0113\u0161an\u0101s v\u012bza), lai ce\u013cotu uz Kan\u0101du, neatkar\u012bgi no ce\u013co\u0161anas veida.<br>Piem\u0113ram, \u0161\u0101das valstis, kur\u0101m ir nepiecie\u0161ama v\u012bza:\n<ul class=\"wp-block-list\">\n<li>Indija<\/li>\n\n\n\n<li>\u0136\u012bna<\/li>\n\n\n\n<li>Pakist\u0101na<br\/><em>(\u0161is saraksts nav piln\u012bgs).<\/em><\/li>\n<\/ul>\n<\/li>\n\n\n\n<li><strong>Atbilsto\u0161ie ce\u013cot\u0101ji, kuriem ir vajadz\u012bga v\u012bza (var pretend\u0113t uz eTA<\/strong>)<br>Ja esat no valsts, kurai vajadz\u012bga v\u012bza, bet atbilstat \u012bpa\u0161iem nosac\u012bjumiem, v\u012bzas viet\u0101 varat pieteikties uz eTA. \u0160ie nosac\u012bjumi ir \u0161\u0101di: <ul><li>Ja jums ir der\u012bga ASV neimigr\u0101cijas v\u012bza, VAI<\/li><li>p\u0113d\u0113jo 10 gadu laik\u0101 ir bijusi Kan\u0101das apmekl\u0113t\u0101ja v\u012bza.<\/li><\/ul>\u0160ai iesp\u0113jai atbilst\u012bg\u0101s valstis ir:\n<ul class=\"wp-block-list\">\n<li>Braz\u012blija<\/li>\n\n\n\n<li>Meksika<\/li>\n\n\n\n<li>Filip\u012bnas<br\/><em>(\u0161is nav piln\u012bgs saraksts).<\/em><\/li>\n<\/ul>\n<\/li>\n<\/ol>\n\n<hr class=\"wp-block-separator has-alpha-channel-opacity\"\/>\n\n<h3 class=\"wp-block-heading\"><strong>2. solis: Apsveriet savu ce\u013co\u0161anas metodi<\/strong><\/h3>\n\n<p>Jums nepiecie\u0161amais ce\u013co\u0161anas dokuments ir atkar\u012bgs ar\u012b no t\u0101, k\u0101 iece\u013cojat Kan\u0101d\u0101:<\/p>\n\n<figure class=\"wp-block-table\"><table class=\"has-fixed-layout\"><thead><tr><th><strong>Ce\u013cojuma veids<\/strong><\/th><th><strong>Pras\u012bba<\/strong><\/th><\/tr><\/thead><tbody><tr><td>Lidojot uz Kan\u0101das lidostu vai \u0161\u0137\u0113rsojot to tranz\u012bt\u0101<\/td><td>eTA (bezv\u012bzu ce\u013cot\u0101jiem) vai apmekl\u0113t\u0101ja v\u012bza.<\/td><\/tr><tr><td>iebrauk\u0161ana ar automa\u0161\u012bnu, autobusu, vilcienu vai ku\u0123i (ieskaitot kru\u012bzu).<\/td><td>Apmekl\u0113t\u0101ja v\u012bza (ce\u013cot\u0101jiem, kuriem nepiecie\u0161ama v\u012bza).<\/td><\/tr><tr><td>Ce\u013co\u0161ana ar der\u012bgu Kan\u0101das v\u012bzu<\/td><td>eTA nav nepiecie\u0161ama; izmantojiet v\u012bzu<\/td><\/tr><\/tbody><\/table><\/figure>\n\n<hr class=\"wp-block-separator has-alpha-channel-opacity\"\/>\n\n<h3 class=\"wp-block-heading\"><strong>3. posms: Iz\u0146\u0113mumi no noteikuma<\/strong><\/h3>\n\n<ol class=\"wp-block-list\">\n<li><strong>ASV pilso\u0146i<\/strong><br\/>ASV pilso\u0146iem NAV vajadz\u012bga eTA vai apmekl\u0113t\u0101ja v\u012bza. Vi\u0146iem nepiecie\u0161ama tikai der\u012bga ASV pase. <\/li>\n\n\n\n<li><strong>Kan\u0101das pilso\u0146i (tostarp dubultpilso\u0146i<\/strong>)<br\/>Kan\u0101das pilso\u0146i nevar pieteikties eTA vai v\u012bzai. Vi\u0146iem j\u0101ce\u013co ar der\u012bgu Kan\u0101das pasi. <\/li>\n\n\n\n<li><strong>Kan\u0101das past\u0101v\u012bgie iedz\u012bvot\u0101ji<\/strong><br>Kan\u0101das past\u0101v\u012bgie iedz\u012bvot\u0101ji nevar pieteikties eTA sa\u0146em\u0161anai. Vi\u0146iem j\u0101ce\u013co ar: \n<ul class=\"wp-block-list\">\n<li>der\u012bga past\u0101v\u012bg\u0101 iedz\u012bvot\u0101ja karte, VAI<\/li>\n\n\n\n<li>Past\u0101v\u012bg\u0101 iedz\u012bvot\u0101ja ce\u013co\u0161anas dokuments.<\/li>\n<\/ul>\n<\/li>\n\n\n\n<li><strong>ASV past\u0101v\u012bgie iedz\u012bvot\u0101ji<\/strong><br>No 2022. gada 26. apr\u012b\u013ca ASV likum\u012bgajiem past\u0101v\u012bgajiem iedz\u012bvot\u0101jiem nav nepiecie\u0161ams eTA. Vi\u0146iem ir j\u0101b\u016bt l\u012bdzi: \n<ul class=\"wp-block-list\">\n<li>der\u012bga attiec\u012bg\u0101s valsts pase, UN<\/li>\n\n\n\n<li>der\u012bga Za\u013c\u0101 karte vai l\u012bdzv\u0113rt\u012bgs statusa apliecin\u0101jums.<\/li>\n<\/ul>\n<\/li>\n<\/ol>\n\n<hr class=\"wp-block-separator has-alpha-channel-opacity\"\/>\n\n<h3 class=\"wp-block-heading\"><strong>4. solis: izmantojiet Kan\u0101das vald\u012bbas r\u012bku<\/strong><\/h3>\n\n<p>Lai p\u0101rliecin\u0101tos, vai jums ir vajadz\u012bga v\u012bza vai eTA, varat izmantot ofici\u0101lo Kan\u0101das vald\u012bbas <a>ce\u013co\u0161anas dokumentu r\u012bku<\/a>. Vienk\u0101r\u0161i ievadiet savu taut\u012bbu, ce\u013co\u0161anas veidu un apmekl\u0113juma m\u0113r\u0137i, lai ieg\u016btu personaliz\u0113tus rezult\u0101tus. <\/p>\n\n<hr class=\"wp-block-separator has-alpha-channel-opacity\"\/>\n\n<h3 class=\"wp-block-heading\"><strong>Nobeiguma piez\u012bmes<\/strong><\/h3>\n\n<ul class=\"wp-block-list\">\n<li>P\u0101rliecinieties, ka esat iesniedzis pieteikumu pareiz\u0101 dokumenta sa\u0146em\u0161anai laikus pirms ce\u013cojuma datuma.<\/li>\n\n\n\n<li>V\u012bza vai eTA negarant\u0113 iece\u013co\u0161anu Kan\u0101d\u0101. Jums ir j\u0101p\u0101rliecin\u0101s robe\u017esardzes darbiniekam, ka atbilstat vis\u0101m iece\u013co\u0161anas pras\u012bb\u0101m. <\/li>\n<\/ul>\n\n<p><\/p>\n","protected":false},"excerpt":{"rendered":"<p>K\u0101 uzzin\u0101t, vai jums ir nepiecie\u0161ama v\u012bza, lai ce\u013cotu uz Kan\u0101du? Lai iece\u013cotu Kan\u0101d\u0101 vai \u0161\u0137\u0113rsotu to tranz\u012bt\u0101, atkar\u012bb\u0101 no [&hellip;]<\/p>\n","protected":false},"author":1,"featured_media":0,"parent":0,"menu_order":0,"comment_status":"closed","ping_status":"closed","template":"","meta":{"_uag_custom_page_level_css":"","site-sidebar-layout":"default","site-content-layout":"","ast-site-content-layout":"","site-content-style":"default","site-sidebar-style":"default","ast-global-header-display":"","ast-banner-title-visibility":"","ast-main-header-display":"","ast-hfb-above-header-display":"","ast-hfb-below-header-display":"","ast-hfb-mobile-header-display":"","site-post-title":"","ast-breadcrumbs-content":"","ast-featured-img":"","footer-sml-layout":"","theme-transparent-header-meta":"","adv-header-id-meta":"","stick-header-meta":"","header-above-stick-meta":"","header-main-stick-meta":"","header-below-stick-meta":"","astra-migrate-meta-layouts":"default","ast-page-background-enabled":"default","ast-page-background-meta":{"desktop":{"background-color":"var(--ast-global-color-4)","background-image":"","background-repeat":"repeat","background-position":"center center","background-size":"auto","background-attachment":"scroll","background-type":"","background-media":"","overlay-type":"","overlay-color":"","overlay-opacity":"","overlay-gradient":""},"tablet":{"background-color":"","background-image":"","background-repeat":"repeat","background-position":"center center","background-size":"auto","background-attachment":"scroll","background-type":"","background-media":"","overlay-type":"","overlay-color":"","overlay-opacity":"","overlay-gradient":""},"mobile":{"background-color":"","background-image":"","background-repeat":"repeat","background-position":"center center","background-size":"auto","background-attachment":"scroll","background-type":"","background-media":"","overlay-type":"","overlay-color":"","overlay-opacity":"","overlay-gradient":""}},"ast-content-background-meta":{"desktop":{"background-color":"var(--ast-global-color-5)","background-image":"","background-repeat":"repeat","background-position":"center center","background-size":"auto","background-attachment":"scroll","background-type":"","background-media":"","overlay-type":"","overlay-color":"","overlay-opacity":"","overlay-gradient":""},"tablet":{"background-color":"var(--ast-global-color-5)","background-image":"","background-repeat":"repeat","background-position":"center center","background-size":"auto","background-attachment":"scroll","background-type":"","background-media":"","overlay-type":"","overlay-color":"","overlay-opacity":"","overlay-gradient":""},"mobile":{"background-color":"var(--ast-global-color-5)","background-image":"","background-repeat":"repeat","background-position":"center center","background-size":"auto","background-attachment":"scroll","background-type":"","background-media":"","overlay-type":"","overlay-color":"","overlay-opacity":"","overlay-gradient":""}},"footnotes":""},"categories":[],"tags":[],"class_list":["post-1435","page","type-page","status-publish","hentry"],"uagb_featured_image_src":{"full":false,"thumbnail":false,"medium":false,"medium_large":false,"large":false,"1536x1536":false,"2048x2048":false},"uagb_author_info":{"display_name":"admin","author_link":"https:\/\/www.etafast.org\/lv\/author\/admin\/"},"uagb_comment_info":0,"uagb_excerpt":"K\u0101 uzzin\u0101t, vai jums ir nepiecie\u0161ama v\u012bza, lai ce\u013cotu uz Kan\u0101du? Lai iece\u013cotu Kan\u0101d\u0101 vai \u0161\u0137\u0113rsotu to tranz\u012bt\u0101, atkar\u012bb\u0101 no [&hellip;]","_links":{"self":[{"href":"https:\/\/www.etafast.org\/lv\/wp-json\/wp\/v2\/pages\/1435","targetHints":{"allow":["GET"]}}],"collection":[{"href":"https:\/\/www.etafast.org\/lv\/wp-json\/wp\/v2\/pages"}],"about":[{"href":"https:\/\/www.etafast.org\/lv\/wp-json\/wp\/v2\/types\/page"}],"author":[{"embeddable":true,"href":"https:\/\/www.etafast.org\/lv\/wp-json\/wp\/v2\/users\/1"}],"replies":[{"embeddable":true,"href":"https:\/\/www.etafast.org\/lv\/wp-json\/wp\/v2\/comments?post=1435"}],"version-history":[{"count":1,"href":"https:\/\/www.etafast.org\/lv\/wp-json\/wp\/v2\/pages\/1435\/revisions"}],"predecessor-version":[{"id":1436,"href":"https:\/\/www.etafast.org\/lv\/wp-json\/wp\/v2\/pages\/1435\/revisions\/1436"}],"wp:attachment":[{"href":"https:\/\/www.etafast.org\/lv\/wp-json\/wp\/v2\/media?parent=1435"}],"wp:term":[{"taxonomy":"category","embeddable":true,"href":"https:\/\/www.etafast.org\/lv\/wp-json\/wp\/v2\/categories?post=1435"},{"taxonomy":"post_tag","embeddable":true,"href":"https:\/\/www.etafast.org\/lv\/wp-json\/wp\/v2\/tags?post=1435"}],"curies":[{"name":"wp","href":"https:\/\/api.w.org\/{rel}","templated":true}]}}