{"id":1343,"date":"2024-12-11T08:26:43","date_gmt":"2024-12-11T07:26:43","guid":{"rendered":"https:\/\/www.etafast.org\/pagariniet-savu-uzturesanos-kanada\/"},"modified":"2024-12-11T09:13:29","modified_gmt":"2024-12-11T08:13:29","slug":"pagariniet-savu-uzturesanos-kanada","status":"publish","type":"page","link":"https:\/\/www.etafast.org\/lv\/pagariniet-savu-uzturesanos-kanada\/","title":{"rendered":"Pagariniet savu uztur\u0113\u0161anos Kan\u0101d\u0101"},"content":{"rendered":"\n<h3 class=\"wp-block-heading\">Pagariniet savu uztur\u0113\u0161anos Kan\u0101d\u0101: Apmekl\u0113t\u0101ju re\u0123istrs<\/h3>\n\n<p>Ja Kan\u0101d\u0101 v\u0113laties uztur\u0113ties ilg\u0101k par s\u0101kotn\u0113ji at\u013cauto uztur\u0113\u0161an\u0101s laiku, jums b\u016bs j\u0101piesak\u0101s <strong>apmekl\u0113t\u0101ja re\u0123istr\u0101cijai<\/strong>. Apmekl\u0113t\u0101ja ieraksts ir b\u016btisks dokuments, kas \u013cauj jums pagarin\u0101t uztur\u0113\u0161anos, nep\u0101rk\u0101pjot imigr\u0101cijas noteikumus. <\/p>\n\n<hr class=\"wp-block-separator has-alpha-channel-opacity\"\/>\n\n<h3 class=\"wp-block-heading\"><strong>Kas ir apmekl\u0113t\u0101ju ieraksts?<\/strong><\/h3>\n\n<p>Apmekl\u0113t\u0101ju re\u0123istrs <strong>nav v\u012bza<\/strong>. Tas ir ofici\u0101ls dokuments, kas: <\/p>\n\n<ul class=\"wp-block-list\">\n<li>At\u013cauj jums ilg\u0101k uztur\u0113ties Kan\u0101d\u0101 k\u0101 <strong>apmekl\u0113t\u0101jam<\/strong>, darba \u0146\u0113m\u0113jam, kam at\u013cauts str\u0101d\u0101t bez at\u013caujas, vai studentam, kam at\u013cauts stud\u0113t bez at\u013caujas.<\/li>\n\n\n\n<li>Nor\u0101da jaunu der\u012bguma termi\u0146u, l\u012bdz kuram jums j\u0101atst\u0101j Kan\u0101da.<\/li>\n<\/ul>\n\n<hr class=\"wp-block-separator has-alpha-channel-opacity\"\/>\n\n<h3 class=\"wp-block-heading\"><strong>Kad pieteikties apmekl\u0113t\u0101ju re\u0123istra sa\u0146em\u0161anai<\/strong><\/h3>\n\n<p><strong>Pirms pa\u0161reiz\u0113j\u0101 statusa der\u012bguma termi\u0146a beig\u0101m<\/strong> jums ir j\u0101iesniedz pieteikums apmekl\u0113t\u0101ja re\u0123istra sa\u0146em\u0161anai.<\/p>\n\n<ul class=\"wp-block-list\">\n<li>P\u0101rbaudiet pases z\u012bmogu vai rakstisku apstiprin\u0101jumu par at\u013cauto uztur\u0113\u0161an\u0101s ilgumu, kas izsniegts, iece\u013cojot Kan\u0101d\u0101.<\/li>\n\n\n\n<li>Ja nav nor\u0101d\u012bts konkr\u0113ts datums, j\u016bsu statuss parasti beidzas <strong>6 m\u0113ne\u0161us p\u0113c iera\u0161an\u0101s datuma<\/strong>.<\/li>\n<\/ul>\n\n<hr class=\"wp-block-separator has-alpha-channel-opacity\"\/>\n\n<h3 class=\"wp-block-heading\"><strong>Kas var pieteikties apmekl\u0113t\u0101ju re\u0123istram?<\/strong><\/h3>\n\n<p>Apmekl\u0113t\u0101ju re\u0123istr\u0101cijai varat pieteikties, ja:<\/p>\n\n<ul class=\"wp-block-list\">\n<li>esat iece\u013cojis Kan\u0101d\u0101 ar apmekl\u0113t\u0101ja v\u012bzu, eTA vai citu der\u012bgu ce\u013co\u0161anas dokumentu un tagad v\u0113laties pagarin\u0101t savu at\u013cauto uztur\u0113\u0161anos.<\/li>\n\n\n\n<li>Pa\u0161laik esat Kan\u0101d\u0101 k\u0101 apmekl\u0113t\u0101js, darba \u0146\u0113m\u0113js vai students bez at\u013caujas un v\u0113laties pagarin\u0101t savu statusu.<\/li>\n<\/ul>\n\n<hr class=\"wp-block-separator has-alpha-channel-opacity\"\/>\n\n<h3 class=\"wp-block-heading\"><strong>K\u0101 pieteikties apmekl\u0113t\u0101ju re\u0123istra sa\u0146em\u0161anai<\/strong><\/h3>\n\n<p>Apmekl\u0113t\u0101ja ieraksta piepras\u012b\u0161anas process ietver \u0161\u0101dus posmus:<\/p>\n\n<ol class=\"wp-block-list\">\n<li><strong>Sagatavojiet dokumentus<\/strong>:\n<ul class=\"wp-block-list\">\n<li>der\u012bga pase vai ce\u013co\u0161anas dokuments (p\u0101rliecinieties, ka tas ir der\u012bgs visu j\u016bsu pagarin\u0101t\u0101s uztur\u0113\u0161an\u0101s laiku).<\/li>\n\n\n\n<li>pier\u0101d\u012bjums par pietiekamiem l\u012bdzek\u013ciem, lai sevi uztur\u0113tu pagarin\u0101t\u0101s uztur\u0113\u0161an\u0101s laik\u0101.<\/li>\n\n\n\n<li>Skaidrs paskaidrojums, k\u0101p\u0113c v\u0113laties pagarin\u0101t uztur\u0113\u0161anos Kan\u0101d\u0101.<\/li>\n<\/ul>\n<\/li>\n\n\n\n<li><strong>Iesniedziet savu pieteikumu tie\u0161saist\u0113<\/strong>:\n<ul class=\"wp-block-list\">\n<li>Aizpildiet pieteikuma veidlapu <a>IRCC port\u0101l\u0101<\/a>.<\/li>\n\n\n\n<li>Samaks\u0101jiet pieteikuma maksu, s\u0101kot no <strong> 100 ASV dol\u0101riem<\/strong>.<\/li>\n<\/ul>\n<\/li>\n\n\n\n<li><strong>Piesakieties agri<\/strong>:\n<ul class=\"wp-block-list\">\n<li>Pieteikuma izskat\u012b\u0161anas laiks ir aptuveni <strong>126 dienas,<\/strong> t\u0101p\u0113c ir svar\u012bgi pieteikties laikus pirms j\u016bsu pa\u0161reiz\u0113j\u0101 statusa termi\u0146a beig\u0101m.<\/li>\n\n\n\n<li>Ja j\u016bsu statusa der\u012bguma termi\u0146\u0161 beidzas pieteikuma izskat\u012b\u0161anas laik\u0101, jums b\u016bs <strong>netie\u0161s statuss<\/strong>, un j\u016bs var\u0113siet likum\u012bgi uztur\u0113ties Kan\u0101d\u0101 l\u012bdz l\u0113muma pie\u0146em\u0161anai.<\/li>\n<\/ul>\n<\/li>\n<\/ol>\n\n<hr class=\"wp-block-separator has-alpha-channel-opacity\"\/>\n\n<h3 class=\"wp-block-heading\"><strong>P\u0113c pieteik\u0161an\u0101s<\/strong><\/h3>\n\n<ul class=\"wp-block-list\">\n<li><strong>Apstiprin\u0101jums<\/strong>: Ja j\u016bsu pieteikums tiks apstiprin\u0101ts, j\u016bs sa\u0146emsiet apmekl\u0113t\u0101ja ierakstu, kur\u0101 b\u016bs nor\u0101d\u012bts jaunais der\u012bguma termi\u0146\u0161.<\/li>\n\n\n\n<li><strong>Noraid\u012b\u0161ana<\/strong>: Ja j\u016bsu pieteikums tiek noraid\u012bts, jums nekav\u0113joties j\u0101atst\u0101j Kan\u0101da.<\/li>\n\n\n\n<li><strong>Netie\u0161ais statuss<\/strong>: Kam\u0113r gaid\u0101t l\u0113mumu, varat leg\u0101li uztur\u0113ties Kan\u0101d\u0101, ja esat iesniedzis pieteikumu pirms j\u016bsu statusa termi\u0146a beig\u0101m.<\/li>\n<\/ul>\n\n<hr class=\"wp-block-separator has-alpha-channel-opacity\"\/>\n\n<h3 class=\"wp-block-heading\"><strong>Ce\u013co\u0161ana \u0101rpus Kan\u0101das<\/strong><\/h3>\n\n<p>Apmekl\u0113t\u0101ju re\u0123istrs <strong>negarant\u0113 atk\u0101rtotu iece\u013co\u0161anu Kan\u0101d\u0101<\/strong>. Ja j\u016bs atst\u0101jat Kan\u0101du pagarin\u0101t\u0101s uztur\u0113\u0161an\u0101s laik\u0101 un pl\u0101nojat atgriezties, jums b\u016bs nepiecie\u0161ams: <\/p>\n\n<ul class=\"wp-block-list\">\n<li>der\u012bga <strong>apmekl\u0113t\u0101ja v\u012bza<\/strong> vai <strong>eTA<\/strong>, lai atk\u0101rtoti iece\u013cotu Kan\u0101d\u0101, un<\/li>\n\n\n\n<li>J\u016bsu apmekl\u0113t\u0101ju re\u0123istrs, kas apliecina j\u016bsu at\u013caut\u0101s uztur\u0113\u0161an\u0101s pagarin\u0101jumu.<\/li>\n<\/ul>\n\n<hr class=\"wp-block-separator has-alpha-channel-opacity\"\/>\n\n<h3 class=\"wp-block-heading\"><strong>Galven\u0101s maksas un apstr\u0101des laiki<\/strong><\/h3>\n\n<ul class=\"wp-block-list\">\n<li><strong>Nodevas<\/strong>: S\u0101kot no <strong> 100 ASV dol\u0101riem<\/strong> par pieteikumu apmekl\u0113t\u0101ju re\u0123istra ierakstam.<\/li>\n\n\n\n<li><strong>Apstr\u0101des laiks<\/strong>: aptuveni <strong>126 dienas<\/strong> (var main\u012bties).<\/li>\n<\/ul>\n\n<hr class=\"wp-block-separator has-alpha-channel-opacity\"\/>\n\n<h3 class=\"wp-block-heading\"><strong>Svar\u012bgas piez\u012bmes<\/strong><\/h3>\n\n<ul class=\"wp-block-list\">\n<li>P\u0101rliecinieties, ka j\u016bsu pase ir der\u012bga visu uztur\u0113\u0161an\u0101s laiku.<\/li>\n\n\n\n<li>Apmekl\u0113t\u0101ju re\u0123istrs nedod jums ties\u012bbas str\u0101d\u0101t vai stud\u0113t Kan\u0101d\u0101. Lai veiktu \u0161\u012bs darb\u012bbas, jums b\u016bs nepiecie\u0161ama darba vai studiju at\u013cauja. <\/li>\n\n\n\n<li>Ja p\u0101rsniegsiet at\u013cauto uztur\u0113\u0161an\u0101s ilgumu, nepiesakoties pagarin\u0101jumam, var tikt piem\u0113rotas juridiskas sankcijas, un tas var ietekm\u0113t turpm\u0101ko ce\u013co\u0161anu uz Kan\u0101du.<\/li>\n<\/ul>\n\n<p>Lai pl\u0101notu pagarin\u0101t savu uztur\u0113\u0161anos Kan\u0101d\u0101, ir nepiecie\u0161ama sagatavo\u0161an\u0101s un savlaic\u012bga pieteikuma iesnieg\u0161ana. Iev\u0113rojot \u0161o procesu, j\u016bs varat baud\u012bt ilg\u0101ku uztur\u0113\u0161anos, vienlaikus iev\u0113rojot Kan\u0101das imigr\u0101cijas likumus. <\/p>\n","protected":false},"excerpt":{"rendered":"<p>Pagariniet savu uztur\u0113\u0161anos Kan\u0101d\u0101: Apmekl\u0113t\u0101ju re\u0123istrs Ja Kan\u0101d\u0101 v\u0113laties uztur\u0113ties ilg\u0101k par s\u0101kotn\u0113ji at\u013cauto uztur\u0113\u0161an\u0101s laiku, jums b\u016bs j\u0101piesak\u0101s apmekl\u0113t\u0101ja [&hellip;]<\/p>\n","protected":false},"author":1,"featured_media":0,"parent":0,"menu_order":0,"comment_status":"closed","ping_status":"closed","template":"","meta":{"_uag_custom_page_level_css":"","site-sidebar-layout":"default","site-content-layout":"","ast-site-content-layout":"","site-content-style":"default","site-sidebar-style":"default","ast-global-header-display":"","ast-banner-title-visibility":"","ast-main-header-display":"","ast-hfb-above-header-display":"","ast-hfb-below-header-display":"","ast-hfb-mobile-header-display":"","site-post-title":"","ast-breadcrumbs-content":"","ast-featured-img":"","footer-sml-layout":"","theme-transparent-header-meta":"","adv-header-id-meta":"","stick-header-meta":"","header-above-stick-meta":"","header-main-stick-meta":"","header-below-stick-meta":"","astra-migrate-meta-layouts":"default","ast-page-background-enabled":"default","ast-page-background-meta":{"desktop":{"background-color":"var(--ast-global-color-4)","background-image":"","background-repeat":"repeat","background-position":"center center","background-size":"auto","background-attachment":"scroll","background-type":"","background-media":"","overlay-type":"","overlay-color":"","overlay-opacity":"","overlay-gradient":""},"tablet":{"background-color":"","background-image":"","background-repeat":"repeat","background-position":"center center","background-size":"auto","background-attachment":"scroll","background-type":"","background-media":"","overlay-type":"","overlay-color":"","overlay-opacity":"","overlay-gradient":""},"mobile":{"background-color":"","background-image":"","background-repeat":"repeat","background-position":"center center","background-size":"auto","background-attachment":"scroll","background-type":"","background-media":"","overlay-type":"","overlay-color":"","overlay-opacity":"","overlay-gradient":""}},"ast-content-background-meta":{"desktop":{"background-color":"var(--ast-global-color-5)","background-image":"","background-repeat":"repeat","background-position":"center center","background-size":"auto","background-attachment":"scroll","background-type":"","background-media":"","overlay-type":"","overlay-color":"","overlay-opacity":"","overlay-gradient":""},"tablet":{"background-color":"var(--ast-global-color-5)","background-image":"","background-repeat":"repeat","background-position":"center center","background-size":"auto","background-attachment":"scroll","background-type":"","background-media":"","overlay-type":"","overlay-color":"","overlay-opacity":"","overlay-gradient":""},"mobile":{"background-color":"var(--ast-global-color-5)","background-image":"","background-repeat":"repeat","background-position":"center center","background-size":"auto","background-attachment":"scroll","background-type":"","background-media":"","overlay-type":"","overlay-color":"","overlay-opacity":"","overlay-gradient":""}},"footnotes":""},"categories":[],"tags":[],"class_list":["post-1343","page","type-page","status-publish","hentry"],"uagb_featured_image_src":{"full":false,"thumbnail":false,"medium":false,"medium_large":false,"large":false,"1536x1536":false,"2048x2048":false},"uagb_author_info":{"display_name":"admin","author_link":"https:\/\/www.etafast.org\/lv\/author\/admin\/"},"uagb_comment_info":0,"uagb_excerpt":"Pagariniet savu uztur\u0113\u0161anos Kan\u0101d\u0101: Apmekl\u0113t\u0101ju re\u0123istrs Ja Kan\u0101d\u0101 v\u0113laties uztur\u0113ties ilg\u0101k par s\u0101kotn\u0113ji at\u013cauto uztur\u0113\u0161an\u0101s laiku, jums b\u016bs j\u0101piesak\u0101s apmekl\u0113t\u0101ja [&hellip;]","_links":{"self":[{"href":"https:\/\/www.etafast.org\/lv\/wp-json\/wp\/v2\/pages\/1343","targetHints":{"allow":["GET"]}}],"collection":[{"href":"https:\/\/www.etafast.org\/lv\/wp-json\/wp\/v2\/pages"}],"about":[{"href":"https:\/\/www.etafast.org\/lv\/wp-json\/wp\/v2\/types\/page"}],"author":[{"embeddable":true,"href":"https:\/\/www.etafast.org\/lv\/wp-json\/wp\/v2\/users\/1"}],"replies":[{"embeddable":true,"href":"https:\/\/www.etafast.org\/lv\/wp-json\/wp\/v2\/comments?post=1343"}],"version-history":[{"count":1,"href":"https:\/\/www.etafast.org\/lv\/wp-json\/wp\/v2\/pages\/1343\/revisions"}],"predecessor-version":[{"id":1344,"href":"https:\/\/www.etafast.org\/lv\/wp-json\/wp\/v2\/pages\/1343\/revisions\/1344"}],"wp:attachment":[{"href":"https:\/\/www.etafast.org\/lv\/wp-json\/wp\/v2\/media?parent=1343"}],"wp:term":[{"taxonomy":"category","embeddable":true,"href":"https:\/\/www.etafast.org\/lv\/wp-json\/wp\/v2\/categories?post=1343"},{"taxonomy":"post_tag","embeddable":true,"href":"https:\/\/www.etafast.org\/lv\/wp-json\/wp\/v2\/tags?post=1343"}],"curies":[{"name":"wp","href":"https:\/\/api.w.org\/{rel}","templated":true}]}}