{"id":1251,"date":"2024-12-11T08:28:06","date_gmt":"2024-12-11T07:28:06","guid":{"rendered":"https:\/\/www.etafast.org\/superviza-vecakiem-un-vecvecakiem\/"},"modified":"2024-12-11T09:11:42","modified_gmt":"2024-12-11T08:11:42","slug":"superviza-vecakiem-un-vecvecakiem","status":"publish","type":"page","link":"https:\/\/www.etafast.org\/lv\/superviza-vecakiem-un-vecvecakiem\/","title":{"rendered":"Superv\u012bza vec\u0101kiem un vecvec\u0101kiem"},"content":{"rendered":"\n<h3 class=\"wp-block-heading\">Superv\u012bza vec\u0101kiem un vecvec\u0101kiem<\/h3>\n\n<p><strong>Superv\u012bza<\/strong> ir \u012bpa\u0161a v\u012bza, kas paredz\u0113ta Kan\u0101das pilso\u0146u un past\u0101v\u012bgo iedz\u012bvot\u0101ju vec\u0101kiem un vecvec\u0101kiem. T\u0101 \u013cauj Kan\u0101du apmekl\u0113t ilg\u0101k, sniedzot unik\u0101lu iesp\u0113ju pavad\u012bt laiku kop\u0101 ar \u0123imeni un vienlaikus izmantot daudzk\u0101rt\u0113jas iece\u013co\u0161anas priek\u0161roc\u012bbas ilg\u0101k\u0101 laika posm\u0101. <\/p>\n\n<hr class=\"wp-block-separator has-alpha-channel-opacity\"\/>\n\n<h3 class=\"wp-block-heading\"><strong>Kas ir superv\u012bza?<\/strong><\/h3>\n\n<p><strong>Superv\u012bza<\/strong> ir:<\/p>\n\n<ul class=\"wp-block-list\">\n<li><strong>Ilgtermi\u0146a v\u012bza<\/strong>, kas \u013cauj vec\u0101kiem un vecvec\u0101kiem, kuriem ir ties\u012bbas sa\u0146emt v\u012bzu, apmekl\u0113t Kan\u0101du <strong>l\u012bdz 5 gadiem vien\u0101 apmekl\u0113juma reiz\u0113<\/strong> bez nepiecie\u0161am\u012bbas atjaunot savu statusu.<\/li>\n\n\n\n<li><strong>Daudzk\u0101rt\u0113ja iece\u013co\u0161anas v\u012bza<\/strong>, kas der\u012bga <strong>l\u012bdz 10 gadiem<\/strong> un \u013cauj bie\u017ei apmekl\u0113t Kan\u0101du v\u012bzas der\u012bguma termi\u0146a laik\u0101.<\/li>\n<\/ul>\n\n<p>\u0160\u012b v\u012bza ir ide\u0101li piem\u0113rota person\u0101m, kuras pl\u0101no apmekl\u0113t savus b\u0113rnus vai mazb\u0113rnus uz ilg\u0101ku laiku.<\/p>\n\n<hr class=\"wp-block-separator has-alpha-channel-opacity\"\/>\n\n<h3 class=\"wp-block-heading\"><strong>Atbilst\u012bbas pras\u012bbas Superv\u012bzas sa\u0146em\u0161anai<\/strong><\/h3>\n\n<p>Lai pretend\u0113tu uz superv\u012bzu, pieteikuma iesniedz\u0113jiem ir j\u0101atbilst \u012bpa\u0161iem krit\u0113rijiem:<\/p>\n\n<ol class=\"wp-block-list\">\n<li><strong>Attiec\u012bbas<\/strong>:\n<ul class=\"wp-block-list\">\n<li>b\u016bt Kan\u0101das pilso\u0146a vai past\u0101v\u012bg\u0101 iedz\u012bvot\u0101ja <strong>vec\u0101kam vai vecvec\u0101kam<\/strong>.<\/li>\n<\/ul>\n<\/li>\n\n\n\n<li><strong>Uzaicin\u0101juma v\u0113stule<\/strong>:\n<ul class=\"wp-block-list\">\n<li>Iesniedziet b\u0113rna vai mazb\u0113rna uzaicin\u0101juma v\u0113stuli no Kan\u0101das.<\/li>\n\n\n\n<li>V\u0113stul\u0113 j\u0101nor\u0101da:\n<ul class=\"wp-block-list\">\n<li>sol\u012bjums sniegt finansi\u0101lu atbalstu j\u016bsu viz\u012btes laik\u0101.<\/li>\n\n\n\n<li>S\u012bk\u0101ka inform\u0101cija par j\u016bsu attiec\u012bb\u0101m.<\/li>\n\n\n\n<li>Saimnieka m\u0101jsaimniec\u012bbas locek\u013cu saraksts Kan\u0101d\u0101.<\/li>\n<\/ul>\n<\/li>\n<\/ul>\n<\/li>\n\n\n\n<li><strong>Pras\u012bbas attiec\u012bb\u0101 uz ien\u0101kumiem<\/strong>:\n<ul class=\"wp-block-list\">\n<li>B\u0113rnam vai mazb\u0113rnam ir j\u0101atbilst <strong>minim\u0101lajam ien\u0101kumu slieksnim<\/strong> atkar\u012bb\u0101 no \u0123imenes locek\u013cu skaita.<\/li>\n<\/ul>\n<\/li>\n\n\n\n<li><strong>Vesel\u012bbas apdro\u0161in\u0101\u0161ana<\/strong>:\n<ul class=\"wp-block-list\">\n<li>Ieg\u0101d\u0101jieties priv\u0101to <strong>medic\u012bnisko apdro\u0161in\u0101\u0161anu<\/strong> no Kan\u0101das apdro\u0161in\u0101\u0161anas sabiedr\u012bbas, kas:\n<ul class=\"wp-block-list\">\n<li>Apdro\u0161in\u0101\u0161ana vismaz <strong> 100 000 CAD dol\u0101ru<\/strong> apm\u0113r\u0101.<\/li>\n\n\n\n<li>ir der\u012bgs <strong>vismaz vienu gadu<\/strong> no iece\u013co\u0161anas dienas.<\/li>\n\n\n\n<li>Ietver piln\u012bgu maks\u0101jumu apliecino\u0161u dokumentu (nevis cenu pied\u0101v\u0101jumu).<\/li>\n<\/ul>\n<\/li>\n<\/ul>\n<\/li>\n\n\n\n<li><strong>Medic\u012bnisk\u0101 p\u0101rbaude<\/strong>:\n<ul class=\"wp-block-list\">\n<li>nok\u0101rtot imigr\u0101cijas medic\u012bnisko p\u0101rbaudi, lai pier\u0101d\u012btu pie\u0146emam\u012bbu.<\/li>\n<\/ul>\n<\/li>\n\n\n\n<li><strong>Papildu pras\u012bbas:<\/strong>\n<ul class=\"wp-block-list\">\n<li>Pier\u0101diet, ka esat cie\u0161i saist\u012bts ar dzimteni, piem\u0113ram, ar \u0123imeni, finans\u0113m vai darbu, lai p\u0101rliecin\u0101tos, ka p\u0113c viz\u012btes atst\u0101siet Kan\u0101du.<\/li>\n\n\n\n<li>Aplieciniet, ka j\u016bsu r\u012bc\u012bb\u0101 ir pietiekami daudz l\u012bdzek\u013cu j\u016bsu viz\u012btei.<\/li>\n<\/ul>\n<\/li>\n<\/ol>\n\n<hr class=\"wp-block-separator has-alpha-channel-opacity\"\/>\n\n<h3 class=\"wp-block-heading\"><strong>Cik ilgi j\u016bs varat uztur\u0113ties Kan\u0101d\u0101?<\/strong><\/h3>\n\n<p>J\u016bsu uztur\u0113\u0161an\u0101s ilgums ir atkar\u012bgs no t\u0101, kad esat iesniedzis pieteikumu Superv\u012bzas sa\u0146em\u0161anai:<\/p>\n\n<ul class=\"wp-block-list\">\n<li><strong>Pieteikumi 2023. gada 22. j\u016bnij\u0101 vai v\u0113l\u0101k:<\/strong>\n<ul class=\"wp-block-list\">\n<li>Superv\u012bzas tur\u0113t\u0101ji <strong>vien\u0101 viz\u012bt\u0113<\/strong> var uztur\u0113ties <strong>ne ilg\u0101k k\u0101 5 gadus<\/strong>.<\/li>\n<\/ul>\n<\/li>\n\n\n\n<li><strong>Pieteikumi l\u012bdz 2023. gada 22. j\u016bnijam<\/strong>:\n<ul class=\"wp-block-list\">\n<li><strong>Viena apmekl\u0113juma laik\u0101<\/strong> varat uztur\u0113ties <strong>l\u012bdz 2 gadiem<\/strong>.<\/li>\n<\/ul>\n<\/li>\n<\/ul>\n\n<p>Neatkar\u012bgi no pieteikuma datuma:<\/p>\n\n<ul class=\"wp-block-list\">\n<li>P\u0101rliecinieties, ka j\u016bsu <strong>pase ir der\u012bga<\/strong> uz uztur\u0113\u0161an\u0101s laiku.<\/li>\n\n\n\n<li>Saglab\u0101jiet vai atjaunojiet savu <strong>vesel\u012bbas apdro\u0161in\u0101\u0161anu<\/strong>, kam\u0113r uzturaties Kan\u0101d\u0101 vai p\u0113c atk\u0101rtotas iece\u013co\u0161anas.<\/li>\n<\/ul>\n\n<hr class=\"wp-block-separator has-alpha-channel-opacity\"\/>\n\n<h3 class=\"wp-block-heading\"><strong>Superv\u012bzas priek\u0161roc\u012bbas<\/strong><\/h3>\n\n<ol class=\"wp-block-list\">\n<li><strong>Papla\u0161in\u0101ti apmekl\u0113jumi<\/strong>:\n<ul class=\"wp-block-list\">\n<li>Baudiet ilgtermi\u0146a uztur\u0113\u0161anos, bie\u017ei nepieprasot pagarin\u0101jumus.<\/li>\n<\/ul>\n<\/li>\n\n\n\n<li><strong>Vair\u0101ki ieraksti<\/strong>:\n<ul class=\"wp-block-list\">\n<li>10 gadu laik\u0101 vair\u0101kk\u0101rt ce\u013cojiet uz Kan\u0101du.<\/li>\n<\/ul>\n<\/li>\n\n\n\n<li><strong>Mier\u012bgs pr\u0101ts<\/strong>:\n<ul class=\"wp-block-list\">\n<li>Pras\u012bba par vesel\u012bbas apdro\u0161in\u0101\u0161anu nodro\u0161ina medic\u012bnisko apr\u016bpi j\u016bsu uztur\u0113\u0161an\u0101s laik\u0101.<\/li>\n<\/ul>\n<\/li>\n\n\n\n<li><strong>\u0122imenes atkalapvieno\u0161an\u0101s<\/strong>:\n<ul class=\"wp-block-list\">\n<li>Veiciniet cie\u0161\u0101kas saiknes ar saviem b\u0113rniem un mazb\u0113rniem.<\/li>\n<\/ul>\n<\/li>\n<\/ol>\n","protected":false},"excerpt":{"rendered":"<p>Superv\u012bza vec\u0101kiem un vecvec\u0101kiem Superv\u012bza ir \u012bpa\u0161a v\u012bza, kas paredz\u0113ta Kan\u0101das pilso\u0146u un past\u0101v\u012bgo iedz\u012bvot\u0101ju vec\u0101kiem un vecvec\u0101kiem. T\u0101 \u013cauj [&hellip;]<\/p>\n","protected":false},"author":1,"featured_media":0,"parent":0,"menu_order":0,"comment_status":"closed","ping_status":"closed","template":"","meta":{"_uag_custom_page_level_css":"","site-sidebar-layout":"default","site-content-layout":"","ast-site-content-layout":"","site-content-style":"default","site-sidebar-style":"default","ast-global-header-display":"","ast-banner-title-visibility":"","ast-main-header-display":"","ast-hfb-above-header-display":"","ast-hfb-below-header-display":"","ast-hfb-mobile-header-display":"","site-post-title":"","ast-breadcrumbs-content":"","ast-featured-img":"","footer-sml-layout":"","theme-transparent-header-meta":"","adv-header-id-meta":"","stick-header-meta":"","header-above-stick-meta":"","header-main-stick-meta":"","header-below-stick-meta":"","astra-migrate-meta-layouts":"default","ast-page-background-enabled":"default","ast-page-background-meta":{"desktop":{"background-color":"var(--ast-global-color-4)","background-image":"","background-repeat":"repeat","background-position":"center center","background-size":"auto","background-attachment":"scroll","background-type":"","background-media":"","overlay-type":"","overlay-color":"","overlay-opacity":"","overlay-gradient":""},"tablet":{"background-color":"","background-image":"","background-repeat":"repeat","background-position":"center center","background-size":"auto","background-attachment":"scroll","background-type":"","background-media":"","overlay-type":"","overlay-color":"","overlay-opacity":"","overlay-gradient":""},"mobile":{"background-color":"","background-image":"","background-repeat":"repeat","background-position":"center center","background-size":"auto","background-attachment":"scroll","background-type":"","background-media":"","overlay-type":"","overlay-color":"","overlay-opacity":"","overlay-gradient":""}},"ast-content-background-meta":{"desktop":{"background-color":"var(--ast-global-color-5)","background-image":"","background-repeat":"repeat","background-position":"center center","background-size":"auto","background-attachment":"scroll","background-type":"","background-media":"","overlay-type":"","overlay-color":"","overlay-opacity":"","overlay-gradient":""},"tablet":{"background-color":"var(--ast-global-color-5)","background-image":"","background-repeat":"repeat","background-position":"center center","background-size":"auto","background-attachment":"scroll","background-type":"","background-media":"","overlay-type":"","overlay-color":"","overlay-opacity":"","overlay-gradient":""},"mobile":{"background-color":"var(--ast-global-color-5)","background-image":"","background-repeat":"repeat","background-position":"center center","background-size":"auto","background-attachment":"scroll","background-type":"","background-media":"","overlay-type":"","overlay-color":"","overlay-opacity":"","overlay-gradient":""}},"footnotes":""},"categories":[],"tags":[],"class_list":["post-1251","page","type-page","status-publish","hentry"],"uagb_featured_image_src":{"full":false,"thumbnail":false,"medium":false,"medium_large":false,"large":false,"1536x1536":false,"2048x2048":false},"uagb_author_info":{"display_name":"admin","author_link":"https:\/\/www.etafast.org\/lv\/author\/admin\/"},"uagb_comment_info":0,"uagb_excerpt":"Superv\u012bza vec\u0101kiem un vecvec\u0101kiem Superv\u012bza ir \u012bpa\u0161a v\u012bza, kas paredz\u0113ta Kan\u0101das pilso\u0146u un past\u0101v\u012bgo iedz\u012bvot\u0101ju vec\u0101kiem un vecvec\u0101kiem. T\u0101 \u013cauj [&hellip;]","_links":{"self":[{"href":"https:\/\/www.etafast.org\/lv\/wp-json\/wp\/v2\/pages\/1251","targetHints":{"allow":["GET"]}}],"collection":[{"href":"https:\/\/www.etafast.org\/lv\/wp-json\/wp\/v2\/pages"}],"about":[{"href":"https:\/\/www.etafast.org\/lv\/wp-json\/wp\/v2\/types\/page"}],"author":[{"embeddable":true,"href":"https:\/\/www.etafast.org\/lv\/wp-json\/wp\/v2\/users\/1"}],"replies":[{"embeddable":true,"href":"https:\/\/www.etafast.org\/lv\/wp-json\/wp\/v2\/comments?post=1251"}],"version-history":[{"count":1,"href":"https:\/\/www.etafast.org\/lv\/wp-json\/wp\/v2\/pages\/1251\/revisions"}],"predecessor-version":[{"id":1252,"href":"https:\/\/www.etafast.org\/lv\/wp-json\/wp\/v2\/pages\/1251\/revisions\/1252"}],"wp:attachment":[{"href":"https:\/\/www.etafast.org\/lv\/wp-json\/wp\/v2\/media?parent=1251"}],"wp:term":[{"taxonomy":"category","embeddable":true,"href":"https:\/\/www.etafast.org\/lv\/wp-json\/wp\/v2\/categories?post=1251"},{"taxonomy":"post_tag","embeddable":true,"href":"https:\/\/www.etafast.org\/lv\/wp-json\/wp\/v2\/tags?post=1251"}],"curies":[{"name":"wp","href":"https:\/\/api.w.org\/{rel}","templated":true}]}}