{"id":961,"date":"2024-12-11T08:30:38","date_gmt":"2024-12-11T07:30:38","guid":{"rendered":"https:\/\/www.etafast.org\/tranzitas-per-kanada\/"},"modified":"2024-12-11T09:07:29","modified_gmt":"2024-12-11T08:07:29","slug":"tranzitas-per-kanada","status":"publish","type":"page","link":"https:\/\/www.etafast.org\/lt\/tranzitas-per-kanada\/","title":{"rendered":"Tranzitas per Kanad\u0105"},"content":{"rendered":"\n<p>Jei keliaujate \u012f kit\u0105 \u0161al\u012f ir turite vykti per Kanad\u0105 tranzitu, dokument\u0173 reikalavimai priklauso nuo keli\u0173 veiksni\u0173, \u012fskaitant kelion\u0117s b\u016bd\u0105, buvimo trukm\u0119, pilietyb\u0119 ir imigracijos status\u0105. Toliau pateikiame i\u0161sam\u0173 vadov\u0105, kuris pad\u0117s nustatyti, ko jums reikia skland\u017eiam tranzitui per Kanad\u0105. <\/p>\n\n<hr class=\"wp-block-separator has-alpha-channel-opacity\"\/>\n\n<h3 class=\"wp-block-heading\"><strong>Veiksniai, lemiantys j\u016bs\u0173 tranzito reikalavimus<\/strong><\/h3>\n\n<ol class=\"wp-block-list\">\n<li><strong>Kelion\u0117s b\u016bdas<\/strong>:\n<ul class=\"wp-block-list\">\n<li>Oro transportu (tarptautiniai skryd\u017eiai su pers\u0117dimu Kanados oro uostuose).<\/li>\n\n\n\n<li>Automobiliu, autobusu, traukiniu arba laivu (\u012fskaitant kruizinius laivus).<\/li>\n<\/ul>\n<\/li>\n\n\n\n<li><strong>Tranzito trukm\u0117<\/strong>:\n<ul class=\"wp-block-list\">\n<li>Ma\u017eiau nei 48 valandos.<\/li>\n\n\n\n<li>Daugiau nei 48 valandos.<\/li>\n<\/ul>\n<\/li>\n\n\n\n<li><strong>Pilietyb\u0117 ir imigracijos statusas<\/strong>:\n<ul class=\"wp-block-list\">\n<li>J\u016bs\u0173 paso \u0161alis.<\/li>\n\n\n\n<li>Nesvarbu, ar esate JAV pilietis, teis\u0117tas nuolatinis JAV gyventojas, ar turite galiojan\u010di\u0105 JAV viz\u0105.<\/li>\n<\/ul>\n<\/li>\n<\/ol>\n\n<hr class=\"wp-block-separator has-alpha-channel-opacity\"\/>\n\n<h3 class=\"wp-block-heading\"><strong>Tranzito per Kanad\u0105 dokument\u0173 parinktys<\/strong><\/h3>\n\n<h4 class=\"wp-block-heading\"><strong>1. Lankytojo viza<\/strong><\/h4>\n\n<p><strong>Lankytojo vizos<\/strong> reikia, jei:<\/p>\n\n<ul class=\"wp-block-list\">\n<li>Esate i\u0161 <strong>\u0161alies, kuriai reikalinga viza,<\/strong> ir planuojate:\n<ul class=\"wp-block-list\">\n<li>Apsilankykite Kanadoje, net jei tai trumpesnis nei 48 valand\u0173 vizitas.<\/li>\n\n\n\n<li>Buvimas Kanadoje <strong>ilgiau nei 48 valandas<\/strong> tranzito metu.<\/li>\n<\/ul>\n<\/li>\n\n\n\n<li>Keliaujate <strong>autobusu, automobiliu, traukiniu, laivu ar kruiziniu laivu<\/strong> i\u0161 \u0161alies, \u012f kuri\u0105 reikalinga viza.<\/li>\n<\/ul>\n\n<p><\/p>\n\n<hr class=\"wp-block-separator has-alpha-channel-opacity\"\/>\n\n<h4 class=\"wp-block-heading\"><strong>2. Tranzito viza<\/strong><\/h4>\n\n<p><strong>Tranzitin\u0117s vizos<\/strong> reikia, jei:<\/p>\n\n<ul class=\"wp-block-list\">\n<li>Esate i\u0161 <strong>\u0161alies, kuriai reikalinga viza,<\/strong> ir:\n<ul class=\"wp-block-list\">\n<li>Tarptautinis skrydis sustoja Kanados oro uoste pakeliui \u012f kit\u0105 paskirties viet\u0105.<\/li>\n\n\n\n<li>Viename ar keliuose Kanados oro uostuose pers\u0117date tarp dviej\u0173 tarptautini\u0173 skryd\u017ei\u0173.<\/li>\n\n\n\n<li>Tranzitas trunka <strong>48 valandas arba trumpiau<\/strong>.<\/li>\n\n\n\n<li>Neturite galiojan\u010dios lankytojo vizos.<\/li>\n\n\n\n<li>J\u016bs neturite teis\u0117s gauti eTA.<\/li>\n<\/ul>\n<\/li>\n<\/ul>\n\n<p><\/p>\n\n<hr class=\"wp-block-separator has-alpha-channel-opacity\"\/>\n\n<h4 class=\"wp-block-heading\"><strong>3. Elektroninis kelion\u0117s leidimas (eTA)<\/strong><\/h4>\n\n<p>Jums reikia <strong>eTA<\/strong>, jei:<\/p>\n\n<ul class=\"wp-block-list\">\n<li>Esate i\u0161 <strong>\u0161alies, kurioje reikalaujama eTA,<\/strong> ir:\n<ul class=\"wp-block-list\">\n<li>Tranzitas per Kanad\u0105 oro transportu.<\/li>\n\n\n\n<li>J\u016bs\u0173 tranzitas yra jungiamojo tarptautinio skryd\u017eio dalis.<\/li>\n<\/ul>\n<\/li>\n<\/ul>\n\n<p><strong>I\u0161imtys<\/strong>:<\/p>\n\n<ul class=\"wp-block-list\">\n<li>Jei vykstate traukiniu, autobusu, laivu ar kruiziniu laivu, eTA nereikia, ta\u010diau turite tur\u0117ti galiojan\u010dius kelion\u0117s dokumentus.<\/li>\n<\/ul>\n\n<p><\/p>\n\n<hr class=\"wp-block-separator has-alpha-channel-opacity\"\/>\n\n<h4 class=\"wp-block-heading\"><strong>4. Tranzitas be vizos<\/strong><\/h4>\n\n<ul class=\"wp-block-list\">\n<li><strong>JAV pilie\u010diai ir teis\u0117ti nuolatiniai gyventojai<\/strong>:<br>JAV pilie\u010diai ir JAV \u017ealiosios kortel\u0117s tur\u0117tojai gali vykti per Kanad\u0105 be vizos l\u0117ktuvu, automobiliu, autobusu, traukiniu ar laivu. \u012esitikinkite, kad turite su savimi: \n<ul class=\"wp-block-list\">\n<li>Galiojant\u012f pas\u0105 arba kelion\u0117s dokument\u0105.<\/li>\n\n\n\n<li>galiojanti JAV \u017ealioji kortel\u0117 (teis\u0117tiems nuolatiniams gyventojams).<\/li>\n<\/ul>\n<\/li>\n\n\n\n<li><strong>Tam tikr\u0173 \u0161ali\u0173 pas\u0173 tur\u0117tojai<\/strong>:<br\/><strong>Kinijos, Indonezijos, Filipin\u0173, Filipin\u0173, Tailando<\/strong> arba <strong>Taivano<\/strong> pilie\u010diai (be asmens kodo) gali vykti tranzitu be vizos, jei atitinka tam tikras s\u0105lygas.<\/li>\n<\/ul>\n\n<p><\/p>\n\n<hr class=\"wp-block-separator has-alpha-channel-opacity\"\/>\n\n<h3 class=\"wp-block-heading\"><strong>Dokumentai, kuriuos privalote tur\u0117ti su savimi<\/strong><\/h3>\n\n<p>Vykdami tranzitu per Kanad\u0105 visada tur\u0117kite \u0161iuos dokumentus:<\/p>\n\n<ul class=\"wp-block-list\">\n<li>Vis\u0105 kelion\u0119 galiojantis pasas arba kelion\u0117s dokumentas.<\/li>\n\n\n\n<li>galiojanti viza, tranzitin\u0117 viza arba eTA (jei taikoma).<\/li>\n\n\n\n<li>Nuolatiniams JAV gyventojams: Galiojan\u010di\u0105 \u017eali\u0105j\u0105 kort\u0105 arba lygiavert\u012f status\u0105 patvirtinant\u012f dokument\u0105.<\/li>\n\n\n\n<li>tolesn\u0117s kelion\u0117s \u012frodymas, pvz., l\u0117ktuvo bilietai arba kelion\u0117s planas.<\/li>\n<\/ul>\n\n<hr class=\"wp-block-separator has-alpha-channel-opacity\"\/>\n\n<h3 class=\"wp-block-heading\"><strong>Pagrindin\u0117s pastabos<\/strong><\/h3>\n\n<ul class=\"wp-block-list\">\n<li><strong>Tranzito trukm\u0117<\/strong>: Jei tranzito trukm\u0117 ilgesn\u0117 nei 48 valandos, jums reik\u0117s lankytojo vizos.<\/li>\n\n\n\n<li><strong>Atvykimo b\u016bdas<\/strong>: eTA reikalingas keliaujant l\u0117ktuvu, bet ne sausuma ar j\u016bra.<\/li>\n\n\n\n<li><strong>I\u0161ankstin\u0117 parai\u0161ka<\/strong>: Kad i\u0161vengtum\u0117te v\u0117lavimo, d\u0117l reikiamo dokumento kreipkit\u0117s likus pakankamai laiko iki kelion\u0117s datos.<\/li>\n<\/ul>\n\n<p>\u012esitikin\u0119, kad turite tinkamus dokumentus, galite skland\u017eiai kirsti Kanad\u0105 ir susitelkti \u012f galutin\u012f kelion\u0117s tiksl\u0105.<\/p>\n","protected":false},"excerpt":{"rendered":"<p>Jei keliaujate \u012f kit\u0105 \u0161al\u012f ir turite vykti per Kanad\u0105 tranzitu, dokument\u0173 reikalavimai priklauso nuo keli\u0173 veiksni\u0173, \u012fskaitant kelion\u0117s b\u016bd\u0105, [&hellip;]<\/p>\n","protected":false},"author":1,"featured_media":0,"parent":0,"menu_order":0,"comment_status":"closed","ping_status":"closed","template":"","meta":{"_uag_custom_page_level_css":"","site-sidebar-layout":"default","site-content-layout":"","ast-site-content-layout":"","site-content-style":"default","site-sidebar-style":"default","ast-global-header-display":"","ast-banner-title-visibility":"","ast-main-header-display":"","ast-hfb-above-header-display":"","ast-hfb-below-header-display":"","ast-hfb-mobile-header-display":"","site-post-title":"","ast-breadcrumbs-content":"","ast-featured-img":"","footer-sml-layout":"","theme-transparent-header-meta":"","adv-header-id-meta":"","stick-header-meta":"","header-above-stick-meta":"","header-main-stick-meta":"","header-below-stick-meta":"","astra-migrate-meta-layouts":"default","ast-page-background-enabled":"default","ast-page-background-meta":{"desktop":{"background-color":"var(--ast-global-color-4)","background-image":"","background-repeat":"repeat","background-position":"center center","background-size":"auto","background-attachment":"scroll","background-type":"","background-media":"","overlay-type":"","overlay-color":"","overlay-opacity":"","overlay-gradient":""},"tablet":{"background-color":"","background-image":"","background-repeat":"repeat","background-position":"center center","background-size":"auto","background-attachment":"scroll","background-type":"","background-media":"","overlay-type":"","overlay-color":"","overlay-opacity":"","overlay-gradient":""},"mobile":{"background-color":"","background-image":"","background-repeat":"repeat","background-position":"center center","background-size":"auto","background-attachment":"scroll","background-type":"","background-media":"","overlay-type":"","overlay-color":"","overlay-opacity":"","overlay-gradient":""}},"ast-content-background-meta":{"desktop":{"background-color":"var(--ast-global-color-5)","background-image":"","background-repeat":"repeat","background-position":"center center","background-size":"auto","background-attachment":"scroll","background-type":"","background-media":"","overlay-type":"","overlay-color":"","overlay-opacity":"","overlay-gradient":""},"tablet":{"background-color":"var(--ast-global-color-5)","background-image":"","background-repeat":"repeat","background-position":"center center","background-size":"auto","background-attachment":"scroll","background-type":"","background-media":"","overlay-type":"","overlay-color":"","overlay-opacity":"","overlay-gradient":""},"mobile":{"background-color":"var(--ast-global-color-5)","background-image":"","background-repeat":"repeat","background-position":"center center","background-size":"auto","background-attachment":"scroll","background-type":"","background-media":"","overlay-type":"","overlay-color":"","overlay-opacity":"","overlay-gradient":""}},"footnotes":""},"categories":[],"tags":[],"class_list":["post-961","page","type-page","status-publish","hentry"],"uagb_featured_image_src":{"full":false,"thumbnail":false,"medium":false,"medium_large":false,"large":false,"1536x1536":false,"2048x2048":false},"uagb_author_info":{"display_name":"admin","author_link":"https:\/\/www.etafast.org\/lt\/author\/admin\/"},"uagb_comment_info":0,"uagb_excerpt":"Jei keliaujate \u012f kit\u0105 \u0161al\u012f ir turite vykti per Kanad\u0105 tranzitu, dokument\u0173 reikalavimai priklauso nuo keli\u0173 veiksni\u0173, \u012fskaitant kelion\u0117s b\u016bd\u0105, [&hellip;]","_links":{"self":[{"href":"https:\/\/www.etafast.org\/lt\/wp-json\/wp\/v2\/pages\/961","targetHints":{"allow":["GET"]}}],"collection":[{"href":"https:\/\/www.etafast.org\/lt\/wp-json\/wp\/v2\/pages"}],"about":[{"href":"https:\/\/www.etafast.org\/lt\/wp-json\/wp\/v2\/types\/page"}],"author":[{"embeddable":true,"href":"https:\/\/www.etafast.org\/lt\/wp-json\/wp\/v2\/users\/1"}],"replies":[{"embeddable":true,"href":"https:\/\/www.etafast.org\/lt\/wp-json\/wp\/v2\/comments?post=961"}],"version-history":[{"count":1,"href":"https:\/\/www.etafast.org\/lt\/wp-json\/wp\/v2\/pages\/961\/revisions"}],"predecessor-version":[{"id":962,"href":"https:\/\/www.etafast.org\/lt\/wp-json\/wp\/v2\/pages\/961\/revisions\/962"}],"wp:attachment":[{"href":"https:\/\/www.etafast.org\/lt\/wp-json\/wp\/v2\/media?parent=961"}],"wp:term":[{"taxonomy":"category","embeddable":true,"href":"https:\/\/www.etafast.org\/lt\/wp-json\/wp\/v2\/categories?post=961"},{"taxonomy":"post_tag","embeddable":true,"href":"https:\/\/www.etafast.org\/lt\/wp-json\/wp\/v2\/tags?post=961"}],"curies":[{"name":"wp","href":"https:\/\/api.w.org\/{rel}","templated":true}]}}