{"id":471,"date":"2024-12-02T16:08:30","date_gmt":"2024-12-02T15:08:30","guid":{"rendered":"https:\/\/www.etafast.org\/susisiekite-su\/"},"modified":"2024-12-11T09:03:25","modified_gmt":"2024-12-11T08:03:25","slug":"susisiekite-su","status":"publish","type":"page","link":"https:\/\/www.etafast.org\/lt\/susisiekite-su\/","title":{"rendered":"Susisiekite su"},"content":{"rendered":"<style>\n.accordion-content {\n    display: none;\n    padding: 10px;\n    border: 1px solid #ccc;\n    border-top: none;\n}\n\n.accordion-header {\n    cursor: pointer;\n    padding: 10px;\n    border: 1px solid #ccc;\n    margin: 0;\nbackground-color:#fafafa;\nmargin-bottom:10px;\nborder-radius:3px;\npadding-right:50px;\nposition: relative;\nfont-size:110%;\n}\n.accordion-header .qs {\n\n}\n.arrow {\n    position: absolute;\n    right: 10px;\n    top: 10px;\n}\n\n.arrow-up {\n    transform: rotate(180deg);\n}\n<\/style>\n\n\n<script>\njQuery(document).ready(function(){\n    jQuery(\".accordion-header\").click(function() {\n        \/\/ Toggle the arrow direction of the clicked header\n        jQuery(this).children(\".arrow\").toggleClass(\"arrow-up\", !jQuery(this).next().is(\":visible\"));\n        \n        \/\/ Close previously opened content and reset their arrows\n        jQuery(\".accordion-content\").not(jQuery(this).next()).slideUp().prev().children(\".arrow\").removeClass(\"arrow-up\");\n        jQuery(\".accordion-content\").not(jQuery(this).next()).prev().find(\".arrow\").html(\"&#9660;\"); \/\/ Reset other arrows to down\n        \n        jQuery(this).next().slideToggle();\n        if(jQuery(this).next().is(\":visible\")) {\n            jQuery(this).find(\".arrow\").html(\"&#9660;\"); \/\/ Change to up arrow\n        } else {\n            jQuery(this).find(\".arrow\").html(\"&#9650;\"); \/\/ Change back to down arrow\n        }\n    });\n});\n<\/script>\n\n\n<div class=\"accordion\"><h4 class=\"accordion-header\"><span class=\"qs\">Ar mok\u0117jimas gr\u0105\u017einamas<\/span><span class=\"arrow\">&#9660;<\/span><\/h4>\n            <div class=\"accordion-content\">\n            <p>Taip. Mokestis gr\u0105\u017einamas prie\u0161 suteikiant jums paslaug\u0105. Daugiau informacijos rasite s\u0105lygose ir nuostatose<\/p>\n            <\/div><\/div><script type=\"application\/ld+json\">\n    {\n      \"@context\": \"https:\/\/schema.org\",\n      \"@type\": \"FAQPage\",\n      \"mainEntity\": [{\n        \"@type\": \"Question\",\n        \"name\": \"Ar mok\u0117jimas gr\u0105\u017einamas\",\n        \"acceptedAnswer\": {\n          \"@type\": \"Answer\",\n          \"text\": \"Taip. Mokestis gr\u0105\u017einamas prie\u0161 suteikiant jums paslaug\u0105. Daugiau informacijos rasite s\u0105lygose ir nuostatose\"\n        }\n      }\n      ]\n    }\n    <\/script>\n\n\n<h2>Klient\u0173 aptarnavimas<\/h2><style>\n.accordion-content2 {\n    display: none;\n    padding: 10px;\n    border: 1px solid #ccc;\n    border-top: none;\n}\n            \n.accordion-header2 {\n    cursor: pointer;\n    padding: 10px;\n    border: 1px solid #ccc;\n    margin: 0;\nbackground-color:#fafafa;\nmargin-bottom:10px;\nborder-radius:3px;\npadding-right:50px;\nposition: relative;\nfont-size:110%;\n}\n.accordion-header2 .qs {\n            \n}\n.arrow2 {\n    position: absolute;\n    right: 10px;\n    top: 10px;\n}\n            \n.arrow-up2 {\n    transform: rotate(180deg);\n}\n<\/style>\n            \n            \n<script>\njQuery(document).ready(function(){\n    jQuery(\".accordion-header2\").click(function() {\n        \/\/ Toggle the arrow direction of the clicked header\n        jQuery(this).children(\".arrow2\").toggleClass(\"arrow-up2\", !jQuery(this).next().is(\":visible\"));\n            \n        \/\/ Close previously opened content and reset their arrows\n        jQuery(\".accordion-content2\").not(jQuery(this).next()).slideUp().prev().children(\".arrow2\").removeClass(\"arrow-up2\");\n        jQuery(\".accordion-content2\").not(jQuery(this).next()).prev().find(\".arrow2\").html(\"&#9660;\"); \/\/ Reset other arrows to down\n            \n        jQuery(this).next().slideToggle();\n        if(jQuery(this).next().is(\":visible\")) {\n            jQuery(this).find(\".arrow2\").html(\"&#9660;\"); \/\/ Change to up arrow\n        } else {\n            jQuery(this).find(\".arrow2\").html(\"&#9650;\"); \/\/ Change back to down arrow\n        }\n    });\n});\n<\/script>\n            \n            \n<div class=\"accordion2\"><h4 class=\"accordion-header2\"><span class=\"qs2\">Negavau jokio u\u017esakymo patvirtinimo<\/span><span class=\"arrow2\">&#9660;<\/span><\/h4>\n            <div class=\"accordion-content2\">\n            <p>Paslaugos registracij\u0105 pradedame ma\u017edaug 12 valand\u0173 iki galiojimo prad\u017eios. Jei galioja t\u0105 pa\u010di\u0105 dien\u0105, per 5 minutes nuo mok\u0117jimo gavimo.\n Jei norite aktyvinimo duomenis gauti nedelsiant, galite nedelsdami prad\u0117ti registracij\u0105 adresu, kur\u012f jums atsiunt\u0117me pirmame el. lai\u0161ke. \nGali atsitikti taip, kad negausite el. lai\u0161ko, patvirtinan\u010dio mok\u0117jimo gavim\u0105 (pavyzd\u017eiui, d\u0117l neteisingo el. pa\u0161to adreso). Tokiu atveju, pra\u0161ome:<br \/> \n- pirmiausia patikrinkite \u0161lam\u0161to aplank\u0105<br \/> \n- jei vis dar nerandate jokios informacijos i\u0161 m\u016bs\u0173, pabandykite rasti savo u\u017esakym\u0105 naudodami auk\u0161\u010diau esan\u010di\u0105 form\u0105<br \/> \n- rastame puslapyje galite pataisyti savo el. pa\u0161to adres\u0105 ir sekti u\u017esakymo b\u016bsen\u0105<br \/><br \/> \n \nJei nerandate savo u\u017esakym\u0173 valdymo adreso, susisiekite su mumis bet kuriuo metu.<br \/> \n\n<br \/><a href=\"#cform\" onclick=\"document.getElementById('cform').style.display='';\">Susisiekite su klient\u0173 aptarnavimo tarnyba<\/a><\/p>\n            <\/div><h4 class=\"accordion-header2\"><span class=\"qs2\">Noriu pakeisti savo registracijos duomenis<\/span><span class=\"arrow2\">&#9660;<\/span><\/h4>\n            <div class=\"accordion-content2\">\n            <p>Paslaugos registracij\u0105 pradedame ma\u017edaug 12 valand\u0173 iki galiojimo prad\u017eios. Jei galioja t\u0105 pa\u010di\u0105 dien\u0105, per 5 minutes nuo mok\u0117jimo gavimo.\nIki tol duomenis galima pakeisti u\u017esakymo informacijos puslapyje. \u0160\u012f adres\u0105 rasite kiekviename m\u016bs\u0173 el. lai\u0161ke, kur\u012f gausite.\n\nJei negavote el. lai\u0161ko, patvirtinan\u010dio mok\u0117jimo gavim\u0105 (pavyzd\u017eiui, d\u0117l neteisingo el. pa\u0161to adreso). Tokiu atveju, pra\u0161ome:<br \/> \n- pirmiausia patikrinkite \u0161lam\u0161to aplank\u0105<br \/> \n- jei vis dar nerandate jokios informacijos i\u0161 m\u016bs\u0173, pabandykite surasti savo u\u017esakym\u0105 naudodami auk\u0161\u010diau esan\u010di\u0105 form\u0105 (U\u017esakymo b\u016bsenos patikrinimas).<br \/> \n- rastame puslapyje galite redaguoti savo duomenis ir sekti u\u017esakymo b\u016bsen\u0105<br \/> \n<br \/> Jei j\u016bs\u0173 u\u017esakymas jau apdorotas, joki\u0173 duomen\u0173 pakeisti negalima. Atkreipkite d\u0117mes\u012f, kad pateikus neteisingus duomenis (ypa\u010d transporto priemon\u0117s registracijos \u0161al\u012f, valstybin\u012f numer\u012f, galiojimo dat\u0105)#\n vinjet\u0117 yra negaliojanti ir paslaug\u0105 reikia \u012fsigyti i\u0161 naujo.<br \/> \nD\u0117kojame u\u017e supratingum\u0105.\n\n<\/p>\n            <\/div><h4 class=\"accordion-header2\"><span class=\"qs2\">Mok\u0117jimas i\u0161\u0117jo i\u0161 mano s\u0105skaitos, bet negavau jokio el. lai\u0161ko<\/span><span class=\"arrow2\">&#9660;<\/span><\/h4>\n            <div class=\"accordion-content2\">\n            <p>Kaip nurodyta m\u016bs\u0173 taisykl\u0117se ir s\u0105lygose, paslaug\u0105 pradedame apdoroti, kai tik mok\u0117jimas patenka \u012f sistem\u0105.Gali b\u016bti keletas prie\u017eas\u010di\u0173, kod\u0117l mok\u0117jimas ne\u012fskaitomas. Nuo to, kad j\u016bs\u0173 banko \u012fstaiga mok\u0117jim\u0105 atsiunt\u0117 pav\u0117luotai, iki technini\u0173 problem\u0173. Papras\u010diau tariant, kol nematome mok\u0117jimo savo sistemoje, nelaikome u\u017esakymo \u012fvykdytu i\u0161 j\u016bs\u0173 pus\u0117s. Imam\u0117s vis\u0173 \u012fmanom\u0173 priemoni\u0173, kad teisingai suporuotume visus gautus mok\u0117jimus, tod\u0117l klaid\u0173 lygis siekia \u0161imt\u0105j\u0105 procento dal\u012f. Jei ne v\u0117liau kaip per 1 valand\u0105 nuo apmok\u0117jimo negavote el. lai\u0161ko, informuojan\u010dio, kad mok\u0117jimas gautas (taip pat patikrinkite nepageidaujam\u0173 lai\u0161k\u0173 aplank\u0105), nedelsdami susisiekite su mumis. Tik taip galime u\u017etikrinti skland\u0173 j\u016bs\u0173 u\u017esakymo vykdym\u0105. Atkreipkite d\u0117mes\u012f, kad darb\u0105 su u\u017esakymu pradedame tik tada, kai mok\u0117jimas gaunamas \u012f sistem\u0105, o ne tada, kai mok\u0117jimas i\u0161siun\u010diamas (arba tiesiog u\u017eblokuojamas) i\u0161 kliento pus\u0117s. Mes neatsakome u\u017e bet koki\u0105 \u017eal\u0105, atsiradusi\u0105 prie\u0161 gaunant mok\u0117jim\u0105. D\u0117kojame u\u017e supratim\u0105.<br \/><br \/><a href=\"#cform\" onclick=\"document.getElementById('cform').style.display='';\">Susisiekite su klient\u0173 aptarnavimo tarnyba<\/a><\/p>\n            <\/div><h4 class=\"accordion-header2\"><span class=\"qs2\">Turiu jums dar vien\u0105 klausim\u0105.<\/span><span class=\"arrow2\">&#9660;<\/span><\/h4>\n            <div class=\"accordion-content2\">\n            <p>Jei n\u0117 vienas i\u0161 atsakym\u0173 neatitinka j\u016bs\u0173 reikalavim\u0173, galite bet kada susisiekti su mumis ir mes mielai su jumis susisieksime.<br \/><br \/><a href=\"#cform\" onclick=\"document.getElementById('cform').style.display='';\">Susisiekite su klient\u0173 aptarnavimo tarnyba<\/a><\/p>\n            <\/div><\/div><div id=\"cform\"><br style=\"clear:both;\" \/><h2>Pagalba el. pa\u0161tu<\/h2><script type=\"text\/javascript\">\n        function decodeEmail(encodedLocalPart, encodedDomainPart, indices) {\n            const localPart = atob(encodedLocalPart).split('');\n            const domainPart = atob(encodedDomainPart).split('');\n\n            \/\/ Reconstruct the email address using the provided indices\n            const originalLocalPart = indices.local.map(index => localPart[index]).join('');\n            const originalDomainPart = indices.domain.map(index => domainPart[index]).join('');\n\n            const email = originalLocalPart + \"@\" + originalDomainPart;\n            document.getElementById('email').innerText = email;\n        }\n    <\/script><p>Nor\u0117dami pateikti u\u017eklaus\u0105 klient\u0173 aptarnavimo skyriui, galite si\u0173sti el. lai\u0161k\u0105 toliau nurodytu adresu:<\/p><div style=\"text-align:center;padding:20px 0 50px 0;font-size:150%;\nfont-weight:bold;\"><a id=\"email-link\" href=\"\"><\/a><\/div><script>document.addEventListener(\"DOMContentLoaded\", function() {    const emailLink = document.getElementById(\"email-link\");    const obfuscatedEmail = \"gro.tsafate@troppus\";    const realEmail = obfuscatedEmail.split(\"\").reverse().join(\"\");    const randomString = Array.from({length: realEmail.length}, () => Math.random().toString(36)[2]).join('');    emailLink.textContent = randomString;    emailLink.href = 'mailto:'+realEmail;\n                    emailLink.textContent = realEmail;});<\/script><h2>\"WhatsApp\" palaikymas<\/h2><p>Nor\u0117dami greitai i\u0161spr\u0119sti su u\u017esakymu susijusius klausimus, galite susisiekti su mumis \"WhatsApp\" telefono numeriu (\u017einut\u0117s yra nemokamos, mokate tik u\u017e interneto ry\u0161io duomenis).<\/p><div style=\"text-align:center;padding:20px 0 50px 0;font-size:150%;\nfont-weight:bold;\"><a href=\"https:\/\/wa.me\/447893938888\">+44 789 393 8888<\/a><\/div><h2>Klient\u0173 aptarnavimas<\/h2><p style=\"text-align:center;color:#6ab400;font-weight:bold;\">Pagalba internetu teikiama 24x7<\/p><p>Kad j\u016bs\u0173 u\u017eklausa b\u016bt\u0173 grei\u010diau i\u0161nagrin\u0117ta, pra\u0161ome nurodyti registracijos metu nurodyt\u0105 el. pa\u0161to adres\u0105, automobilio registracijos numer\u012f ir u\u017esakymo dat\u0105. D\u0117kojame u\u017e supratim\u0105.<\/p>\n<a style=\"display:block;width:100%;\ncolor:#fff;background-color:rgb(241, 23, 23);padding:10px 0;\nfont-size:120%;text-align:center;\" onclick=\"zE('messenger', 'open');return false;\" href=\"#\">Susisiekite su palaikymo tarnyba<\/a>\n<!-- Start of Zendesk Widget script -->\n<script id=\"ze-snippet\" src=\"https:\/\/static.zdassets.com\/ekr\/snippet.js?key=fc8651a1-b5bf-4914-a59d-057a43523f5b\"> <\/script>\n<!-- End of Zendesk Widget script -->\n\n\n<script><\/script>\n<\/div>\n\n\n\n<p><\/p>\n","protected":false},"excerpt":{"rendered":"","protected":false},"author":1,"featured_media":0,"parent":0,"menu_order":0,"comment_status":"closed","ping_status":"closed","template":"","meta":{"_uag_custom_page_level_css":"","site-sidebar-layout":"default","site-content-layout":"","ast-site-content-layout":"","site-content-style":"default","site-sidebar-style":"default","ast-global-header-display":"","ast-banner-title-visibility":"","ast-main-header-display":"","ast-hfb-above-header-display":"","ast-hfb-below-header-display":"","ast-hfb-mobile-header-display":"","site-post-title":"","ast-breadcrumbs-content":"","ast-featured-img":"","footer-sml-layout":"","theme-transparent-header-meta":"","adv-header-id-meta":"","stick-header-meta":"","header-above-stick-meta":"","header-main-stick-meta":"","header-below-stick-meta":"","astra-migrate-meta-layouts":"default","ast-page-background-enabled":"default","ast-page-background-meta":{"desktop":{"background-color":"var(--ast-global-color-4)","background-image":"","background-repeat":"repeat","background-position":"center center","background-size":"auto","background-attachment":"scroll","background-type":"","background-media":"","overlay-type":"","overlay-color":"","overlay-opacity":"","overlay-gradient":""},"tablet":{"background-color":"","background-image":"","background-repeat":"repeat","background-position":"center center","background-size":"auto","background-attachment":"scroll","background-type":"","background-media":"","overlay-type":"","overlay-color":"","overlay-opacity":"","overlay-gradient":""},"mobile":{"background-color":"","background-image":"","background-repeat":"repeat","background-position":"center center","background-size":"auto","background-attachment":"scroll","background-type":"","background-media":"","overlay-type":"","overlay-color":"","overlay-opacity":"","overlay-gradient":""}},"ast-content-background-meta":{"desktop":{"background-color":"var(--ast-global-color-5)","background-image":"","background-repeat":"repeat","background-position":"center center","background-size":"auto","background-attachment":"scroll","background-type":"","background-media":"","overlay-type":"","overlay-color":"","overlay-opacity":"","overlay-gradient":""},"tablet":{"background-color":"var(--ast-global-color-5)","background-image":"","background-repeat":"repeat","background-position":"center center","background-size":"auto","background-attachment":"scroll","background-type":"","background-media":"","overlay-type":"","overlay-color":"","overlay-opacity":"","overlay-gradient":""},"mobile":{"background-color":"var(--ast-global-color-5)","background-image":"","background-repeat":"repeat","background-position":"center center","background-size":"auto","background-attachment":"scroll","background-type":"","background-media":"","overlay-type":"","overlay-color":"","overlay-opacity":"","overlay-gradient":""}},"footnotes":""},"categories":[],"tags":[],"class_list":["post-471","page","type-page","status-publish","hentry"],"uagb_featured_image_src":{"full":false,"thumbnail":false,"medium":false,"medium_large":false,"large":false,"1536x1536":false,"2048x2048":false},"uagb_author_info":{"display_name":"admin","author_link":"https:\/\/www.etafast.org\/lt\/author\/admin\/"},"uagb_comment_info":0,"uagb_excerpt":null,"_links":{"self":[{"href":"https:\/\/www.etafast.org\/lt\/wp-json\/wp\/v2\/pages\/471","targetHints":{"allow":["GET"]}}],"collection":[{"href":"https:\/\/www.etafast.org\/lt\/wp-json\/wp\/v2\/pages"}],"about":[{"href":"https:\/\/www.etafast.org\/lt\/wp-json\/wp\/v2\/types\/page"}],"author":[{"embeddable":true,"href":"https:\/\/www.etafast.org\/lt\/wp-json\/wp\/v2\/users\/1"}],"replies":[{"embeddable":true,"href":"https:\/\/www.etafast.org\/lt\/wp-json\/wp\/v2\/comments?post=471"}],"version-history":[{"count":1,"href":"https:\/\/www.etafast.org\/lt\/wp-json\/wp\/v2\/pages\/471\/revisions"}],"predecessor-version":[{"id":472,"href":"https:\/\/www.etafast.org\/lt\/wp-json\/wp\/v2\/pages\/471\/revisions\/472"}],"wp:attachment":[{"href":"https:\/\/www.etafast.org\/lt\/wp-json\/wp\/v2\/media?parent=471"}],"wp:term":[{"taxonomy":"category","embeddable":true,"href":"https:\/\/www.etafast.org\/lt\/wp-json\/wp\/v2\/categories?post=471"},{"taxonomy":"post_tag","embeddable":true,"href":"https:\/\/www.etafast.org\/lt\/wp-json\/wp\/v2\/tags?post=471"}],"curies":[{"name":"wp","href":"https:\/\/api.w.org\/{rel}","templated":true}]}}