{"id":287,"date":"2024-12-11T08:24:00","date_gmt":"2024-12-11T07:24:00","guid":{"rendered":"https:\/\/www.etafast.org\/apie-procesa\/"},"modified":"2024-12-11T09:02:05","modified_gmt":"2024-12-11T08:02:05","slug":"apie-procesa","status":"publish","type":"page","link":"https:\/\/www.etafast.org\/lt\/apie-procesa\/","title":{"rendered":"Apie proces\u0105"},"content":{"rendered":"\n<h3 class=\"wp-block-heading\">Apie elektroninio kelion\u0117s leidimo (eTA) proces\u0105<\/h3>\n\n<p>Elektroninis kelion\u0117s leidimas (eTA) yra atvykimo \u012f Kanad\u0105 reikalavimas u\u017esienio pilie\u010diams, kuriems nereikia vizos ir kurie keliauja \u012f Kanad\u0105 arba vyksta per j\u0105 tranzitu. Tai greitas ir paprastas internetinis procesas, skirtas pasienio saugumui didinti ir kartu u\u017etikrinti skland\u017ei\u0105 reikalavimus atitinkan\u010di\u0173 asmen\u0173 kelion\u0119. <\/p>\n\n<h4 class=\"wp-block-heading\">Kas yra eTA?<\/h4>\n\n<p>&#8222;eTA&#8221; &#8211; tai su j\u016bs\u0173 pasu susietas elektroninis kelion\u0117s leidimas. Jis galioja iki penkeri\u0173 met\u0173 arba iki paso galiojimo pabaigos, priklausomai nuo to, kas \u012fvyks anks\u010diau. eTA leid\u017eia jums lankytis Kanadoje trumpam (paprastai iki \u0161e\u0161i\u0173 m\u0117nesi\u0173) turizmo, verslo ar tranzito tikslais.  <\/p>\n\n<h4 class=\"wp-block-heading\">Svarbiausi dalykai, kuriuos reikia \u017einoti apie eTA proces\u0105:<\/h4>\n\n<ol class=\"wp-block-list\">\n<li><strong>Paprasta parai\u0161ka internetu<\/strong>:<br\/>eTA parai\u0161kos teikimo procesas vyksta tik internetu. Nereikia pildyti dokument\u0173 ar lankytis asmeni\u0161kai, tod\u0117l keliautojams tai yra patogi galimyb\u0117. <\/li>\n\n\n\n<li><strong>\u012eperkamas mokestis<\/strong>:<br\/>Pra\u0161ymas i\u0161duoti eTA kainuoja tik 7 Kanados dolerius. \u0160is mokestis mokamas internetu pra\u0161ymo teikimo proceso metu. <\/li>\n\n\n\n<li><strong>Greitas apdorojimas<\/strong>:<br\/>Dauguma eTA parai\u0161k\u0173 patvirtinamos per kelias minutes. Ta\u010diau kai kurios parai\u0161kos gali u\u017etrukti ilgiau, jei reikia papildom\u0173 dokument\u0173. Tokiais atvejais parei\u0161k\u0117jai gaus nurodymus el. pa\u0161tu per 72 valandas.  <\/li>\n\n\n\n<li><strong>Tinkamumo reikalavimai<\/strong>:\n<ul class=\"wp-block-list\">\n<li>\u012e Kanad\u0105 skrendantiems arba tranzitu per j\u0105 vykstantiems u\u017esienio pilie\u010diams, kuriems netaikomas viz\u0173 re\u017eimas, reikalingas eTA.<\/li>\n\n\n\n<li>Tam tikri keliautojai i\u0161 \u0161ali\u0173, kurioms reikalinga viza, taip pat gali gauti eTA, jei atitinka tam tikrus kriterijus, pavyzd\u017eiui, turi galiojan\u010di\u0105 JAV neimigracin\u0119 viz\u0105 arba per pastaruosius 10 met\u0173 tur\u0117jo Kanados lankytojo viz\u0105.<\/li>\n\n\n\n<li>Keliautojams, atvykstantiems automobiliu, autobusu, traukiniu ar laivu, \u012fskaitant kruizinius laivus, reikia ne eTA, o lankytojo vizos.<\/li>\n<\/ul>\n<\/li>\n\n\n\n<li><strong>Kelion\u0117s apribojimai<\/strong>:\n<ul class=\"wp-block-list\">\n<li>eTA nesuteikia teis\u0117s dirbti ar studijuoti Kanadoje. Jei planuojate dirbti ar studijuoti, turite kreiptis d\u0117l atitinkam\u0173 leidim\u0173. <\/li>\n\n\n\n<li>eTA negarantuoja atvykimo \u012f Kanad\u0105. Pasienio pareig\u016bnai \u012fvertins j\u016bs\u0173 tinkamum\u0105 atvykus. <\/li>\n<\/ul>\n<\/li>\n\n\n\n<li><strong>Galiojimas<\/strong>:<br\/>Patvirtintas eTA susiejamas su j\u016bs\u0173 pasu ir galioja daugkartiniam atvykimui, jei j\u016bs\u0173 pasas galioja. Visada keliaukite su tuo pa\u010diu pasu, kur\u012f naudojote pateikdami eTA parai\u0161k\u0105. <\/li>\n<\/ol>\n\n<h4 class=\"wp-block-heading\">Apsisaugokite nuo suk\u010di\u0173<\/h4>\n\n<p>Saugokit\u0117s apgauling\u0173 svetaini\u0173 ar asmen\u0173, \u017eadan\u010di\u0173 garantuotas atvykimo, darbo ar studij\u0173 Kanadoje galimybes. Parai\u0161kas teikite tik oficialioje Kanados vyriausyb\u0117s svetain\u0117je ir venkite dalytis asmenine informacija su nepatikrintais \u0161altiniais. Klaidinga informacija arba suk\u010diavimas gali tur\u0117ti rimt\u0173 teisini\u0173 pasekmi\u0173.  <\/p>\n\n<h4 class=\"wp-block-heading\">Prie\u0161 kreipdamiesi<\/h4>\n\n<ul class=\"wp-block-list\">\n<li>\u012esitikinkite, kad turite galiojant\u012f pas\u0105, kredito arba debeto kortel\u0119 ir el. pa\u0161to adres\u0105.<\/li>\n\n\n\n<li>Perskaitykite keliomis kalbomis pateikiam\u0105 parai\u0161kos pagalbos dokument\u0105, kuriame pateikiamos rekomendacijos.<\/li>\n\n\n\n<li>Kad i\u0161vengtum\u0117te v\u0117lavimo, <strong>prie\u0161<\/strong> u\u017esisakydami skryd\u012f pateikite eTA pra\u0161ym\u0105.<\/li>\n<\/ul>\n\n<p>Pra\u0161ymas i\u0161duoti eTA yra labai svarbus \u017eingsnis keliautojams, planuojantiems aplankyti Kanad\u0105. I\u0161manydami proces\u0105 ir kruop\u0161\u010diai rengdami parai\u0161k\u0105, galite u\u017esitikrinti skland\u017ei\u0105 ir nesud\u0117ting\u0105 kelion\u0119. <\/p>\n","protected":false},"excerpt":{"rendered":"<p>Apie elektroninio kelion\u0117s leidimo (eTA) proces\u0105 Elektroninis kelion\u0117s leidimas (eTA) yra atvykimo \u012f Kanad\u0105 reikalavimas u\u017esienio pilie\u010diams, kuriems nereikia vizos [&hellip;]<\/p>\n","protected":false},"author":1,"featured_media":0,"parent":0,"menu_order":0,"comment_status":"closed","ping_status":"closed","template":"","meta":{"_uag_custom_page_level_css":"","site-sidebar-layout":"default","site-content-layout":"","ast-site-content-layout":"","site-content-style":"default","site-sidebar-style":"default","ast-global-header-display":"","ast-banner-title-visibility":"","ast-main-header-display":"","ast-hfb-above-header-display":"","ast-hfb-below-header-display":"","ast-hfb-mobile-header-display":"","site-post-title":"","ast-breadcrumbs-content":"","ast-featured-img":"","footer-sml-layout":"","theme-transparent-header-meta":"","adv-header-id-meta":"","stick-header-meta":"","header-above-stick-meta":"","header-main-stick-meta":"","header-below-stick-meta":"","astra-migrate-meta-layouts":"default","ast-page-background-enabled":"default","ast-page-background-meta":{"desktop":{"background-color":"var(--ast-global-color-4)","background-image":"","background-repeat":"repeat","background-position":"center center","background-size":"auto","background-attachment":"scroll","background-type":"","background-media":"","overlay-type":"","overlay-color":"","overlay-opacity":"","overlay-gradient":""},"tablet":{"background-color":"","background-image":"","background-repeat":"repeat","background-position":"center center","background-size":"auto","background-attachment":"scroll","background-type":"","background-media":"","overlay-type":"","overlay-color":"","overlay-opacity":"","overlay-gradient":""},"mobile":{"background-color":"","background-image":"","background-repeat":"repeat","background-position":"center center","background-size":"auto","background-attachment":"scroll","background-type":"","background-media":"","overlay-type":"","overlay-color":"","overlay-opacity":"","overlay-gradient":""}},"ast-content-background-meta":{"desktop":{"background-color":"var(--ast-global-color-5)","background-image":"","background-repeat":"repeat","background-position":"center center","background-size":"auto","background-attachment":"scroll","background-type":"","background-media":"","overlay-type":"","overlay-color":"","overlay-opacity":"","overlay-gradient":""},"tablet":{"background-color":"var(--ast-global-color-5)","background-image":"","background-repeat":"repeat","background-position":"center center","background-size":"auto","background-attachment":"scroll","background-type":"","background-media":"","overlay-type":"","overlay-color":"","overlay-opacity":"","overlay-gradient":""},"mobile":{"background-color":"var(--ast-global-color-5)","background-image":"","background-repeat":"repeat","background-position":"center center","background-size":"auto","background-attachment":"scroll","background-type":"","background-media":"","overlay-type":"","overlay-color":"","overlay-opacity":"","overlay-gradient":""}},"footnotes":""},"categories":[],"tags":[],"class_list":["post-287","page","type-page","status-publish","hentry"],"uagb_featured_image_src":{"full":false,"thumbnail":false,"medium":false,"medium_large":false,"large":false,"1536x1536":false,"2048x2048":false},"uagb_author_info":{"display_name":"admin","author_link":"https:\/\/www.etafast.org\/lt\/author\/admin\/"},"uagb_comment_info":0,"uagb_excerpt":"Apie elektroninio kelion\u0117s leidimo (eTA) proces\u0105 Elektroninis kelion\u0117s leidimas (eTA) yra atvykimo \u012f Kanad\u0105 reikalavimas u\u017esienio pilie\u010diams, kuriems nereikia vizos [&hellip;]","_links":{"self":[{"href":"https:\/\/www.etafast.org\/lt\/wp-json\/wp\/v2\/pages\/287","targetHints":{"allow":["GET"]}}],"collection":[{"href":"https:\/\/www.etafast.org\/lt\/wp-json\/wp\/v2\/pages"}],"about":[{"href":"https:\/\/www.etafast.org\/lt\/wp-json\/wp\/v2\/types\/page"}],"author":[{"embeddable":true,"href":"https:\/\/www.etafast.org\/lt\/wp-json\/wp\/v2\/users\/1"}],"replies":[{"embeddable":true,"href":"https:\/\/www.etafast.org\/lt\/wp-json\/wp\/v2\/comments?post=287"}],"version-history":[{"count":1,"href":"https:\/\/www.etafast.org\/lt\/wp-json\/wp\/v2\/pages\/287\/revisions"}],"predecessor-version":[{"id":288,"href":"https:\/\/www.etafast.org\/lt\/wp-json\/wp\/v2\/pages\/287\/revisions\/288"}],"wp:attachment":[{"href":"https:\/\/www.etafast.org\/lt\/wp-json\/wp\/v2\/media?parent=287"}],"wp:term":[{"taxonomy":"category","embeddable":true,"href":"https:\/\/www.etafast.org\/lt\/wp-json\/wp\/v2\/categories?post=287"},{"taxonomy":"post_tag","embeddable":true,"href":"https:\/\/www.etafast.org\/lt\/wp-json\/wp\/v2\/tags?post=287"}],"curies":[{"name":"wp","href":"https:\/\/api.w.org\/{rel}","templated":true}]}}