{"id":1539,"date":"2024-12-11T08:24:51","date_gmt":"2024-12-11T07:24:51","guid":{"rendered":"https:\/\/www.etafast.org\/kas-gali-teikti-paraiskas\/"},"modified":"2024-12-11T09:16:11","modified_gmt":"2024-12-11T08:16:11","slug":"kas-gali-teikti-paraiskas","status":"publish","type":"page","link":"https:\/\/www.etafast.org\/lt\/kas-gali-teikti-paraiskas\/","title":{"rendered":"Kas gali teikti parai\u0161kas"},"content":{"rendered":"\n<h3 class=\"wp-block-heading\">Kas gali kreiptis d\u0117l elektroninio kelion\u0117s leidimo (eTA)<\/h3>\n\n<p>Elektroninis kelion\u0117s leidimas (eTA) yra kelion\u0117s reikalavimas, taikomas tam tikriems asmenims, vykstantiems \u012f Kanad\u0105 arba tranzitu per j\u0105 oro transportu. \u010cia i\u0161samiai paai\u0161kinta, kas turi teis\u0119 teikti parai\u0161k\u0105: <\/p>\n\n<h4 class=\"wp-block-heading\"><strong>Tinkamumo gauti eTA kriterijai<\/strong><\/h4>\n\n<p>Jei atitinkate <strong>visus tris toliau nurodytus reikalavimus,<\/strong> galite pateikti eTA parai\u0161k\u0105:<\/p>\n\n<ol class=\"wp-block-list\">\n<li><strong>Praeities kelioni\u0173 istorija<\/strong>:<ul><li>Per pastaruosius 10 met\u0173 tur\u0117jote Kanados lankytojo viz\u0105 (laikinojo gyventojo viz\u0105), ARBA<\/li><li>\u0160iuo metu turite galiojan\u010di\u0105 Jungtini\u0173 Amerikos Valstij\u0173 (JAV) neimigracin\u0119 viz\u0105.<\/li><\/ul><em>(J\u016bs\u0173 JAV neimigracin\u0117 viza turi galioti t\u0105 dien\u0105, kai teikiate pra\u0161ym\u0105 i\u0161duoti eTA, ta\u010diau ji neturi galioti kelion\u0117s \u012f Kanad\u0105 metu.)<\/em><\/li>\n\n\n\n<li><strong>Kelion\u0117s tikslas:<\/strong>\n<ul class=\"wp-block-list\">\n<li>Atvykstate \u012f Kanad\u0105 <strong>laikinai,<\/strong> paprastai iki \u0161e\u0161i\u0173 m\u0117nesi\u0173.<\/li>\n<\/ul>\n<\/li>\n\n\n\n<li><strong>Kelion\u0117s re\u017eimas<\/strong>:\n<ul class=\"wp-block-list\">\n<li>Skrendate \u012f Kanados oro uost\u0105 arba vykstate per j\u012f tranzitu, tur\u0117dami galiojant\u012f pas\u0105 i\u0161 vienos i\u0161 <strong>reikalavimus atitinkan\u010di\u0173 \u0161ali\u0173, kurioms reikalinga viza<\/strong>.<\/li>\n<\/ul>\n<\/li>\n<\/ol>\n\n<h4 class=\"wp-block-heading\"><strong>Reikalavimus atitinkan\u010dios \u0161alys, kurioms reikalinga viza<\/strong><\/h4>\n\n<p>Toliau i\u0161vardyt\u0173 \u0161ali\u0173 pilie\u010diai gali pra\u0161yti eTA, jei atitinka pirmiau nurodytus kriterijus:<\/p>\n\n<ul class=\"wp-block-list\">\n<li>Antigva ir Barbuda<\/li>\n\n\n\n<li>Argentina<\/li>\n\n\n\n<li>Brazilija<\/li>\n\n\n\n<li>Kosta Rika<\/li>\n\n\n\n<li>Meksika<\/li>\n\n\n\n<li>Marokas<\/li>\n\n\n\n<li>Panama<\/li>\n\n\n\n<li>Filipinai<\/li>\n\n\n\n<li>Sent Kitsas ir Nevis<\/li>\n\n\n\n<li>Sent Lusija<\/li>\n\n\n\n<li>Sent Vinsentas ir Grenadinai<\/li>\n\n\n\n<li>Sei\u0161eliai<\/li>\n\n\n\n<li>Tailandas<\/li>\n\n\n\n<li>Trinidadas ir Tobagas<\/li>\n\n\n\n<li>Urugvajus<\/li>\n<\/ul>\n\n<p>Jei neatitinkate vis\u0173 \u0161i\u0173 reikalavim\u0173, tur\u0117site pra\u0161yti i\u0161duoti lankytojo viz\u0105 (laikinojo gyventojo viz\u0105).<\/p>\n\n<hr class=\"wp-block-separator has-alpha-channel-opacity\"\/>\n\n<h3 class=\"wp-block-heading\"><strong>Kam NEREIKIA eTA?<\/strong><\/h3>\n\n<ul class=\"wp-block-list\">\n<li><strong>JAV pilie\u010diai<\/strong>:<br\/>JAV pilie\u010diams netaikomas eTA reikalavimas. Jiems tereikia pateikti galiojant\u012f JAV pas\u0105. <\/li>\n\n\n\n<li><strong>Kanados pilie\u010diai (\u012fskaitant dvigubus pilie\u010dius<\/strong>):<br\/>Kanados pilie\u010diai negali pra\u0161yti eTA. Jie turi keliauti su galiojan\u010diu Kanados pasu. Dvigubi pilie\u010diai, skrisdami \u012f Kanad\u0105, taip pat turi naudoti Kanados pas\u0105.  <\/li>\n\n\n\n<li><strong>Nuolatiniai Kanados gyventojai<\/strong>:<br>Nuolatiniai Kanados gyventojai negali pra\u0161yti eTA. Vietoj to jie turi keliauti su: \n<ul class=\"wp-block-list\">\n<li>Galiojanti nuolatinio gyventojo kortel\u0117, ARBA<\/li>\n\n\n\n<li>Nuolatinio gyventojo kelion\u0117s dokumentas.<\/li>\n<\/ul>\n<\/li>\n\n\n\n<li><strong>Teis\u0117ti nuolatiniai JAV gyventojai<\/strong>:<br>Nuo 2022 m. baland\u017eio 26 d. teis\u0117ti nuolatiniai JAV gyventojai atleid\u017eiami nuo eTA reikalavimo. Jie privalo tur\u0117ti su savimi: \n<ul class=\"wp-block-list\">\n<li>Galiojant\u012f \u0161alies, kurios pilie\u010diai jie yra, pas\u0105 ir<\/li>\n\n\n\n<li>Galiojanti JAV \u017ealioji kortel\u0117 arba lygiavertis status\u0105 patvirtinantis dokumentas.<\/li>\n<\/ul>\n<\/li>\n<\/ul>\n\n<hr class=\"wp-block-separator has-alpha-channel-opacity\"\/>\n\n<h3 class=\"wp-block-heading\"><strong>Kelioni\u0173 scenarijai ir dokument\u0173 reikalavimai<\/strong><\/h3>\n\n<figure class=\"wp-block-table\"><table class=\"has-fixed-layout\"><thead><tr><th><strong>Kaip keliaujate \u012f Kanad\u0105<\/strong><\/th><th><strong>Reikalingas (-i) dokumentas (-ai)<\/strong><\/th><\/tr><\/thead><tbody><tr><td>Skrendate \u012f Kanados oro uost\u0105 arba skrendate per j\u012f tranzitu ir turite teis\u0119 gauti eTA.<\/td><td>eTA arba lankytojo viza<\/td><\/tr><tr><td>Skrendate \u012f Kanados oro uost\u0105 arba skrendate per j\u012f tranzitu ir NEGALITE gauti eTA.<\/td><td>Lankytojo viza<\/td><\/tr><tr><td>Atvykimas automobiliu, autobusu, traukiniu arba laivu (\u012fskaitant kruizinius laivus)<\/td><td>Lankytojo viza<\/td><\/tr><tr><td>Kelion\u0117 \u012f Kanad\u0105 su galiojan\u010dia Kanados viza<\/td><td>Nereikia eTA &#8211; naudokit\u0117s viza<\/td><\/tr><tr><td>Skridimas atgal \u012f Kanad\u0105 po to, kai prat\u0119s\u0117te leidim\u0105 dirbti ar studijuoti<\/td><td>eTA pateikiamas kartu su leidimo prat\u0119simu<\/td><\/tr><tr><td>Keliaujate \u012f Kanad\u0105 dirbti ar studijuoti ilgiau nei 6 m\u0117nesiams.<\/td><td>Leidimas dirbti arba studijuoti (\u012fskaitant viz\u0105)<\/td><\/tr><\/tbody><\/table><\/figure>\n\n<hr class=\"wp-block-separator has-alpha-channel-opacity\"\/>\n\n<h3 class=\"wp-block-heading\"><strong>Svarb\u016bs aspektai<\/strong><\/h3>\n\n<ul class=\"wp-block-list\">\n<li><strong>Pagrindiniai reikalavimai<\/strong>: Kad gal\u0117tum\u0117te atvykti \u012f Kanad\u0105, turite atitikti bendruosius atvykimo kriterijus, \u012fskaitant galiojan\u010dius kelion\u0117s dokumentus, ger\u0105 sveikat\u0105, finansin\u0119 param\u0105 ir tvirtus ry\u0161ius su gimt\u0105ja \u0161alimi.<\/li>\n\n\n\n<li><strong>Nepriimtinumas<\/strong>: Asmenys, susij\u0119 su nusikalstama veikla, gr\u0117sm\u0117mis saugumui arba tam tikromis sveikatos ir finansin\u0117mis problemomis, gali b\u016bti laikomi nepriimtinais \u012f Kanad\u0105, net ir tur\u0117dami galiojan\u010di\u0105 eTA.<\/li>\n<\/ul>\n\n<p>&#8222;eTA&#8221; skirtas supaprastinti reikalavimus atitinkan\u010di\u0173 asmen\u0173 keliones \u012f Kanad\u0105 oro transportu. B\u016btinai atid\u017eiai perskaitykite reikalavimus ir pateikite parai\u0161k\u0105 gerokai prie\u0161 planuojam\u0105 kelion\u0119. <\/p>\n","protected":false},"excerpt":{"rendered":"<p>Kas gali kreiptis d\u0117l elektroninio kelion\u0117s leidimo (eTA) Elektroninis kelion\u0117s leidimas (eTA) yra kelion\u0117s reikalavimas, taikomas tam tikriems asmenims, vykstantiems [&hellip;]<\/p>\n","protected":false},"author":1,"featured_media":0,"parent":0,"menu_order":0,"comment_status":"closed","ping_status":"closed","template":"","meta":{"_uag_custom_page_level_css":"","site-sidebar-layout":"default","site-content-layout":"","ast-site-content-layout":"","site-content-style":"default","site-sidebar-style":"default","ast-global-header-display":"","ast-banner-title-visibility":"","ast-main-header-display":"","ast-hfb-above-header-display":"","ast-hfb-below-header-display":"","ast-hfb-mobile-header-display":"","site-post-title":"","ast-breadcrumbs-content":"","ast-featured-img":"","footer-sml-layout":"","theme-transparent-header-meta":"","adv-header-id-meta":"","stick-header-meta":"","header-above-stick-meta":"","header-main-stick-meta":"","header-below-stick-meta":"","astra-migrate-meta-layouts":"default","ast-page-background-enabled":"default","ast-page-background-meta":{"desktop":{"background-color":"var(--ast-global-color-4)","background-image":"","background-repeat":"repeat","background-position":"center center","background-size":"auto","background-attachment":"scroll","background-type":"","background-media":"","overlay-type":"","overlay-color":"","overlay-opacity":"","overlay-gradient":""},"tablet":{"background-color":"","background-image":"","background-repeat":"repeat","background-position":"center center","background-size":"auto","background-attachment":"scroll","background-type":"","background-media":"","overlay-type":"","overlay-color":"","overlay-opacity":"","overlay-gradient":""},"mobile":{"background-color":"","background-image":"","background-repeat":"repeat","background-position":"center center","background-size":"auto","background-attachment":"scroll","background-type":"","background-media":"","overlay-type":"","overlay-color":"","overlay-opacity":"","overlay-gradient":""}},"ast-content-background-meta":{"desktop":{"background-color":"var(--ast-global-color-5)","background-image":"","background-repeat":"repeat","background-position":"center center","background-size":"auto","background-attachment":"scroll","background-type":"","background-media":"","overlay-type":"","overlay-color":"","overlay-opacity":"","overlay-gradient":""},"tablet":{"background-color":"var(--ast-global-color-5)","background-image":"","background-repeat":"repeat","background-position":"center center","background-size":"auto","background-attachment":"scroll","background-type":"","background-media":"","overlay-type":"","overlay-color":"","overlay-opacity":"","overlay-gradient":""},"mobile":{"background-color":"var(--ast-global-color-5)","background-image":"","background-repeat":"repeat","background-position":"center center","background-size":"auto","background-attachment":"scroll","background-type":"","background-media":"","overlay-type":"","overlay-color":"","overlay-opacity":"","overlay-gradient":""}},"footnotes":""},"categories":[],"tags":[],"class_list":["post-1539","page","type-page","status-publish","hentry"],"uagb_featured_image_src":{"full":false,"thumbnail":false,"medium":false,"medium_large":false,"large":false,"1536x1536":false,"2048x2048":false},"uagb_author_info":{"display_name":"admin","author_link":"https:\/\/www.etafast.org\/lt\/author\/admin\/"},"uagb_comment_info":0,"uagb_excerpt":"Kas gali kreiptis d\u0117l elektroninio kelion\u0117s leidimo (eTA) Elektroninis kelion\u0117s leidimas (eTA) yra kelion\u0117s reikalavimas, taikomas tam tikriems asmenims, vykstantiems [&hellip;]","_links":{"self":[{"href":"https:\/\/www.etafast.org\/lt\/wp-json\/wp\/v2\/pages\/1539","targetHints":{"allow":["GET"]}}],"collection":[{"href":"https:\/\/www.etafast.org\/lt\/wp-json\/wp\/v2\/pages"}],"about":[{"href":"https:\/\/www.etafast.org\/lt\/wp-json\/wp\/v2\/types\/page"}],"author":[{"embeddable":true,"href":"https:\/\/www.etafast.org\/lt\/wp-json\/wp\/v2\/users\/1"}],"replies":[{"embeddable":true,"href":"https:\/\/www.etafast.org\/lt\/wp-json\/wp\/v2\/comments?post=1539"}],"version-history":[{"count":1,"href":"https:\/\/www.etafast.org\/lt\/wp-json\/wp\/v2\/pages\/1539\/revisions"}],"predecessor-version":[{"id":1540,"href":"https:\/\/www.etafast.org\/lt\/wp-json\/wp\/v2\/pages\/1539\/revisions\/1540"}],"wp:attachment":[{"href":"https:\/\/www.etafast.org\/lt\/wp-json\/wp\/v2\/media?parent=1539"}],"wp:term":[{"taxonomy":"category","embeddable":true,"href":"https:\/\/www.etafast.org\/lt\/wp-json\/wp\/v2\/categories?post=1539"},{"taxonomy":"post_tag","embeddable":true,"href":"https:\/\/www.etafast.org\/lt\/wp-json\/wp\/v2\/tags?post=1539"}],"curies":[{"name":"wp","href":"https:\/\/api.w.org\/{rel}","templated":true}]}}