{"id":1437,"date":"2024-12-11T08:25:47","date_gmt":"2024-12-11T07:25:47","guid":{"rendered":"https:\/\/www.etafast.org\/ar-jums-reikia-visa\/"},"modified":"2024-12-11T09:14:37","modified_gmt":"2024-12-11T08:14:37","slug":"ar-jums-reikia-visa","status":"publish","type":"page","link":"https:\/\/www.etafast.org\/lt\/ar-jums-reikia-visa\/","title":{"rendered":"Ar jums reikia VISA?"},"content":{"rendered":"\n<h3 class=\"wp-block-heading\">Kaip su\u017einoti, ar jums reikia vizos keliaujant \u012f Kanad\u0105<\/h3>\n\n<p>Priklausomai nuo pilietyb\u0117s ir kelion\u0117s b\u016bdo, keliautojai, nor\u0117dami atvykti \u012f Kanad\u0105 arba vykti per j\u0105 tranzitu, privalo tur\u0117ti <strong>lankytojo viz\u0105<\/strong> arba <strong>elektronin\u012f kelion\u0117s leidim\u0105 (eTA<\/strong> ). \u0160tai kaip nustatyti, ko jums reikia: <\/p>\n\n<hr class=\"wp-block-separator has-alpha-channel-opacity\"\/>\n\n<h3 class=\"wp-block-heading\"><strong>1 \u017eingsnis: patikrinkite savo pilietyb\u0119<\/strong><\/h3>\n\n<p>Kelion\u0117s dokumento tipas pirmiausia priklauso nuo j\u016bs\u0173 pilietyb\u0117s. Keliautojai priklauso vienai i\u0161 trij\u0173 kategorij\u0173: <\/p>\n\n<ol class=\"wp-block-list\">\n<li><strong>Keliautojai, kuriems netaikomas viz\u0173 re\u017eimas (reikia eTA)<\/strong><br\/>Jei esate \u0161alies, kuriai netaikomas viz\u0173 re\u017eimas, pilietis, jums reikia eTA, jei keliaujate \u012f Kanad\u0105 arba vykstate per j\u0105 tranzitu. Bevizi\u0173 \u0161ali\u0173 pavyzd\u017eiai: <ul><li>Australija<\/li><li>Vokietija<\/li><li>Japonija<\/li><li>Jungtin\u0117 Karalyst\u0117<\/li><li>Pranc\u016bzija<br\/><em>(tai n\u0117ra baigtinis s\u0105ra\u0161as).<\/em><\/li><\/ul><strong>Svarbu<\/strong>: jei \u012f Kanad\u0105 atvykstate automobiliu, autobusu, traukiniu ar laivu, \u012fskaitant kruiz\u0105, jums NEREIKIA eTA arba lankytojo vizos.<\/li>\n\n\n\n<li><strong>Keliautojams, kuriems reikalinga viza (reikia lankytojo vizos)<\/strong><br>\u0160ali\u0173, ne\u012ftraukt\u0173 \u012f bevizi\u0173 \u0161ali\u0173 s\u0105ra\u0161\u0105, pilie\u010diai, nor\u0117dami keliauti \u012f Kanad\u0105, privalo tur\u0117ti lankytojo viz\u0105 (dar vadinam\u0105 laikinojo gyventojo viza), neatsi\u017evelgiant \u012f kelion\u0117s b\u016bd\u0105.<br>Vizos reikalaujan\u010di\u0173 \u0161ali\u0173 pavyzd\u017eiai:\n<ul class=\"wp-block-list\">\n<li>Indija<\/li>\n\n\n\n<li>Kinija<\/li>\n\n\n\n<li>Pakistanas<br\/><em>(tai n\u0117ra baigtinis s\u0105ra\u0161as).<\/em><\/li>\n<\/ul>\n<\/li>\n\n\n\n<li><strong>Tinkami keliautojai, kuriems reikia vizos (gali pretenduoti \u012f eTA<\/strong>)<br>Jei esate i\u0161 \u0161alies, kuriai reikia vizos, bet atitinkate tam tikras s\u0105lygas, vietoj vizos galite pra\u0161yti eTA. \u0160ios s\u0105lygos yra \u0161ios: <ul><li>Turite galiojan\u010di\u0105 JAV neimigracin\u0119 viz\u0105, ARBA<\/li><li>Per pastaruosius 10 met\u0173 tur\u0117jote Kanados lankytojo viz\u0105.<\/li><\/ul>\u0160iai galimybei tinkamos \u0161alys:\n<ul class=\"wp-block-list\">\n<li>Brazilija<\/li>\n\n\n\n<li>Meksika<\/li>\n\n\n\n<li>Filipinai<br\/><em>(Tai n\u0117ra baigtinis s\u0105ra\u0161as).<\/em><\/li>\n<\/ul>\n<\/li>\n<\/ol>\n\n<hr class=\"wp-block-separator has-alpha-channel-opacity\"\/>\n\n<h3 class=\"wp-block-heading\"><strong>2 \u017eingsnis: apsvarstykite savo kelion\u0117s b\u016bd\u0105<\/strong><\/h3>\n\n<p>Kelion\u0117s dokumentas, kurio jums reikia, taip pat priklauso nuo to, kaip atvykstate \u012f Kanad\u0105:<\/p>\n\n<figure class=\"wp-block-table\"><table class=\"has-fixed-layout\"><thead><tr><th><strong>Kelion\u0117s b\u016bdas<\/strong><\/th><th><strong>Reikalavimas<\/strong><\/th><\/tr><\/thead><tbody><tr><td>Skrendate \u012f Kanados oro uost\u0105 arba skrendate per j\u012f tranzitu.<\/td><td>eTA (keliaujantiems be viz\u0173) arba lankytojo viza.<\/td><\/tr><tr><td>Atvykimas automobiliu, autobusu, traukiniu ar laivu (\u012fskaitant kruiz\u0105)<\/td><td>Lankytojo viza (keliautojams, kuriems reikia vizos)<\/td><\/tr><tr><td>Keliaujate su galiojan\u010dia Kanados viza<\/td><td>Nereikia eTA, naudokit\u0117s savo viza<\/td><\/tr><\/tbody><\/table><\/figure>\n\n<hr class=\"wp-block-separator has-alpha-channel-opacity\"\/>\n\n<h3 class=\"wp-block-heading\"><strong>3 \u017eingsnis: taisykl\u0117s i\u0161imtys<\/strong><\/h3>\n\n<ol class=\"wp-block-list\">\n<li><strong>JAV pilie\u010diai<\/strong><br\/>JAV pilie\u010diams NEREIKIA gauti eTA ar lankytojo vizos. Jiems reikia tik galiojan\u010dio JAV paso. <\/li>\n\n\n\n<li><strong>Kanados pilie\u010diai (\u012fskaitant dvigubus pilie\u010dius<\/strong>)<br\/>Kanados pilie\u010diai negali pra\u0161yti eTA arba vizos. Jie turi keliauti su galiojan\u010diu Kanados pasu. <\/li>\n\n\n\n<li><strong>Nuolatiniai Kanados gyventojai<\/strong><br>Nuolatiniai Kanados gyventojai negali pra\u0161yti eTA. Jie turi keliauti su: \n<ul class=\"wp-block-list\">\n<li>Galiojanti nuolatinio gyventojo kortel\u0117, ARBA<\/li>\n\n\n\n<li>Nuolatinio gyventojo kelion\u0117s dokumentas.<\/li>\n<\/ul>\n<\/li>\n\n\n\n<li><strong>Nuolatiniai JAV gyventojai<\/strong><br>Nuo 2022 m. baland\u017eio 26 d. teis\u0117tiems nuolatiniams JAV gyventojams nereikia eTA. Jie privalo tur\u0117ti su savimi: \n<ul class=\"wp-block-list\">\n<li>Galiojant\u012f savo pilietyb\u0117s pas\u0105, IR<\/li>\n\n\n\n<li>Galiojanti \u017ealioji kortel\u0117 arba lygiavertis status\u0105 patvirtinantis dokumentas.<\/li>\n<\/ul>\n<\/li>\n<\/ol>\n\n<hr class=\"wp-block-separator has-alpha-channel-opacity\"\/>\n\n<h3 class=\"wp-block-heading\"><strong>4 veiksmas: naudokit\u0117s Kanados vyriausyb\u0117s priemone<\/strong><\/h3>\n\n<p>Nor\u0117dami \u012fsitikinti, ar jums reikia vizos, ar eTA, galite pasinaudoti oficialia Kanados vyriausyb\u0117s <a>kelion\u0117s dokument\u0173 priemone<\/a>. Tiesiog \u012fveskite savo pilietyb\u0119, kelion\u0117s b\u016bd\u0105 ir vizito tiksl\u0105, kad gautum\u0117te asmeninius rezultatus. <\/p>\n\n<hr class=\"wp-block-separator has-alpha-channel-opacity\"\/>\n\n<h3 class=\"wp-block-heading\"><strong>Baigiamosios pastabos<\/strong><\/h3>\n\n<ul class=\"wp-block-list\">\n<li>\u012esitikinkite, kad d\u0117l tinkamo dokumento kreipiat\u0117s gerokai anks\u010diau iki kelion\u0117s datos.<\/li>\n\n\n\n<li>Turint viz\u0105 arba eTA, \u012fva\u017eiavimas \u012f Kanad\u0105 negarantuojamas. Pasienio tarnybos pareig\u016bnas turi \u012fsitikinti, kad atitinkate visus atvykimo \u012f Kanad\u0105 reikalavimus. <\/li>\n<\/ul>\n\n<p><\/p>\n","protected":false},"excerpt":{"rendered":"<p>Kaip su\u017einoti, ar jums reikia vizos keliaujant \u012f Kanad\u0105 Priklausomai nuo pilietyb\u0117s ir kelion\u0117s b\u016bdo, keliautojai, nor\u0117dami atvykti \u012f Kanad\u0105 [&hellip;]<\/p>\n","protected":false},"author":1,"featured_media":0,"parent":0,"menu_order":0,"comment_status":"closed","ping_status":"closed","template":"","meta":{"_uag_custom_page_level_css":"","site-sidebar-layout":"default","site-content-layout":"","ast-site-content-layout":"","site-content-style":"default","site-sidebar-style":"default","ast-global-header-display":"","ast-banner-title-visibility":"","ast-main-header-display":"","ast-hfb-above-header-display":"","ast-hfb-below-header-display":"","ast-hfb-mobile-header-display":"","site-post-title":"","ast-breadcrumbs-content":"","ast-featured-img":"","footer-sml-layout":"","theme-transparent-header-meta":"","adv-header-id-meta":"","stick-header-meta":"","header-above-stick-meta":"","header-main-stick-meta":"","header-below-stick-meta":"","astra-migrate-meta-layouts":"default","ast-page-background-enabled":"default","ast-page-background-meta":{"desktop":{"background-color":"var(--ast-global-color-4)","background-image":"","background-repeat":"repeat","background-position":"center center","background-size":"auto","background-attachment":"scroll","background-type":"","background-media":"","overlay-type":"","overlay-color":"","overlay-opacity":"","overlay-gradient":""},"tablet":{"background-color":"","background-image":"","background-repeat":"repeat","background-position":"center center","background-size":"auto","background-attachment":"scroll","background-type":"","background-media":"","overlay-type":"","overlay-color":"","overlay-opacity":"","overlay-gradient":""},"mobile":{"background-color":"","background-image":"","background-repeat":"repeat","background-position":"center center","background-size":"auto","background-attachment":"scroll","background-type":"","background-media":"","overlay-type":"","overlay-color":"","overlay-opacity":"","overlay-gradient":""}},"ast-content-background-meta":{"desktop":{"background-color":"var(--ast-global-color-5)","background-image":"","background-repeat":"repeat","background-position":"center center","background-size":"auto","background-attachment":"scroll","background-type":"","background-media":"","overlay-type":"","overlay-color":"","overlay-opacity":"","overlay-gradient":""},"tablet":{"background-color":"var(--ast-global-color-5)","background-image":"","background-repeat":"repeat","background-position":"center center","background-size":"auto","background-attachment":"scroll","background-type":"","background-media":"","overlay-type":"","overlay-color":"","overlay-opacity":"","overlay-gradient":""},"mobile":{"background-color":"var(--ast-global-color-5)","background-image":"","background-repeat":"repeat","background-position":"center center","background-size":"auto","background-attachment":"scroll","background-type":"","background-media":"","overlay-type":"","overlay-color":"","overlay-opacity":"","overlay-gradient":""}},"footnotes":""},"categories":[],"tags":[],"class_list":["post-1437","page","type-page","status-publish","hentry"],"uagb_featured_image_src":{"full":false,"thumbnail":false,"medium":false,"medium_large":false,"large":false,"1536x1536":false,"2048x2048":false},"uagb_author_info":{"display_name":"admin","author_link":"https:\/\/www.etafast.org\/lt\/author\/admin\/"},"uagb_comment_info":0,"uagb_excerpt":"Kaip su\u017einoti, ar jums reikia vizos keliaujant \u012f Kanad\u0105 Priklausomai nuo pilietyb\u0117s ir kelion\u0117s b\u016bdo, keliautojai, nor\u0117dami atvykti \u012f Kanad\u0105 [&hellip;]","_links":{"self":[{"href":"https:\/\/www.etafast.org\/lt\/wp-json\/wp\/v2\/pages\/1437","targetHints":{"allow":["GET"]}}],"collection":[{"href":"https:\/\/www.etafast.org\/lt\/wp-json\/wp\/v2\/pages"}],"about":[{"href":"https:\/\/www.etafast.org\/lt\/wp-json\/wp\/v2\/types\/page"}],"author":[{"embeddable":true,"href":"https:\/\/www.etafast.org\/lt\/wp-json\/wp\/v2\/users\/1"}],"replies":[{"embeddable":true,"href":"https:\/\/www.etafast.org\/lt\/wp-json\/wp\/v2\/comments?post=1437"}],"version-history":[{"count":1,"href":"https:\/\/www.etafast.org\/lt\/wp-json\/wp\/v2\/pages\/1437\/revisions"}],"predecessor-version":[{"id":1438,"href":"https:\/\/www.etafast.org\/lt\/wp-json\/wp\/v2\/pages\/1437\/revisions\/1438"}],"wp:attachment":[{"href":"https:\/\/www.etafast.org\/lt\/wp-json\/wp\/v2\/media?parent=1437"}],"wp:term":[{"taxonomy":"category","embeddable":true,"href":"https:\/\/www.etafast.org\/lt\/wp-json\/wp\/v2\/categories?post=1437"},{"taxonomy":"post_tag","embeddable":true,"href":"https:\/\/www.etafast.org\/lt\/wp-json\/wp\/v2\/tags?post=1437"}],"curies":[{"name":"wp","href":"https:\/\/api.w.org\/{rel}","templated":true}]}}