{"id":1345,"date":"2024-12-11T08:26:43","date_gmt":"2024-12-11T07:26:43","guid":{"rendered":"https:\/\/www.etafast.org\/prateskite-savo-viesnage-kanadoje\/"},"modified":"2024-12-11T09:13:29","modified_gmt":"2024-12-11T08:13:29","slug":"prateskite-savo-viesnage-kanadoje","status":"publish","type":"page","link":"https:\/\/www.etafast.org\/lt\/prateskite-savo-viesnage-kanadoje\/","title":{"rendered":"Prat\u0119skite savo vie\u0161nag\u0119 Kanadoje"},"content":{"rendered":"\n<h3 class=\"wp-block-heading\">Prat\u0119skite savo vie\u0161nag\u0119 Kanadoje: Lankytoj\u0173 registras<\/h3>\n\n<p>Jei Kanadoje norite b\u016bti ilgiau nei pradin\u012f leistin\u0105 lankytojo laikotarp\u012f, tur\u0117site pateikti pra\u0161ym\u0105 i\u0161duoti <strong>lankytojo \u012fra\u0161\u0105<\/strong>. Lankytojo \u012fra\u0161as yra svarbus dokumentas, leid\u017eiantis prat\u0119sti savo buvim\u0105 nepa\u017eeid\u017eiant imigracijos taisykli\u0173. <\/p>\n\n<hr class=\"wp-block-separator has-alpha-channel-opacity\"\/>\n\n<h3 class=\"wp-block-heading\"><strong>Kas yra lankytojo \u012fra\u0161as?<\/strong><\/h3>\n\n<p>Lankytojo \u012fra\u0161as <strong>n\u0117ra viza<\/strong>. Tai yra oficialus dokumentas, kuriame: <\/p>\n\n<ul class=\"wp-block-list\">\n<li>Leid\u017eia jums ilgiau b\u016bti Kanadoje kaip <strong>lankytojui<\/strong>, darbuotojui, turin\u010diam teis\u0119 dirbti be leidimo, arba studentui, turin\u010diam teis\u0119 studijuoti be leidimo.<\/li>\n\n\n\n<li>Nurodoma nauja galiojimo data, iki kurios turite i\u0161vykti i\u0161 Kanados.<\/li>\n<\/ul>\n\n<hr class=\"wp-block-separator has-alpha-channel-opacity\"\/>\n\n<h3 class=\"wp-block-heading\"><strong>Kada kreiptis d\u0117l lankytojo \u012fra\u0161o<\/strong><\/h3>\n\n<p>Pra\u0161ym\u0105 i\u0161duoti lankytojo \u012fra\u0161\u0105 turite pateikti <strong>iki dabartinio statuso galiojimo pabaigos<\/strong>.<\/p>\n\n<ul class=\"wp-block-list\">\n<li>Patikrinkite savo paso spaud\u0105 arba ra\u0161ti\u0161k\u0105 patvirtinim\u0105 apie leistin\u0105 buvimo trukm\u0119, i\u0161duot\u0105 atvykus \u012f Kanad\u0105.<\/li>\n\n\n\n<li>Jei konkreti data nenurodyta, j\u016bs\u0173 statusas paprastai nustoja galioti <strong>pra\u0117jus 6 m\u0117nesiams nuo atvykimo datos<\/strong>.<\/li>\n<\/ul>\n\n<hr class=\"wp-block-separator has-alpha-channel-opacity\"\/>\n\n<h3 class=\"wp-block-heading\"><strong>Kas gali pra\u0161yti lankytojo \u012fra\u0161o?<\/strong><\/h3>\n\n<p>Galite pra\u0161yti lankytojo \u012fra\u0161o, jei:<\/p>\n\n<ul class=\"wp-block-list\">\n<li>Atvykote \u012f Kanad\u0105 su lankytojo viza, eTA ar kitu galiojan\u010diu kelion\u0117s dokumentu ir dabar norite prat\u0119sti leistin\u0105 buvimo laik\u0105.<\/li>\n\n\n\n<li>\u0161iuo metu esate Kanadoje kaip lankytojas, darbuotojas ar studentas be leidimo ir norite prat\u0119sti savo status\u0105.<\/li>\n<\/ul>\n\n<hr class=\"wp-block-separator has-alpha-channel-opacity\"\/>\n\n<h3 class=\"wp-block-heading\"><strong>Kaip pateikti pra\u0161ym\u0105 i\u0161duoti lankytojo \u012fra\u0161\u0105<\/strong><\/h3>\n\n<p>Parai\u0161kos d\u0117l lankytojo \u012fra\u0161o teikimo procesas apima \u0161iuos veiksmus:<\/p>\n\n<ol class=\"wp-block-list\">\n<li><strong>Paruo\u0161kite dokumentus<\/strong>:\n<ul class=\"wp-block-list\">\n<li>Galiojant\u012f pas\u0105 arba kelion\u0117s dokument\u0105 (\u012fsitikinkite, kad jis galioja vis\u0105 prat\u0119sto buvimo laik\u0105).<\/li>\n\n\n\n<li>\u012erodymas, kad turite pakankamai l\u0117\u0161\u0173 pragyvenimui ilgesnio buvimo laikotarpiu.<\/li>\n\n\n\n<li>Ai\u0161kus paai\u0161kinimas, kod\u0117l norite prat\u0119sti savo buvim\u0105 Kanadoje.<\/li>\n<\/ul>\n<\/li>\n\n\n\n<li><strong>Pateikite parai\u0161k\u0105 internetu<\/strong>:\n<ul class=\"wp-block-list\">\n<li>U\u017epildykite parai\u0161kos form\u0105 <a>IRCC portale<\/a>.<\/li>\n\n\n\n<li>Sumok\u0117kite parai\u0161kos mokest\u012f, kuris prasideda nuo <strong> 100 JAV doleri\u0173<\/strong>.<\/li>\n<\/ul>\n<\/li>\n\n\n\n<li><strong>Kandidatuokite anks\u010diau<\/strong>:\n<ul class=\"wp-block-list\">\n<li>Pra\u0161ymas nagrin\u0117jamas ma\u017edaug <strong>126 dienas,<\/strong> tod\u0117l labai svarbu pateikti pra\u0161ym\u0105 gerokai anks\u010diau, nei baigsis j\u016bs\u0173 dabartinio statuso galiojimo laikas.<\/li>\n\n\n\n<li>Jei j\u016bs\u0173 statusas baigiasi, kol nagrin\u0117jama parai\u0161ka, tur\u0117site <strong>numanom\u0105 status\u0105<\/strong> ir gal\u0117site teis\u0117tai b\u016bti Kanadoje, kol bus priimtas sprendimas.<\/li>\n<\/ul>\n<\/li>\n<\/ol>\n\n<hr class=\"wp-block-separator has-alpha-channel-opacity\"\/>\n\n<h3 class=\"wp-block-heading\"><strong>Po parai\u0161kos pateikimo<\/strong><\/h3>\n\n<ul class=\"wp-block-list\">\n<li><strong>Patvirtinimas<\/strong>: Jei parai\u0161ka patvirtinama, gausite lankytojo \u012fra\u0161\u0105, kuriame bus nurodyta nauja galiojimo data.<\/li>\n\n\n\n<li><strong>Atmetimas<\/strong>: Jei j\u016bs\u0173 parai\u0161ka atmetama, turite nedelsiant i\u0161vykti i\u0161 Kanados.<\/li>\n\n\n\n<li><strong>Numatomas statusas<\/strong>: Kol laukiate sprendimo, galite teis\u0117tai likti Kanadoje, jei kreip\u0117t\u0117s prie\u0161 pasibaigiant j\u016bs\u0173 statuso galiojimui.<\/li>\n<\/ul>\n\n<hr class=\"wp-block-separator has-alpha-channel-opacity\"\/>\n\n<h3 class=\"wp-block-heading\"><strong>Kelion\u0117s u\u017e Kanados rib\u0173<\/strong><\/h3>\n\n<p>Lankytojo \u012fra\u0161as <strong>negarantuoja pakartotinio atvykimo \u012f Kanad\u0105<\/strong>. Jei i\u0161vykstate i\u0161 Kanados ilgesnio buvimo metu ir planuojate gr\u012f\u017eti, jums reik\u0117s: <\/p>\n\n<ul class=\"wp-block-list\">\n<li>Galiojanti <strong>lankytojo viza<\/strong> arba <strong>eTA<\/strong>, leid\u017eianti pakartotinai atvykti \u012f Kanad\u0105, ir<\/li>\n\n\n\n<li>J\u016bs\u0173 lankytojo \u012fra\u0161as, patvirtinantis, kad jums leista prat\u0119sti vie\u0161nag\u0119.<\/li>\n<\/ul>\n\n<hr class=\"wp-block-separator has-alpha-channel-opacity\"\/>\n\n<h3 class=\"wp-block-heading\"><strong>Pagrindiniai mokes\u010diai ir apdorojimo laikas<\/strong><\/h3>\n\n<ul class=\"wp-block-list\">\n<li><strong>Mokes\u010diai<\/strong>: Nuo <strong> 100 JAV doleri\u0173<\/strong> u\u017e lankytojo \u012fra\u0161o parai\u0161k\u0105.<\/li>\n\n\n\n<li><strong>Apdorojimo laikas<\/strong>: ma\u017edaug <strong>126 dienos<\/strong> (gali keistis).<\/li>\n<\/ul>\n\n<hr class=\"wp-block-separator has-alpha-channel-opacity\"\/>\n\n<h3 class=\"wp-block-heading\"><strong>Svarbios pastabos<\/strong><\/h3>\n\n<ul class=\"wp-block-list\">\n<li>\u012esitikinkite, kad j\u016bs\u0173 pasas galioja vis\u0105 vie\u0161nag\u0117s laik\u0105.<\/li>\n\n\n\n<li>Lankytojo \u012fra\u0161as nesuteikia teis\u0117s dirbti ar studijuoti Kanadoje. \u0160iai veiklai jums reik\u0117s darbo arba studij\u0173 leidimo. <\/li>\n\n\n\n<li>Jei vir\u0161ysite leistin\u0105 buvimo laik\u0105 ir nepateiksite pra\u0161ymo j\u012f prat\u0119sti, galite sulaukti teisini\u0173 nuobaud\u0173 ir tai gali tur\u0117ti \u012ftakos b\u016bsimoms kelion\u0117ms \u012f Kanad\u0105.<\/li>\n<\/ul>\n\n<p>Norint prat\u0119sti savo buvim\u0105 Kanadoje, reikia pasiruo\u0161ti ir laiku pateikti pra\u0161ym\u0105. Laikydamiesi \u0161io proceso, gal\u0117site ilgiau pasilikti Kanadoje, laikydamiesi Kanados imigracijos \u012fstatym\u0173. <\/p>\n","protected":false},"excerpt":{"rendered":"<p>Prat\u0119skite savo vie\u0161nag\u0119 Kanadoje: Lankytoj\u0173 registras Jei Kanadoje norite b\u016bti ilgiau nei pradin\u012f leistin\u0105 lankytojo laikotarp\u012f, tur\u0117site pateikti pra\u0161ym\u0105 i\u0161duoti [&hellip;]<\/p>\n","protected":false},"author":1,"featured_media":0,"parent":0,"menu_order":0,"comment_status":"closed","ping_status":"closed","template":"","meta":{"_uag_custom_page_level_css":"","site-sidebar-layout":"default","site-content-layout":"","ast-site-content-layout":"","site-content-style":"default","site-sidebar-style":"default","ast-global-header-display":"","ast-banner-title-visibility":"","ast-main-header-display":"","ast-hfb-above-header-display":"","ast-hfb-below-header-display":"","ast-hfb-mobile-header-display":"","site-post-title":"","ast-breadcrumbs-content":"","ast-featured-img":"","footer-sml-layout":"","theme-transparent-header-meta":"","adv-header-id-meta":"","stick-header-meta":"","header-above-stick-meta":"","header-main-stick-meta":"","header-below-stick-meta":"","astra-migrate-meta-layouts":"default","ast-page-background-enabled":"default","ast-page-background-meta":{"desktop":{"background-color":"var(--ast-global-color-4)","background-image":"","background-repeat":"repeat","background-position":"center center","background-size":"auto","background-attachment":"scroll","background-type":"","background-media":"","overlay-type":"","overlay-color":"","overlay-opacity":"","overlay-gradient":""},"tablet":{"background-color":"","background-image":"","background-repeat":"repeat","background-position":"center center","background-size":"auto","background-attachment":"scroll","background-type":"","background-media":"","overlay-type":"","overlay-color":"","overlay-opacity":"","overlay-gradient":""},"mobile":{"background-color":"","background-image":"","background-repeat":"repeat","background-position":"center center","background-size":"auto","background-attachment":"scroll","background-type":"","background-media":"","overlay-type":"","overlay-color":"","overlay-opacity":"","overlay-gradient":""}},"ast-content-background-meta":{"desktop":{"background-color":"var(--ast-global-color-5)","background-image":"","background-repeat":"repeat","background-position":"center center","background-size":"auto","background-attachment":"scroll","background-type":"","background-media":"","overlay-type":"","overlay-color":"","overlay-opacity":"","overlay-gradient":""},"tablet":{"background-color":"var(--ast-global-color-5)","background-image":"","background-repeat":"repeat","background-position":"center center","background-size":"auto","background-attachment":"scroll","background-type":"","background-media":"","overlay-type":"","overlay-color":"","overlay-opacity":"","overlay-gradient":""},"mobile":{"background-color":"var(--ast-global-color-5)","background-image":"","background-repeat":"repeat","background-position":"center center","background-size":"auto","background-attachment":"scroll","background-type":"","background-media":"","overlay-type":"","overlay-color":"","overlay-opacity":"","overlay-gradient":""}},"footnotes":""},"categories":[],"tags":[],"class_list":["post-1345","page","type-page","status-publish","hentry"],"uagb_featured_image_src":{"full":false,"thumbnail":false,"medium":false,"medium_large":false,"large":false,"1536x1536":false,"2048x2048":false},"uagb_author_info":{"display_name":"admin","author_link":"https:\/\/www.etafast.org\/lt\/author\/admin\/"},"uagb_comment_info":0,"uagb_excerpt":"Prat\u0119skite savo vie\u0161nag\u0119 Kanadoje: Lankytoj\u0173 registras Jei Kanadoje norite b\u016bti ilgiau nei pradin\u012f leistin\u0105 lankytojo laikotarp\u012f, tur\u0117site pateikti pra\u0161ym\u0105 i\u0161duoti [&hellip;]","_links":{"self":[{"href":"https:\/\/www.etafast.org\/lt\/wp-json\/wp\/v2\/pages\/1345","targetHints":{"allow":["GET"]}}],"collection":[{"href":"https:\/\/www.etafast.org\/lt\/wp-json\/wp\/v2\/pages"}],"about":[{"href":"https:\/\/www.etafast.org\/lt\/wp-json\/wp\/v2\/types\/page"}],"author":[{"embeddable":true,"href":"https:\/\/www.etafast.org\/lt\/wp-json\/wp\/v2\/users\/1"}],"replies":[{"embeddable":true,"href":"https:\/\/www.etafast.org\/lt\/wp-json\/wp\/v2\/comments?post=1345"}],"version-history":[{"count":1,"href":"https:\/\/www.etafast.org\/lt\/wp-json\/wp\/v2\/pages\/1345\/revisions"}],"predecessor-version":[{"id":1346,"href":"https:\/\/www.etafast.org\/lt\/wp-json\/wp\/v2\/pages\/1345\/revisions\/1346"}],"wp:attachment":[{"href":"https:\/\/www.etafast.org\/lt\/wp-json\/wp\/v2\/media?parent=1345"}],"wp:term":[{"taxonomy":"category","embeddable":true,"href":"https:\/\/www.etafast.org\/lt\/wp-json\/wp\/v2\/categories?post=1345"},{"taxonomy":"post_tag","embeddable":true,"href":"https:\/\/www.etafast.org\/lt\/wp-json\/wp\/v2\/tags?post=1345"}],"curies":[{"name":"wp","href":"https:\/\/api.w.org\/{rel}","templated":true}]}}